

{"id":102,"date":"2016-06-17T12:25:47","date_gmt":"2016-06-17T10:25:47","guid":{"rendered":"http:\/\/www.darksky.ch\/dsx\/?page_id=102"},"modified":"2016-12-19T15:00:06","modified_gmt":"2016-12-19T14:00:06","slug":"standarbeit","status":"publish","type":"page","link":"https:\/\/www.darksky.ch\/dss\/de\/aktivitaeten\/standarbeit\/","title":{"rendered":"Standarbeit"},"content":{"rendered":"<figure id=\"attachment_5080\" aria-describedby=\"caption-attachment-5080\" style=\"width: 200px\" class=\"wp-caption alignright\"><a href=\"http:\/\/www.darksky.ch\/dss\/wp-content\/uploads\/2016\/06\/Sonnenhalo_k.jpg\"><img loading=\"lazy\" decoding=\"async\" class=\"wp-image-5080 size-medium\" src=\"http:\/\/www.darksky.ch\/dss\/wp-content\/uploads\/2016\/06\/Sonnenhalo_k-200x300.jpg\" alt=\"Foto: Martin Mutti, Halo um die Sonne am Dark-Sky Switzerland Stand in Bern 2014\" width=\"200\" height=\"300\" srcset=\"https:\/\/www.darksky.ch\/dss\/wp-content\/uploads\/2016\/06\/Sonnenhalo_k-200x300.jpg 200w, https:\/\/www.darksky.ch\/dss\/wp-content\/uploads\/2016\/06\/Sonnenhalo_k.jpg 658w\" sizes=\"auto, (max-width: 200px) 85vw, 200px\" \/><\/a><figcaption id=\"caption-attachment-5080\" class=\"wp-caption-text\">Foto: Martin Mutti \u2013 Halo um die Sonne am Dark-Sky Switzerland Stand in Bern 2014<\/figcaption><\/figure>\n<p>Wir treten\u00a0an Anl\u00e4ssen mobil auf, vom einfachen Tisch oder Plakatwand bis zum Standzelt ist alles m\u00f6glich. Uns gen\u00fcgt ein normaler 230V Stromanschluss (Kabelrolle\/Steckerleiste) f\u00fcr die Simulations-Modelle, die wir zeigen.<br \/>\nOft tun wir uns mit lokalen Astronomie-Vereinen zusammen, um die Attraktion mit (Sonnen-)\u00a0Teleskopen zu erh\u00f6hen.<\/p>\n<p>&nbsp;<\/p>\n","protected":false},"excerpt":{"rendered":"<p>Wir treten\u00a0an Anl\u00e4ssen mobil auf, vom einfachen Tisch oder Plakatwand bis zum Standzelt ist alles m\u00f6glich. Uns gen\u00fcgt ein normaler 230V Stromanschluss (Kabelrolle\/Steckerleiste) f\u00fcr die Simulations-Modelle, die wir zeigen. Oft tun wir uns mit lokalen Astronomie-Vereinen zusammen, um die Attraktion mit (Sonnen-)\u00a0Teleskopen zu erh\u00f6hen. &nbsp;<\/p>\n","protected":false},"author":2,"featured_media":0,"parent":21,"menu_order":3,"comment_status":"closed","ping_status":"closed","template":"","meta":{"_acf_changed":false,"footnotes":""},"class_list":["post-102","page","type-page","status-publish","hentry"],"acf":[],"_links":{"self":[{"href":"https:\/\/www.darksky.ch\/dss\/de\/wp-json\/wp\/v2\/pages\/102","targetHints":{"allow":["GET"]}}],"collection":[{"href":"https:\/\/www.darksky.ch\/dss\/de\/wp-json\/wp\/v2\/pages"}],"about":[{"href":"https:\/\/www.darksky.ch\/dss\/de\/wp-json\/wp\/v2\/types\/page"}],"author":[{"embeddable":true,"href":"https:\/\/www.darksky.ch\/dss\/de\/wp-json\/wp\/v2\/users\/2"}],"replies":[{"embeddable":true,"href":"https:\/\/www.darksky.ch\/dss\/de\/wp-json\/wp\/v2\/comments?post=102"}],"version-history":[{"count":7,"href":"https:\/\/www.darksky.ch\/dss\/de\/wp-json\/wp\/v2\/pages\/102\/revisions"}],"predecessor-version":[{"id":5625,"href":"https:\/\/www.darksky.ch\/dss\/de\/wp-json\/wp\/v2\/pages\/102\/revisions\/5625"}],"up":[{"embeddable":true,"href":"https:\/\/www.darksky.ch\/dss\/de\/wp-json\/wp\/v2\/pages\/21"}],"wp:attachment":[{"href":"https:\/\/www.darksky.ch\/dss\/de\/wp-json\/wp\/v2\/media?parent=102"}],"curies":[{"name":"wp","href":"https:\/\/api.w.org\/{rel}","templated":true}]}}