

{"id":105,"date":"2016-06-17T14:03:30","date_gmt":"2016-06-17T12:03:30","guid":{"rendered":"http:\/\/www.darksky.ch\/dsx\/?page_id=105"},"modified":"2025-11-27T15:47:44","modified_gmt":"2025-11-27T14:47:44","slug":"ueber-darksky","status":"publish","type":"page","link":"https:\/\/www.darksky.ch\/dss\/de\/darksky-switzerland\/ueber-darksky\/","title":{"rendered":"\u00dcber DarkSky"},"content":{"rendered":"<p>DarkSky International (DarkSky) ist in den Vereinigten Staaten von Amerika beheimatet und bildet das internationale Dach \u00fcber die Ortsverb\u00e4nde, welche meist einem Land zugeordnet sind, so wie DarkSky Switzerland.<\/p>\n<p><strong>DarkSky Switzerland<\/strong> ist unabh\u00e4ngiges Mitglied von DarkSky International und nimmt sich in der Schweiz des Problems der <a href=\"http:\/\/www.darksky.ch\/dss\/wissen\/lichtverschmutzung\/\">Lichtverschmutzung<\/a> an.<br \/>\nDarkSky Switzerland ist ausserdem 2018 Mitglied von <a href=\"http:\/\/naturschutz.ch\" target=\"_blank\" rel=\"noopener\">naturschutz.ch<\/a> geworden.<\/p>\n<p><strong>DarkSky Switzerland<\/strong> ist ein unabh\u00e4ngiger Verein nach Schweizerischem Recht und politisch und konfessionell neutral.<\/p>\n<p>&nbsp;<\/p>\n","protected":false},"excerpt":{"rendered":"<p>DarkSky International (DarkSky) ist in den Vereinigten Staaten von Amerika beheimatet und bildet das internationale Dach \u00fcber die Ortsverb\u00e4nde, welche meist einem Land zugeordnet sind, so wie DarkSky Switzerland. DarkSky Switzerland ist unabh\u00e4ngiges Mitglied von DarkSky International und nimmt sich in der Schweiz des Problems der Lichtverschmutzung an. DarkSky Switzerland ist ausserdem 2018 Mitglied von &hellip; <a href=\"https:\/\/www.darksky.ch\/dss\/de\/darksky-switzerland\/ueber-darksky\/\" class=\"more-link\">Continue reading<span class=\"screen-reader-text\"> &#8222;\u00dcber DarkSky&#8220;<\/span><\/a><\/p>\n","protected":false},"author":2,"featured_media":0,"parent":23,"menu_order":0,"comment_status":"closed","ping_status":"closed","template":"","meta":{"_acf_changed":false,"footnotes":""},"class_list":["post-105","page","type-page","status-publish","hentry"],"acf":[],"_links":{"self":[{"href":"https:\/\/www.darksky.ch\/dss\/de\/wp-json\/wp\/v2\/pages\/105","targetHints":{"allow":["GET"]}}],"collection":[{"href":"https:\/\/www.darksky.ch\/dss\/de\/wp-json\/wp\/v2\/pages"}],"about":[{"href":"https:\/\/www.darksky.ch\/dss\/de\/wp-json\/wp\/v2\/types\/page"}],"author":[{"embeddable":true,"href":"https:\/\/www.darksky.ch\/dss\/de\/wp-json\/wp\/v2\/users\/2"}],"replies":[{"embeddable":true,"href":"https:\/\/www.darksky.ch\/dss\/de\/wp-json\/wp\/v2\/comments?post=105"}],"version-history":[{"count":12,"href":"https:\/\/www.darksky.ch\/dss\/de\/wp-json\/wp\/v2\/pages\/105\/revisions"}],"predecessor-version":[{"id":16443,"href":"https:\/\/www.darksky.ch\/dss\/de\/wp-json\/wp\/v2\/pages\/105\/revisions\/16443"}],"up":[{"embeddable":true,"href":"https:\/\/www.darksky.ch\/dss\/de\/wp-json\/wp\/v2\/pages\/23"}],"wp:attachment":[{"href":"https:\/\/www.darksky.ch\/dss\/de\/wp-json\/wp\/v2\/media?parent=105"}],"curies":[{"name":"wp","href":"https:\/\/api.w.org\/{rel}","templated":true}]}}