

{"id":112,"date":"2016-06-17T14:07:25","date_gmt":"2016-06-17T12:07:25","guid":{"rendered":"http:\/\/www.darksky.ch\/dsx\/?page_id=112"},"modified":"2016-12-02T18:00:04","modified_gmt":"2016-12-02T17:00:04","slug":"anlaesse","status":"publish","type":"page","link":"https:\/\/www.darksky.ch\/dss\/de\/darksky-switzerland\/anlaesse\/","title":{"rendered":"Anl\u00e4sse"},"content":{"rendered":"<h3>Anl\u00e4sse f\u00fcr unsere Mitglieder<\/h3>\n<ul class=\"lcp_catlist\" id=\"lcp_instance_0\"><li><a href=\"https:\/\/www.darksky.ch\/dss\/de\/2026\/03\/mitgliederversammlung-2026-in-olten\/\">Mitgliederversammlung 2026 in Olten<\/a><\/li><li><a href=\"https:\/\/www.darksky.ch\/dss\/de\/2025\/05\/25-jahre-darksky-switzerland\/\">25 Jahre DarkSky Switzerland<\/a><\/li><li><a href=\"https:\/\/www.darksky.ch\/dss\/de\/2025\/05\/besuch-des-pumpspeicherwerks-limmern-im-kanton-glarus-am-25-mai-2025\/\">Besuch des Pumpspeicherwerks Limmern im Kanton Glarus am 25. Mai 2025<\/a><\/li><li><a href=\"https:\/\/www.darksky.ch\/dss\/de\/2025\/05\/besuch-beim-space-eye-im-naturpark-gantrisch-am-21-juni-2025\/\">Besuch beim Space Eye im Naturpark Gantrisch am 21. Juni 2025<\/a><\/li><li><a href=\"https:\/\/www.darksky.ch\/dss\/de\/2025\/03\/mitgliederversammlung-rueckblick-plan-lumiere-scuol-und-der-sternenhimmel-im-unterengadin\/\">Mitgliederversammlung R\u00fcckblick \u2013 Plan Lumi\u00e8re Scuol und der Sternenhimmel im Unterengadin<\/a><\/li><li><a href=\"https:\/\/www.darksky.ch\/dss\/de\/2025\/03\/gv-2025-mitgliederversammlung-in-olten\/\">GV 2025 &#8211; Mitgliederversammlung in Olten<\/a><\/li><li><a href=\"https:\/\/www.darksky.ch\/dss\/de\/2024\/04\/mitgliederversammlung-2024-gv\/\">Mitgliederversammlung 2024 (GV)<\/a><\/li><li><a href=\"https:\/\/www.darksky.ch\/dss\/de\/2023\/04\/mitgliederversammlung-am-26-april-19-00-uhr-in-olten\/\">Mitgliederversammlung am 26. April 19.00 Uhr in Olten<\/a><\/li><li><a href=\"https:\/\/www.darksky.ch\/dss\/de\/2021\/06\/generalversammlung-2021-am-24-juni-in-aarau\/\">Generalversammlung 2021 am 24. Juni in Aarau<\/a><\/li><li><a href=\"https:\/\/www.darksky.ch\/dss\/de\/2020\/10\/herbstanlass-2020\/\">Herbstanlass 2020<\/a><\/li><\/ul>\n<hr \/>\n<h3>Externe Anl\u00e4sse von\u00a0Interesse<\/h3>\n<ul class=\"lcp_catlist\" id=\"lcp_instance_0\"><li><a href=\"https:\/\/www.darksky.ch\/dss\/de\/2026\/04\/collegium-helveticum-dark-quiet-skies\/\">Collegium Helveticum \u2013 Dark &#038; Quiet Skies<\/a><\/li><li><a href=\"https:\/\/www.darksky.ch\/dss\/de\/2026\/04\/collegium-helveticum-unlimited-light-pollution-from-above\/\">Collegium Helveticum \u2013 Unlimited Light Pollution from Above?<\/a><\/li><li><a href=\"https:\/\/www.darksky.ch\/dss\/de\/2026\/03\/gossau-zh-referat-darksky-anschliessend-an-die-mitgliederversammlung-naturschutzverein\/\">Gossau ZH \u2013 Referat DarkSky anschliessend an die Mitgliederversammlung Naturschutzverein<\/a><\/li><li><a href=\"https:\/\/www.darksky.ch\/dss\/de\/2026\/03\/belp-biodiversitaetsmarkt\/\">Belp \u2013 Biodiversit\u00e4tsmarkt<\/a><\/li><li><a href=\"https:\/\/www.darksky.ch\/dss\/de\/2026\/01\/swiss-space-museum-vortrag-ueber-grenzenlose-lichtverschmutzung-um-13-30-im-rahmen-der-regulaeren-oeffnungszeiten\/\">Swiss Space Museum \u2013 Vortrag \u00fcber grenzenlose Lichtverschmutzung um 13.30 im Rahmen der regul\u00e4ren \u00d6ffnungszeiten<\/a><\/li><li><a href=\"https:\/\/www.darksky.ch\/dss\/de\/2025\/12\/uni-bern-950-sitzung-der-astronomischen-gesellschaft-bern-licht-natur-und-gesundheit-fakten-zur-lichtverschmutzung\/\">Uni Bern \u2013 950. Sitzung der Astronomischen Gesellschaft Bern \u2013 \u00abLicht, Natur und Gesundheit \u2013 Fakten zur Lichtverschmutzung\u00bb<\/a><\/li><li><a href=\"https:\/\/www.darksky.ch\/dss\/de\/2025\/10\/birdlife-luzern-6-zentralschweizer-naturtagung-2025\/\">Birdlife Luzern \u2013 6. Zentralschweizer Naturtagung 2025<\/a><\/li><li><a href=\"https:\/\/www.darksky.ch\/dss\/de\/2025\/09\/regionale-2025-hommage-an-die-nacht\/\">Regionale 2025 \u2013 Hommage an die Nacht<\/a><\/li><li><a href=\"https:\/\/www.darksky.ch\/dss\/de\/2025\/09\/verbund-lebensraum-zuerich-19-gruenforum-die-dunkle-seite-des-lichts\/\">Verbund Lebensraum Z\u00fcrich \u2013 19. Gr\u00fcnforum: \u00abDie dunkle Seite des Lichts\u00bb<\/a><\/li><li><a href=\"https:\/\/www.darksky.ch\/dss\/de\/2025\/08\/perseiden-murten-2025\/\">Perseiden Murten 2025<\/a><\/li><\/ul>\n<p>&nbsp;<\/p>\n","protected":false},"excerpt":{"rendered":"<p>Anl\u00e4sse f\u00fcr unsere Mitglieder Externe Anl\u00e4sse von\u00a0Interesse &nbsp;<\/p>\n","protected":false},"author":2,"featured_media":0,"parent":23,"menu_order":3,"comment_status":"closed","ping_status":"closed","template":"","meta":{"_acf_changed":false,"footnotes":""},"class_list":["post-112","page","type-page","status-publish","hentry"],"acf":[],"_links":{"self":[{"href":"https:\/\/www.darksky.ch\/dss\/de\/wp-json\/wp\/v2\/pages\/112","targetHints":{"allow":["GET"]}}],"collection":[{"href":"https:\/\/www.darksky.ch\/dss\/de\/wp-json\/wp\/v2\/pages"}],"about":[{"href":"https:\/\/www.darksky.ch\/dss\/de\/wp-json\/wp\/v2\/types\/page"}],"author":[{"embeddable":true,"href":"https:\/\/www.darksky.ch\/dss\/de\/wp-json\/wp\/v2\/users\/2"}],"replies":[{"embeddable":true,"href":"https:\/\/www.darksky.ch\/dss\/de\/wp-json\/wp\/v2\/comments?post=112"}],"version-history":[{"count":4,"href":"https:\/\/www.darksky.ch\/dss\/de\/wp-json\/wp\/v2\/pages\/112\/revisions"}],"predecessor-version":[{"id":5318,"href":"https:\/\/www.darksky.ch\/dss\/de\/wp-json\/wp\/v2\/pages\/112\/revisions\/5318"}],"up":[{"embeddable":true,"href":"https:\/\/www.darksky.ch\/dss\/de\/wp-json\/wp\/v2\/pages\/23"}],"wp:attachment":[{"href":"https:\/\/www.darksky.ch\/dss\/de\/wp-json\/wp\/v2\/media?parent=112"}],"curies":[{"name":"wp","href":"https:\/\/api.w.org\/{rel}","templated":true}]}}