

{"id":114,"date":"2016-06-17T14:07:44","date_gmt":"2016-06-17T12:07:44","guid":{"rendered":"http:\/\/www.darksky.ch\/dsx\/?page_id=114"},"modified":"2025-12-02T09:48:09","modified_gmt":"2025-12-02T08:48:09","slug":"mitglied-werden","status":"publish","type":"page","link":"https:\/\/www.darksky.ch\/dss\/de\/darksky-switzerland\/mitglied-werden\/","title":{"rendered":"Mitglied werden"},"content":{"rendered":"<p><strong>Danke, dass Sie sich f\u00fcr eine Mitgliedschaft interessieren.<\/strong><br \/>\nMit der Mitgliedschaft bei DarkSky Switzerland (DarkSky) investieren Sie in eine nachhaltige Zukunft f\u00fcr ein Miteinander von Mensch und Natur. Mit Ihrem Beitrag erm\u00f6glichen Sie DarkSky Switzerland die Pr\u00e4ventionsarbeit zur Aufkl\u00e4rung der Bev\u00f6lkerung \u00fcber Lichtverschmutzung und wirksame Massnahmen f\u00fcr eine effiziente Aussenbeleuchtung.<\/p>\n<p><em>\u00dcbrigens: Beitr\u00e4ge an gemeinn\u00fctzige Organisationen k\u00f6nnen in den Kantonen (AG, AI, AR, BL, GL, NW, OW, SG, SO, UR und ZH), wo diese anerkannt worden sind, von den Steuern abgesetzt werden! In weiteren Kantonen wird die Steuerbefreiung meistens akzeptiert, und falls nicht, sollte man darauf hinweisen, dass DarkSky Switzerland bereits in sehr vielen Kantonen als gemeinn\u00fctzig anerkannt ist und dass es Mitglieder in allen Landesteilen gibt (siehe Schweizer Karte in <a href=\"https:\/\/www.darksky.ch\/dss\/de\/selber-handeln\/\" target=\"_blank\" rel=\"noopener\">Selber handeln<\/a>, ganz unten).<\/em><\/p>\n<p>Bitte f\u00fcllen Sie den untenstehenden Fragebogen aus. Mit (*) bezeichnete Felder m\u00fcssen zwingend ausgef\u00fcllt werden.<\/p>\n<p>Beachten Sie auch die DarkSky Switzerland <a href=\"https:\/\/www.darksky.ch\/dss\/de\/darksky-switzerland\/statuten\/\" target=\"_blank\" rel=\"noopener noreferrer\">Statuten<\/a>. Bei Problemen mit dem Formular wenden Sie sich bitte an unsere <a href=\"http:\/\/www.darksky.ch\/dss\/de\/dark-sky-switzerland\/geschaeftsstelle\/\">Gesch\u00e4ftsstelle<\/a>.<\/p>\n\n<div class=\"wpcf7 no-js\" id=\"wpcf7-f522-o1\" lang=\"de-DE\" dir=\"ltr\" data-wpcf7-id=\"522\">\n<div class=\"screen-reader-response\"><p role=\"status\" aria-live=\"polite\" aria-atomic=\"true\"><\/p> <ul><\/ul><\/div>\n<form action=\"\/dss\/de\/wp-json\/wp\/v2\/pages\/114#wpcf7-f522-o1\" method=\"post\" class=\"wpcf7-form init\" aria-label=\"Kontaktformular\" novalidate=\"novalidate\" data-status=\"init\">\n<fieldset class=\"hidden-fields-container\"><input type=\"hidden\" name=\"_wpcf7\" value=\"522\" \/><input type=\"hidden\" name=\"_wpcf7_version\" value=\"6.1.5\" \/><input type=\"hidden\" name=\"_wpcf7_locale\" value=\"de_DE\" \/><input type=\"hidden\" name=\"_wpcf7_unit_tag\" value=\"wpcf7-f522-o1\" \/><input type=\"hidden\" name=\"_wpcf7_container_post\" value=\"0\" \/><input type=\"hidden\" name=\"_wpcf7_posted_data_hash\" value=\"\" \/>\n<\/fieldset>\n<p><span id=\"wpcf7-69d2c2b3e847c-wrapper\" class=\"wpcf7-form-control-wrap karsumpel-41-wrap\" style=\"display:none !important; visibility:hidden !important;\"><label for=\"wpcf7-69d2c2b3e847c-field\" class=\"hp-message\">Bitte lasse dieses Feld leer.<\/label><input id=\"wpcf7-69d2c2b3e847c-field\"  class=\"wpcf7-form-control wpcf7-text quadriga\" type=\"text\" name=\"karsumpel-41\" value=\"\" size=\"40\" tabindex=\"-1\" autocomplete=\"new-password\" \/><\/span>\n<\/p>\n<fieldset>\n\t<legend>Gew\u00fcnschte Mitgliedschaft\n\t<\/legend>\n\t<p>Bitte w\u00e4hlen Sie aus:<br \/>\n<span class=\"wpcf7-form-control-wrap\" data-name=\"radio-685\"><span class=\"wpcf7-form-control wpcf7-radio\"><span class=\"wpcf7-list-item first last\"><input type=\"radio\" name=\"radio-685\" value=\"Mitglied CHF 50.\u2013 pro Jahr\" checked=\"checked\" \/><span class=\"wpcf7-list-item-label\">Mitglied CHF 50.\u2013 pro Jahr<\/span><\/span><\/span><\/span><br \/>\n<span class=\"wpcf7-form-control-wrap\" data-name=\"radio-685\"><span class=\"wpcf7-form-control wpcf7-radio\"><span class=\"wpcf7-list-item first last\"><input type=\"radio\" name=\"radio-685\" value=\"Fachmitglied Lichtplaner CHF 100.\u2013 pro Jahr\" \/><span class=\"wpcf7-list-item-label\">Fachmitglied Lichtplaner CHF 100.\u2013 pro Jahr<\/span><\/span><\/span><\/span><br \/>\n\u00a0\u00a0\u00a0\u00a0\u00a0\u00a0 (bitte beachten Sie die spezielle <a target='_blank' href='https:\/\/www.darksky.ch\/dss\/wp-content\/uploads\/2016\/08\/Zustimmung_Lichtplaner.pdf'>Zustimmung f\u00fcr Lichtplaner<\/a>)<br \/>\n<span class=\"wpcf7-form-control-wrap\" data-name=\"radio-685\"><span class=\"wpcf7-form-control wpcf7-radio\"><span class=\"wpcf7-list-item first last\"><input type=\"radio\" name=\"radio-685\" value=\"G\u00f6nnermitglied CHF 100.\u2013 pro Jahr\" \/><span class=\"wpcf7-list-item-label\">G\u00f6nnermitglied CHF 100.\u2013 pro Jahr<\/span><\/span><\/span><\/span><br \/>\n<span class=\"wpcf7-form-control-wrap\" data-name=\"radio-685\"><span class=\"wpcf7-form-control wpcf7-radio\"><span class=\"wpcf7-list-item first last\"><input type=\"radio\" name=\"radio-685\" value=\"Junge Mitglieder CHF 25.\u2013 pro Jahr (bis 18 Jahre)\" \/><span class=\"wpcf7-list-item-label\">Junge Mitglieder CHF 25.\u2013 pro Jahr (bis 18 Jahre)<\/span><\/span><\/span><\/span><br \/>\n<span class=\"wpcf7-form-control-wrap\" data-name=\"radio-685\"><span class=\"wpcf7-form-control wpcf7-radio\"><span class=\"wpcf7-list-item first last\"><input type=\"radio\" name=\"radio-685\" value=\"Kollektiv bis 20 Mitglieder: CHF 100.\u2013 pro Jahr\" \/><span class=\"wpcf7-list-item-label\">Kollektiv bis 20 Mitglieder: CHF 100.\u2013 pro Jahr<\/span><\/span><\/span><\/span><br \/>\n<span class=\"wpcf7-form-control-wrap\" data-name=\"radio-685\"><span class=\"wpcf7-form-control wpcf7-radio\"><span class=\"wpcf7-list-item first last\"><input type=\"radio\" name=\"radio-685\" value=\"Kollektiv von 21-100 Mitglieder CHF 200.\u2013 pro Jahr\" \/><span class=\"wpcf7-list-item-label\">Kollektiv von 21-100 Mitglieder CHF 200.\u2013 pro Jahr<\/span><\/span><\/span><\/span><br \/>\n<span class=\"wpcf7-form-control-wrap\" data-name=\"radio-685\"><span class=\"wpcf7-form-control wpcf7-radio\"><span class=\"wpcf7-list-item first last\"><input type=\"radio\" name=\"radio-685\" value=\"Kollektiv \u00fcber 100 Mitglieder: CHF 300.\u2013 pro Jahr\" \/><span class=\"wpcf7-list-item-label\">Kollektiv \u00fcber 100 Mitglieder: CHF 300.\u2013 pro Jahr<\/span><\/span><\/span><\/span><br \/>\n<span class=\"wpcf7-form-control-wrap\" data-name=\"radio-685\"><span class=\"wpcf7-form-control wpcf7-radio\"><span class=\"wpcf7-list-item first last\"><input type=\"radio\" name=\"radio-685\" value=\"Gemeinden\/St\u00e4dte (Preis in CHF auf Anfrage, mindestens CHF 300.\u2013 pro Jahr)\" \/><span class=\"wpcf7-list-item-label\">Gemeinden\/St\u00e4dte (Preis in CHF auf Anfrage, mindestens CHF 300.\u2013 pro Jahr)<\/span><\/span><\/span><\/span>\n\t<\/p>\n\t<p>Pers\u00f6nliche Daten:\n\t<\/p>\n\t<p>Anrede:<br \/>\n<span class=\"wpcf7-form-control-wrap\" data-name=\"radio-688\"><span class=\"wpcf7-form-control wpcf7-radio\"><span class=\"wpcf7-list-item first\"><label><input type=\"radio\" name=\"radio-688\" value=\"Frau\" checked=\"checked\" \/><span class=\"wpcf7-list-item-label\">Frau<\/span><\/label><\/span><span class=\"wpcf7-list-item last\"><label><input type=\"radio\" name=\"radio-688\" value=\"Herr\" \/><span class=\"wpcf7-list-item-label\">Herr<\/span><\/label><\/span><\/span><\/span><br \/>\n<label> Name:*<br \/>\n<span class=\"wpcf7-form-control-wrap\" data-name=\"your-name\"><input size=\"40\" maxlength=\"400\" class=\"wpcf7-form-control wpcf7-text\" aria-invalid=\"false\" value=\"\" type=\"text\" name=\"your-name\" \/><\/span> <\/label><br \/>\n<label> Vorname:*<br \/>\n<span class=\"wpcf7-form-control-wrap\" data-name=\"your-vorname\"><input size=\"40\" maxlength=\"400\" class=\"wpcf7-form-control wpcf7-text\" aria-invalid=\"false\" value=\"\" type=\"text\" name=\"your-vorname\" \/><\/span> <\/label><br \/>\n<label> Firma\/Gesellschaft\/Gemeinde\/Stadt:<br \/>\n<span class=\"wpcf7-form-control-wrap\" data-name=\"firma-gesellschaft\"><input size=\"40\" maxlength=\"400\" class=\"wpcf7-form-control wpcf7-text\" aria-invalid=\"false\" value=\"\" type=\"text\" name=\"firma-gesellschaft\" \/><\/span> <\/label><br \/>\n<label> Strasse\/Nummer:*<br \/>\n<span class=\"wpcf7-form-control-wrap\" data-name=\"strasse-nr\"><input size=\"40\" maxlength=\"400\" class=\"wpcf7-form-control wpcf7-text\" aria-invalid=\"false\" value=\"\" type=\"text\" name=\"strasse-nr\" \/><\/span> <\/label><br \/>\n<label> Postfach:<br \/>\n<span class=\"wpcf7-form-control-wrap\" data-name=\"postfach\"><input size=\"40\" maxlength=\"400\" class=\"wpcf7-form-control wpcf7-text\" aria-invalid=\"false\" value=\"\" type=\"text\" name=\"postfach\" \/><\/span> <\/label><br \/>\n<label> PLZ:*<br \/>\n<span class=\"wpcf7-form-control-wrap\" data-name=\"number-556\"><input class=\"wpcf7-form-control wpcf7-number wpcf7-validates-as-number\" min=\"1000\" max=\"99999\" aria-invalid=\"false\" value=\"\" type=\"number\" name=\"number-556\" \/><\/span> <\/label><br \/>\n<label> Ort:*<br \/>\n<span class=\"wpcf7-form-control-wrap\" data-name=\"ort\"><input size=\"40\" maxlength=\"400\" class=\"wpcf7-form-control wpcf7-text\" aria-invalid=\"false\" value=\"\" type=\"text\" name=\"ort\" \/><\/span> <\/label><br \/>\n<label> Telefon:<br \/>\n<span class=\"wpcf7-form-control-wrap\" data-name=\"telefon\"><input size=\"40\" maxlength=\"400\" class=\"wpcf7-form-control wpcf7-text\" aria-invalid=\"false\" value=\"\" type=\"text\" name=\"telefon\" \/><\/span> <\/label><br \/>\n<label> E-Mail:*<br \/>\n<span class=\"wpcf7-form-control-wrap\" data-name=\"your-email\"><input size=\"40\" maxlength=\"400\" class=\"wpcf7-form-control wpcf7-email wpcf7-text wpcf7-validates-as-email\" aria-invalid=\"false\" value=\"\" type=\"email\" name=\"your-email\" \/><\/span> <\/label><br \/>\n<label> Geburtsdatum:<br \/>\n<span class=\"wpcf7-form-control-wrap\" data-name=\"geburtsdatum\"><input size=\"40\" maxlength=\"400\" class=\"wpcf7-form-control wpcf7-text\" aria-invalid=\"false\" value=\"\" type=\"text\" name=\"geburtsdatum\" \/><\/span> <\/label><br \/>\nRechnungen per eMail versenden:<br \/>\n<span class=\"wpcf7-form-control-wrap\" data-name=\"radio-862\"><span class=\"wpcf7-form-control wpcf7-radio\"><span class=\"wpcf7-list-item first\"><label><input type=\"radio\" name=\"radio-862\" value=\"Zugestimmt: Ich m\u00f6chte Rechnungen per eMail (PDF) empfangen\" \/><span class=\"wpcf7-list-item-label\">Zugestimmt: Ich m\u00f6chte Rechnungen per eMail (PDF) empfangen<\/span><\/label><\/span><span class=\"wpcf7-list-item last\"><label><input type=\"radio\" name=\"radio-862\" value=\"Abgelehnt: Senden Sie mir die Rechnung per Post.\" \/><span class=\"wpcf7-list-item-label\">Abgelehnt: Senden Sie mir die Rechnung per Post.<\/span><\/label><\/span><\/span><\/span><br \/>\n<label> Mitteilung<br \/>\n<span class=\"wpcf7-form-control-wrap\" data-name=\"mitteilung\"><textarea cols=\"40\" rows=\"5\" maxlength=\"2000\" class=\"wpcf7-form-control wpcf7-textarea\" aria-invalid=\"false\" name=\"mitteilung\"><\/textarea><\/span> <\/label>\n\t<\/p>\n<\/fieldset>\n<fieldset>\n\t<legend>Bitte Antwort angeben wie erfragt (in Worten)\n\t<\/legend>\n\t<p><span class=\"wpcf7-form-control-wrap\" data-name=\"adamriese\"><label><span class=\"wpcf7-quiz-label\">f\u00fcnf plus zwei?<\/span> <input size=\"40\" class=\"wpcf7-form-control wpcf7-quiz\" autocomplete=\"off\" aria-required=\"true\" aria-invalid=\"false\" type=\"text\" name=\"adamriese\" \/><\/label><input type=\"hidden\" name=\"_wpcf7_quiz_answer_adamriese\" value=\"ad33751521cdebc76abf23dff57db39c\" \/><\/span>\n\t<\/p>\n<\/fieldset>\n<fieldset>\n\t<legend>Rechnungsadresse (nur f\u00fcr Geschenk-Mitgliedschaft):\n\t<\/legend>\n\t<p>Anrede:<br \/>\n<span class=\"wpcf7-form-control-wrap\" data-name=\"radio-689\"><span class=\"wpcf7-form-control wpcf7-radio\"><span class=\"wpcf7-list-item first\"><label><input type=\"radio\" name=\"radio-689\" value=\"Frau\" checked=\"checked\" \/><span class=\"wpcf7-list-item-label\">Frau<\/span><\/label><\/span><span class=\"wpcf7-list-item last\"><label><input type=\"radio\" name=\"radio-689\" value=\"Herr\" \/><span class=\"wpcf7-list-item-label\">Herr<\/span><\/label><\/span><\/span><\/span><br \/>\n<label> Name:<br \/>\n<span class=\"wpcf7-form-control-wrap\" data-name=\"your-name-rechnung\"><input size=\"40\" maxlength=\"400\" class=\"wpcf7-form-control wpcf7-text\" aria-invalid=\"false\" value=\"\" type=\"text\" name=\"your-name-rechnung\" \/><\/span> <\/label><br \/>\n<label> Vorname:<br \/>\n<span class=\"wpcf7-form-control-wrap\" data-name=\"your-vorname-rechnung\"><input size=\"40\" maxlength=\"400\" class=\"wpcf7-form-control wpcf7-text\" aria-invalid=\"false\" value=\"\" type=\"text\" name=\"your-vorname-rechnung\" \/><\/span> <\/label><br \/>\n<label> Strasse\/Nummer:<br \/>\n<span class=\"wpcf7-form-control-wrap\" data-name=\"strasse-nr-rechnung\"><input size=\"40\" maxlength=\"400\" class=\"wpcf7-form-control wpcf7-text\" aria-invalid=\"false\" value=\"\" type=\"text\" name=\"strasse-nr-rechnung\" \/><\/span> <\/label><br \/>\n<label> Postfach:<br \/>\n<span class=\"wpcf7-form-control-wrap\" data-name=\"postfach-rechnung\"><input size=\"40\" maxlength=\"400\" class=\"wpcf7-form-control wpcf7-text\" aria-invalid=\"false\" value=\"\" type=\"text\" name=\"postfach-rechnung\" \/><\/span> <\/label><br \/>\n<label> PLZ:<br \/>\n<span class=\"wpcf7-form-control-wrap\" data-name=\"number-557\"><input class=\"wpcf7-form-control wpcf7-number wpcf7-validates-as-number\" min=\"1000\" max=\"99999\" aria-invalid=\"false\" value=\"\" type=\"number\" name=\"number-557\" \/><\/span> <\/label><br \/>\n<label> Ort:<br \/>\n<span class=\"wpcf7-form-control-wrap\" data-name=\"ort-rechnung\"><input size=\"40\" maxlength=\"400\" class=\"wpcf7-form-control wpcf7-text\" aria-invalid=\"false\" value=\"\" type=\"text\" name=\"ort-rechnung\" \/><\/span> <\/label><br \/>\n<label> Telefon:<br \/>\n<span class=\"wpcf7-form-control-wrap\" data-name=\"telefon-rechnung\"><input size=\"40\" maxlength=\"400\" class=\"wpcf7-form-control wpcf7-text\" aria-invalid=\"false\" value=\"\" type=\"text\" name=\"telefon-rechnung\" \/><\/span> <\/label><br \/>\n<label> E-Mail:<br \/>\n<span class=\"wpcf7-form-control-wrap\" data-name=\"your-email-rechnung\"><input size=\"40\" maxlength=\"400\" class=\"wpcf7-form-control wpcf7-email wpcf7-text wpcf7-validates-as-email\" aria-invalid=\"false\" value=\"\" type=\"email\" name=\"your-email-rechnung\" \/><\/span> <\/label><br \/>\nRechnung per eMail versenden:<br \/>\n<span class=\"wpcf7-form-control-wrap\" data-name=\"radio-862\"><span class=\"wpcf7-form-control wpcf7-radio\"><span class=\"wpcf7-list-item first\"><label><input type=\"radio\" name=\"radio-862\" value=\"Zugestimmt: Ich m\u00f6chte die Rechnung per eMail (PDF) empfangen\" \/><span class=\"wpcf7-list-item-label\">Zugestimmt: Ich m\u00f6chte die Rechnung per eMail (PDF) empfangen<\/span><\/label><\/span><span class=\"wpcf7-list-item last\"><label><input type=\"radio\" name=\"radio-862\" value=\"Abgelehnt: Senden Sie mir die Rechnung per Post.\" \/><span class=\"wpcf7-list-item-label\">Abgelehnt: Senden Sie mir die Rechnung per Post.<\/span><\/label><\/span><\/span><\/span>\n\t<\/p>\n<\/fieldset>\n<p><input class=\"wpcf7-form-control wpcf7-submit has-spinner\" type=\"submit\" value=\"Senden\" \/>\n<\/p><div class=\"wpcf7-response-output\" aria-hidden=\"true\"><\/div>\n<\/form>\n<\/div>\n\n<p>&nbsp;<\/p>\n","protected":false},"excerpt":{"rendered":"<p>Danke, dass Sie sich f\u00fcr eine Mitgliedschaft interessieren. Mit der Mitgliedschaft bei DarkSky Switzerland (DarkSky) investieren Sie in eine nachhaltige Zukunft f\u00fcr ein Miteinander von Mensch und Natur. Mit Ihrem Beitrag erm\u00f6glichen Sie DarkSky Switzerland die Pr\u00e4ventionsarbeit zur Aufkl\u00e4rung der Bev\u00f6lkerung \u00fcber Lichtverschmutzung und wirksame Massnahmen f\u00fcr eine effiziente Aussenbeleuchtung. \u00dcbrigens: Beitr\u00e4ge an gemeinn\u00fctzige Organisationen &hellip; <a href=\"https:\/\/www.darksky.ch\/dss\/de\/darksky-switzerland\/mitglied-werden\/\" class=\"more-link\">Continue reading<span class=\"screen-reader-text\"> &#8222;Mitglied werden&#8220;<\/span><\/a><\/p>\n","protected":false},"author":2,"featured_media":0,"parent":23,"menu_order":4,"comment_status":"closed","ping_status":"closed","template":"","meta":{"_acf_changed":false,"footnotes":""},"class_list":["post-114","page","type-page","status-publish","hentry"],"acf":[],"_links":{"self":[{"href":"https:\/\/www.darksky.ch\/dss\/de\/wp-json\/wp\/v2\/pages\/114","targetHints":{"allow":["GET"]}}],"collection":[{"href":"https:\/\/www.darksky.ch\/dss\/de\/wp-json\/wp\/v2\/pages"}],"about":[{"href":"https:\/\/www.darksky.ch\/dss\/de\/wp-json\/wp\/v2\/types\/page"}],"author":[{"embeddable":true,"href":"https:\/\/www.darksky.ch\/dss\/de\/wp-json\/wp\/v2\/users\/2"}],"replies":[{"embeddable":true,"href":"https:\/\/www.darksky.ch\/dss\/de\/wp-json\/wp\/v2\/comments?post=114"}],"version-history":[{"count":12,"href":"https:\/\/www.darksky.ch\/dss\/de\/wp-json\/wp\/v2\/pages\/114\/revisions"}],"predecessor-version":[{"id":16484,"href":"https:\/\/www.darksky.ch\/dss\/de\/wp-json\/wp\/v2\/pages\/114\/revisions\/16484"}],"up":[{"embeddable":true,"href":"https:\/\/www.darksky.ch\/dss\/de\/wp-json\/wp\/v2\/pages\/23"}],"wp:attachment":[{"href":"https:\/\/www.darksky.ch\/dss\/de\/wp-json\/wp\/v2\/media?parent=114"}],"curies":[{"name":"wp","href":"https:\/\/api.w.org\/{rel}","templated":true}]}}