

{"id":116,"date":"2016-06-17T14:08:01","date_gmt":"2016-06-17T12:08:01","guid":{"rendered":"http:\/\/www.darksky.ch\/dsx\/?page_id=116"},"modified":"2025-12-02T10:01:53","modified_gmt":"2025-12-02T09:01:53","slug":"spenden","status":"publish","type":"page","link":"https:\/\/www.darksky.ch\/dss\/de\/darksky-switzerland\/spenden\/","title":{"rendered":"Spenden"},"content":{"rendered":"<p>Sie m\u00f6chten nicht Mitglied, G\u00f6nner oder Sponsor werden, uns aber einmalig unterst\u00fctzen? Auch dar\u00fcber freuen wir uns!<\/p>\n<p>Dann \u00fcberweisen Sie bitte Ihre<\/p>\n<p><em>Spende\u00a0an<\/em><br \/>\nPostkonto 85-190167-2<br \/>\nIBAN\u00a0CH1109000000851901672 \u00a0gedruckt:\u00a0CH11 0900 0000 8519 0167 2<\/p>\n<p><em>Empf\u00e4nger<\/em><br \/>\nDarkSky Switzerland, Friedenstrasse 7a, 8304 Wallisellen, Schweiz<\/p>\n<p><em>Zahlungszweck<\/em><br \/>\nSpende ohne Mitgliedschaft<\/p>\n<p>Als Motivation hier einige Angaben zu unseren Auslagen:<\/p>\n<ul>\n<li>Unsere Gesch\u00e4ftsstelle erh\u00e4lt eine angemessene Entsch\u00e4digung f\u00fcr Administration und Ausk\u00fcnfte an Private, Beh\u00f6rden und Medien.<\/li>\n<li>Sachauslagen fallen an f\u00fcr Versandkosten, Druckkosten und technische Neuerungen und Anschaffungen.<\/li>\n<li>Der ehrenamtlich arbeitende Vorstand f\u00fchrt jedes Jahr einen Workshop durch, um sich vertieft mit aktuellen Themen von Dark-Sky zu besch\u00e4ftigen und unsere Projekte und Strategien voranzubringen. Diese Wochenenden werden vom Verein finanziert.<\/li>\n<li>F\u00fcr die Mitglieder organisieren wir die Generalversammlung und bis zwei Anl\u00e4sse pro Jahr, letztere f\u00fcr die Teilnehmenden meist kostenlos.<\/li>\n<li>Das Mitteilungsblatt Nachtfalter erscheint jeden Oktober mehrsprachig und wird an die Mitglieder versandt. F\u00fcr Layout, \u00dcbersetzung und Druckkosten fallen Kosten an.<\/li>\n<li>Besondere Anl\u00e4sse wie das <a href=\"http:\/\/www.darksky.ch\/dss\/de\/2016\/11\/ritter-der-nacht-2016\/\">20 Jahr-Jubil\u00e4um am 18. November 2016 mit Preisvergabe<\/a> fallen schwerer ins Gewicht.<\/li>\n<li>Bei der Teilnahme an Umwelttagen oder anderen Anl\u00e4ssen fallen zuweilen Ausgaben f\u00fcr die Erstellung oder Abgabe von Objekten an, welche unsere Anliegen plastisch verdeutlichen k\u00f6nnen.<\/li>\n<li>DarkSky Switzerland hat Konzeption und Kommissionsarbeit der SIA-Norm 491 finanziell mit einem Beitrag unterst\u00fctzt.<\/li>\n<li>Auf Anregung und mit Hilfe von DarkSky Switzerland wurde die SIA-Norm 491 auch auf italienisch \u00fcbersetzt.<\/li>\n<li><em>DarkSky Switzerland ist als gemeinn\u00fctziger Verein von den Steuern befreit und Ihre Spende ist in den Kantonen AG, AI, AR, BL, GL, NW, OW, SG, SO, UR, ZH von den Steuern abzugsf\u00e4hig. In weiteren Kantonen wird die Steuerbefreiung meistens akzeptiert, und falls nicht, kann man darauf hinweisen, dass DarkSky Switzerland bereits in sehr vielen Kantonen als gemeinn\u00fctzig anerkannt ist und dass es Mitglieder in allen Landesteilen gibt (siehe Schweizer Karte <a href=\"https:\/\/www.darksky.ch\/dss\/de\/selber-handeln\/\" target=\"_blank\" rel=\"noopener\">Selber handeln<\/a>, unten).<\/em><\/li>\n<\/ul>\n<p>F\u00fcr solche laufenden oder einmaligen Ausgaben der kommenden Monate und Jahre ist\u00a0Ihre\u00a0Spende hochwillkommen. Sie kann unter <a href=\"http:\/\/www.darksky.ch\/dss\/de\/freunde\/sponsoren-und-goenner\/\" target=\"_blank\" rel=\"noopener noreferrer\">Sponsoren<\/a> gerne ver\u00f6ffentlicht werden, sollten Sie dies w\u00fcnschen.<\/p>\n","protected":false},"excerpt":{"rendered":"<p>Sie m\u00f6chten nicht Mitglied, G\u00f6nner oder Sponsor werden, uns aber einmalig unterst\u00fctzen? Auch dar\u00fcber freuen wir uns! Dann \u00fcberweisen Sie bitte Ihre Spende\u00a0an Postkonto 85-190167-2 IBAN\u00a0CH1109000000851901672 \u00a0gedruckt:\u00a0CH11 0900 0000 8519 0167 2 Empf\u00e4nger DarkSky Switzerland, Friedenstrasse 7a, 8304 Wallisellen, Schweiz Zahlungszweck Spende ohne Mitgliedschaft Als Motivation hier einige Angaben zu unseren Auslagen: Unsere Gesch\u00e4ftsstelle erh\u00e4lt &hellip; <a href=\"https:\/\/www.darksky.ch\/dss\/de\/darksky-switzerland\/spenden\/\" class=\"more-link\">Continue reading<span class=\"screen-reader-text\"> &#8222;Spenden&#8220;<\/span><\/a><\/p>\n","protected":false},"author":2,"featured_media":0,"parent":23,"menu_order":6,"comment_status":"closed","ping_status":"closed","template":"","meta":{"_acf_changed":false,"footnotes":""},"class_list":["post-116","page","type-page","status-publish","hentry"],"acf":[],"_links":{"self":[{"href":"https:\/\/www.darksky.ch\/dss\/de\/wp-json\/wp\/v2\/pages\/116","targetHints":{"allow":["GET"]}}],"collection":[{"href":"https:\/\/www.darksky.ch\/dss\/de\/wp-json\/wp\/v2\/pages"}],"about":[{"href":"https:\/\/www.darksky.ch\/dss\/de\/wp-json\/wp\/v2\/types\/page"}],"author":[{"embeddable":true,"href":"https:\/\/www.darksky.ch\/dss\/de\/wp-json\/wp\/v2\/users\/2"}],"replies":[{"embeddable":true,"href":"https:\/\/www.darksky.ch\/dss\/de\/wp-json\/wp\/v2\/comments?post=116"}],"version-history":[{"count":13,"href":"https:\/\/www.darksky.ch\/dss\/de\/wp-json\/wp\/v2\/pages\/116\/revisions"}],"predecessor-version":[{"id":16487,"href":"https:\/\/www.darksky.ch\/dss\/de\/wp-json\/wp\/v2\/pages\/116\/revisions\/16487"}],"up":[{"embeddable":true,"href":"https:\/\/www.darksky.ch\/dss\/de\/wp-json\/wp\/v2\/pages\/23"}],"wp:attachment":[{"href":"https:\/\/www.darksky.ch\/dss\/de\/wp-json\/wp\/v2\/media?parent=116"}],"curies":[{"name":"wp","href":"https:\/\/api.w.org\/{rel}","templated":true}]}}