

{"id":12122,"date":"2020-05-21T14:28:41","date_gmt":"2020-05-21T12:28:41","guid":{"rendered":"http:\/\/www.darksky.ch\/dsx\/?page_id=12122"},"modified":"2025-05-11T15:07:36","modified_gmt":"2025-05-11T13:07:36","slug":"hausbesitzer","status":"publish","type":"page","link":"https:\/\/www.darksky.ch\/dss\/de\/handeln\/hausbesitzer\/","title":{"rendered":"Hausbesitzer"},"content":{"rendered":"<p>Empfehlung von der <a href=\"https:\/\/darksky.org\" target=\"_blank\" rel=\"noopener noreferrer\">DarkSky International (DarkSky)<\/a> in Zusammenarbeit mit der <a href=\"https:\/\/www.ies.org\" target=\"_blank\" rel=\"noopener noreferrer\">Gesellschaft der Lichtingenieure (IES)<\/a> vom 19. April 2020 zur <a href=\"https:\/\/idsw.darksky.org\" target=\"_blank\" rel=\"noopener noreferrer\">Internationalen Dark Sky Woche<\/a> f\u00fcr<\/p>\n<h1>DarkSky freundliche Hausbeleuchtung<\/h1>\n<p>F\u00fcnf Regeln f\u00fcr den Schutz der Nacht vor Lichtverschmutzung.<\/p>\n<h2><a href=\"https:\/\/www.darksky.ch\/dss\/wp-content\/uploads\/2020\/05\/1_IDA_Icon_noetig.png\"><img loading=\"lazy\" decoding=\"async\" class=\"size-full wp-image-12124 alignleft\" src=\"https:\/\/www.darksky.ch\/dss\/wp-content\/uploads\/2020\/05\/1_IDA_Icon_noetig.png\" alt=\"\" width=\"150\" height=\"150\" \/><\/a>1 \u2013 Dient die Beleuchtung einem eindeutigen und notwendigen Zweck?<\/h2>\n<p>Licht dient der sicheren Orientierung und hilft bestimmte T\u00e4tigkeiten auszuf\u00fchren. Im Beispiel unten beleuchtet das Licht nur den Hauseingang und die Treppe, wo es ben\u00f6tigt wird.<br \/>\nWenn Sie denken Licht auf Ihrem Grundst\u00fcck sei unn\u00f6tig oder ungenutzt, entfernen Sie es oder machen Sie es unbenutzbar, so dass es nicht aus Versehen eingeschaltet werden kann.<\/p>\n<table style=\"border-collapse: collapse; width: 100%;\">\n<tbody>\n<tr>\n<td style=\"width: 50%;\"><a href=\"https:\/\/www.darksky.ch\/dss\/wp-content\/uploads\/2020\/05\/1-Useful-YES.jpg\"><img loading=\"lazy\" decoding=\"async\" class=\"size-full wp-image-12126 aligncenter\" src=\"https:\/\/www.darksky.ch\/dss\/wp-content\/uploads\/2020\/05\/1-Useful-YES.jpg\" alt=\"\" width=\"1126\" height=\"676\" srcset=\"https:\/\/www.darksky.ch\/dss\/wp-content\/uploads\/2020\/05\/1-Useful-YES.jpg 1126w, https:\/\/www.darksky.ch\/dss\/wp-content\/uploads\/2020\/05\/1-Useful-YES-300x180.jpg 300w, https:\/\/www.darksky.ch\/dss\/wp-content\/uploads\/2020\/05\/1-Useful-YES-1020x612.jpg 1020w\" sizes=\"auto, (max-width: 709px) 85vw, (max-width: 909px) 67vw, (max-width: 1362px) 62vw, 840px\" \/><\/a><\/td>\n<td style=\"width: 50%;\"><a href=\"https:\/\/www.darksky.ch\/dss\/wp-content\/uploads\/2020\/05\/1-Useful-NO.jpg\"><img loading=\"lazy\" decoding=\"async\" class=\"size-full wp-image-12125 aligncenter\" src=\"https:\/\/www.darksky.ch\/dss\/wp-content\/uploads\/2020\/05\/1-Useful-NO.jpg\" alt=\"\" width=\"1126\" height=\"676\" srcset=\"https:\/\/www.darksky.ch\/dss\/wp-content\/uploads\/2020\/05\/1-Useful-NO.jpg 1126w, https:\/\/www.darksky.ch\/dss\/wp-content\/uploads\/2020\/05\/1-Useful-NO-300x180.jpg 300w, https:\/\/www.darksky.ch\/dss\/wp-content\/uploads\/2020\/05\/1-Useful-NO-1020x612.jpg 1020w\" sizes=\"auto, (max-width: 709px) 85vw, (max-width: 909px) 67vw, (max-width: 1362px) 62vw, 840px\" \/><\/a><\/td>\n<\/tr>\n<\/tbody>\n<\/table>\n<h2><a href=\"https:\/\/www.darksky.ch\/dss\/wp-content\/uploads\/2020\/05\/2_IDA_Icon_zielgerichtet.png\"><img loading=\"lazy\" decoding=\"async\" class=\"size-full wp-image-12127 alignleft\" src=\"https:\/\/www.darksky.ch\/dss\/wp-content\/uploads\/2020\/05\/2_IDA_Icon_zielgerichtet.png\" alt=\"\" width=\"150\" height=\"150\" \/><\/a>2 \u2013 F\u00e4llt das Licht nur dorthin, wo es ben\u00f6tigt wird?<\/h2>\n<p>Richten Sie das Licht nach unten, nicht in den Himmel und montieren Sie die Abschirmungen so, dass das Licht nicht \u00fcber die Nutzfl\u00e4che hinaus leuchtet.<br \/>\nAuf Augenh\u00f6he sollte die Lichtquelle horizontal zur Abschirmung oder erh\u00f6ht innerhalb der Abschirmung bleiben.<\/p>\n<p>Sollte Licht \u00fcber die Nutzfl\u00e4che hinaus strahlen, installieren sie geeignete Abschirmungen und\/oder richten sie die Leuchte neu aus, so dass das Licht nicht \u00fcber den nutzbaren Bereich hinaus gelangt. Seien Sie besonders r\u00fccksichtsvoll, damit kein direktes Licht den Himmel oder Nachbargrundst\u00fccke erreicht.<\/p>\n<table style=\"border-collapse: collapse; width: 100%;\">\n<tbody>\n<tr>\n<td style=\"width: 50%;\"><a href=\"https:\/\/www.darksky.ch\/dss\/wp-content\/uploads\/2020\/05\/2-Targeted-YES.jpg\"><img loading=\"lazy\" decoding=\"async\" class=\"aligncenter size-full wp-image-12129\" src=\"https:\/\/www.darksky.ch\/dss\/wp-content\/uploads\/2020\/05\/2-Targeted-YES.jpg\" alt=\"\" width=\"1126\" height=\"676\" srcset=\"https:\/\/www.darksky.ch\/dss\/wp-content\/uploads\/2020\/05\/2-Targeted-YES.jpg 1126w, https:\/\/www.darksky.ch\/dss\/wp-content\/uploads\/2020\/05\/2-Targeted-YES-300x180.jpg 300w, https:\/\/www.darksky.ch\/dss\/wp-content\/uploads\/2020\/05\/2-Targeted-YES-1020x612.jpg 1020w\" sizes=\"auto, (max-width: 709px) 85vw, (max-width: 909px) 67vw, (max-width: 1362px) 62vw, 840px\" \/><\/a><\/td>\n<td style=\"width: 50%;\"><a href=\"https:\/\/www.darksky.ch\/dss\/wp-content\/uploads\/2020\/05\/2-Targeted-NO.jpg\"><img loading=\"lazy\" decoding=\"async\" class=\"aligncenter size-full wp-image-12128\" src=\"https:\/\/www.darksky.ch\/dss\/wp-content\/uploads\/2020\/05\/2-Targeted-NO.jpg\" alt=\"\" width=\"1126\" height=\"676\" srcset=\"https:\/\/www.darksky.ch\/dss\/wp-content\/uploads\/2020\/05\/2-Targeted-NO.jpg 1126w, https:\/\/www.darksky.ch\/dss\/wp-content\/uploads\/2020\/05\/2-Targeted-NO-300x180.jpg 300w, https:\/\/www.darksky.ch\/dss\/wp-content\/uploads\/2020\/05\/2-Targeted-NO-1020x612.jpg 1020w\" sizes=\"auto, (max-width: 709px) 85vw, (max-width: 909px) 67vw, (max-width: 1362px) 62vw, 840px\" \/><\/a><\/td>\n<\/tr>\n<\/tbody>\n<\/table>\n<h2><a href=\"https:\/\/www.darksky.ch\/dss\/wp-content\/uploads\/2020\/05\/3_IDA_Icon_angepasst.png\"><img loading=\"lazy\" decoding=\"async\" class=\"size-full wp-image-12133 alignleft\" src=\"https:\/\/www.darksky.ch\/dss\/wp-content\/uploads\/2020\/05\/3_IDA_Icon_angepasst.png\" alt=\"\" width=\"150\" height=\"150\" \/><\/a>3 \u2013 Ist die Lichtleistung f\u00fcr den beabsichtigten Zweck angemessen?<\/h2>\n<p>Nutzen Sie die tiefste Lichtleistung, die f\u00fcr die beabsichtigte T\u00e4tigkeit ausreichend ist. Die Lichtleistung meint in der Fachsprache den Lichtstrom gemessen in Lumen. Also pr\u00fcfen Sie die Lichtquellen und nutzen Sie die tiefsten Lumenwerte, die vertretbar sind. Eine 60 Watt (W) Gl\u00fchbirne von fr\u00fcher entspricht etwa 710 bis 800 Lumen (lm).<\/p>\n<p>\u00dcberm\u00e4ssiges Licht kann zur Blendung beitragen, was es schwieriger macht, Dinge klar zu erkennen. Wenn Sie die Lichtleistung um Ihr Haus f\u00fcr den angestrebten Zweck als zu hell empfinden, pr\u00fcfen Sie den Wechsel auf eine Lichtquelle oder Leuchte mit niedrigerem Lumen-Wert.<\/p>\n<table style=\"border-collapse: collapse; width: 100%;\">\n<tbody>\n<tr>\n<td style=\"width: 50%;\"><a href=\"https:\/\/www.darksky.ch\/dss\/wp-content\/uploads\/2020\/05\/3-LowLightLevel-YES.jpg\"><img loading=\"lazy\" decoding=\"async\" class=\"aligncenter size-full wp-image-12135\" src=\"https:\/\/www.darksky.ch\/dss\/wp-content\/uploads\/2020\/05\/3-LowLightLevel-YES.jpg\" alt=\"\" width=\"1126\" height=\"676\" srcset=\"https:\/\/www.darksky.ch\/dss\/wp-content\/uploads\/2020\/05\/3-LowLightLevel-YES.jpg 1126w, https:\/\/www.darksky.ch\/dss\/wp-content\/uploads\/2020\/05\/3-LowLightLevel-YES-300x180.jpg 300w, https:\/\/www.darksky.ch\/dss\/wp-content\/uploads\/2020\/05\/3-LowLightLevel-YES-1020x612.jpg 1020w\" sizes=\"auto, (max-width: 709px) 85vw, (max-width: 909px) 67vw, (max-width: 1362px) 62vw, 840px\" \/><\/a><\/td>\n<td style=\"width: 50%;\"><a href=\"https:\/\/www.darksky.ch\/dss\/wp-content\/uploads\/2020\/05\/3-LowLightLevel-No.jpg\"><img loading=\"lazy\" decoding=\"async\" class=\"aligncenter size-full wp-image-12134\" src=\"https:\/\/www.darksky.ch\/dss\/wp-content\/uploads\/2020\/05\/3-LowLightLevel-No.jpg\" alt=\"\" width=\"1126\" height=\"676\" srcset=\"https:\/\/www.darksky.ch\/dss\/wp-content\/uploads\/2020\/05\/3-LowLightLevel-No.jpg 1126w, https:\/\/www.darksky.ch\/dss\/wp-content\/uploads\/2020\/05\/3-LowLightLevel-No-300x180.jpg 300w, https:\/\/www.darksky.ch\/dss\/wp-content\/uploads\/2020\/05\/3-LowLightLevel-No-1020x612.jpg 1020w\" sizes=\"auto, (max-width: 709px) 85vw, (max-width: 909px) 67vw, (max-width: 1362px) 62vw, 840px\" \/><\/a><\/td>\n<\/tr>\n<\/tbody>\n<\/table>\n<h2><a href=\"https:\/\/www.darksky.ch\/dss\/wp-content\/uploads\/2020\/05\/4_IDA_Icon_geregelt.png\"><img loading=\"lazy\" decoding=\"async\" class=\"size-full wp-image-12138 alignleft\" src=\"http:\/\/www.darksky.ch\/dss\/wp-content\/uploads\/2020\/05\/4_IDA_Icon_geregelt.png\" alt=\"\" width=\"150\" height=\"150\" \/><\/a>4 \u2013 Ist das Licht nach Bedarf steuerbar?<\/h2>\n<p>Jede Aussenleuchte sollte mit einem Lichtschalter, einer Zeitschaltuhr, und\/oder einem Bewegungssensor verbunden sein, so dass die Leuchten nur in Betrieb sind, wenn sie genutzt werden.<\/p>\n<p>Aussenleuchten, die nicht leicht mit einem Lichtschalter bedient werden k\u00f6nnen, sollten mit einem Zeitschalter oder Bewegungsmelder* kombiniert werden. Bewegungsmelder sollten auf Zeiten von 5 Minuten oder weniger gestellt werden. Von D\u00e4mmerungsschaltungen wird abgeraten, weil sie die ganze Nacht Licht abgeben, auch wenn es niemand braucht.<\/p>\n<p>*Stellen Sie sicher, dass der Sensor nur auf anwesende Personen reagiert.<\/p>\n<table style=\"border-collapse: collapse; width: 100%;\">\n<tbody>\n<tr>\n<td style=\"width: 50%;\"><a href=\"https:\/\/www.darksky.ch\/dss\/wp-content\/uploads\/2020\/05\/4-Control-YES.jpg\"><img loading=\"lazy\" decoding=\"async\" class=\"aligncenter size-full wp-image-12140\" src=\"https:\/\/www.darksky.ch\/dss\/wp-content\/uploads\/2020\/05\/4-Control-YES.jpg\" alt=\"\" width=\"1126\" height=\"676\" srcset=\"https:\/\/www.darksky.ch\/dss\/wp-content\/uploads\/2020\/05\/4-Control-YES.jpg 1126w, https:\/\/www.darksky.ch\/dss\/wp-content\/uploads\/2020\/05\/4-Control-YES-300x180.jpg 300w, https:\/\/www.darksky.ch\/dss\/wp-content\/uploads\/2020\/05\/4-Control-YES-1020x612.jpg 1020w\" sizes=\"auto, (max-width: 709px) 85vw, (max-width: 909px) 67vw, (max-width: 1362px) 62vw, 840px\" \/><\/a><\/td>\n<td style=\"width: 50%;\"><a href=\"https:\/\/www.darksky.ch\/dss\/wp-content\/uploads\/2020\/05\/4-Control-NO.jpg\"><img loading=\"lazy\" decoding=\"async\" class=\"aligncenter size-full wp-image-12139\" src=\"https:\/\/www.darksky.ch\/dss\/wp-content\/uploads\/2020\/05\/4-Control-NO.jpg\" alt=\"\" width=\"1126\" height=\"675\" srcset=\"https:\/\/www.darksky.ch\/dss\/wp-content\/uploads\/2020\/05\/4-Control-NO.jpg 1126w, https:\/\/www.darksky.ch\/dss\/wp-content\/uploads\/2020\/05\/4-Control-NO-300x180.jpg 300w, https:\/\/www.darksky.ch\/dss\/wp-content\/uploads\/2020\/05\/4-Control-NO-1020x611.jpg 1020w\" sizes=\"auto, (max-width: 709px) 85vw, (max-width: 909px) 67vw, (max-width: 1362px) 62vw, 840px\" \/><\/a><\/td>\n<\/tr>\n<\/tbody>\n<\/table>\n<h2><a href=\"https:\/\/www.darksky.ch\/dss\/wp-content\/uploads\/2020\/05\/5_IDA_Icon_warm.png\"><img loading=\"lazy\" decoding=\"async\" class=\"size-full wp-image-12143 alignleft\" src=\"https:\/\/www.darksky.ch\/dss\/wp-content\/uploads\/2020\/05\/5_IDA_Icon_warm.png\" alt=\"\" width=\"150\" height=\"150\" \/><\/a>5 \u2013 Hat die Lichtquelle eine warme Lichtfarbe?<\/h2>\n<p>Die meisten heutzutage produzierten Lichtquellen haben eine Kelvin-Angabe aufgedruckt. Niedrige Kelvin Werte (3000 Kelvin oder weniger) werden als warm bezeichnet und erzeugen im allgemeinen weniger sch\u00e4dliches blaues Licht als hohe Kelvin-Werte.<br \/>\nF\u00fcr Hausbeleuchtungen gibt es gute Produkte mit 2700 Kelvin oder weniger.<br \/>\n<strong>Seit 2021 empfiehlt DarkSky International im Aussenraum 2200 Kelvin oder weniger zu verwenden.<\/strong><\/p>\n<table style=\"border-collapse: collapse; width: 100%;\">\n<tbody>\n<tr>\n<td style=\"width: 50%;\"><a href=\"https:\/\/www.darksky.ch\/dss\/wp-content\/uploads\/2020\/05\/5-Color-YES-.jpg\"><img loading=\"lazy\" decoding=\"async\" class=\"aligncenter size-full wp-image-12145\" src=\"https:\/\/www.darksky.ch\/dss\/wp-content\/uploads\/2020\/05\/5-Color-YES-.jpg\" alt=\"\" width=\"1126\" height=\"676\" srcset=\"https:\/\/www.darksky.ch\/dss\/wp-content\/uploads\/2020\/05\/5-Color-YES-.jpg 1126w, https:\/\/www.darksky.ch\/dss\/wp-content\/uploads\/2020\/05\/5-Color-YES--300x180.jpg 300w, https:\/\/www.darksky.ch\/dss\/wp-content\/uploads\/2020\/05\/5-Color-YES--1020x612.jpg 1020w\" sizes=\"auto, (max-width: 709px) 85vw, (max-width: 909px) 67vw, (max-width: 1362px) 62vw, 840px\" \/><\/a><\/td>\n<td style=\"width: 50%;\"><a href=\"https:\/\/www.darksky.ch\/dss\/wp-content\/uploads\/2020\/05\/5-Color-NO.jpg\"><img loading=\"lazy\" decoding=\"async\" class=\"aligncenter size-full wp-image-12144\" src=\"https:\/\/www.darksky.ch\/dss\/wp-content\/uploads\/2020\/05\/5-Color-NO.jpg\" alt=\"\" width=\"1125\" height=\"676\" srcset=\"https:\/\/www.darksky.ch\/dss\/wp-content\/uploads\/2020\/05\/5-Color-NO.jpg 1125w, https:\/\/www.darksky.ch\/dss\/wp-content\/uploads\/2020\/05\/5-Color-NO-300x180.jpg 300w, https:\/\/www.darksky.ch\/dss\/wp-content\/uploads\/2020\/05\/5-Color-NO-1020x613.jpg 1020w\" sizes=\"auto, (max-width: 709px) 85vw, (max-width: 909px) 67vw, (max-width: 1362px) 62vw, 840px\" \/><\/a><\/td>\n<\/tr>\n<\/tbody>\n<\/table>\n<h4>Definitionen<\/h4>\n<h3><a href=\"https:\/\/www.darksky.ch\/dss\/wp-content\/uploads\/2020\/05\/IDA_Icon_Leuchte.png\"><img loading=\"lazy\" decoding=\"async\" class=\"size-full wp-image-12148 alignleft\" src=\"https:\/\/www.darksky.ch\/dss\/wp-content\/uploads\/2020\/05\/IDA_Icon_Leuchte.png\" alt=\"\" width=\"150\" height=\"150\" \/><\/a>Leuchte:<\/h3>\n<p>Eine elektrische Apparatur, die mit einer elektrischen Lampe Kunstlicht erzeugt. Ein Geh\u00e4use kann eine oder mehrere Lampen enthalten, die entweder fest verbaut sind oder selbst gewechselt werden k\u00f6nnen (z.B. Birnen mit Schraubsockel oder R\u00f6hren mit Stecksockel).<\/p>\n<h3><a href=\"https:\/\/www.darksky.ch\/dss\/wp-content\/uploads\/2020\/05\/IDA_Icon_Lampe.png\"><img loading=\"lazy\" decoding=\"async\" class=\"size-full wp-image-12150 alignleft\" src=\"https:\/\/www.darksky.ch\/dss\/wp-content\/uploads\/2020\/05\/IDA_Icon_Lampe.png\" alt=\"\" width=\"150\" height=\"150\" \/><\/a>Lampe:<\/h3>\n<p>Die Birne oder ein anderer Licht erzeugender Bestandteil der Leuchte. In einem Geh\u00e4use oder Modul eingebaute, Licht erzeugende Bestandteile (z.B. eingebaute LEDs) z\u00e4hlen zur Lampe, aber kein reflektierendes Material, welches das Licht lenkt.<\/p>\n<h3><a href=\"https:\/\/www.darksky.ch\/dss\/wp-content\/uploads\/2020\/05\/IDA_Icon_Abschirmung.png\"><img loading=\"lazy\" decoding=\"async\" class=\"size-full wp-image-12151 alignleft\" src=\"https:\/\/www.darksky.ch\/dss\/wp-content\/uploads\/2020\/05\/IDA_Icon_Abschirmung.png\" alt=\"\" width=\"150\" height=\"150\" \/><\/a>Abschirmung:<\/h3>\n<p>Der Bestandteil der Leuchte, der die Lampe(n) bedeckt und abschirmt. Eine voll abgeschirmte Leuchte besitzt ein derart gebautes Geh\u00e4use, das in der montierten Lage alles emittierte Licht unter die horizontale Ebene (90\u00b0 Ebene durch den tiefsten, Licht emittierenden Punkt der Leuchte) strahlt. Die Abschirmung muss dergestalt sein, dass die Lampe hinter der Abschirmung verborgen bleibt.<\/p>\n<h3><a href=\"https:\/\/www.darksky.ch\/dss\/wp-content\/uploads\/2020\/05\/IDA_Icon_Farbtemperatur_CCT.png\"><img loading=\"lazy\" decoding=\"async\" class=\"size-full wp-image-12152 alignleft\" src=\"https:\/\/www.darksky.ch\/dss\/wp-content\/uploads\/2020\/05\/IDA_Icon_Farbtemperatur_CCT.png\" alt=\"\" width=\"150\" height=\"150\" \/><\/a>Korrelierte Farbtemperatur (CCT):<\/h3>\n<p>Ein Mass f\u00fcr die Farbeigenschaften des durch Lampen erzeugten Lichts, vergleichbar mit der Temperatur in Kelvin (K) eines gl\u00fchenden Strahlers, dessen Spektrum \u00e4hnlich wie das Spektrum der Lichtquelle aussieht. Je h\u00f6her die Farbtemperatur in Kelvin, umso k\u00fchler (blauer) sieht das Licht aus. Kelvin Werte werden von den Lampenherstellern typischerweise auf Datenbl\u00e4ttern, Verpackungen oder LED Lichtquellen aufgedruckt.<\/p>\n<h3><a href=\"https:\/\/www.darksky.ch\/dss\/wp-content\/uploads\/2020\/05\/IDA_Icon_Lumen.png\"><img loading=\"lazy\" decoding=\"async\" class=\"size-full wp-image-12154 alignleft\" src=\"https:\/\/www.darksky.ch\/dss\/wp-content\/uploads\/2020\/05\/IDA_Icon_Lumen.png\" alt=\"\" width=\"150\" height=\"150\" \/><\/a>Lumen:<\/h3>\n<p>Die SI Einheit des Lichtstroms entspricht dem ausgesandten Licht von einem Candela, das den Raumwinkel von einem Steradiant pro Sekunde durchstr\u00f6mt. Je gr\u00f6sser die emittierten Lumen sind, umso heller erscheint die Lichtquelle uns Menschen.<\/p>\n<h3><a href=\"https:\/\/www.darksky.ch\/dss\/wp-content\/uploads\/2020\/05\/IDA_Icon_Aktive_Steuerung.png\"><img loading=\"lazy\" decoding=\"async\" class=\"size-full wp-image-12157 alignleft\" src=\"https:\/\/www.darksky.ch\/dss\/wp-content\/uploads\/2020\/05\/IDA_Icon_Aktive_Steuerung.png\" alt=\"\" width=\"150\" height=\"150\" \/><\/a>Aktive Steuerung:<\/h3>\n<p>Jede elektronische oder mechanische Schaltung, die an der Leuchte angeschlossen wird, um eine dynamische Kontrolle der Dauer, Intensit\u00e4t, des Spektrums oder der beleuchteten Fl\u00e4che der Leuchte zu erm\u00f6glichen.<\/p>\n<p>&nbsp;<\/p>\n<p>Quelle der Originalseiten mit weiteren Tipps und M\u00f6glichkeit zur Zertifizierung durch DarkSky International:<\/p>\n<p>\u00bb <a href=\"https:\/\/darksky.org\/resources\/guides-and-how-tos\/lighting-principles\/\" target=\"_blank\" rel=\"noopener noreferrer\">Dark Sky Friendly Home Lighting Program<\/a><\/p>\n<p>&nbsp;<\/p>\n","protected":false},"excerpt":{"rendered":"<p>Empfehlung von der DarkSky International (DarkSky) in Zusammenarbeit mit der Gesellschaft der Lichtingenieure (IES) vom 19. April 2020 zur Internationalen Dark Sky Woche f\u00fcr DarkSky freundliche Hausbeleuchtung F\u00fcnf Regeln f\u00fcr den Schutz der Nacht vor Lichtverschmutzung. 1 \u2013 Dient die Beleuchtung einem eindeutigen und notwendigen Zweck? Licht dient der sicheren Orientierung und hilft bestimmte T\u00e4tigkeiten &hellip; <a href=\"https:\/\/www.darksky.ch\/dss\/de\/handeln\/hausbesitzer\/\" class=\"more-link\">Continue reading<span class=\"screen-reader-text\"> &#8222;Hausbesitzer&#8220;<\/span><\/a><\/p>\n","protected":false},"author":2,"featured_media":0,"parent":17,"menu_order":7,"comment_status":"closed","ping_status":"closed","template":"","meta":{"_acf_changed":false,"footnotes":""},"class_list":["post-12122","page","type-page","status-publish","hentry"],"acf":[],"_links":{"self":[{"href":"https:\/\/www.darksky.ch\/dss\/de\/wp-json\/wp\/v2\/pages\/12122","targetHints":{"allow":["GET"]}}],"collection":[{"href":"https:\/\/www.darksky.ch\/dss\/de\/wp-json\/wp\/v2\/pages"}],"about":[{"href":"https:\/\/www.darksky.ch\/dss\/de\/wp-json\/wp\/v2\/types\/page"}],"author":[{"embeddable":true,"href":"https:\/\/www.darksky.ch\/dss\/de\/wp-json\/wp\/v2\/users\/2"}],"replies":[{"embeddable":true,"href":"https:\/\/www.darksky.ch\/dss\/de\/wp-json\/wp\/v2\/comments?post=12122"}],"version-history":[{"count":26,"href":"https:\/\/www.darksky.ch\/dss\/de\/wp-json\/wp\/v2\/pages\/12122\/revisions"}],"predecessor-version":[{"id":15219,"href":"https:\/\/www.darksky.ch\/dss\/de\/wp-json\/wp\/v2\/pages\/12122\/revisions\/15219"}],"up":[{"embeddable":true,"href":"https:\/\/www.darksky.ch\/dss\/de\/wp-json\/wp\/v2\/pages\/17"}],"wp:attachment":[{"href":"https:\/\/www.darksky.ch\/dss\/de\/wp-json\/wp\/v2\/media?parent=12122"}],"curies":[{"name":"wp","href":"https:\/\/api.w.org\/{rel}","templated":true}]}}