

{"id":12634,"date":"2021-01-27T14:31:55","date_gmt":"2021-01-27T13:31:55","guid":{"rendered":"http:\/\/www.darksky.ch\/dsx\/?page_id=12634"},"modified":"2025-05-29T15:00:01","modified_gmt":"2025-05-29T13:00:01","slug":"impressum-disclaimer","status":"publish","type":"page","link":"https:\/\/www.darksky.ch\/dss\/de\/impressum-disclaimer\/","title":{"rendered":"Impressum Disclaimer"},"content":{"rendered":"<p>DarkSky Switzerland (DarkSky) ist ein gemeinn\u00fctziger Verein nach schweizerischem Recht.<br \/>\nDas Pr\u00e4sidium, vertreten durch Dr. Eliott Guenat leitet den Vorstand.<br \/>\nDie Gesch\u00e4ftsstelle, vertreten durch Dr. Lukas Schuler f\u00fchrt den Verein.<\/p>\n<p><strong>Postadresse<\/strong><br \/>\nDarkSky Switzerland<br \/>\nFriedenstrasse 7a<br \/>\n8304 Wallisellen<\/p>\n<p><strong>Statutarischer Vereinssitz<\/strong><br \/>\nDarkSky Switzerland<br \/>\nFriedenstrasse 7a<br \/>\n8304 Wallisellen<\/p>\n<p><strong>e-Mail<\/strong><br \/>\noffice@darksky.ch<\/p>\n<p><strong>Telefon<\/strong><br \/>\n044 796 17 70<\/p>\n<p><strong>Interessenbindungen (Mitgliedschaften)<\/strong><br \/>\nDarkSky Switzerland ist ein Chapter von <a href=\"https:\/\/darksky.org\" target=\"_blank\" rel=\"noopener\">DarkSky International<\/a> (seit 1998)<br \/>\nDarkSky Switzerland ist Mitglied bei <a href=\"https:\/\/naturschutz.ch\/\" target=\"_blank\" rel=\"noopener\">naturschutz.ch<\/a> (seit 2019)<br \/>\nDarkSky Switzerland arbeitet je nach Anliegen mit anderen Umweltverb\u00e4nden zusammen, z.B. mit <a href=\"https:\/\/naturfreunde.ch\" target=\"_blank\" rel=\"noopener\">Naturfreunde Schweiz<\/a>, <a href=\"https:\/\/bienen.ch\/ueber-uns\/\" target=\"_blank\" rel=\"noopener\">apisuisse<\/a>, <a href=\"https:\/\/pronatura.ch\" target=\"_blank\" rel=\"noopener\">Pro Natura<\/a>, <a href=\"https:\/\/birdlife.ch\" target=\"_blank\" rel=\"noopener\">Birdlife<\/a>, <a href=\"https:\/\/mountainwilderness.ch\/\" target=\"_blank\" rel=\"noopener\">Mountain Wilderness<\/a>, <a href=\"https:\/\/wwf.ch\" target=\"_blank\" rel=\"noopener\">WWF<\/a><\/p>\n<p><strong>Pflichten<\/strong><br \/>\nDer Verein hat seine Verfassung in den Statuten geregelt.<br \/>\nDie Jahresrechnung wird von zwei Revisoren gepr\u00fcft.<br \/>\nAn jeder Generalversammlung stimmen Mitglieder \u00fcber statutarische und wirtschaftliche (Jahresrechnung, Budget) Belange ab.<br \/>\nFachmitglieder der Lichtplanung verpflichten sich freiwillig zur Umsetzung der SIA Norm 491.<br \/>\nDarkSky Switzerland legt j\u00e4hrlich gegen\u00fcber der Dachorganisation <a href=\"https:\/\/darksky.org\" target=\"_blank\" rel=\"noopener\">DarkSky International<\/a> und dem <a href=\"https:\/\/www.bafu.admin.ch\" target=\"_blank\" rel=\"noopener\">BAFU<\/a> Zeugnis ab von der laufenden Entwicklung des Vereins und der erledigten Einsprachen.<\/p>\n<p><strong>Rechte<\/strong><br \/>\nSeit 1.6.2019 hat DarkSky Switzerland das Verbandsbeschwerderecht gem\u00e4ss Umweltschutzgesetz und Natur- und Heimatschutzgesetz.<br \/>\nDaher sind Einsprachen zum Erhalt der Natur bei Bauvorhaben m\u00f6glich, welche zu ung\u00fcnstigen Lichtimmissionen f\u00fchren k\u00f6nnten.<\/p>\n<p><strong>Webauftritt<\/strong><br \/>\nErstellt mit <a href=\"https:\/\/wordpress.org\/\" target=\"_blank\" rel=\"noopener\">WordPress<\/a>, <a href=\"https:\/\/wpml.org\" target=\"_blank\" rel=\"noopener\">WPML<\/a>, und Services von <a href=\"https:\/\/www.xirrus.ch\" target=\"_blank\" rel=\"noopener\">xirrus GmbH<\/a><\/p>\n<p><strong>Datenschutz<br \/>\n<\/strong>Personenbezogene Daten werden nur erfasst wenn Sie das w\u00fcnschen.<br \/>\nVereinsinterne Newsletter nutzen die erfassten e-Mails.<br \/>\nAlle Nutzer werden auf die Speicherung von Cookies aufmerksam gemacht.<br \/>\nAuf das Tracking wird bei DarkSky Switzerland bewusst verzichtet.<\/p>\n","protected":false},"excerpt":{"rendered":"<p>DarkSky Switzerland (DarkSky) ist ein gemeinn\u00fctziger Verein nach schweizerischem Recht. Das Pr\u00e4sidium, vertreten durch Dr. Eliott Guenat leitet den Vorstand. Die Gesch\u00e4ftsstelle, vertreten durch Dr. Lukas Schuler f\u00fchrt den Verein. Postadresse DarkSky Switzerland Friedenstrasse 7a 8304 Wallisellen Statutarischer Vereinssitz DarkSky Switzerland Friedenstrasse 7a 8304 Wallisellen e-Mail office@darksky.ch Telefon 044 796 17 70 Interessenbindungen (Mitgliedschaften) DarkSky &hellip; <a href=\"https:\/\/www.darksky.ch\/dss\/de\/impressum-disclaimer\/\" class=\"more-link\">Continue reading<span class=\"screen-reader-text\"> &#8222;Impressum Disclaimer&#8220;<\/span><\/a><\/p>\n","protected":false},"author":2,"featured_media":0,"parent":0,"menu_order":1,"comment_status":"closed","ping_status":"closed","template":"","meta":{"_acf_changed":false,"footnotes":""},"class_list":["post-12634","page","type-page","status-publish","hentry"],"acf":[],"_links":{"self":[{"href":"https:\/\/www.darksky.ch\/dss\/de\/wp-json\/wp\/v2\/pages\/12634","targetHints":{"allow":["GET"]}}],"collection":[{"href":"https:\/\/www.darksky.ch\/dss\/de\/wp-json\/wp\/v2\/pages"}],"about":[{"href":"https:\/\/www.darksky.ch\/dss\/de\/wp-json\/wp\/v2\/types\/page"}],"author":[{"embeddable":true,"href":"https:\/\/www.darksky.ch\/dss\/de\/wp-json\/wp\/v2\/users\/2"}],"replies":[{"embeddable":true,"href":"https:\/\/www.darksky.ch\/dss\/de\/wp-json\/wp\/v2\/comments?post=12634"}],"version-history":[{"count":20,"href":"https:\/\/www.darksky.ch\/dss\/de\/wp-json\/wp\/v2\/pages\/12634\/revisions"}],"predecessor-version":[{"id":15849,"href":"https:\/\/www.darksky.ch\/dss\/de\/wp-json\/wp\/v2\/pages\/12634\/revisions\/15849"}],"wp:attachment":[{"href":"https:\/\/www.darksky.ch\/dss\/de\/wp-json\/wp\/v2\/media?parent=12634"}],"curies":[{"name":"wp","href":"https:\/\/api.w.org\/{rel}","templated":true}]}}