

{"id":12637,"date":"2021-01-28T23:32:18","date_gmt":"2021-01-28T22:32:18","guid":{"rendered":"http:\/\/www.darksky.ch\/dsx\/?page_id=12637"},"modified":"2025-08-05T17:15:14","modified_gmt":"2025-08-05T15:15:14","slug":"worum-es-uns-geht","status":"publish","type":"page","link":"https:\/\/www.darksky.ch\/dss\/de\/worum-es-uns-geht\/","title":{"rendered":"Worum es uns geht"},"content":{"rendered":"<p style=\"text-align: left;\"><a href=\"https:\/\/www.darksky.ch\/dss\/de\"><img loading=\"lazy\" decoding=\"async\" class=\"size-full wp-image-12008 aligncenter\" src=\"https:\/\/www.darksky.ch\/dss\/wp-content\/uploads\/2020\/04\/3A_DSC5934-sans_diffuseur_4k-scaled.jpg\" alt=\"Jupiter close to Antares, Scorpio; Saturn in Sagittarius, galactic center of the Milky Way. Phoenician Juniper silhouette at horizon on El Hierro. No soft focus applied.\" width=\"2560\" height=\"1707\" srcset=\"https:\/\/www.darksky.ch\/dss\/wp-content\/uploads\/2020\/04\/3A_DSC5934-sans_diffuseur_4k-scaled.jpg 2560w, https:\/\/www.darksky.ch\/dss\/wp-content\/uploads\/2020\/04\/3A_DSC5934-sans_diffuseur_4k-300x200.jpg 300w, https:\/\/www.darksky.ch\/dss\/wp-content\/uploads\/2020\/04\/3A_DSC5934-sans_diffuseur_4k-1020x680.jpg 1020w, https:\/\/www.darksky.ch\/dss\/wp-content\/uploads\/2020\/04\/3A_DSC5934-sans_diffuseur_4k-1536x1024.jpg 1536w, https:\/\/www.darksky.ch\/dss\/wp-content\/uploads\/2020\/04\/3A_DSC5934-sans_diffuseur_4k-2048x1365.jpg 2048w, https:\/\/www.darksky.ch\/dss\/wp-content\/uploads\/2020\/04\/3A_DSC5934-sans_diffuseur_4k-1200x800.jpg 1200w\" sizes=\"auto, (max-width: 709px) 85vw, (max-width: 909px) 67vw, (max-width: 1362px) 62vw, 840px\" \/><\/a><\/p>\n<p>Die Erde gibt es laut neuen Sch\u00e4tzungen seit 4,567 Milliarden Jahren. Seit 3,5 Milliarden Jahren entwickelt sich Leben: Einzeller, Mehrzeller, kleinste pflanzliche Organismen, erste Tiere. Sie alle entwickelten sich seit Beginn f\u00fcr ein erfolgreiches Leben am Tage, oder f\u00fcr ein erfolgreiches Leben in der Nacht. Die Vorstellung, es gebe mehr tagesaktive als nachtaktive Arten ist falsch.<\/p>\n<p style=\"text-align: left;\">Vor 170 Jahren hat ein Tagestier das elektrische Licht erfunden. Das Kunstlicht erm\u00f6glichte Sicherheit, Annehmlichkeiten und wirtschaftliche Entfaltung. Es war zugleich der Auftakt zu einer eigentlichen Kolonisierung der Nacht durch die Menschen. Diese gedankenlose Kolonisierung hat in den industrialisierten L\u00e4ndern vielfach zu nutzlosen und \u00fcberbordenden Beleuchtungen von St\u00e4dten und Landschaften gef\u00fchrt. Inzwischen f\u00fchlen wir uns vom Licht gest\u00f6rt. Wir sehen die Sterne nicht mehr!<\/p>\n<p style=\"text-align: left;\">Die Tiere der Nacht und ihre komplexen \u00f6kologischen Vernetzungen sind genetisch \u00fcber Jahrmilliarden entstanden; evolutionsbiologisch sind grosse und kleinste Tiere mit jeder Zelle auf Dunkelheit ausgerichtet. Orientierung gaben ihnen von jeher Mond und Gestirne. Kunstlicht ist f\u00fcr viele Arten sch\u00e4dlich. Es wirkt sich auch zerst\u00f6rerisch auf das \u00f6kologische Zusammenspiel von verschiedenen Tierarten oder von Pflanzen aus. F\u00fcr uns Menschen bedeutet dies: Soviel Licht wie n\u00f6tig, so wenig wie m\u00f6glich.<\/p>\n<p style=\"text-align: left;\">Daf\u00fcr arbeiten wir von DarkSky Switzerland.<\/p>\n","protected":false},"excerpt":{"rendered":"<p>Die Erde gibt es laut neuen Sch\u00e4tzungen seit 4,567 Milliarden Jahren. Seit 3,5 Milliarden Jahren entwickelt sich Leben: Einzeller, Mehrzeller, kleinste pflanzliche Organismen, erste Tiere. Sie alle entwickelten sich seit Beginn f\u00fcr ein erfolgreiches Leben am Tage, oder f\u00fcr ein erfolgreiches Leben in der Nacht. Die Vorstellung, es gebe mehr tagesaktive als nachtaktive Arten ist &hellip; <a href=\"https:\/\/www.darksky.ch\/dss\/de\/worum-es-uns-geht\/\" class=\"more-link\">Continue reading<span class=\"screen-reader-text\"> &#8222;Worum es uns geht&#8220;<\/span><\/a><\/p>\n","protected":false},"author":2,"featured_media":0,"parent":0,"menu_order":0,"comment_status":"closed","ping_status":"closed","template":"","meta":{"_acf_changed":false,"footnotes":""},"class_list":["post-12637","page","type-page","status-publish","hentry"],"acf":[],"_links":{"self":[{"href":"https:\/\/www.darksky.ch\/dss\/de\/wp-json\/wp\/v2\/pages\/12637","targetHints":{"allow":["GET"]}}],"collection":[{"href":"https:\/\/www.darksky.ch\/dss\/de\/wp-json\/wp\/v2\/pages"}],"about":[{"href":"https:\/\/www.darksky.ch\/dss\/de\/wp-json\/wp\/v2\/types\/page"}],"author":[{"embeddable":true,"href":"https:\/\/www.darksky.ch\/dss\/de\/wp-json\/wp\/v2\/users\/2"}],"replies":[{"embeddable":true,"href":"https:\/\/www.darksky.ch\/dss\/de\/wp-json\/wp\/v2\/comments?post=12637"}],"version-history":[{"count":13,"href":"https:\/\/www.darksky.ch\/dss\/de\/wp-json\/wp\/v2\/pages\/12637\/revisions"}],"predecessor-version":[{"id":16293,"href":"https:\/\/www.darksky.ch\/dss\/de\/wp-json\/wp\/v2\/pages\/12637\/revisions\/16293"}],"wp:attachment":[{"href":"https:\/\/www.darksky.ch\/dss\/de\/wp-json\/wp\/v2\/media?parent=12637"}],"curies":[{"name":"wp","href":"https:\/\/api.w.org\/{rel}","templated":true}]}}