

{"id":12660,"date":"2021-01-29T00:28:18","date_gmt":"2021-01-28T23:28:18","guid":{"rendered":"http:\/\/www.darksky.ch\/dsx\/?page_id=12660"},"modified":"2025-06-06T18:35:34","modified_gmt":"2025-06-06T16:35:34","slug":"selber-handeln","status":"publish","type":"page","link":"https:\/\/www.darksky.ch\/dss\/de\/selber-handeln\/","title":{"rendered":"Selber handeln"},"content":{"rendered":"<h2>Warum fangen Sie nicht bei sich selber an? Da haben Sie freie Hand!<\/h2>\n<p>Kurz: Beleuchten Sie soviel wie n\u00f6tig, so wenig wie m\u00f6glich! Auch die Haust\u00fcr muss nicht hell beleuchtet sein. Solarlampen sind sympathisch, aber sind sie auch n\u00f6tig!? Die Natur \u2013 einschliesslich wir Menschen \u2013 brauchen nicht nur Schutz vor L\u00e4rm, sondern wir brauchen auch unsere visuelle Nachtruhe.<br \/>\nHier finden Sie unseren <a href=\"https:\/\/www.darksky.ch\/dss\/de\/wissen\/die-nacht-braucht-ihre-dunkelheit\/\">Flyer<\/a> zu guter Beleuchtung. Wenn er Ihnen gef\u00e4llt: Wollen Sie vielleicht auch Ihre Nachbarn auf das Problem der Lichtverschmutzung aufmerksam machen? Gerne senden wir Ihnen unsere Flyer zum Weitergeben!<\/p>\n<h2>Werden Sie als Anwohnerin oder Anwohner von Kunstlicht \u00abbehelligt\u00bb?<\/h2>\n<p><a href=\"https:\/\/www.darksky.ch\/dss\/de\/handeln\/behelligte-anwohner\/\">Hier<\/a>\u00a0lesen Sie, wie Sie mit den Verursachern sinnvoll verhandeln k\u00f6nnen, welche Beh\u00f6rden f\u00fcr Ihr Anliegen zust\u00e4ndig sind und was rechtlich gilt.<\/p>\n<h2>Besitzen Sie ein Haus oder sind Sie Immobilienbewirtschafter?<\/h2>\n<p>Wir vermitteln Ihnen Kontakte zu Dienstleistern, die Licht professionell planen, messen und analysieren k\u00f6nnen.<br \/>\nHier finden Sie ein <a href=\"https:\/\/www.darksky.ch\/dss\/de\/handeln\/hausbesitzer\/\">Merkblatt f\u00fcr Hausbesitzer und Hausverwaltungen<\/a> mit vielen Abbildungen f\u00fcr die sinnvolle Beleuchtung von Liegenschaften.<\/p>\n<h2>M\u00f6chten Sie als besorgte B\u00fcrgerin oder B\u00fcrger handeln?<\/h2>\n<ul>\n<li>Schreiben Sie einen Leserbrief.<\/li>\n<li>Wenden Sie sich an Ihre Gemeinde \/ Ihren Kanton \u2013 und machen Sie auf das Problem aufmerksam.<\/li>\n<li>Wenden Sie sich an Parteimitglieder oder an Parlamentarierinnen Ihrer Gemeinde, Ihres Kantons, des Bundes.<\/li>\n<li>Wenn Sie Zeit und Ausdauer haben, k\u00f6nnen Sie in Ihrer Gemeinde auch selber eine umweltpolitische Initiative ergreifen, vorzugsweise als Gruppe von Interessierten.<\/li>\n<\/ul>\n<p>Und schliesslich:<br \/>\n<a href=\"https:\/\/www.darksky.ch\/dss\/de\/darksky-switzerland\/mitglied-werden\/\">Werden Sie Mitglied von DarkSky Switzerland<\/a>:<br \/>\nSo geben Sie unserer Arbeit noch mehr Gewicht!<\/p>\n<div class=\"map\"><h2 id=\"total\">Mitglieder<\/h2><div class=\"mapselect\" id=\"initiativeSelector\" value=\"0\"><\/div><p id=\"mapinfo\">\u00a0<\/p><svg viewBox=\"0 0 800 600\">\n<defs>\n<linearGradient id=\"matrixLinearGradient\"\nx1=\"100%\" y1=\"0%\"\nx2=\"100%\" y2=\"100%\"\nspreadMethod=\"pad\">\n<stop id=\"startFarbe\" offset=\"0%\" stop-color=\"#eeeeee\" stop-opacity=\"1\"><\/stop>\n<stop id=\"stopFarbe\" offset=\"100%\" stop-color=\"#ffffff\" stop-opacity=\"1\"><\/stop>\n<\/linearGradient>\n<\/defs> \n    \t     <rect width=\"30\" height=\"500\" x=\"770\" y=\"50\" style=\"fill:#eeeeee;stroke-width:1;stroke:black\"\/>\n    \t     <rect id=\"barometer\" width=\"30\" height=\"500\" x=\"770\" y=\"50\" style=\"stroke-width:2;stroke:black\" \/>\n  \t\t\t <text id=\"aim\" x=\"770\" y=\"35\" class=\"small\"><\/text>\n      <\/svg><\/div>\n<p>Oder <a href=\"https:\/\/www.darksky.ch\/dss\/de\/darksky-switzerland\/spenden\/\" target=\"_blank\" rel=\"noopener\">spenden Sie<\/a> uns einfach etwas.<\/p>\n","protected":false},"excerpt":{"rendered":"<p>Warum fangen Sie nicht bei sich selber an? Da haben Sie freie Hand! Kurz: Beleuchten Sie soviel wie n\u00f6tig, so wenig wie m\u00f6glich! Auch die Haust\u00fcr muss nicht hell beleuchtet sein. Solarlampen sind sympathisch, aber sind sie auch n\u00f6tig!? Die Natur \u2013 einschliesslich wir Menschen \u2013 brauchen nicht nur Schutz vor L\u00e4rm, sondern wir brauchen &hellip; <a href=\"https:\/\/www.darksky.ch\/dss\/de\/selber-handeln\/\" class=\"more-link\">Continue reading<span class=\"screen-reader-text\"> &#8222;Selber handeln&#8220;<\/span><\/a><\/p>\n","protected":false},"author":2,"featured_media":0,"parent":0,"menu_order":0,"comment_status":"closed","ping_status":"closed","template":"","meta":{"_acf_changed":false,"footnotes":""},"class_list":["post-12660","page","type-page","status-publish","hentry"],"acf":[],"_links":{"self":[{"href":"https:\/\/www.darksky.ch\/dss\/de\/wp-json\/wp\/v2\/pages\/12660","targetHints":{"allow":["GET"]}}],"collection":[{"href":"https:\/\/www.darksky.ch\/dss\/de\/wp-json\/wp\/v2\/pages"}],"about":[{"href":"https:\/\/www.darksky.ch\/dss\/de\/wp-json\/wp\/v2\/types\/page"}],"author":[{"embeddable":true,"href":"https:\/\/www.darksky.ch\/dss\/de\/wp-json\/wp\/v2\/users\/2"}],"replies":[{"embeddable":true,"href":"https:\/\/www.darksky.ch\/dss\/de\/wp-json\/wp\/v2\/comments?post=12660"}],"version-history":[{"count":19,"href":"https:\/\/www.darksky.ch\/dss\/de\/wp-json\/wp\/v2\/pages\/12660\/revisions"}],"predecessor-version":[{"id":16179,"href":"https:\/\/www.darksky.ch\/dss\/de\/wp-json\/wp\/v2\/pages\/12660\/revisions\/16179"}],"wp:attachment":[{"href":"https:\/\/www.darksky.ch\/dss\/de\/wp-json\/wp\/v2\/media?parent=12660"}],"curies":[{"name":"wp","href":"https:\/\/api.w.org\/{rel}","templated":true}]}}