

{"id":129,"date":"2016-06-17T14:24:21","date_gmt":"2016-06-17T12:24:21","guid":{"rendered":"http:\/\/www.darksky.ch\/dsx\/?page_id=129"},"modified":"2025-05-11T15:30:35","modified_gmt":"2025-05-11T13:30:35","slug":"sponsoren-und-goenner","status":"publish","type":"page","link":"https:\/\/www.darksky.ch\/dss\/de\/freunde\/sponsoren-und-goenner\/","title":{"rendered":"Sponsoren und G\u00f6nner"},"content":{"rendered":"<p>Aktuelle Sponsoren und G\u00f6nner, die sich mit der Nennung einverstanden erkl\u00e4rt haben:<\/p>\n<h4>Personen<\/h4>\n<p>Marianne Biedermann\u00a0aus\u00a0Z\u00fcrich<br \/>\nUrsula Brunner aus Z\u00fcrich<br \/>\nChristine Dobler Gross aus Z\u00fcrich<br \/>\nLukas Schuler aus Wallisellen<\/p>\n<div>\n<h4>Organisationen<\/h4>\n<\/div>\n<table style=\"background-color: #ffffff;\">\n<tbody>\n<tr>\n<td style=\"vertical-align: middle; height: 28px; width: 170px;\"><img decoding=\"async\" class=\"wp-image-6372 aligncenter\" src=\"http:\/\/www.darksky.ch\/dss\/wp-content\/uploads\/2016\/06\/logo_hefti-hess-martignioni-300x87.png\" alt=\"logo_hefti-hess-martignioni\" height=\"29\" \/><\/td>\n<td style=\"vertical-align: middle; height: 29px;\">HEFTI. HESS. MARTIGNONI. Aarau AG<\/td>\n<\/tr>\n<tr>\n<td style=\"vertical-align: middle; height: 5px; width: 170px;\"><img decoding=\"async\" class=\"aligncenter\" style=\"width: 57px; height: 85px;\" src=\"http:\/\/www.darksky.ch\/dss\/wp-content\/uploads\/2016\/06\/wwf-logo.jpg\" alt=\"wwf-logo\" align=\"middle\" \/><\/td>\n<td style=\"vertical-align: middle; height: 5px;\">WWF Schweiz, Sektion Z\u00fcrich<\/td>\n<\/tr>\n<tr>\n<td style=\"vertical-align: middle; height: 5px; width: 170px;\"><img loading=\"lazy\" decoding=\"async\" class=\"aligncenter size-full wp-image-7660\" src=\"http:\/\/www.darksky.ch\/dss\/wp-content\/uploads\/2016\/06\/umwelt-zs-logo.gif\" alt=\"\" width=\"158\" height=\"56\" \/><\/td>\n<td style=\"vertical-align: middle; height: 5px;\">Zentralschweizer Umweltdirektorenkonferenz<\/td>\n<\/tr>\n<\/tbody>\n<\/table>\n<p>In den Anfangszeiten haben uns unterst\u00fctzt:<\/p>\n<p>Die Schweizerische Astronomische Gesellschaft (SAG)<br \/>\nastroinfo.ch (leider durch Eigent\u00fcmer eingestellt und verkauft)<br \/>\nTheodor Meyer\u2020 (Meyer &amp; Partner) aus\u00a0St\u00e4fa<\/p>\n<p>Wollen Sie auch G\u00f6nner werden?<br \/>\nEinfach auf der Seite\u00a0\u00ab<a href=\"http:\/\/www.darksky.ch\/dss\/dark-sky-switzerland\/mitglied-werden\/\">Mitglied werden<\/a>\u00bb entsprechend anmelden.<\/p>\n<p>M\u00f6chten\u00a0Sie Spenden?<br \/>\nEinfach auf der Seite \u00ab<a href=\"http:\/\/www.darksky.ch\/dss\/dark-sky-switzerland\/spenden\/\">Spenden<\/a>\u00bb unsere Vorschl\u00e4ge\u00a0beachten.<\/p>\n<div><\/div>\n","protected":false},"excerpt":{"rendered":"<p>Aktuelle Sponsoren und G\u00f6nner, die sich mit der Nennung einverstanden erkl\u00e4rt haben: Personen Marianne Biedermann\u00a0aus\u00a0Z\u00fcrich Ursula Brunner aus Z\u00fcrich Christine Dobler Gross aus Z\u00fcrich Lukas Schuler aus Wallisellen Organisationen HEFTI. HESS. MARTIGNONI. Aarau AG WWF Schweiz, Sektion Z\u00fcrich Zentralschweizer Umweltdirektorenkonferenz In den Anfangszeiten haben uns unterst\u00fctzt: Die Schweizerische Astronomische Gesellschaft (SAG) astroinfo.ch (leider durch Eigent\u00fcmer &hellip; <a href=\"https:\/\/www.darksky.ch\/dss\/de\/freunde\/sponsoren-und-goenner\/\" class=\"more-link\">Continue reading<span class=\"screen-reader-text\"> &#8222;Sponsoren und G\u00f6nner&#8220;<\/span><\/a><\/p>\n","protected":false},"author":2,"featured_media":0,"parent":86,"menu_order":0,"comment_status":"closed","ping_status":"closed","template":"","meta":{"_acf_changed":false,"footnotes":""},"class_list":["post-129","page","type-page","status-publish","hentry"],"acf":[],"_links":{"self":[{"href":"https:\/\/www.darksky.ch\/dss\/de\/wp-json\/wp\/v2\/pages\/129","targetHints":{"allow":["GET"]}}],"collection":[{"href":"https:\/\/www.darksky.ch\/dss\/de\/wp-json\/wp\/v2\/pages"}],"about":[{"href":"https:\/\/www.darksky.ch\/dss\/de\/wp-json\/wp\/v2\/types\/page"}],"author":[{"embeddable":true,"href":"https:\/\/www.darksky.ch\/dss\/de\/wp-json\/wp\/v2\/users\/2"}],"replies":[{"embeddable":true,"href":"https:\/\/www.darksky.ch\/dss\/de\/wp-json\/wp\/v2\/comments?post=129"}],"version-history":[{"count":28,"href":"https:\/\/www.darksky.ch\/dss\/de\/wp-json\/wp\/v2\/pages\/129\/revisions"}],"predecessor-version":[{"id":15237,"href":"https:\/\/www.darksky.ch\/dss\/de\/wp-json\/wp\/v2\/pages\/129\/revisions\/15237"}],"up":[{"embeddable":true,"href":"https:\/\/www.darksky.ch\/dss\/de\/wp-json\/wp\/v2\/pages\/86"}],"wp:attachment":[{"href":"https:\/\/www.darksky.ch\/dss\/de\/wp-json\/wp\/v2\/media?parent=129"}],"curies":[{"name":"wp","href":"https:\/\/api.w.org\/{rel}","templated":true}]}}