

{"id":13,"date":"2016-06-16T17:37:36","date_gmt":"2016-06-16T15:37:36","guid":{"rendered":"http:\/\/www.darksky.ch\/dsx\/?page_id=13"},"modified":"2016-06-16T20:05:22","modified_gmt":"2016-06-16T18:05:22","slug":"wissen","status":"publish","type":"page","link":"https:\/\/www.darksky.ch\/dss\/de\/wissen\/","title":{"rendered":"Wissen"},"content":{"rendered":"<p>Alles \u00fcber die Schattenseiten\u00a0des Lichts.<\/p>\n<ul class=\"lcp_catlist\" id=\"lcp_instance_0\"><li><a href=\"https:\/\/www.darksky.ch\/dss\/de\/2026\/01\/bachelorarbeit-der-regionale-naturpark-schaffhausen-als-dark-sky-park-messung-der-dunkelheit-und-analyse-des-potentials-fuer-touristische-angebote\/\">Bachelorarbeit \u2013 Der Regionale Naturpark Schaffhausen als \u00abDark Sky Park\u00bb &#8211; Messung der Dunkelheit und Analyse des Potentials f\u00fcr touristische Angebote<\/a><\/li><li><a href=\"https:\/\/www.darksky.ch\/dss\/de\/2025\/12\/nachtfalter-2025\/\">Nachtfalter 2025<\/a><\/li><li><a href=\"https:\/\/www.darksky.ch\/dss\/de\/2025\/12\/darksky-international-offener-brief-an-reflect-orbital-und-ihre-investoren\/\">DarkSky International \u2013 Offener Brief an Reflect Orbital und ihre Investoren<\/a><\/li><li><a href=\"https:\/\/www.darksky.ch\/dss\/de\/2025\/12\/scnat-wissen-hotspot-52-25-wertvolle-dunkelheit\/\">scnat wissen \u2013 HOTSPOT 52\/25 Wertvolle Dunkelheit<\/a><\/li><li><a href=\"https:\/\/www.darksky.ch\/dss\/de\/2025\/12\/schweizerische-vogelwarte-opfer-unserer-erhellten-naechte\/\">Schweizerische Vogelwarte \u2013 Opfer unserer erhellten N\u00e4chte<\/a><\/li><li><a href=\"https:\/\/www.darksky.ch\/dss\/de\/2025\/11\/srf-alpenfledermaus-neue-fledermausart-in-luzern-entdeckt\/\">SRF \u2013 Alpenfledermaus: Neue Fledermausart in Luzern entdeckt<\/a><\/li><li><a href=\"https:\/\/www.darksky.ch\/dss\/de\/2025\/11\/watson-kleine-sensation-neue-fledermausart-in-luzern-entdeckt\/\">watson \u2013\u00a0\u00abKleine Sensation\u00bb: Neue Fledermausart in Luzern entdeckt<\/a><\/li><li><a href=\"https:\/\/www.darksky.ch\/dss\/de\/2025\/11\/nzz-zuerich-will-dunkle-landschaften-foerdern-in-der-bevoelkerung-haelt-sich-das-verstaendnis-dafuer-in-grenzen-spaetestens-wenn-es-die-weihnachtsbeleuchtung-betrifft\/\">NZZ \u2013 Z\u00fcrich will \u00abdunkle Landschaften\u00bb f\u00f6rdern. In der Bev\u00f6lkerung h\u00e4lt sich das Verst\u00e4ndnis daf\u00fcr in Grenzen. Sp\u00e4testens, wenn es die Weihnachtsbeleuchtung betrifft.<\/a><\/li><li><a href=\"https:\/\/www.darksky.ch\/dss\/de\/2025\/10\/schaffhauser-az-krieg-um-die-sterne\/\">Schaffhauser AZ \u2013 Krieg um die Sterne<\/a><\/li><li><a href=\"https:\/\/www.darksky.ch\/dss\/de\/2025\/10\/pusch-magazin-wie-gemeinden-lichtverschmutzung-wirksam-reduzieren\/\">PUSCH Magazin \u2013\u00a0Wie Gemeinden Lichtverschmutzung wirksam reduzieren<\/a><\/li><\/ul>\n<p>&nbsp;<\/p>\n","protected":false},"excerpt":{"rendered":"<p>Alles \u00fcber die Schattenseiten\u00a0des Lichts. &nbsp;<\/p>\n","protected":false},"author":2,"featured_media":0,"parent":0,"menu_order":0,"comment_status":"closed","ping_status":"closed","template":"","meta":{"_acf_changed":false,"footnotes":""},"class_list":["post-13","page","type-page","status-publish","hentry"],"acf":[],"_links":{"self":[{"href":"https:\/\/www.darksky.ch\/dss\/de\/wp-json\/wp\/v2\/pages\/13","targetHints":{"allow":["GET"]}}],"collection":[{"href":"https:\/\/www.darksky.ch\/dss\/de\/wp-json\/wp\/v2\/pages"}],"about":[{"href":"https:\/\/www.darksky.ch\/dss\/de\/wp-json\/wp\/v2\/types\/page"}],"author":[{"embeddable":true,"href":"https:\/\/www.darksky.ch\/dss\/de\/wp-json\/wp\/v2\/users\/2"}],"replies":[{"embeddable":true,"href":"https:\/\/www.darksky.ch\/dss\/de\/wp-json\/wp\/v2\/comments?post=13"}],"version-history":[{"count":3,"href":"https:\/\/www.darksky.ch\/dss\/de\/wp-json\/wp\/v2\/pages\/13\/revisions"}],"predecessor-version":[{"id":39,"href":"https:\/\/www.darksky.ch\/dss\/de\/wp-json\/wp\/v2\/pages\/13\/revisions\/39"}],"wp:attachment":[{"href":"https:\/\/www.darksky.ch\/dss\/de\/wp-json\/wp\/v2\/media?parent=13"}],"curies":[{"name":"wp","href":"https:\/\/api.w.org\/{rel}","templated":true}]}}