

{"id":13496,"date":"2023-02-01T09:00:10","date_gmt":"2023-02-01T08:00:10","guid":{"rendered":"https:\/\/www.darksky.ch\/dsx\/?page_id=13496"},"modified":"2025-10-26T13:17:44","modified_gmt":"2025-10-26T12:17:44","slug":"geschaeftsstelle","status":"publish","type":"page","link":"https:\/\/www.darksky.ch\/dss\/de\/darksky-switzerland\/geschaeftsstelle\/","title":{"rendered":"Gesch\u00e4ftsstelle"},"content":{"rendered":"<div class=\"mceTemp\"><\/div>\n<figure id=\"attachment_13153\" aria-describedby=\"caption-attachment-13153\" style=\"width: 300px\" class=\"wp-caption alignright\"><a href=\"https:\/\/www.darksky.ch\/dss\/wp-content\/uploads\/2021\/12\/Lukas_Schuler_67_300x300.jpg\"><img loading=\"lazy\" decoding=\"async\" class=\"size-medium wp-image-13153\" src=\"https:\/\/www.darksky.ch\/dss\/wp-content\/uploads\/2021\/12\/Lukas_Schuler_67_300x300-300x300.jpg\" alt=\"\" width=\"300\" height=\"300\" \/><\/a><figcaption id=\"caption-attachment-13153\" class=\"wp-caption-text\">Lukas Schuler<\/figcaption><\/figure>\n<p>Ad interim \u00fcbernahm unser Pr\u00e4sident Lukas Schuler die Gesch\u00e4ftsstelle, damit der Vorstand sich in Ruhe 2023 auf das neue Pr\u00e4sidium von Eliott Guenat einigen konnte. Er sah darin eine Chance f\u00fcr DarkSky Switzerland, mehr Konstanz in die Betreuung der Mitglieder und Anfragenden zu bringen.<\/p>\n<p>Lukas Schuler ist Naturwissenschafter und kann Ihnen kompetent Auskunft zu Themen \u00fcber Lichtverschmutzung und die Vermeidung von unn\u00f6tigem Licht erteilen. Reden wir dar\u00fcber.<\/p>\n<p>Gesch\u00e4ftsstellenleiter: Lukas Schuler<br \/>\nTelefon: 044 796 17 70<br \/>\nE-Mail: <a href=\"mailto:office@darksky.ch\">office@darksky.ch<\/a><\/p>\n<p>Postadresse:<\/p>\n<p>DarkSky Switzerland<br \/>\nFriedenstrasse 7a<br \/>\n8304 Wallisellen<\/p>\n<p>Postkonto:<br \/>\nCH11 0900 0000 8519 0167 2<\/p>\n<p>Pascale Steck verliess uns nach neun Monaten per Ende Januar 2023 auf eigenen Wunsch.<br \/>\nSie leitet die Geschicke des WWF Basel.<\/p>\n<p>&nbsp;<\/p>\n","protected":false},"excerpt":{"rendered":"<p>Ad interim \u00fcbernahm unser Pr\u00e4sident Lukas Schuler die Gesch\u00e4ftsstelle, damit der Vorstand sich in Ruhe 2023 auf das neue Pr\u00e4sidium von Eliott Guenat einigen konnte. Er sah darin eine Chance f\u00fcr DarkSky Switzerland, mehr Konstanz in die Betreuung der Mitglieder und Anfragenden zu bringen. Lukas Schuler ist Naturwissenschafter und kann Ihnen kompetent Auskunft zu Themen &hellip; <a href=\"https:\/\/www.darksky.ch\/dss\/de\/darksky-switzerland\/geschaeftsstelle\/\" class=\"more-link\">Continue reading<span class=\"screen-reader-text\"> &#8222;Gesch\u00e4ftsstelle&#8220;<\/span><\/a><\/p>\n","protected":false},"author":2,"featured_media":0,"parent":23,"menu_order":1,"comment_status":"closed","ping_status":"closed","template":"","meta":{"_acf_changed":false,"footnotes":""},"class_list":["post-13496","page","type-page","status-publish","hentry"],"acf":[],"_links":{"self":[{"href":"https:\/\/www.darksky.ch\/dss\/de\/wp-json\/wp\/v2\/pages\/13496","targetHints":{"allow":["GET"]}}],"collection":[{"href":"https:\/\/www.darksky.ch\/dss\/de\/wp-json\/wp\/v2\/pages"}],"about":[{"href":"https:\/\/www.darksky.ch\/dss\/de\/wp-json\/wp\/v2\/types\/page"}],"author":[{"embeddable":true,"href":"https:\/\/www.darksky.ch\/dss\/de\/wp-json\/wp\/v2\/users\/2"}],"replies":[{"embeddable":true,"href":"https:\/\/www.darksky.ch\/dss\/de\/wp-json\/wp\/v2\/comments?post=13496"}],"version-history":[{"count":8,"href":"https:\/\/www.darksky.ch\/dss\/de\/wp-json\/wp\/v2\/pages\/13496\/revisions"}],"predecessor-version":[{"id":16345,"href":"https:\/\/www.darksky.ch\/dss\/de\/wp-json\/wp\/v2\/pages\/13496\/revisions\/16345"}],"up":[{"embeddable":true,"href":"https:\/\/www.darksky.ch\/dss\/de\/wp-json\/wp\/v2\/pages\/23"}],"wp:attachment":[{"href":"https:\/\/www.darksky.ch\/dss\/de\/wp-json\/wp\/v2\/media?parent=13496"}],"curies":[{"name":"wp","href":"https:\/\/api.w.org\/{rel}","templated":true}]}}