

{"id":14950,"date":"2023-02-18T13:32:37","date_gmt":"2023-02-18T12:32:37","guid":{"rendered":"https:\/\/www.darksky.ch\/dsx\/?page_id=14950"},"modified":"2025-04-10T10:35:52","modified_gmt":"2025-04-10T08:35:52","slug":"deborah-sangsue","status":"publish","type":"page","link":"https:\/\/www.darksky.ch\/dss\/de\/darksky-switzerland\/vorstand\/deborah-sangsue\/","title":{"rendered":"D\u00e9borah Sangsue"},"content":{"rendered":"<div class=\"page\" title=\"Page 3\">\n<div class=\"layoutArea\">\n<div class=\"column\">\n<figure id=\"attachment_13150\" aria-describedby=\"caption-attachment-13150\" style=\"width: 300px\" class=\"wp-caption alignright\"><a href=\"http:\/\/www.darksky.ch\/dss\/wp-content\/uploads\/2021\/12\/Deborah_Sangsue_44_300x300.jpg\"><img loading=\"lazy\" decoding=\"async\" class=\"size-full wp-image-13150\" src=\"http:\/\/www.darksky.ch\/dss\/wp-content\/uploads\/2021\/12\/Deborah_Sangsue_44_300x300.jpg\" alt=\"\" width=\"300\" height=\"300\" \/><\/a><figcaption id=\"caption-attachment-13150\" class=\"wp-caption-text\">D\u00e9borah Sangsue<\/figcaption><\/figure>\n<p>Als studierte Juristin hat sich D\u00e9borah Sangsue schon fr\u00fch f\u00fcr den Umweltschutz engagiert. Bereits w\u00e4hrend ihres Masterstudiums wirkte sie am Kommentar zum Schweizer Gew\u00e4sserschutzgesetz mit. Zur gleichen Zeit trat sie der Freiburger Sektion des WWF als Freiwillige bei.<\/p>\n<p>Um praktische Erfahrung im Naturschutz zu sammeln, absolvierte sie 2019 ein Praktikum bei Pro Natura Waadt. Anschliessend war sie neun Monate im westschweizer Pro Natura Sekretariat t\u00e4tig.<\/p>\n<p>Bei diesen beruflichen Erfahrungen musste sie feststellen, dass das Thema Lichtverschmutzung und deren Auswirkung auf Fauna und Flora leider immer noch nicht ernst genug genommen wird, und dass\u00a0es noch ein weiter Weg ist, nur schon die Einhaltung der geltenden Gesetze zu gew\u00e4hrleisten.<\/p>\n<p>So schloss sie sich 2021 der Westschweizer Gruppe von Dark-Sky Switzerland an, um ihr Wissen und ihr Netzwerk f\u00fcr ihre Herzensangelegenheit zur Verf\u00fcgung zu stellen. Gleichzeitig bildet sie sich zur Um- welt- und Naturprojektmanagerin weiter und verteidigt als Juristin die Umwelt im Auftrag verschiedener Vereine.<\/p>\n<\/div>\n<\/div>\n<\/div>\n","protected":false},"excerpt":{"rendered":"<p>Als studierte Juristin hat sich D\u00e9borah Sangsue schon fr\u00fch f\u00fcr den Umweltschutz engagiert. Bereits w\u00e4hrend ihres Masterstudiums wirkte sie am Kommentar zum Schweizer Gew\u00e4sserschutzgesetz mit. Zur gleichen Zeit trat sie der Freiburger Sektion des WWF als Freiwillige bei. Um praktische Erfahrung im Naturschutz zu sammeln, absolvierte sie 2019 ein Praktikum bei Pro Natura Waadt. Anschliessend &hellip; <a href=\"https:\/\/www.darksky.ch\/dss\/de\/darksky-switzerland\/vorstand\/deborah-sangsue\/\" class=\"more-link\">Continue reading<span class=\"screen-reader-text\"> &#8222;D\u00e9borah Sangsue&#8220;<\/span><\/a><\/p>\n","protected":false},"author":2,"featured_media":0,"parent":108,"menu_order":0,"comment_status":"closed","ping_status":"closed","template":"","meta":{"_acf_changed":false,"footnotes":""},"class_list":["post-14950","page","type-page","status-publish","hentry"],"acf":[],"_links":{"self":[{"href":"https:\/\/www.darksky.ch\/dss\/de\/wp-json\/wp\/v2\/pages\/14950","targetHints":{"allow":["GET"]}}],"collection":[{"href":"https:\/\/www.darksky.ch\/dss\/de\/wp-json\/wp\/v2\/pages"}],"about":[{"href":"https:\/\/www.darksky.ch\/dss\/de\/wp-json\/wp\/v2\/types\/page"}],"author":[{"embeddable":true,"href":"https:\/\/www.darksky.ch\/dss\/de\/wp-json\/wp\/v2\/users\/2"}],"replies":[{"embeddable":true,"href":"https:\/\/www.darksky.ch\/dss\/de\/wp-json\/wp\/v2\/comments?post=14950"}],"version-history":[{"count":1,"href":"https:\/\/www.darksky.ch\/dss\/de\/wp-json\/wp\/v2\/pages\/14950\/revisions"}],"predecessor-version":[{"id":14951,"href":"https:\/\/www.darksky.ch\/dss\/de\/wp-json\/wp\/v2\/pages\/14950\/revisions\/14951"}],"up":[{"embeddable":true,"href":"https:\/\/www.darksky.ch\/dss\/de\/wp-json\/wp\/v2\/pages\/108"}],"wp:attachment":[{"href":"https:\/\/www.darksky.ch\/dss\/de\/wp-json\/wp\/v2\/media?parent=14950"}],"curies":[{"name":"wp","href":"https:\/\/api.w.org\/{rel}","templated":true}]}}