

{"id":14952,"date":"2023-02-18T13:31:12","date_gmt":"2023-02-18T12:31:12","guid":{"rendered":"https:\/\/www.darksky.ch\/dsx\/?page_id=14952"},"modified":"2025-04-10T10:36:17","modified_gmt":"2025-04-10T08:36:17","slug":"liliana-schoenberger","status":"publish","type":"page","link":"https:\/\/www.darksky.ch\/dss\/de\/darksky-switzerland\/vorstand\/liliana-schoenberger\/","title":{"rendered":"Liliana Sch\u00f6nberger"},"content":{"rendered":"<figure id=\"attachment_13152\" aria-describedby=\"caption-attachment-13152\" style=\"width: 300px\" class=\"wp-caption alignright\"><a href=\"http:\/\/www.darksky.ch\/dss\/wp-content\/uploads\/2021\/12\/Liliana_Schoenberger_17_300x300.jpg\"><img loading=\"lazy\" decoding=\"async\" class=\"size-full wp-image-13152\" src=\"http:\/\/www.darksky.ch\/dss\/wp-content\/uploads\/2021\/12\/Liliana_Schoenberger_17_300x300.jpg\" alt=\"\" width=\"300\" height=\"300\" \/><\/a><figcaption id=\"caption-attachment-13152\" class=\"wp-caption-text\">Liliana Sch\u00f6nberger<\/figcaption><\/figure>\n<p>Liliana Sch\u00f6nberger ist eine in Biologie und \u00d6kologie ausgebildete Wissenschaftlerin. Sie promovierte in Vogel\u00f6kologie und f\u00fchrte mehrj\u00e4hrige Forschungen \u00fcber Krabbentaucher in der Arktis durch.<\/p>\n<p>Sie arbeitet als Spezialistin f\u00fcr Umweltvertr\u00e4glichkeitspr\u00fcfungen, als Ornithologin, Polarguide und Vortragende.<\/p>\n<p>Liliana ist in der \u00abFreien Stadt\u00bb Danzig geboren und aufgewachsen. Sie hat an den entlegensten Orten der Welt \u2013 und mehr als oft ausserhalb ihrer Komfortzone \u2013 gearbeitet, st\u00e4ndig auf der Suche nach Herausforderungen und neuen M\u00f6glichkeiten zur Entwicklung.<\/p>\n<p>Zurzeit lebt Liliana in Schaffhausen und studiert Raumplanung an der ETH Z\u00fcrich. Sie widmet sich den Herausforderungen, die die Lichtverschmutzung f\u00fcr die Schweizer Raumplanung mit sich bringt. Ihre Masterarbeit besch\u00e4ftigt sich mit der Umsetzung von Massnahmen gegen Lichtverschmutzung mithilfe von Instrumenten der Raumplanung \u2013 dies im Kanton Aargau. Ihre Arbeit \u00ab<a href=\"http:\/\/www.darksky.ch\/dss\/de\/2021\/02\/expose-mas-herausforderung-fuer-die-raumplanung-lichtverschmutzung\/\" target=\"_blank\" rel=\"noopener\">A New Challenge for Spatial Planning: Light Pollution in Switzerland<\/a>\u00bb ist auf der Website von DarkSky Switzerland verf\u00fcgbar.<\/p>\n","protected":false},"excerpt":{"rendered":"<p>Liliana Sch\u00f6nberger ist eine in Biologie und \u00d6kologie ausgebildete Wissenschaftlerin. Sie promovierte in Vogel\u00f6kologie und f\u00fchrte mehrj\u00e4hrige Forschungen \u00fcber Krabbentaucher in der Arktis durch. Sie arbeitet als Spezialistin f\u00fcr Umweltvertr\u00e4glichkeitspr\u00fcfungen, als Ornithologin, Polarguide und Vortragende. Liliana ist in der \u00abFreien Stadt\u00bb Danzig geboren und aufgewachsen. Sie hat an den entlegensten Orten der Welt \u2013 und &hellip; <a href=\"https:\/\/www.darksky.ch\/dss\/de\/darksky-switzerland\/vorstand\/liliana-schoenberger\/\" class=\"more-link\">Continue reading<span class=\"screen-reader-text\"> &#8222;Liliana Sch\u00f6nberger&#8220;<\/span><\/a><\/p>\n","protected":false},"author":2,"featured_media":0,"parent":108,"menu_order":0,"comment_status":"closed","ping_status":"closed","template":"","meta":{"_acf_changed":false,"footnotes":""},"class_list":["post-14952","page","type-page","status-publish","hentry"],"acf":[],"_links":{"self":[{"href":"https:\/\/www.darksky.ch\/dss\/de\/wp-json\/wp\/v2\/pages\/14952","targetHints":{"allow":["GET"]}}],"collection":[{"href":"https:\/\/www.darksky.ch\/dss\/de\/wp-json\/wp\/v2\/pages"}],"about":[{"href":"https:\/\/www.darksky.ch\/dss\/de\/wp-json\/wp\/v2\/types\/page"}],"author":[{"embeddable":true,"href":"https:\/\/www.darksky.ch\/dss\/de\/wp-json\/wp\/v2\/users\/2"}],"replies":[{"embeddable":true,"href":"https:\/\/www.darksky.ch\/dss\/de\/wp-json\/wp\/v2\/comments?post=14952"}],"version-history":[{"count":1,"href":"https:\/\/www.darksky.ch\/dss\/de\/wp-json\/wp\/v2\/pages\/14952\/revisions"}],"predecessor-version":[{"id":14953,"href":"https:\/\/www.darksky.ch\/dss\/de\/wp-json\/wp\/v2\/pages\/14952\/revisions\/14953"}],"up":[{"embeddable":true,"href":"https:\/\/www.darksky.ch\/dss\/de\/wp-json\/wp\/v2\/pages\/108"}],"wp:attachment":[{"href":"https:\/\/www.darksky.ch\/dss\/de\/wp-json\/wp\/v2\/media?parent=14952"}],"curies":[{"name":"wp","href":"https:\/\/api.w.org\/{rel}","templated":true}]}}