

{"id":14956,"date":"2023-02-18T13:33:43","date_gmt":"2023-02-18T12:33:43","guid":{"rendered":"https:\/\/www.darksky.ch\/dsx\/?page_id=14956"},"modified":"2025-04-10T10:47:25","modified_gmt":"2025-04-10T08:47:25","slug":"martin-rais","status":"publish","type":"page","link":"https:\/\/www.darksky.ch\/dss\/de\/darksky-switzerland\/vorstand\/martin-rais\/","title":{"rendered":"Martin Rais"},"content":{"rendered":"<figure id=\"attachment_13155\" aria-describedby=\"caption-attachment-13155\" style=\"width: 300px\" class=\"wp-caption alignright\"><a href=\"http:\/\/www.darksky.ch\/dss\/wp-content\/uploads\/2021\/12\/Martin_Rais_49_300x300.jpg\"><img loading=\"lazy\" decoding=\"async\" class=\"size-full wp-image-13155\" src=\"http:\/\/www.darksky.ch\/dss\/wp-content\/uploads\/2021\/12\/Martin_Rais_49_300x300.jpg\" alt=\"\" width=\"300\" height=\"300\" \/><\/a><figcaption id=\"caption-attachment-13155\" class=\"wp-caption-text\">Martin Rais<\/figcaption><\/figure>\n<p>Martin Rais hat Umweltwissenschaften in Genf und Montr\u00e9al studiert und mit dem Mastertitel abgeschlossen. 2021 ist er zu Dark-Sky Switzerland gestossen. Er ist nicht nur besorgt \u00fcber die St\u00f6rungen der \u00fcberm\u00e4ssig erhellten Nacht auf die Sicht ins All, sondern vor allem auch auf die Tier- und Pflanzenwelt \u2013 sowohl regional als auch global \u2013 sowie auf die Gesundheit.<\/p>\n<p>Um die komplexen nat\u00fcrlichen Zusammenh\u00e4nge bekannt zu machen, engagiert er sich in einem Quartierverein in seinem Wohnort Lausanne, der sich mit Projekten f\u00fcr die st\u00e4dtische Biodiversit\u00e4t einsetzt \u2013 f\u00fcr das Wohl der Bewohner.<\/p>\n<p>Als wissenschaftlicher Mitarbeiter der HEIG-VD (Ingenieur und Management Hochschule) untersucht er die Auswirkungen von Mikroverunreinigungen im Grundwasser und forscht an der Verminderung der Umweltbelastung bei der Betonherstellung. Nebenbei pflegt er seine Hobbies im Freien.<\/p>\n<p>Er freut sich, dass bereits verschiedene Gemeinden die \u00f6ffentliche Beleuchtung reduzieren und m\u00f6chte zu dieser Dynamik und der Entwicklung von DarkSky Switzerland beitragen.<\/p>\n","protected":false},"excerpt":{"rendered":"<p>Martin Rais hat Umweltwissenschaften in Genf und Montr\u00e9al studiert und mit dem Mastertitel abgeschlossen. 2021 ist er zu Dark-Sky Switzerland gestossen. Er ist nicht nur besorgt \u00fcber die St\u00f6rungen der \u00fcberm\u00e4ssig erhellten Nacht auf die Sicht ins All, sondern vor allem auch auf die Tier- und Pflanzenwelt \u2013 sowohl regional als auch global \u2013 sowie &hellip; <a href=\"https:\/\/www.darksky.ch\/dss\/de\/darksky-switzerland\/vorstand\/martin-rais\/\" class=\"more-link\">Continue reading<span class=\"screen-reader-text\"> &#8222;Martin Rais&#8220;<\/span><\/a><\/p>\n","protected":false},"author":2,"featured_media":0,"parent":108,"menu_order":0,"comment_status":"closed","ping_status":"closed","template":"","meta":{"_acf_changed":false,"footnotes":""},"class_list":["post-14956","page","type-page","status-publish","hentry"],"acf":[],"_links":{"self":[{"href":"https:\/\/www.darksky.ch\/dss\/de\/wp-json\/wp\/v2\/pages\/14956","targetHints":{"allow":["GET"]}}],"collection":[{"href":"https:\/\/www.darksky.ch\/dss\/de\/wp-json\/wp\/v2\/pages"}],"about":[{"href":"https:\/\/www.darksky.ch\/dss\/de\/wp-json\/wp\/v2\/types\/page"}],"author":[{"embeddable":true,"href":"https:\/\/www.darksky.ch\/dss\/de\/wp-json\/wp\/v2\/users\/2"}],"replies":[{"embeddable":true,"href":"https:\/\/www.darksky.ch\/dss\/de\/wp-json\/wp\/v2\/comments?post=14956"}],"version-history":[{"count":2,"href":"https:\/\/www.darksky.ch\/dss\/de\/wp-json\/wp\/v2\/pages\/14956\/revisions"}],"predecessor-version":[{"id":14958,"href":"https:\/\/www.darksky.ch\/dss\/de\/wp-json\/wp\/v2\/pages\/14956\/revisions\/14958"}],"up":[{"embeddable":true,"href":"https:\/\/www.darksky.ch\/dss\/de\/wp-json\/wp\/v2\/pages\/108"}],"wp:attachment":[{"href":"https:\/\/www.darksky.ch\/dss\/de\/wp-json\/wp\/v2\/media?parent=14956"}],"curies":[{"name":"wp","href":"https:\/\/api.w.org\/{rel}","templated":true}]}}