

{"id":16460,"date":"2025-12-01T10:47:00","date_gmt":"2025-12-01T09:47:00","guid":{"rendered":"https:\/\/www.darksky.ch\/dss\/?page_id=16460"},"modified":"2026-04-08T15:32:29","modified_gmt":"2026-04-08T13:32:29","slug":"geschaeftsberichte","status":"publish","type":"page","link":"https:\/\/www.darksky.ch\/dss\/de\/darksky-switzerland\/geschaeftsberichte\/","title":{"rendered":"Gesch\u00e4ftsberichte"},"content":{"rendered":"<p>\u00bb <a href=\"https:\/\/www.darksky.ch\/dss\/wp-content\/uploads\/2026\/04\/DarkSky_Switzerland_Geschaeftsbericht-2025.pdf\">Gesch\u00e4ftsbericht 2025<\/a> (pdf)<\/p>\n<p>\u00bb <a href=\"https:\/\/www.darksky.ch\/dss\/wp-content\/uploads\/2025\/12\/DarkSky_Switzerland_Geschaeftsbericht-2024.pdf\">Gesch\u00e4ftsbericht 2024<\/a> (pdf)<\/p>\n<p>\u00bb <a href=\"https:\/\/www.darksky.ch\/dss\/wp-content\/uploads\/2025\/12\/DarkSky_Switzerland_Geschaeftsbericht-2023.pdf\">Gesch\u00e4ftsbericht 2023<\/a> (pdf)<\/p>\n<p>\u00bb <a href=\"https:\/\/www.darksky.ch\/dss\/wp-content\/uploads\/2025\/12\/DarkSky_Switzerland_Geschaeftsbericht-2022.pdf\">Gesch\u00e4ftsbericht 2022<\/a> (pdf)<\/p>\n<p>\u00bb <a href=\"https:\/\/www.darksky.ch\/dss\/wp-content\/uploads\/2025\/12\/DarkSky_Switzerland_Geschaeftsbericht-2021.pdf\">Gesch\u00e4ftsbericht 2021<\/a> (pdf)<\/p>\n<p>\u00bb <a href=\"https:\/\/www.darksky.ch\/dss\/wp-content\/uploads\/2025\/12\/DarkSky_Switzerland_Geschaeftsbericht-2020.pdf\">Gesch\u00e4ftsbericht 2020<\/a> (pdf)<\/p>\n<p>\u00bb <a href=\"https:\/\/www.darksky.ch\/dss\/wp-content\/uploads\/2025\/12\/DarkSky_Switzerland_Geschaeftsbericht-2019.pdf\">Gesch\u00e4ftsbericht 2019<\/a> (pdf)<\/p>\n<p>Seit 2019 hat DarkSky Switzerland das Verbandsbeschwerderecht nach Umweltschutzgesetz und Natur- und Heimatschutzgesetz.<br \/>\nDamit einher geht die Verpflichtung, die Gesch\u00e4ftsberichte der \u00d6ffentlichkeit zug\u00e4nglich zu machen.<\/p>\n","protected":false},"excerpt":{"rendered":"<p>\u00bb Gesch\u00e4ftsbericht 2025 (pdf) \u00bb Gesch\u00e4ftsbericht 2024 (pdf) \u00bb Gesch\u00e4ftsbericht 2023 (pdf) \u00bb Gesch\u00e4ftsbericht 2022 (pdf) \u00bb Gesch\u00e4ftsbericht 2021 (pdf) \u00bb Gesch\u00e4ftsbericht 2020 (pdf) \u00bb Gesch\u00e4ftsbericht 2019 (pdf) Seit 2019 hat DarkSky Switzerland das Verbandsbeschwerderecht nach Umweltschutzgesetz und Natur- und Heimatschutzgesetz. Damit einher geht die Verpflichtung, die Gesch\u00e4ftsberichte der \u00d6ffentlichkeit zug\u00e4nglich zu machen.<\/p>\n","protected":false},"author":2,"featured_media":0,"parent":23,"menu_order":1,"comment_status":"closed","ping_status":"closed","template":"","meta":{"_acf_changed":false,"footnotes":""},"class_list":["post-16460","page","type-page","status-publish","hentry"],"acf":[],"_links":{"self":[{"href":"https:\/\/www.darksky.ch\/dss\/de\/wp-json\/wp\/v2\/pages\/16460","targetHints":{"allow":["GET"]}}],"collection":[{"href":"https:\/\/www.darksky.ch\/dss\/de\/wp-json\/wp\/v2\/pages"}],"about":[{"href":"https:\/\/www.darksky.ch\/dss\/de\/wp-json\/wp\/v2\/types\/page"}],"author":[{"embeddable":true,"href":"https:\/\/www.darksky.ch\/dss\/de\/wp-json\/wp\/v2\/users\/2"}],"replies":[{"embeddable":true,"href":"https:\/\/www.darksky.ch\/dss\/de\/wp-json\/wp\/v2\/comments?post=16460"}],"version-history":[{"count":11,"href":"https:\/\/www.darksky.ch\/dss\/de\/wp-json\/wp\/v2\/pages\/16460\/revisions"}],"predecessor-version":[{"id":16670,"href":"https:\/\/www.darksky.ch\/dss\/de\/wp-json\/wp\/v2\/pages\/16460\/revisions\/16670"}],"up":[{"embeddable":true,"href":"https:\/\/www.darksky.ch\/dss\/de\/wp-json\/wp\/v2\/pages\/23"}],"wp:attachment":[{"href":"https:\/\/www.darksky.ch\/dss\/de\/wp-json\/wp\/v2\/media?parent=16460"}],"curies":[{"name":"wp","href":"https:\/\/api.w.org\/{rel}","templated":true}]}}