

{"id":17,"date":"2016-06-16T17:37:28","date_gmt":"2016-06-16T15:37:28","guid":{"rendered":"http:\/\/www.darksky.ch\/dsx\/?page_id=17"},"modified":"2016-12-19T17:59:40","modified_gmt":"2016-12-19T16:59:40","slug":"handeln","status":"publish","type":"page","link":"https:\/\/www.darksky.ch\/dss\/de\/handeln\/","title":{"rendered":"Handeln"},"content":{"rendered":"<p>Die Fakten sind bekannt. Wir alle k\u00f6nnen\u00a0etwas tun, um\u00a0das\u00a0Umweltproblem der Lichtverschmutzung zu l\u00f6sen.<\/p>\n<ul class=\"lcp_catlist\" id=\"lcp_instance_0\"><li><a href=\"https:\/\/www.darksky.ch\/dss\/de\/2026\/04\/watson-lichtverschmutzung-hat-weltweit-stark-zugenommen-auf-einem-kontinent-aber-nicht\/\">watson \u2013 Lichtverschmutzung hat weltweit stark zugenommen \u2013 auf einem Kontinent aber nicht<\/a><\/li><li><a href=\"https:\/\/www.darksky.ch\/dss\/de\/2026\/04\/collegium-helveticum-dark-quiet-skies\/\">Collegium Helveticum \u2013 Dark &#038; Quiet Skies<\/a><\/li><li><a href=\"https:\/\/www.darksky.ch\/dss\/de\/2026\/04\/collegium-helveticum-unlimited-light-pollution-from-above\/\">Collegium Helveticum \u2013 Unlimited Light Pollution from Above?<\/a><\/li><li><a href=\"https:\/\/www.darksky.ch\/dss\/de\/2026\/03\/gossau-zh-referat-darksky-anschliessend-an-die-mitgliederversammlung-naturschutzverein\/\">Gossau ZH \u2013 Referat DarkSky anschliessend an die Mitgliederversammlung Naturschutzverein<\/a><\/li><li><a href=\"https:\/\/www.darksky.ch\/dss\/de\/2026\/03\/belp-biodiversitaetsmarkt\/\">Belp \u2013 Biodiversit\u00e4tsmarkt<\/a><\/li><li><a href=\"https:\/\/www.darksky.ch\/dss\/de\/2026\/03\/mitgliederversammlung-2026-in-olten\/\">Mitgliederversammlung 2026 in Olten<\/a><\/li><li><a href=\"https:\/\/www.darksky.ch\/dss\/de\/2026\/01\/darksky-international-darksky-one-concept-car-an-der-internationalen-automesse-in-detroit\/\">DarkSky International \u2013 DarkSky One Concept Car an der Internationalen Automesse in Detroit<\/a><\/li><li><a href=\"https:\/\/www.darksky.ch\/dss\/de\/2026\/01\/bachelorarbeit-der-regionale-naturpark-schaffhausen-als-dark-sky-park-messung-der-dunkelheit-und-analyse-des-potentials-fuer-touristische-angebote\/\">Bachelorarbeit \u2013 Der Regionale Naturpark Schaffhausen als \u00abDark Sky Park\u00bb &#8211; Messung der Dunkelheit und Analyse des Potentials f\u00fcr touristische Angebote<\/a><\/li><li><a href=\"https:\/\/www.darksky.ch\/dss\/de\/2026\/01\/swiss-space-museum-vortrag-ueber-grenzenlose-lichtverschmutzung-um-13-30-im-rahmen-der-regulaeren-oeffnungszeiten\/\">Swiss Space Museum \u2013 Vortrag \u00fcber grenzenlose Lichtverschmutzung um 13.30 im Rahmen der regul\u00e4ren \u00d6ffnungszeiten<\/a><\/li><li><a href=\"https:\/\/www.darksky.ch\/dss\/de\/2025\/12\/nachtfalter-2025\/\">Nachtfalter 2025<\/a><\/li><\/ul>\n<p>&nbsp;<\/p>\n<div><\/div>\n","protected":false},"excerpt":{"rendered":"<p>Die Fakten sind bekannt. Wir alle k\u00f6nnen\u00a0etwas tun, um\u00a0das\u00a0Umweltproblem der Lichtverschmutzung zu l\u00f6sen. &nbsp;<\/p>\n","protected":false},"author":2,"featured_media":0,"parent":0,"menu_order":0,"comment_status":"closed","ping_status":"closed","template":"","meta":{"_acf_changed":false,"footnotes":""},"class_list":["post-17","page","type-page","status-publish","hentry"],"acf":[],"_links":{"self":[{"href":"https:\/\/www.darksky.ch\/dss\/de\/wp-json\/wp\/v2\/pages\/17","targetHints":{"allow":["GET"]}}],"collection":[{"href":"https:\/\/www.darksky.ch\/dss\/de\/wp-json\/wp\/v2\/pages"}],"about":[{"href":"https:\/\/www.darksky.ch\/dss\/de\/wp-json\/wp\/v2\/types\/page"}],"author":[{"embeddable":true,"href":"https:\/\/www.darksky.ch\/dss\/de\/wp-json\/wp\/v2\/users\/2"}],"replies":[{"embeddable":true,"href":"https:\/\/www.darksky.ch\/dss\/de\/wp-json\/wp\/v2\/comments?post=17"}],"version-history":[{"count":5,"href":"https:\/\/www.darksky.ch\/dss\/de\/wp-json\/wp\/v2\/pages\/17\/revisions"}],"predecessor-version":[{"id":5609,"href":"https:\/\/www.darksky.ch\/dss\/de\/wp-json\/wp\/v2\/pages\/17\/revisions\/5609"}],"wp:attachment":[{"href":"https:\/\/www.darksky.ch\/dss\/de\/wp-json\/wp\/v2\/media?parent=17"}],"curies":[{"name":"wp","href":"https:\/\/api.w.org\/{rel}","templated":true}]}}