

{"id":392,"date":"2016-08-29T16:52:51","date_gmt":"2016-08-29T14:52:51","guid":{"rendered":"http:\/\/www.darksky.ch\/dsx\/?page_id=392"},"modified":"2022-05-04T15:00:41","modified_gmt":"2022-05-04T13:00:41","slug":"lukas-schuler","status":"publish","type":"page","link":"https:\/\/www.darksky.ch\/dss\/de\/darksky-switzerland\/vorstand\/lukas-schuler\/","title":{"rendered":"Lukas Schuler"},"content":{"rendered":"<figure id=\"attachment_13153\" aria-describedby=\"caption-attachment-13153\" style=\"width: 300px\" class=\"wp-caption alignright\"><a href=\"http:\/\/www.darksky.ch\/dss\/wp-content\/uploads\/2022\/05\/Lukas_Schuler_67_300x300.jpg\"><img loading=\"lazy\" decoding=\"async\" class=\"wp-image-13153 size-full\" src=\"http:\/\/www.darksky.ch\/dss\/wp-content\/uploads\/2021\/12\/Lukas_Schuler_67_300x300.jpg\" alt=\"\" width=\"300\" height=\"300\" \/><\/a><figcaption id=\"caption-attachment-13153\" class=\"wp-caption-text\">Lukas Schuler<\/figcaption><\/figure>\n<p>Lukas Schuler ist seit 2013 ehrenamtlicher Pr\u00e4sident von Dark-Sky Switzerland. Mitglied wurde er bereits in den Gr\u00fcndungsjahren des Vereins. Sp\u00e4ter war er auch als Helfer und Vorstandsmitglied aktiv.<\/p>\n<p>Lukas Schuler betont als Pr\u00e4sident bei der Arbeit von Dark-Sky Switzerland die Bedeutung der SIA-Norm 491 als Richtschnur f\u00fcr die Argumentation f\u00fcr den sinnvollen Einsatz von Licht im Aussenraum. Er setzt sich sachlich mit dem Problem auseinander und argumentiert gegen\u00fcber Medien und \u00c4mtern mit seinen Erkenntnissen aus Messdaten und aus der Forschergemeinde.<\/p>\n<p>Seine naturwissenschaftliche Ausbildung vermittelte Lukas Schuler analytisches Denken sowie didaktisches und theoretisches Wissen. Er wurde mit der eigenen Firma xirrus GmbH zum Unternehmer f\u00fcr rechnergest\u00fctzte Chemie und Software-Entwicklung. Seine Firma macht \u2013 nebst eigener Softwareentwicklung \u2013 Auftragsforschung und Beratung.<\/p>\n<p>Aus seinen T\u00e4tigkeiten sind ihm Referate und Recherchen, statistische Berechnungen und wissenschaftliches Publizieren vertraut.<\/p>\n","protected":false},"excerpt":{"rendered":"<p>Lukas Schuler ist seit 2013 ehrenamtlicher Pr\u00e4sident von Dark-Sky Switzerland. Mitglied wurde er bereits in den Gr\u00fcndungsjahren des Vereins. Sp\u00e4ter war er auch als Helfer und Vorstandsmitglied aktiv. Lukas Schuler betont als Pr\u00e4sident bei der Arbeit von Dark-Sky Switzerland die Bedeutung der SIA-Norm 491 als Richtschnur f\u00fcr die Argumentation f\u00fcr den sinnvollen Einsatz von Licht &hellip; <a href=\"https:\/\/www.darksky.ch\/dss\/de\/darksky-switzerland\/vorstand\/lukas-schuler\/\" class=\"more-link\">Continue reading<span class=\"screen-reader-text\"> &#8222;Lukas Schuler&#8220;<\/span><\/a><\/p>\n","protected":false},"author":2,"featured_media":0,"parent":108,"menu_order":0,"comment_status":"closed","ping_status":"closed","template":"","meta":{"_acf_changed":false,"footnotes":""},"class_list":["post-392","page","type-page","status-publish","hentry"],"acf":[],"_links":{"self":[{"href":"https:\/\/www.darksky.ch\/dss\/de\/wp-json\/wp\/v2\/pages\/392","targetHints":{"allow":["GET"]}}],"collection":[{"href":"https:\/\/www.darksky.ch\/dss\/de\/wp-json\/wp\/v2\/pages"}],"about":[{"href":"https:\/\/www.darksky.ch\/dss\/de\/wp-json\/wp\/v2\/types\/page"}],"author":[{"embeddable":true,"href":"https:\/\/www.darksky.ch\/dss\/de\/wp-json\/wp\/v2\/users\/2"}],"replies":[{"embeddable":true,"href":"https:\/\/www.darksky.ch\/dss\/de\/wp-json\/wp\/v2\/comments?post=392"}],"version-history":[{"count":5,"href":"https:\/\/www.darksky.ch\/dss\/de\/wp-json\/wp\/v2\/pages\/392\/revisions"}],"predecessor-version":[{"id":13626,"href":"https:\/\/www.darksky.ch\/dss\/de\/wp-json\/wp\/v2\/pages\/392\/revisions\/13626"}],"up":[{"embeddable":true,"href":"https:\/\/www.darksky.ch\/dss\/de\/wp-json\/wp\/v2\/pages\/108"}],"wp:attachment":[{"href":"https:\/\/www.darksky.ch\/dss\/de\/wp-json\/wp\/v2\/media?parent=392"}],"curies":[{"name":"wp","href":"https:\/\/api.w.org\/{rel}","templated":true}]}}