

{"id":410,"date":"2016-08-30T11:49:52","date_gmt":"2016-08-30T09:49:52","guid":{"rendered":"http:\/\/www.darksky.ch\/dsx\/de\/?page_id=410"},"modified":"2022-05-04T15:03:59","modified_gmt":"2022-05-04T13:03:59","slug":"stefano-klett","status":"publish","type":"page","link":"https:\/\/www.darksky.ch\/dss\/de\/darksky-switzerland\/vorstand\/stefano-klett\/","title":{"rendered":"Stefano Klett"},"content":{"rendered":"<figure id=\"attachment_13157\" aria-describedby=\"caption-attachment-13157\" style=\"width: 300px\" class=\"wp-caption alignright\"><a href=\"http:\/\/www.darksky.ch\/dss\/wp-content\/uploads\/2022\/05\/Stefano_Klett_92_300x300.jpg\"><img loading=\"lazy\" decoding=\"async\" class=\"wp-image-13157 size-full\" src=\"http:\/\/www.darksky.ch\/dss\/wp-content\/uploads\/2021\/12\/Stefano_Klett_92_300x300.jpg\" alt=\"\" width=\"300\" height=\"300\" \/><\/a><figcaption id=\"caption-attachment-13157\" class=\"wp-caption-text\">Stefano Klett, Vize-Pr\u00e4sident und Leiter Sezione Ticino<\/figcaption><\/figure>\n<p class=\"bodytext\">Der Informatik Ingenieur Stefano Klett ist Gr\u00fcnder der italienischsprachigen Sektion von Dark-Sky Switzerland. Sein unerm\u00fcdlicher Einsatz zum Schutz des Nachthimmels hat sich gelohnt: Als erste Gemeinde in der Schweiz erkl\u00e4rt Coldrerio (TI) die Empfehlungen zur Vermeidung von Lichtemissionen des Bundesamts f\u00fcr Umwelt als verbindlich. Ein Gesetzesverstoss wird mit einer Geldstrafe geahndet.<\/p>\n<p class=\"bodytext\">In zahlreichen Interviews und Vortr\u00e4gen vermittelt Klett ein genaues Bild der Situation in der italienischsprachigen Region und weist auf immer neue Problemherde hin.<\/p>\n<p class=\"bodytext\">Er hat in R\u00fccksprache mit dem Wissenschafter Fabio Falchi die Lichtverschmutzungskarte f\u00fcr die Schweiz aus dem Weltatlas adaptiert.<\/p>\n<p>&nbsp;<\/p>\n<p class=\"bodytext\">\n","protected":false},"excerpt":{"rendered":"<p>Der Informatik Ingenieur Stefano Klett ist Gr\u00fcnder der italienischsprachigen Sektion von Dark-Sky Switzerland. Sein unerm\u00fcdlicher Einsatz zum Schutz des Nachthimmels hat sich gelohnt: Als erste Gemeinde in der Schweiz erkl\u00e4rt Coldrerio (TI) die Empfehlungen zur Vermeidung von Lichtemissionen des Bundesamts f\u00fcr Umwelt als verbindlich. Ein Gesetzesverstoss wird mit einer Geldstrafe geahndet. In zahlreichen Interviews und &hellip; <a href=\"https:\/\/www.darksky.ch\/dss\/de\/darksky-switzerland\/vorstand\/stefano-klett\/\" class=\"more-link\">Continue reading<span class=\"screen-reader-text\"> &#8222;Stefano Klett&#8220;<\/span><\/a><\/p>\n","protected":false},"author":2,"featured_media":0,"parent":108,"menu_order":1,"comment_status":"closed","ping_status":"closed","template":"","meta":{"_acf_changed":false,"footnotes":""},"class_list":["post-410","page","type-page","status-publish","hentry"],"acf":[],"_links":{"self":[{"href":"https:\/\/www.darksky.ch\/dss\/de\/wp-json\/wp\/v2\/pages\/410","targetHints":{"allow":["GET"]}}],"collection":[{"href":"https:\/\/www.darksky.ch\/dss\/de\/wp-json\/wp\/v2\/pages"}],"about":[{"href":"https:\/\/www.darksky.ch\/dss\/de\/wp-json\/wp\/v2\/types\/page"}],"author":[{"embeddable":true,"href":"https:\/\/www.darksky.ch\/dss\/de\/wp-json\/wp\/v2\/users\/2"}],"replies":[{"embeddable":true,"href":"https:\/\/www.darksky.ch\/dss\/de\/wp-json\/wp\/v2\/comments?post=410"}],"version-history":[{"count":5,"href":"https:\/\/www.darksky.ch\/dss\/de\/wp-json\/wp\/v2\/pages\/410\/revisions"}],"predecessor-version":[{"id":13628,"href":"https:\/\/www.darksky.ch\/dss\/de\/wp-json\/wp\/v2\/pages\/410\/revisions\/13628"}],"up":[{"embeddable":true,"href":"https:\/\/www.darksky.ch\/dss\/de\/wp-json\/wp\/v2\/pages\/108"}],"wp:attachment":[{"href":"https:\/\/www.darksky.ch\/dss\/de\/wp-json\/wp\/v2\/media?parent=410"}],"curies":[{"name":"wp","href":"https:\/\/api.w.org\/{rel}","templated":true}]}}