

{"id":421,"date":"2016-08-30T12:07:27","date_gmt":"2016-08-30T10:07:27","guid":{"rendered":"http:\/\/www.darksky.ch\/dsx\/de\/?page_id=421"},"modified":"2022-05-04T15:10:30","modified_gmt":"2022-05-04T13:10:30","slug":"roland-bodenmann","status":"publish","type":"page","link":"https:\/\/www.darksky.ch\/dss\/de\/darksky-switzerland\/vorstand\/roland-bodenmann\/","title":{"rendered":"Roland Bodenmann"},"content":{"rendered":"<figure id=\"attachment_13156\" aria-describedby=\"caption-attachment-13156\" style=\"width: 300px\" class=\"wp-caption alignright\"><a href=\"http:\/\/www.darksky.ch\/dss\/wp-content\/uploads\/2022\/05\/Roland_Bodenmann_77_300x300.jpg\"><img loading=\"lazy\" decoding=\"async\" class=\"wp-image-13156 size-full\" src=\"http:\/\/www.darksky.ch\/dss\/wp-content\/uploads\/2021\/12\/Roland_Bodenmann_77_300x300.jpg\" alt=\"\" width=\"300\" height=\"300\" \/><\/a><figcaption id=\"caption-attachment-13156\" class=\"wp-caption-text\">Roland Bodenmann<\/figcaption><\/figure>\n<p class=\"bodytext\">Roland Bodenmann (Jahrgang 1959) hat das Handwerk des Elektroplaners erlernt und sich als Lichtplaner SLG weitergebildet. Er f\u00fchrt als Miteigent\u00fcmer eines gr\u00f6sseren Deutschschweizer Elektroengineering-Unternehmens die Lichtplanungs-Abteilung. Er ist Mitglied der Schweizer Licht Gesellschaft (SLG) und arbeitet seit 2012 in der Fachgruppe 1 Innenbeleuchtung mit.<\/p>\n<p class=\"bodytext\">Seine arbeitsfreie Zeit geh\u00f6rt in erster Linie seiner Lebenspartnerin und seinen beiden schulpflichtigen T\u00f6chtern. In zweiter Linie ist er, wann immer m\u00f6glich, als Freizeit-Feldherpetologe unterwegs und arbeitet in verschiedenen Monitoring-Programmen (Biodiversit\u00e4t, Amphibien, Reptilien) in den Kantonen AG und GR mit.<\/p>\n<p class=\"bodytext\">Durch dieses Naturinteresse wird Roland Bodenmann auch auf den Verein Dark-Sky Switzerland aufmerksam. Als Mitglied ist er dem DSS seit 2004 wohlwollend, aber passiv verbunden. 2008, nach der R\u00fcckkehr von einer sechsmonatigen Auszeit unter dem Kreuz des S\u00fcdens, wird er als Vertreter der Lichtplanenden Zunft zu einer Podiums-Diskussion zum Thema \u00abLichtverschmutzung\u00bb eingeladen. Interessiert nimmt er daran teil und sieht sich unvermittelt in der Rolle des \u00abVerschmutzers\u00bb, der mit dem damaligen DSS-Pr\u00e4sidenten rhetorisch die Klingen kreuzt. Diese Begebenheit sensibilisiert ihn und spornt ihn an, sich beruflich vermehrt mit Aussenbeleuchtung auseinanderzusetzen.<\/p>\n<p class=\"bodytext\">Roland Bodenmann entschliesst sich 2012, seine Beziehung zu DSS aktiver zu gestalten und wird an der GV 2013 in den Vorstand gew\u00e4hlt. Er sieht seinen Beitrag in der Aufkl\u00e4rung (Vortr\u00e4ge, Schulungen), der Pr\u00e4vention (Beratungen, Konzepte und Planungen) und als Br\u00fcckenbauer zur SLG und den Beh\u00f6rden (Kanton AG).<\/p>\n<p class=\"bodytext\">Von 2014 bis 2021 war er Mitglied in einer kommunalen Exekutive.<\/p>\n","protected":false},"excerpt":{"rendered":"<p>Roland Bodenmann (Jahrgang 1959) hat das Handwerk des Elektroplaners erlernt und sich als Lichtplaner SLG weitergebildet. Er f\u00fchrt als Miteigent\u00fcmer eines gr\u00f6sseren Deutschschweizer Elektroengineering-Unternehmens die Lichtplanungs-Abteilung. Er ist Mitglied der Schweizer Licht Gesellschaft (SLG) und arbeitet seit 2012 in der Fachgruppe 1 Innenbeleuchtung mit. Seine arbeitsfreie Zeit geh\u00f6rt in erster Linie seiner Lebenspartnerin und seinen &hellip; <a href=\"https:\/\/www.darksky.ch\/dss\/de\/darksky-switzerland\/vorstand\/roland-bodenmann\/\" class=\"more-link\">Continue reading<span class=\"screen-reader-text\"> &#8222;Roland Bodenmann&#8220;<\/span><\/a><\/p>\n","protected":false},"author":2,"featured_media":0,"parent":108,"menu_order":4,"comment_status":"closed","ping_status":"closed","template":"","meta":{"_acf_changed":false,"footnotes":""},"class_list":["post-421","page","type-page","status-publish","hentry"],"acf":[],"_links":{"self":[{"href":"https:\/\/www.darksky.ch\/dss\/de\/wp-json\/wp\/v2\/pages\/421","targetHints":{"allow":["GET"]}}],"collection":[{"href":"https:\/\/www.darksky.ch\/dss\/de\/wp-json\/wp\/v2\/pages"}],"about":[{"href":"https:\/\/www.darksky.ch\/dss\/de\/wp-json\/wp\/v2\/types\/page"}],"author":[{"embeddable":true,"href":"https:\/\/www.darksky.ch\/dss\/de\/wp-json\/wp\/v2\/users\/2"}],"replies":[{"embeddable":true,"href":"https:\/\/www.darksky.ch\/dss\/de\/wp-json\/wp\/v2\/comments?post=421"}],"version-history":[{"count":7,"href":"https:\/\/www.darksky.ch\/dss\/de\/wp-json\/wp\/v2\/pages\/421\/revisions"}],"predecessor-version":[{"id":13633,"href":"https:\/\/www.darksky.ch\/dss\/de\/wp-json\/wp\/v2\/pages\/421\/revisions\/13633"}],"up":[{"embeddable":true,"href":"https:\/\/www.darksky.ch\/dss\/de\/wp-json\/wp\/v2\/pages\/108"}],"wp:attachment":[{"href":"https:\/\/www.darksky.ch\/dss\/de\/wp-json\/wp\/v2\/media?parent=421"}],"curies":[{"name":"wp","href":"https:\/\/api.w.org\/{rel}","templated":true}]}}