

{"id":446,"date":"2016-08-30T15:21:26","date_gmt":"2016-08-30T13:21:26","guid":{"rendered":"http:\/\/www.darksky.ch\/dsx\/de\/?page_id=446"},"modified":"2019-11-30T16:24:50","modified_gmt":"2019-11-30T15:24:50","slug":"die-nacht-braucht-ihre-dunkelheit","status":"publish","type":"page","link":"https:\/\/www.darksky.ch\/dss\/de\/wissen\/die-nacht-braucht-ihre-dunkelheit\/","title":{"rendered":"Die Nacht braucht ihre Dunkelheit"},"content":{"rendered":"<p>Der aktuelle Flyer von Dark-Sky Switzerland\u00a0tr\u00e4gt aus gutem Grund diesen Titel. Er stellt den aktuellen Stand des Wissens in knapper und verst\u00e4ndlicher Form f\u00fcr alle dar.<\/p>\n<p><a href=\"http:\/\/www.darksky.ch\/dss\/wp-content\/uploads\/2016\/08\/Flyerausgerollt_k.jpg\"><img loading=\"lazy\" decoding=\"async\" class=\"aligncenter size-large wp-image-5592\" src=\"http:\/\/www.darksky.ch\/dss\/wp-content\/uploads\/2016\/08\/Flyerausgerollt_k-1020x273.jpg\" alt=\"flyerausgerollt_k\" width=\"840\" height=\"225\" srcset=\"https:\/\/www.darksky.ch\/dss\/wp-content\/uploads\/2016\/08\/Flyerausgerollt_k-1020x273.jpg 1020w, https:\/\/www.darksky.ch\/dss\/wp-content\/uploads\/2016\/08\/Flyerausgerollt_k-300x80.jpg 300w, https:\/\/www.darksky.ch\/dss\/wp-content\/uploads\/2016\/08\/Flyerausgerollt_k.jpg 1200w\" sizes=\"auto, (max-width: 709px) 85vw, (max-width: 909px) 67vw, (max-width: 1362px) 62vw, 840px\" \/><\/a><\/p>\n<p class=\"bodytext\">Der <a href=\"http:\/\/www.darksky.ch\/dss\/wp-content\/uploads\/2016\/08\/Flyer_2015_Dark-Sky_Switzerland_de_preview.pdf\" target=\"_blank\" rel=\"noopener noreferrer\"><b>Dark-Sky Flyer<\/b><\/a>\u00a0wurde bereits in vielen Schweizer Gemeinden an \u00fcber 30&#8217;000 Haushalte verteilt und ist bei der Bev\u00f6lkerung sehr gut angekommen.<\/p>\n<p class=\"bodytext\">Vereine und Organisationen, welche unser Anliegen bekannt machen wollen, k\u00f6nnen einige Exemplare \u00fcber unsere <a href=\"http:\/\/www.darksky.ch\/dss\/de\/dark-sky-switzerland\/geschaeftsstelle\/\" target=\"_blank\" rel=\"noopener noreferrer\">Gesch\u00e4ftsstelle<\/a>\u00a0kostenlos\u00a0beziehen (max. 100).<\/p>\n<p class=\"bodytext\">Gemeinden oder Elektrizit\u00e4tswerke, welche eine gr\u00f6ssere Auflage ben\u00f6tigen, k\u00f6nnen diese zum Selbstkostenpreis (wenn gew\u00fcnscht mit Eindruck des eigenen Logos) bei Dark-Sky Switzerland bestellen. Unsere\u00a0<a href=\"http:\/\/www.darksky.ch\/dss\/de\/dark-sky-switzerland\/geschaeftsstelle\/\">Gesch\u00e4ftsstelle<\/a>\u00a0erteilt Ihnen gerne Auskunft.<\/p>\n<p class=\"bodytext\">Zur Zeit ist der Flyer auf Deutsch und Italienisch erh\u00e4ltlich und wird bald auf Franz\u00f6sisch \u00fcbersetzt.<\/p>\n<p class=\"bodytext\">\n","protected":false},"excerpt":{"rendered":"<p>Der aktuelle Flyer von Dark-Sky Switzerland\u00a0tr\u00e4gt aus gutem Grund diesen Titel. Er stellt den aktuellen Stand des Wissens in knapper und verst\u00e4ndlicher Form f\u00fcr alle dar. Der Dark-Sky Flyer\u00a0wurde bereits in vielen Schweizer Gemeinden an \u00fcber 30&#8217;000 Haushalte verteilt und ist bei der Bev\u00f6lkerung sehr gut angekommen. Vereine und Organisationen, welche unser Anliegen bekannt machen &hellip; <a href=\"https:\/\/www.darksky.ch\/dss\/de\/wissen\/die-nacht-braucht-ihre-dunkelheit\/\" class=\"more-link\">Continue reading<span class=\"screen-reader-text\"> &#8222;Die Nacht braucht ihre Dunkelheit&#8220;<\/span><\/a><\/p>\n","protected":false},"author":2,"featured_media":0,"parent":13,"menu_order":4,"comment_status":"closed","ping_status":"closed","template":"","meta":{"_acf_changed":false,"footnotes":""},"class_list":["post-446","page","type-page","status-publish","hentry"],"acf":[],"_links":{"self":[{"href":"https:\/\/www.darksky.ch\/dss\/de\/wp-json\/wp\/v2\/pages\/446","targetHints":{"allow":["GET"]}}],"collection":[{"href":"https:\/\/www.darksky.ch\/dss\/de\/wp-json\/wp\/v2\/pages"}],"about":[{"href":"https:\/\/www.darksky.ch\/dss\/de\/wp-json\/wp\/v2\/types\/page"}],"author":[{"embeddable":true,"href":"https:\/\/www.darksky.ch\/dss\/de\/wp-json\/wp\/v2\/users\/2"}],"replies":[{"embeddable":true,"href":"https:\/\/www.darksky.ch\/dss\/de\/wp-json\/wp\/v2\/comments?post=446"}],"version-history":[{"count":9,"href":"https:\/\/www.darksky.ch\/dss\/de\/wp-json\/wp\/v2\/pages\/446\/revisions"}],"predecessor-version":[{"id":11480,"href":"https:\/\/www.darksky.ch\/dss\/de\/wp-json\/wp\/v2\/pages\/446\/revisions\/11480"}],"up":[{"embeddable":true,"href":"https:\/\/www.darksky.ch\/dss\/de\/wp-json\/wp\/v2\/pages\/13"}],"wp:attachment":[{"href":"https:\/\/www.darksky.ch\/dss\/de\/wp-json\/wp\/v2\/media?parent=446"}],"curies":[{"name":"wp","href":"https:\/\/api.w.org\/{rel}","templated":true}]}}