

{"id":46,"date":"2016-06-16T20:11:33","date_gmt":"2016-06-16T18:11:33","guid":{"rendered":"http:\/\/www.darksky.ch\/dsx\/?page_id=46"},"modified":"2025-05-30T19:10:27","modified_gmt":"2025-05-30T17:10:27","slug":"lichtverschmutzung","status":"publish","type":"page","link":"https:\/\/www.darksky.ch\/dss\/de\/wissen\/lichtverschmutzung\/","title":{"rendered":"Lichtverschmutzung"},"content":{"rendered":"<div id=\"c70\" class=\"csc-default\">\n<p class=\"bodytext\">Lichtverschmutzung ist die k\u00fcnstliche Aufhellung des Nachthimmels und die st\u00f6rende Auswirkung von Licht auf Mensch und Natur.<\/p>\n<p class=\"bodytext\">Der Begriff Lichtverschmutzung ist eine direkte \u00dcbersetzung aus dem Englischen (Light Pollution). Es handelt sich um eine anerkannte Form von Umweltverschmutzung wie etwa Luft- oder Gew\u00e4sserverschmutzung.<\/p>\n<p class=\"bodytext\">Lichtverschmutzung kann mit der Einhaltung einiger einfacher\u00a0Regeln\u00a0wesentlich eingeschr\u00e4nkt werden, so wie sie die <a href=\"http:\/\/www.darksky.ch\/dss\/de\/2013\/03\/sia-norm-491-sn-586-491-sia-4912013\/\">SIA Norm 491<\/a> verlangt.<\/p>\n<figure id=\"attachment_430\" aria-describedby=\"caption-attachment-430\" style=\"width: 450px\" class=\"wp-caption alignleft\"><img loading=\"lazy\" decoding=\"async\" class=\"wp-image-430 size-full\" src=\"http:\/\/www.darksky.ch\/dss\/wp-content\/uploads\/2016\/06\/stadtgrenze_01.gif\" alt=\"Licht macht nicht Halt an der Stadtgrenze. Es verbreitet sich praktisch ungehindert in der Atmosph\u00e4re und erhellt so auch Gebiete fernab von St\u00e4dten. (Animation: G. Schwarz)\" width=\"450\" height=\"281\" \/><figcaption id=\"caption-attachment-430\" class=\"wp-caption-text\">Licht macht nicht Halt an der Stadtgrenze. Es verbreitet sich praktisch ungehindert in der Atmosph\u00e4re und erhellt so auch Gebiete fernab von St\u00e4dten. (Animation: G. Schwarz)<\/figcaption><\/figure>\n<p>&nbsp;<\/p>\n<\/div>\n<p>&nbsp;<\/p>\n<p>&nbsp;<\/p>\n<p>&nbsp;<\/p>\n<p>&nbsp;<\/p>\n<p>&nbsp;<\/p>\n<p>&nbsp;<\/p>\n<div id=\"c70\" class=\"csc-default\">\n<div id=\"c205\" class=\"csc-default\">\n<div class=\"csc-textpic csc-textpic-left csc-textpic-above\">\n<div class=\"csc-textpic-text\">\n<p class=\"bodytext\"><a href=\"http:\/\/www.darksky.ch\/dss\/wp-content\/uploads\/2016\/08\/Doppelpunkt_24.10.2006.mp3\"><img loading=\"lazy\" decoding=\"async\" class=\"alignnone wp-image-431 size-full\" src=\"http:\/\/www.darksky.ch\/dss\/wp-content\/uploads\/2016\/06\/podcast_24.10.2006.gif\" alt=\"podcast_24.10.2006\" width=\"150\" height=\"150\" \/><\/a><\/p>\n<p class=\"bodytext\">M\u00f6chten Sie mehr \u00dcber Lichtverschmutzung erfahren? Dark-Sky Switzerland empfiehlt Ihnen die ausgezeichnete\u00a0\u00abDoppelpunkt\u00bb-Sendung von Schweizer Radio DRS vom 24. Oktober 2006. Die Sendung bringt das Thema Lichtverschmutzung den H\u00f6rerinnen und H\u00f6rern n\u00e4her und l\u00e4sst mehrere Schweizer Experten zu Wort kommen.<\/p>\n<div><strong>Lichtverschmutzung weltweit<\/strong><\/div>\n<div>\n<figure id=\"attachment_436\" aria-describedby=\"caption-attachment-436\" style=\"width: 840px\" class=\"wp-caption alignnone\"><img loading=\"lazy\" decoding=\"async\" class=\"size-large wp-image-436\" src=\"http:\/\/www.darksky.ch\/dss\/wp-content\/uploads\/2016\/06\/737848main_earth_night_rotate_lrg_full-1020x574.jpg\" alt=\"NASA Erde bei Nacht\" width=\"840\" height=\"473\" srcset=\"https:\/\/www.darksky.ch\/dss\/wp-content\/uploads\/2016\/06\/737848main_earth_night_rotate_lrg_full-1020x574.jpg 1020w, https:\/\/www.darksky.ch\/dss\/wp-content\/uploads\/2016\/06\/737848main_earth_night_rotate_lrg_full-300x169.jpg 300w, https:\/\/www.darksky.ch\/dss\/wp-content\/uploads\/2016\/06\/737848main_earth_night_rotate_lrg_full-1200x675.jpg 1200w, https:\/\/www.darksky.ch\/dss\/wp-content\/uploads\/2016\/06\/737848main_earth_night_rotate_lrg_full.jpg 1920w\" sizes=\"auto, (max-width: 709px) 85vw, (max-width: 909px) 67vw, (max-width: 1362px) 62vw, 840px\" \/><figcaption id=\"caption-attachment-436\" class=\"wp-caption-text\">NASA Erde bei Nacht<\/figcaption><\/figure>\n<\/div>\n<div>\n<p>Lichtverschmutzung ist ein weltweites Ph\u00e4nomen. Kompositionen von Satellitenaufnahmen zeigen eindr\u00fccklich, wie stark vor allem in den Industrienationen die Lichtemissionen zunehmen und die Nacht erhellen.<\/p>\n<\/div>\n<div><strong>Lichtverschmutzung in Europa<\/strong><\/div>\n<div>\n<figure id=\"attachment_437\" aria-describedby=\"caption-attachment-437\" style=\"width: 840px\" class=\"wp-caption alignnone\"><img loading=\"lazy\" decoding=\"async\" class=\"size-large wp-image-437\" src=\"http:\/\/www.darksky.ch\/dss\/wp-content\/uploads\/2016\/06\/Falchi_Light_Pollution_Europe_2015-1020x994.jpg\" alt=\"Lichtverschmutzung (Aufhellung des Nachthimmels im Zenit) nach Falchi et al. in Europa, 2015\" width=\"840\" height=\"819\" srcset=\"https:\/\/www.darksky.ch\/dss\/wp-content\/uploads\/2016\/06\/Falchi_Light_Pollution_Europe_2015-1020x994.jpg 1020w, https:\/\/www.darksky.ch\/dss\/wp-content\/uploads\/2016\/06\/Falchi_Light_Pollution_Europe_2015-300x292.jpg 300w, https:\/\/www.darksky.ch\/dss\/wp-content\/uploads\/2016\/06\/Falchi_Light_Pollution_Europe_2015.jpg 1060w\" sizes=\"auto, (max-width: 709px) 85vw, (max-width: 909px) 67vw, (max-width: 1362px) 62vw, 840px\" \/><figcaption id=\"caption-attachment-437\" class=\"wp-caption-text\">Lichtverschmutzung (Aufhellung des Nachthimmels im Zenit) nach Falchi et al. in Europa, 2015<\/figcaption><\/figure>\n<\/div>\n<div>\n<p>Diese Falschfarbendarstellung von Europa zeigt deutlich, dass die Lichtverschmutzung in den grossen Ballungszentren stark ausgepr\u00e4gt ist. W\u00e4hrend in Spanien einige Gebiete noch vorwiegend lichtverschmutzungsarm sind, machen sich vor allem in Grossbritannien, Benelux-Staaten, Deutschland und Italien die massiven Lichtemissionen bemerkbar. Die Schweiz leidet ebenfalls unter mittlerer bis starker Lichtverschmutzung. Ein nat\u00fcrlich dunkler Himmel ist nur noch \u00fcber den schwarzen Fl\u00e4chen vorhanden.<\/p>\n<p><strong>Lichtverschmutzung in der Schweiz<\/strong><\/p>\n<figure id=\"attachment_441\" aria-describedby=\"caption-attachment-441\" style=\"width: 840px\" class=\"wp-caption alignnone\"><img loading=\"lazy\" decoding=\"async\" class=\"size-large wp-image-441\" src=\"http:\/\/www.darksky.ch\/dss\/wp-content\/uploads\/2016\/06\/CH-artificial-sky-brightness-atlas-2015-1020x721.jpg\" alt=\"Die Aufhellung des Nachthimmels durch Kunstlicht in der Schweiz (Daten vom Weltatlas von Falchi et al.).\" width=\"840\" height=\"594\" srcset=\"https:\/\/www.darksky.ch\/dss\/wp-content\/uploads\/2016\/06\/CH-artificial-sky-brightness-atlas-2015-1020x721.jpg 1020w, https:\/\/www.darksky.ch\/dss\/wp-content\/uploads\/2016\/06\/CH-artificial-sky-brightness-atlas-2015-300x212.jpg 300w, https:\/\/www.darksky.ch\/dss\/wp-content\/uploads\/2016\/06\/CH-artificial-sky-brightness-atlas-2015-1200x848.jpg 1200w\" sizes=\"auto, (max-width: 709px) 85vw, (max-width: 909px) 67vw, (max-width: 1362px) 62vw, 840px\" \/><figcaption id=\"caption-attachment-441\" class=\"wp-caption-text\">Die Aufhellung des Nachthimmels durch Kunstlicht in der Schweiz (Daten vom Weltatlas von Falchi et al., Aufbereitung durch Stefano Klett, Dark-Sky Switzerland).<\/figcaption><\/figure>\n<p>Auch die Schweiz leidet an Lichtverschmutzung\u00a0\u2013\u00a0mehr, als man glauben m\u00f6chte. In den Bergen ist der Sternenhimmel zwar wesentlich besser zu sehen als im Mittelland und der Agglomeration der St\u00e4dte. Dennoch\u00a0gibt es in der ganzen Schweiz keinen Ort mehr, wo in der Nacht nat\u00fcrliche Dunkelheit erreicht wird.<\/p>\n<\/div>\n<\/div>\n<\/div>\n<\/div>\n<div id=\"c103\" class=\"csc-default\">Lesebeispiele zur Karte: Dunkelste blaue Flecken in den Alpen (Aufhellung des Nachthimmels zwischen 8-16%), Purpur gef\u00e4rbte Innenst\u00e4dte wie Z\u00fcrich, Genf, Basel, Lausanne (Aufhellung des Nachthimmels 1020-2050%)!<\/div>\n<div class=\"csc-default\"><\/div>\n<div id=\"c98\" class=\"csc-default\">Seit die Lichtverschmutzung wegen dem Insektensterben an Bedeutung zugelegt hat, sind auch viele <a href=\"http:\/\/www.darksky.ch\/dss\/de\/freunde\/\" target=\"_blank\" rel=\"noopener noreferrer\">befreundete (Umwelt- und Naturschutz-)Organisationen<\/a> auf das Thema aufmerksam geworden. Exemplarisch soll hier Birdlife aus dem Kanton Aargau erw\u00e4hnt werden, die in ihrer Zeitschrift Milan den Schwerpunkt Lichtverschmutzung gesetzt haben.<\/div>\n<\/div>\n","protected":false},"excerpt":{"rendered":"<p>Lichtverschmutzung ist die k\u00fcnstliche Aufhellung des Nachthimmels und die st\u00f6rende Auswirkung von Licht auf Mensch und Natur. Der Begriff Lichtverschmutzung ist eine direkte \u00dcbersetzung aus dem Englischen (Light Pollution). Es handelt sich um eine anerkannte Form von Umweltverschmutzung wie etwa Luft- oder Gew\u00e4sserverschmutzung. Lichtverschmutzung kann mit der Einhaltung einiger einfacher\u00a0Regeln\u00a0wesentlich eingeschr\u00e4nkt werden, so wie sie &hellip; <a href=\"https:\/\/www.darksky.ch\/dss\/de\/wissen\/lichtverschmutzung\/\" class=\"more-link\">Continue reading<span class=\"screen-reader-text\"> &#8222;Lichtverschmutzung&#8220;<\/span><\/a><\/p>\n","protected":false},"author":2,"featured_media":0,"parent":13,"menu_order":0,"comment_status":"closed","ping_status":"closed","template":"","meta":{"_acf_changed":false,"footnotes":""},"class_list":["post-46","page","type-page","status-publish","hentry"],"acf":[],"_links":{"self":[{"href":"https:\/\/www.darksky.ch\/dss\/de\/wp-json\/wp\/v2\/pages\/46","targetHints":{"allow":["GET"]}}],"collection":[{"href":"https:\/\/www.darksky.ch\/dss\/de\/wp-json\/wp\/v2\/pages"}],"about":[{"href":"https:\/\/www.darksky.ch\/dss\/de\/wp-json\/wp\/v2\/types\/page"}],"author":[{"embeddable":true,"href":"https:\/\/www.darksky.ch\/dss\/de\/wp-json\/wp\/v2\/users\/2"}],"replies":[{"embeddable":true,"href":"https:\/\/www.darksky.ch\/dss\/de\/wp-json\/wp\/v2\/comments?post=46"}],"version-history":[{"count":18,"href":"https:\/\/www.darksky.ch\/dss\/de\/wp-json\/wp\/v2\/pages\/46\/revisions"}],"predecessor-version":[{"id":16127,"href":"https:\/\/www.darksky.ch\/dss\/de\/wp-json\/wp\/v2\/pages\/46\/revisions\/16127"}],"up":[{"embeddable":true,"href":"https:\/\/www.darksky.ch\/dss\/de\/wp-json\/wp\/v2\/pages\/13"}],"wp:attachment":[{"href":"https:\/\/www.darksky.ch\/dss\/de\/wp-json\/wp\/v2\/media?parent=46"}],"curies":[{"name":"wp","href":"https:\/\/api.w.org\/{rel}","templated":true}]}}