

{"id":486,"date":"2016-08-30T17:18:10","date_gmt":"2016-08-30T15:18:10","guid":{"rendered":"http:\/\/www.darksky.ch\/dsx\/de\/?page_id=486"},"modified":"2016-08-30T17:24:07","modified_gmt":"2016-08-30T15:24:07","slug":"gestresste-pflanzen","status":"publish","type":"page","link":"https:\/\/www.darksky.ch\/dss\/de\/wissen\/auswirkungen-der-lichtverschmutzung\/gestresste-pflanzen\/","title":{"rendered":"Gestresste Pflanzen"},"content":{"rendered":"<div class=\"mceTemp\"><strong>Beeintr\u00e4chtigtes Pflanzenwachstum<\/strong><\/div>\n<p>Helle N\u00e4chte haben Auswirkungen auf das Pflanzenwachstum. So k\u00f6nnen sich Bl\u00fctezeiten verschieben, was unter anderem zu Frostsch\u00e4den f\u00fchren kann.<\/p>\n<div class=\"csc-textpic-text\">\n<p class=\"bodytext\">F\u00fcr die Entwicklungsvorg\u00e4nge in einer Pflanze ist die Beleuchtungsdauer von entscheidender Bedeutung. Die Tages- und Nachtl\u00e4nge beeinflusst bei vielen Arten den Beginn und das Ende von Ruheperioden, die Wachstumsrate, Bl\u00fcte, Reifung, Blattfall\u00a0undFrostresistenz.<\/p>\n<p class=\"bodytext\">Obwohl die Einfl\u00fcsse von k\u00fcnstlichem Licht auf Pflanzen in der freien Natur noch weitgehend unerforscht sind, gibt es Hinweise auf \u00abunerw\u00fcnschte Nebenwirkungen\u00bb. So kann bei gewissen Pflanzen beobachtet werden, dass Lichtemissionen den Blatt- oder Bl\u00fctentrieb zu fr\u00fch ausl\u00f6sen. Unnat\u00fcrlich kurze N\u00e4chte im Herbst k\u00f6nnen aber auch den Blattabwurf und den Beginn der Winterruhe verz\u00f6gern.<\/p>\n<p class=\"bodytext\">All diese Einfl\u00fcsse k\u00f6nnen zur Frostgef\u00e4hrdung und zu allgemeiner Schw\u00e4chung von Pflanzen in Lichtkegeln\u00a0f\u00fchren.<\/p>\n<figure id=\"attachment_488\" aria-describedby=\"caption-attachment-488\" style=\"width: 285px\" class=\"wp-caption alignnone\"><img loading=\"lazy\" decoding=\"async\" class=\"wp-image-488 size-full\" src=\"http:\/\/www.darksky.ch\/dss\/wp-content\/uploads\/2016\/08\/pflanzen.jpg\" alt=\"Nur die Bl\u00e4tter unter der Strassenlampe haben noch nicht gemerkt, dass es Herbst ist.\" width=\"285\" height=\"252\" \/><figcaption id=\"caption-attachment-488\" class=\"wp-caption-text\">Nur die Bl\u00e4tter unter der Strassenlampe haben noch nicht gemerkt, dass es Herbst ist.<\/figcaption><\/figure>\n<p>&nbsp;<\/p>\n<p class=\"bodytext\">\n<\/div>\n","protected":false},"excerpt":{"rendered":"<p>Beeintr\u00e4chtigtes Pflanzenwachstum Helle N\u00e4chte haben Auswirkungen auf das Pflanzenwachstum. So k\u00f6nnen sich Bl\u00fctezeiten verschieben, was unter anderem zu Frostsch\u00e4den f\u00fchren kann. F\u00fcr die Entwicklungsvorg\u00e4nge in einer Pflanze ist die Beleuchtungsdauer von entscheidender Bedeutung. Die Tages- und Nachtl\u00e4nge beeinflusst bei vielen Arten den Beginn und das Ende von Ruheperioden, die Wachstumsrate, Bl\u00fcte, Reifung, Blattfall\u00a0undFrostresistenz. Obwohl die &hellip; <a href=\"https:\/\/www.darksky.ch\/dss\/de\/wissen\/auswirkungen-der-lichtverschmutzung\/gestresste-pflanzen\/\" class=\"more-link\">Continue reading<span class=\"screen-reader-text\"> &#8222;Gestresste Pflanzen&#8220;<\/span><\/a><\/p>\n","protected":false},"author":2,"featured_media":0,"parent":467,"menu_order":1,"comment_status":"closed","ping_status":"closed","template":"","meta":{"_acf_changed":false,"footnotes":""},"class_list":["post-486","page","type-page","status-publish","hentry"],"acf":[],"_links":{"self":[{"href":"https:\/\/www.darksky.ch\/dss\/de\/wp-json\/wp\/v2\/pages\/486","targetHints":{"allow":["GET"]}}],"collection":[{"href":"https:\/\/www.darksky.ch\/dss\/de\/wp-json\/wp\/v2\/pages"}],"about":[{"href":"https:\/\/www.darksky.ch\/dss\/de\/wp-json\/wp\/v2\/types\/page"}],"author":[{"embeddable":true,"href":"https:\/\/www.darksky.ch\/dss\/de\/wp-json\/wp\/v2\/users\/2"}],"replies":[{"embeddable":true,"href":"https:\/\/www.darksky.ch\/dss\/de\/wp-json\/wp\/v2\/comments?post=486"}],"version-history":[{"count":3,"href":"https:\/\/www.darksky.ch\/dss\/de\/wp-json\/wp\/v2\/pages\/486\/revisions"}],"predecessor-version":[{"id":490,"href":"https:\/\/www.darksky.ch\/dss\/de\/wp-json\/wp\/v2\/pages\/486\/revisions\/490"}],"up":[{"embeddable":true,"href":"https:\/\/www.darksky.ch\/dss\/de\/wp-json\/wp\/v2\/pages\/467"}],"wp:attachment":[{"href":"https:\/\/www.darksky.ch\/dss\/de\/wp-json\/wp\/v2\/media?parent=486"}],"curies":[{"name":"wp","href":"https:\/\/api.w.org\/{rel}","templated":true}]}}