

{"id":50,"date":"2016-06-16T20:22:53","date_gmt":"2016-06-16T18:22:53","guid":{"rendered":"http:\/\/www.darksky.ch\/dsx\/?page_id=50"},"modified":"2017-04-03T00:58:30","modified_gmt":"2017-04-02T22:58:30","slug":"licht","status":"publish","type":"page","link":"https:\/\/www.darksky.ch\/dss\/de\/wissen\/licht\/","title":{"rendered":"Licht"},"content":{"rendered":"<h3>Was ist Licht?<\/h3>\n<p>Licht ist eine Form von Energie. Die \u00dcbertragung dieser Energie erfolgt als Strahlung. Licht ist nur ein kleiner Teil aus dem Spektrum der gesamten Strahlung, die von der kurzwelligen kosmischen Strahlung bis zur vom Menschen erzeugten elektrischen Energie reicht.<\/p>\n<p><a href=\"http:\/\/www.darksky.ch\/dss\/wp-content\/uploads\/2016\/06\/ganzesSkeptrum.png\"><img loading=\"lazy\" decoding=\"async\" class=\"aligncenter wp-image-5273 size-full\" title=\"Spektrum \u00a9 Roland Bodenmann\" src=\"http:\/\/www.darksky.ch\/dss\/wp-content\/uploads\/2016\/06\/ganzesSkeptrum.png\" alt=\"ganzesskeptrum\" width=\"786\" height=\"122\" srcset=\"https:\/\/www.darksky.ch\/dss\/wp-content\/uploads\/2016\/06\/ganzesSkeptrum.png 786w, https:\/\/www.darksky.ch\/dss\/wp-content\/uploads\/2016\/06\/ganzesSkeptrum-300x47.png 300w\" sizes=\"auto, (max-width: 786px) 85vw, 786px\" \/><\/a><\/p>\n<p>Die Atmosph\u00e4re der Erde l\u00e4sst den optischen Strahlungsbereich von Licht durch und der reicht von \u03bb = 100 nm (Ultraviolett) bis \u03bb = 1 mm (Infrarot) Wellenl\u00e4nge.<\/p>\n<p>Der f\u00fcr uns Menschen sichtbare Bereich von Licht (Regenbogen) liegt zwischen \u03bb = 380 und 780 nm Wellenl\u00e4nge, wobei wir bei \u03bb = 555 nm am besten sehen.<\/p>\n<p><a href=\"http:\/\/www.darksky.ch\/dss\/wp-content\/uploads\/2016\/06\/Regenbogenspektrum.png\"><img loading=\"lazy\" decoding=\"async\" class=\"alignright wp-image-5274 size-full\" title=\"Spektrum Regenbogen \u00a9 Roland Bodenmann\" src=\"http:\/\/www.darksky.ch\/dss\/wp-content\/uploads\/2016\/06\/Regenbogenspektrum.png\" alt=\"regenbogenspektrum\" width=\"787\" height=\"338\" srcset=\"https:\/\/www.darksky.ch\/dss\/wp-content\/uploads\/2016\/06\/Regenbogenspektrum.png 787w, https:\/\/www.darksky.ch\/dss\/wp-content\/uploads\/2016\/06\/Regenbogenspektrum-300x129.png 300w\" sizes=\"auto, (max-width: 787px) 85vw, 787px\" \/><\/a><\/p>\n<p>Farbiges Licht zeigt nur Ausschnitte aus dem Spektrum, weisses Licht enth\u00e4lt viele oder alle Anteile aus dem Spektrum.<\/p>\n<p><a href=\"http:\/\/www.darksky.ch\/dss\/wp-content\/uploads\/2016\/06\/Na_2000K.png\"><img loading=\"lazy\" decoding=\"async\" class=\"aligncenter wp-image-5276 size-full\" title=\"Spektrum Natriumdampf 2000K @ Roland Bodenmann\" src=\"http:\/\/www.darksky.ch\/dss\/wp-content\/uploads\/2016\/06\/Na_2000K.png\" alt=\"Natriumdampflampe Spektrum \u00a9 Netzwerk Licht\" width=\"620\" height=\"310\" srcset=\"https:\/\/www.darksky.ch\/dss\/wp-content\/uploads\/2016\/06\/Na_2000K.png 620w, https:\/\/www.darksky.ch\/dss\/wp-content\/uploads\/2016\/06\/Na_2000K-300x150.png 300w\" sizes=\"auto, (max-width: 620px) 85vw, 620px\" \/><\/a><\/p>\n<p><em>Das Spektrum einer Natriumdampflampe erscheint unserem Auge gelblich-orange. Farbtemperatur 2&#8217;000K.<\/em><\/p>\n<p><a href=\"http:\/\/www.darksky.ch\/dss\/wp-content\/uploads\/2016\/06\/LED_2200K.png\"><img loading=\"lazy\" decoding=\"async\" class=\"aligncenter wp-image-5277 size-full\" title=\"Spektrum LED 2200K @ Roland Bodenmann\" src=\"http:\/\/www.darksky.ch\/dss\/wp-content\/uploads\/2016\/06\/LED_2200K.png\" alt=\"LED 2200K \u00a9 Netzwerk Licht\" width=\"620\" height=\"310\" srcset=\"https:\/\/www.darksky.ch\/dss\/wp-content\/uploads\/2016\/06\/LED_2200K.png 620w, https:\/\/www.darksky.ch\/dss\/wp-content\/uploads\/2016\/06\/LED_2200K-300x150.png 300w\" sizes=\"auto, (max-width: 620px) 85vw, 620px\" \/><\/a><\/p>\n<p><em>Das Spektrum dieser\u00a0LED-Lampe erscheint unserem Auge weiss mit einem Ton ins Hellgelbe. Farbtemperatur 2&#8217;200K. Per Definition bedeutet warmweiss \u2248\u00a03&#8217;000K. Diese Lampe ist w\u00e4rmer.<\/em><\/p>\n<p><a href=\"http:\/\/www.darksky.ch\/dss\/wp-content\/uploads\/2016\/06\/LED_5200K.png\"><img loading=\"lazy\" decoding=\"async\" class=\"aligncenter wp-image-5278 size-full\" title=\"Spektrum LED 5200K \u00a9 Roland Bodenmann\" src=\"http:\/\/www.darksky.ch\/dss\/wp-content\/uploads\/2016\/06\/LED_5200K.png\" alt=\"LED 5200K \u00a9 Netzwerk Licht\" width=\"620\" height=\"310\" srcset=\"https:\/\/www.darksky.ch\/dss\/wp-content\/uploads\/2016\/06\/LED_5200K.png 620w, https:\/\/www.darksky.ch\/dss\/wp-content\/uploads\/2016\/06\/LED_5200K-300x150.png 300w\" sizes=\"auto, (max-width: 620px) 85vw, 620px\" \/><\/a><\/p>\n<p><em>Das Spektrum einer kaltweissen LED-Lampe erscheint unserem Auge weiss mit einem blendend oder grell\u00a0empfundenen Ton ins Blaue. Farbtemperatur 5&#8217;200K.<\/em><\/p>\n<p>Die Strahlungswellen von gl\u00fchenden Lichtquellen schwingen in alle Richtungen. Wenn Licht nur in einer Ebene schwingt, ist es vollst\u00e4ndig polarisiert. Polarisiertes Licht entsteht durch Interaktion mit Oberfl\u00e4chen, an denen es reflektiert oder streut. So gibt es eine nat\u00fcrliche Polarisation von reflektiertem Licht auf Wasseroberfl\u00e4chen und dem gestreuten blauen Licht am Himmel. Das nutzen manche Tiere (z.B. Honigbienen) zur Orientierung aus. Und Fotografen benutzen einen Polfilter, um polarisiertes Licht zu unterdr\u00fccken, so dass die Kontraste des Himmels oder gl\u00e4nzende Oberfl\u00e4chen sch\u00f6ner erscheinen.<\/p>\n<h4>Welle oder Teilchen?<\/h4>\n<p>Nicht alle Eigenschaften von Licht lassen sich mit Strahlungswellen erkl\u00e4ren. Deshalb gibt es eine andere Vorstellung von Licht als Teilchen. Es wird in Quanten ausgestrahlt (ein Quantum Licht ist ein Lichtpaket einer bestimmten Frequenz, bzw. Energie) und wird Photon genannt. Lichtteilchen, also die Photonen selbst, sind unsichtbar. Photonen werden erst durch Interaktion mit einem Empf\u00e4nger (Netzhaut, Sensorchip, Film, Fotopapier, Materie, Gas) sichtbar gemacht. Das heisst, wir sehen Licht im Vakuum nie, und auch in der Luft nur, wenn es an Stickstoff oder Wasser streut und auf die Netzhaut im Auge trifft.<\/p>\n<p>Photonen fliegen solange geradeaus weiter, bis sie auf ein Hindernis treffen und mit etwas anderem interagieren. Sprich: Lichtstrahlen sind gerade und nicht gekr\u00fcmmt. Nach Albert Einstein gibt es eine Ausnahme: In Gegenwart von grossen Massen (z.B. unserer Sonne), werden Photonen durch die Schwerkraft abgelenkt. Man kann ihnen eine relativistische Masse zuweisen, auch wenn sie keine Ruhemasse haben.<\/p>\n<p>Blaues Licht hat eine niedrige Wellenl\u00e4nge und eine hohe Frequenz.<br \/>\nRotes Licht hat eine grosse Wellenl\u00e4nge und eine niedrige Frequenz.<br \/>\nBlaues Licht hat demzufolge eine h\u00f6here Energie als rotes Licht.<\/p>\n<h3>Wie kann man Licht messen und vergleichen?<\/h3>\n<p>Wer Licht messen will, muss im Grunde Photonen einfangen und z\u00e4hlen. Jede digitale Kamera macht nichts anderes im Sensorchip (meist CCD = Charged-Coupled Device). Das funktioniert \u00e4hnlich wie eine Solarzelle. Statt aus Licht direkt Strom zu machen, speichert es aber die Elektronen und kann sie sp\u00e4ter pro Pixel auslesen. Fr\u00fcher war es der analoge Fotofilm, der die Photonen in einer chemischen Reaktion mit Silberionen eingefangen hat.<\/p>\n<h4>Lichtstrom<\/h4>\n<p>Der <strong>Lichtstrom \u03a6\u00a0<\/strong>ist die Strahlungs- oder Lichtleistung einer Lichtquelle und wird in <strong>Lumen [lm]<\/strong> gemessen. Sie finden heute beim Lampenkauf auch auf der Verpackung die Lumen angegeben.<\/p>\n<p><a href=\"http:\/\/www.darksky.ch\/dss\/wp-content\/uploads\/2016\/06\/Lichtstrom.png\"><img loading=\"lazy\" decoding=\"async\" class=\"aligncenter wp-image-5296 size-full\" title=\"Lichtstrom @ Roland Bodenmann\" src=\"http:\/\/www.darksky.ch\/dss\/wp-content\/uploads\/2016\/06\/Lichtstrom.png\" alt=\"lichtstrom\" width=\"255\" height=\"277\" \/><\/a><\/p>\n<h4>Lichtst\u00e4rke<\/h4>\n<p>Von einer Punktlichtquelle kann man die <strong>Lichtst\u00e4rke in Candela [cd]<\/strong> angeben. Ein Candela (lat. f\u00fcr Kerze) ist eine Grundeinheit im SI-System.<\/p>\n<p><a href=\"http:\/\/www.darksky.ch\/dss\/wp-content\/uploads\/2016\/06\/Lichtstaerke.png\"><img loading=\"lazy\" decoding=\"async\" class=\"aligncenter wp-image-5297 size-full\" title=\"Lichtst\u00e4rke @ Roland Bodenmann\" src=\"http:\/\/www.darksky.ch\/dss\/wp-content\/uploads\/2016\/06\/Lichtstaerke.png\" alt=\"lichtstaerke\" width=\"370\" height=\"494\" srcset=\"https:\/\/www.darksky.ch\/dss\/wp-content\/uploads\/2016\/06\/Lichtstaerke.png 370w, https:\/\/www.darksky.ch\/dss\/wp-content\/uploads\/2016\/06\/Lichtstaerke-225x300.png 225w\" sizes=\"auto, (max-width: 370px) 85vw, 370px\" \/><\/a><\/p>\n<p>Hat eine Punktlichtquelle ein Candela und strahlt diese innerhalb des\u00a0Raumwinkels von 1 Steradiant [sr] (d.h. \u00fcber einen Quadratmeter auf einer Kugel mit einem Meter Radius) konstant, dann erzeugt das genau den Lichtstrom von 1 lm = 1 cd\u00b7sr.<\/p>\n<h4>Beleuchtungsst\u00e4rke<\/h4>\n<p>Trifft ein Lichtstrom auf eine ebene Fl\u00e4che A, ist die\u00a0dort eintreffende <strong>Beleuchtungsst\u00e4rke E in der Einheit Lux [lx] <\/strong>als<strong> E = \u03a6\u00a0\/ A\u00a0<\/strong>definiert, also<strong> [lm\/m<sup>2<\/sup>]<\/strong>.<\/p>\n<p><a href=\"http:\/\/www.darksky.ch\/dss\/wp-content\/uploads\/2016\/06\/Beleuchtungsstaerke.png\"><img loading=\"lazy\" decoding=\"async\" class=\"aligncenter wp-image-5298 size-full\" title=\"Beleuchtungsst\u00e4rke @ Roland Bodenmann\" src=\"http:\/\/www.darksky.ch\/dss\/wp-content\/uploads\/2016\/06\/Beleuchtungsstaerke.png\" alt=\"beleuchtungsstaerke\" width=\"541\" height=\"329\" srcset=\"https:\/\/www.darksky.ch\/dss\/wp-content\/uploads\/2016\/06\/Beleuchtungsstaerke.png 541w, https:\/\/www.darksky.ch\/dss\/wp-content\/uploads\/2016\/06\/Beleuchtungsstaerke-300x182.png 300w\" sizes=\"auto, (max-width: 541px) 85vw, 541px\" \/><\/a>Ein Luxmeter misst die Beleuchtungsst\u00e4rke (meist \u00fcber einen grossen Einfallswinkel bis maximal 180\u00b0) und wird von Fotografen verwendet, um das eintreffende Licht\u00a0am Zielobjekt zu vermessen.<\/p>\n<p>In Normen zur Beurteilung von Anforderungen oder Immissionen werden oft <strong>E<sub>h<\/sub><\/strong> oder <strong>E<sub>v<\/sub><\/strong> verlangt. Das bezeichnet\u00a0die Beleuchtungsst\u00e4rke auf horizontaler (z.B. Fussg\u00e4ngerstreifen) oder vertikaler Fl\u00e4che (z.B. Schlafzimmerfenster).<\/p>\n<p>Das Licht, das auf die beleuchtete Fl\u00e4che f\u00e4llt, also die Beleuchtungsst\u00e4rke, ist nicht identisch mit dem Licht, das von der Ebene reflektiert wird. So hat zum Beispiel ein Fussballrasen eine Reflexionsgrad\u00a0von ca. 0.2, d.h. nur ein F\u00fcnftel des in der Norm vorgeschrieben Lichts wird im Gras sichtbar.<\/p>\n<h4>Leuchtdichte<\/h4>\n<p>Wenn wir messen wollen, wie hell die\u00a0Ebene erscheint, messen wir die <strong>Leuchtdichte L mit der Einheit [cd\/m<sup>2<\/sup>]<\/strong> des Rasens, also <strong>Lichtst\u00e4rke pro Fl\u00e4che<\/strong>.<\/p>\n<p><a href=\"http:\/\/www.darksky.ch\/dss\/wp-content\/uploads\/2016\/06\/Leuchtdichte.png\"><img loading=\"lazy\" decoding=\"async\" class=\"aligncenter wp-image-5299 size-full\" title=\"Leuchtdichte @ Roland Bodenmann\" src=\"http:\/\/www.darksky.ch\/dss\/wp-content\/uploads\/2016\/06\/Leuchtdichte.png\" alt=\"leuchtdichte\" width=\"542\" height=\"313\" srcset=\"https:\/\/www.darksky.ch\/dss\/wp-content\/uploads\/2016\/06\/Leuchtdichte.png 542w, https:\/\/www.darksky.ch\/dss\/wp-content\/uploads\/2016\/06\/Leuchtdichte-300x173.png 300w\" sizes=\"auto, (max-width: 542px) 85vw, 542px\" \/><\/a><\/p>\n<p>Das Leuchtdichte-Messger\u00e4t kann eine Licht reflektierende oder ausstrahlende\u00a0Quelle ins Visier nehmen und innerhalb eines kleinen Winkels (1\u00b0) auswerten. Durch Wiederholung der Messung wird die statistische Genauigkeit erh\u00f6ht. Es muss auch ausgeschlossen werden, dass nicht zum Beispiel viel Fremdlicht die Messung st\u00f6rt.<\/p>\n<p>Die <strong>Effizienz einer Lichtquelle wird in Lumen pro Watt [lm\/Watt]<\/strong> angegeben. Sie besagt nur, wie viel Licht pro\u00a0elektrischer Leistung aus der Steckdose\u00a0gewonnen wird. Leider bedeutet h\u00f6here\u00a0Effizienz nicht automatisch, dass das Licht besser geeignet f\u00fcr die Umwelt ist. Es stimmt nur f\u00fcr den Stromverbrauch, wenn man gleich viel Licht wie fr\u00fcher mit weniger elektrischer Energie erzeugen kann. Es stimmt aber oft nicht beim Spektrum, da die effizientere LED ein k\u00e4lteres, blaues Licht erzeugt.<\/p>\n<h3>Das menschliche (Tag-)Sehen<\/h3>\n<p>Das gesunde menschliche Auge besitzt Photorezeptoren f\u00fcr unterschiedliche Lichtfarben (Rot, Gr\u00fcn, Blau). Farbenblinde besitzen nicht alle Rezeptoren, daher sehen sie\u00a0die Welt weniger bunt und k\u00f6nnen manche\u00a0Farben schlechter unterscheiden.<\/p>\n<p>Vom Regenbogenspektrum sieht aber auch das gesunde Auge nicht alle Farben gleich gut.<\/p>\n<p><a href=\"http:\/\/www.darksky.ch\/dss\/wp-content\/uploads\/2016\/06\/Vlambda.png\"><img loading=\"lazy\" decoding=\"async\" class=\"aligncenter wp-image-5288 size-full\" title=\"Tagsehen Empfindlichkeitskurve @ Lukas Schuler\" src=\"http:\/\/www.darksky.ch\/dss\/wp-content\/uploads\/2016\/06\/Vlambda.png\" alt=\"vlambda\" width=\"806\" height=\"499\" srcset=\"https:\/\/www.darksky.ch\/dss\/wp-content\/uploads\/2016\/06\/Vlambda.png 806w, https:\/\/www.darksky.ch\/dss\/wp-content\/uploads\/2016\/06\/Vlambda-300x186.png 300w\" sizes=\"auto, (max-width: 806px) 85vw, 806px\" \/><\/a><\/p>\n<p><em>Der Gr\u00fcnrezeptor ist empfindlicher als der Rot- und Blaurezeptor. Die meiste uns umgebende, vitale und lebenswichtige Natur ist gr\u00fcn. Vielleicht hat uns das geholfen,\u00a0fruchtbares Land oder Gr\u00fcnfutter leichter zu entdecken.<\/em><\/p>\n<p>Die Lichtmessger\u00e4te f\u00fcr den Gebrauch in der Beleuchtungstechnik und Lichtplanung sind in der Regel f\u00fcr diese Kurve der Tageslichtempfindlichkeit des menschlichen Auges geeicht.<\/p>\n<p>Andere Sensoren, z.B. Kamerachips, nehmen oft\u00a0mehr vom l\u00e4ngerwelligen Teil\u00a0des Spektrums, also Infrarotstrahlung auf (wie Nachtsichtger\u00e4te).<\/p>\n<p>Man muss daher immer sicherstellen, dass Messdaten korrekt erfasst, gefiltert und verglichen werden.<\/p>\n<h3>Wann st\u00f6rt Licht?<\/h3>\n<p><strong>In erster Linie wenn es direkt blendet (Blendung).<\/strong><br \/>\n<strong>In\u00a0zweiter Linie wenn es indirekt blendet (Schleierreflexion).<\/strong><\/p>\n<h4>Blendung<\/h4>\n<p>Das Sehen\u00a0wird als unangenehm empfunden (psychologische Blendung) oder die Sehleistung wird unwiederbringlich vermindert (physiologische Blendung). Ursachen sind eine\u00a0ung\u00fcnstige Leuchtdichteverteilung oder zu hohe Kontraste.<\/p>\n<h4>Physiologische Blendung<\/h4>\n<p>Die physiologische Blendung\u00a0setzt die Sehfunktion\u00a0herab, ohne dass damit ein unangenehmes Gef\u00fchl verbunden sein muss. Ein extremes Beispiel sind Augensch\u00e4den durch\u00a0direkten Blick in Sonnenlicht oder in einen Laserstrahl, der die Netzhaut irreparabel sch\u00e4digt und einen messbaren Sehverlust zur Folge hat.<\/p>\n<h4>Psychologische\u00a0BLENDUNG<\/h4>\n<p>Die <strong>psychologische Blendung<\/strong>\u00a0ruft ein unangenehmes Gef\u00fchl hervor, ohne dass damit ein messbarer Unterschied des Sehverm\u00f6gens einhergehen muss. Jedoch ist das Grundproblem der\u00a0hohe kontrastreiche Leuchtdichteunterschied von Lichtquellen, welcher auf der Netzhaut zuviel Anregung der Rezeptoren verursacht und Nachbilder erzeugt. Alle Menschen kennen das, wenn sie\u00a0aus Versehen in die Sonne geblickt haben, das Augenlid schliessen und im Auge immer noch ein Nachbild der Sonne in verschiedenen Farben leuchten sehen, bis es irgendwann verblasst.<\/p>\n<h4>Schleierreflexion<\/h4>\n<p>Durch spiegelnde Oberfl\u00e4chen entstehen manchmal unerw\u00fcnschte Blendungen, so dass das spiegelnde Objekt gar nicht mehr richtig erkennbar ist.<\/p>\n<p>Blendung ist auch ein grosses Thema bei entgegenkommenden Fahrzeugen. Wird dadurch die eigene Sicht beeintr\u00e4chtigt, gef\u00e4hrdet das die <strong>Verkehrssicherheit.<\/strong><\/p>\n<p>&nbsp;<\/p>\n<p><strong>Licht st\u00f6rt\u00a0beim Einschlafen<\/strong>, da wir eine tiefe\u00a0Dunkelheit um uns brauchen, um gut und gesund zu Schlafen. Die meisten Beschwerden kommen zu Dark-Sky, weil das eigene Schlafzimmer betroffen ist. Dort geht es an die Gesundheit und betrifft einen am meisten.<\/p>\n<p>Sowohl bez\u00fcglich <strong>Blendung (Pupillenreflex)<\/strong> als auch bez\u00fcglich <strong>Schlaf (innere Uhr)<\/strong> sind wir <strong>Menschen und S\u00e4ugetiere auf blaues Licht empfindlich.<\/strong><\/p>\n<p>Die Nachttiere orientieren sich an blauem Licht st\u00e4rker, weil es der nat\u00fcrlichen Dunkelheit (Himmel, Mond und Sterne) eher entspricht.<\/p>\n<p>Blaues Licht streut zudem st\u00e4rker in der Atmosph\u00e4re (am Tag erscheint\u00a0der Himmel blau).<\/p>\n<p><strong>Blaues Licht st\u00f6rt\u00a0in vielen Aspekten st\u00e4rker\u00a0als rotes Licht.<\/strong><\/p>\n<p>Es kann jedoch gut sein, dass andere Organismen durch anderes Sehen auf anderes Licht empfindlich reagieren. Zum Beispiel leuchten Gl\u00fchw\u00fcrmchen-Weibchen gelb-gr\u00fcnlich. Es ist daher so, dass die M\u00e4nnchen\u00a0gr\u00fcnes Licht geringer Lichtst\u00e4rke am meisten anzieht, dass sie helles Licht aber komplett meiden, da sehen sie die Weibchen nicht mehr (siehe <a href=\"http:\/\/www.gluehwuermchen.ch\/archiv\/infoschweiz\/pool_beob_gwp\/2016_floodlight_glowworm_lusti_ineichen.pdf\" target=\"_blank\">Ineichen, Lusti 2016<\/a>).<\/p>\n<p><em>Dark-Sky Switzerland: Deshalb ist die Abschaltung, also kein Licht am falschen Ort zur falschen Zeit die einfachste und beste L\u00f6sung des Umweltproblems der <a href=\"http:\/\/www.darksky.ch\/dss\/de\/wissen\/lichtverschmutzung\/\">Lichtverschmutzung<\/a>.<\/em><\/p>\n<p>Wir danken unserem Vorstandsmitglied Roland Bodenmann vom Netzwerk Licht f\u00fcr die Graphiken und die Angabe der\u00a0Grundlagen zu dieser Seite.<\/p>\n<p>&nbsp;<\/p>\n","protected":false},"excerpt":{"rendered":"<p>Was ist Licht? Licht ist eine Form von Energie. Die \u00dcbertragung dieser Energie erfolgt als Strahlung. Licht ist nur ein kleiner Teil aus dem Spektrum der gesamten Strahlung, die von der kurzwelligen kosmischen Strahlung bis zur vom Menschen erzeugten elektrischen Energie reicht. Die Atmosph\u00e4re der Erde l\u00e4sst den optischen Strahlungsbereich von Licht durch und der &hellip; <a href=\"https:\/\/www.darksky.ch\/dss\/de\/wissen\/licht\/\" class=\"more-link\">Continue reading<span class=\"screen-reader-text\"> &#8222;Licht&#8220;<\/span><\/a><\/p>\n","protected":false},"author":2,"featured_media":0,"parent":13,"menu_order":0,"comment_status":"closed","ping_status":"closed","template":"","meta":{"_acf_changed":false,"footnotes":""},"class_list":["post-50","page","type-page","status-publish","hentry"],"acf":[],"_links":{"self":[{"href":"https:\/\/www.darksky.ch\/dss\/de\/wp-json\/wp\/v2\/pages\/50","targetHints":{"allow":["GET"]}}],"collection":[{"href":"https:\/\/www.darksky.ch\/dss\/de\/wp-json\/wp\/v2\/pages"}],"about":[{"href":"https:\/\/www.darksky.ch\/dss\/de\/wp-json\/wp\/v2\/types\/page"}],"author":[{"embeddable":true,"href":"https:\/\/www.darksky.ch\/dss\/de\/wp-json\/wp\/v2\/users\/2"}],"replies":[{"embeddable":true,"href":"https:\/\/www.darksky.ch\/dss\/de\/wp-json\/wp\/v2\/comments?post=50"}],"version-history":[{"count":42,"href":"https:\/\/www.darksky.ch\/dss\/de\/wp-json\/wp\/v2\/pages\/50\/revisions"}],"predecessor-version":[{"id":6989,"href":"https:\/\/www.darksky.ch\/dss\/de\/wp-json\/wp\/v2\/pages\/50\/revisions\/6989"}],"up":[{"embeddable":true,"href":"https:\/\/www.darksky.ch\/dss\/de\/wp-json\/wp\/v2\/pages\/13"}],"wp:attachment":[{"href":"https:\/\/www.darksky.ch\/dss\/de\/wp-json\/wp\/v2\/media?parent=50"}],"curies":[{"name":"wp","href":"https:\/\/api.w.org\/{rel}","templated":true}]}}