

{"id":502,"date":"2016-08-30T17:51:26","date_gmt":"2016-08-30T15:51:26","guid":{"rendered":"http:\/\/www.darksky.ch\/dsx\/de\/?page_id=502"},"modified":"2017-04-03T01:01:28","modified_gmt":"2017-04-02T23:01:28","slug":"vermeintliche-sicherheit","status":"publish","type":"page","link":"https:\/\/www.darksky.ch\/dss\/de\/wissen\/auswirkungen-der-lichtverschmutzung\/vermeintliche-sicherheit\/","title":{"rendered":"Vermeintliche Sicherheit"},"content":{"rendered":"<p>Licht in der Nacht bringt Sicherheit. Das ist die weit verbreitete Meinung. Doch der Schein tr\u00fcgt. Licht kann auch das Gegenteil bewirken. Denn ein Mass f\u00fcr Sicherheit ist die Orientierungsf\u00e4higkeit im Dunkeln und die Orientierung wiederum h\u00e4ngt von der Qualit\u00e4t der Lichtquellen und dem blendungsarmen Kontrast ab.<\/p>\n<p>Besonders \u00e4ltere Menschen werden viel rascher geblendet, da die Pupillen sich nicht mehr soweit \u00f6ffnen wie bei jungen Menschen (was hohe Kontraste bewirkt), und weil\u00a0die\u00a0Augenlinse mit dem Alter Tr\u00fcbungen entwickeln\u00a0kann, die interne Streureflexe verursachen.<\/p>\n<p><em>Dark-Sky Switzerland: Mehr Licht bedeutet nicht automatisch mehr Sicherheit.<\/em><\/p>\n<div id=\"main\">\n<div id=\"col3\">\n<div id=\"col3_content\" class=\"clearfix\">\n<div id=\"c168\" class=\"csc-default\">\n<div class=\"csc-textpic csc-textpic-left csc-textpic-below\">\n<div class=\"csc-textpic-text\">\n<p class=\"bodytext\">In den vergangenen Jahren hat die Politik die These verbreitet, dass mehr Licht auch mehr Sicherheit bedeutet. Mehr Licht vermittelt den Menschen zwar tats\u00e4chlich ein Gef\u00fchl von Sicherheit. Dieses ist aber subjektiv.<\/p>\n<p class=\"bodytext\">Es gibt hingegen\u00a0keinen Hinweis darauf, dass mehr Licht auch real zu mehr Sicherheit f\u00fchrt. Bestes Beispiel daf\u00fcr sind Schockbeleuchtungen bei Einfamilienh\u00e4usern, die Einbr\u00fcche verhindern sollen. Tatsache ist, dass Einbrecher sich durch entsprechende Leuchten nicht aufhalten lassen.<\/p>\n<p class=\"bodytext\"><b>Falsch eingesetztes Licht kann die Sicherheit sogar herabsetzen:\u00a0<\/b><b>durch Blendung<\/b><\/p>\n<p class=\"bodytext\"><b>Verkehr<\/b>: Wird ein Autofahrer durch falsch ausgerichtete Lampen geblendet, so k\u00f6nnen Fussg\u00e4nger, Velofahrer und andere Verkehrsteilnehmende ernsthaft gef\u00e4hrdet werden.<\/p>\n<p class=\"bodytext\"><b>Fussweg<\/b>: Viele der aktuell verwendeten Beleuchtungen (z.B. Kugel- oder Stableuchten) in Wohnsiedlungen blenden die Fussg\u00e4nger. Das blendende Licht l\u00e4sst den Weg in der Dunkelheit\u00a0\u00abverschwinden\u00bb, was\u00a0die Sicherheit merklich senkt.<\/p>\n<p class=\"bodytext\"><b>Geldautomat<\/b>: Banken suggerieren ihren Kunden in der Nacht mit hell erleuchteten Geldautomaten Sicherheit. Die Lichtst\u00e4rke blendet allerdings die Kunden, so dass Personen, die ausserhalb des\u00a0Lichtkegels in der Dunkelheit stehen, kaum zu sehen sind.<\/p>\n<p class=\"bodytext\"><b>\u00dcbrigens<\/b>: Das menschliche\u00a0Auge\u00a0hat mit zunehmendem Alter M\u00fche, sich schnell\u00a0wechselnden Lichtverh\u00e4ltnissen\u00a0anzupassen.<\/p>\n<figure id=\"attachment_504\" aria-describedby=\"caption-attachment-504\" style=\"width: 799px\" class=\"wp-caption alignleft\"><img loading=\"lazy\" decoding=\"async\" class=\"size-full wp-image-504\" src=\"http:\/\/www.darksky.ch\/dss\/wp-content\/uploads\/2016\/08\/blendenderweg.jpg\" alt=\" Dieser Weg ist denkbar ung\u00fcnstig ausgeleuchtet. Der Boden, der f\u00fcr die Fussg\u00e4nger sichtbar sein sollte, ist nur direkt neben den Lampen gut sichtbar. Dazwischen entstehen Beleuchtungsl\u00fccken. Die Sichtverh\u00e4ltnisse verschlechtern sich zus\u00e4tzlich durch die Blendung.\" width=\"799\" height=\"600\" srcset=\"https:\/\/www.darksky.ch\/dss\/wp-content\/uploads\/2016\/08\/blendenderweg.jpg 799w, https:\/\/www.darksky.ch\/dss\/wp-content\/uploads\/2016\/08\/blendenderweg-300x225.jpg 300w\" sizes=\"auto, (max-width: 799px) 85vw, 799px\" \/><figcaption id=\"caption-attachment-504\" class=\"wp-caption-text\"><br \/>Dieser Weg ist denkbar ung\u00fcnstig ausgeleuchtet. Der Boden, der f\u00fcr die Fussg\u00e4nger sichtbar sein sollte, ist nur direkt neben den Lampen gut sichtbar. Dazwischen entstehen Beleuchtungsl\u00fccken. Die Sichtverh\u00e4ltnisse verschlechtern sich zus\u00e4tzlich durch die Blendung.<\/figcaption><\/figure>\n<\/div>\n<p>Man bedenke auch einmal dies:\u00a0Wer mitten in der Nacht aufstehen muss, kommt mit extrem wenig Licht sicher ans Ziel (z.B. ins Badezimmer).<\/p>\n<p>Wer schon einmal eine Vollmond-Wanderung erlebt hat weiss, wie hell unser Trabant scheint. Das\u00a0sind maximal\u00a0nur 0.26 Lux. Jede Strassenbeleuchtung \u00fcbertrifft das Mondlicht bei weitem (5-20 Lux). Dies zeigt uns, wie wenig Licht wir nat\u00fcrlicherweise f\u00fcr unsere Orientierung brauchen.<\/p>\n<p>Am\u00a0hellen\u00a0Tageslicht sind bis \u00fcber 100&#8217;000 Lux vorhanden.<\/p>\n<\/div>\n<\/div>\n<\/div>\n<\/div>\n<\/div>\n","protected":false},"excerpt":{"rendered":"<p>Licht in der Nacht bringt Sicherheit. Das ist die weit verbreitete Meinung. Doch der Schein tr\u00fcgt. Licht kann auch das Gegenteil bewirken. Denn ein Mass f\u00fcr Sicherheit ist die Orientierungsf\u00e4higkeit im Dunkeln und die Orientierung wiederum h\u00e4ngt von der Qualit\u00e4t der Lichtquellen und dem blendungsarmen Kontrast ab. Besonders \u00e4ltere Menschen werden viel rascher geblendet, da &hellip; <a href=\"https:\/\/www.darksky.ch\/dss\/de\/wissen\/auswirkungen-der-lichtverschmutzung\/vermeintliche-sicherheit\/\" class=\"more-link\">Continue reading<span class=\"screen-reader-text\"> &#8222;Vermeintliche Sicherheit&#8220;<\/span><\/a><\/p>\n","protected":false},"author":2,"featured_media":0,"parent":467,"menu_order":4,"comment_status":"closed","ping_status":"closed","template":"","meta":{"_acf_changed":false,"footnotes":""},"class_list":["post-502","page","type-page","status-publish","hentry"],"acf":[],"_links":{"self":[{"href":"https:\/\/www.darksky.ch\/dss\/de\/wp-json\/wp\/v2\/pages\/502","targetHints":{"allow":["GET"]}}],"collection":[{"href":"https:\/\/www.darksky.ch\/dss\/de\/wp-json\/wp\/v2\/pages"}],"about":[{"href":"https:\/\/www.darksky.ch\/dss\/de\/wp-json\/wp\/v2\/types\/page"}],"author":[{"embeddable":true,"href":"https:\/\/www.darksky.ch\/dss\/de\/wp-json\/wp\/v2\/users\/2"}],"replies":[{"embeddable":true,"href":"https:\/\/www.darksky.ch\/dss\/de\/wp-json\/wp\/v2\/comments?post=502"}],"version-history":[{"count":8,"href":"https:\/\/www.darksky.ch\/dss\/de\/wp-json\/wp\/v2\/pages\/502\/revisions"}],"predecessor-version":[{"id":6991,"href":"https:\/\/www.darksky.ch\/dss\/de\/wp-json\/wp\/v2\/pages\/502\/revisions\/6991"}],"up":[{"embeddable":true,"href":"https:\/\/www.darksky.ch\/dss\/de\/wp-json\/wp\/v2\/pages\/467"}],"wp:attachment":[{"href":"https:\/\/www.darksky.ch\/dss\/de\/wp-json\/wp\/v2\/media?parent=502"}],"curies":[{"name":"wp","href":"https:\/\/api.w.org\/{rel}","templated":true}]}}