

{"id":508,"date":"2016-08-30T18:04:13","date_gmt":"2016-08-30T16:04:13","guid":{"rendered":"http:\/\/www.darksky.ch\/dsx\/de\/?page_id=508"},"modified":"2017-04-03T01:02:03","modified_gmt":"2017-04-02T23:02:03","slug":"kultureller-verlust","status":"publish","type":"page","link":"https:\/\/www.darksky.ch\/dss\/de\/wissen\/auswirkungen-der-lichtverschmutzung\/kultureller-verlust\/","title":{"rendered":"Kultureller Verlust"},"content":{"rendered":"<p>\u00dcber Jahrtausende beeinflusste und besch\u00e4ftigte der Sternenhimmel die Menschen.\u00a0Von jeher hat er die kulturellen, insbesondere auch die naturwissenschaftlichen Entwicklungen gepr\u00e4gt, war Inspirationsquelle f\u00fcr Dichter, Denker und Weltumsegler.<\/p>\n<p><em>Dark-Sky Switzerland: Der Sternenhimmel als Quelle der Inspiration\u00a0versiegt langsam aber sicher vollends bei uns.<\/em><\/p>\n<p>Kometen beispielsweise waren bei gewissen V\u00f6lkern Vorboten von Unheil, das sich mit dem hellen Himmelsschauspiel ank\u00fcndigte. Oder spezielle Konstellationen am Firmament k\u00fcndigten grosse Ereignisse an, wie etwa im Christentum die Geburt Jesu. Aber auch sp\u00e4ter hatte der Sternenhimmel einen wesentlichen Einfluss auf den Fortschritt. Die grossen Entdecker navigierten ihre Schiffe unter anderem mit Hilfe der Sterne \u00fcber die grossen Weltmeere.<\/p>\n<div class=\"csc-textpic-text\">\n<p class=\"bodytext\">Heute ertrinkt der Nachthimmel zunehmend im Licht der Grossst\u00e4dte. Damit verschwindet eines der eindrucksvollsten Naturph\u00e4nomene unserer Erde. Wer dennoch den dunklen Nachthimmel mit seinen funkelnden Sternen, Galaxien und filigranen Gasnebeln erleben m\u00f6chte, muss ins Hochgebirge fahren oder f\u00fcr teures Geld in entlegene Regionen unserer Erde reisen.<\/p>\n<p class=\"bodytext\"><em>Dark-Sky Switzerland: Dabei w\u00e4re der Sternenhimmel nur Lichtschalter entfernt.<\/em><\/p>\n<\/div>\n<figure id=\"attachment_512\" aria-describedby=\"caption-attachment-512\" style=\"width: 300px\" class=\"wp-caption alignleft\"><img loading=\"lazy\" decoding=\"async\" class=\"wp-image-512 size-full\" src=\"http:\/\/www.darksky.ch\/dss\/wp-content\/uploads\/2016\/08\/stonehenge.jpg\" alt=\"stonehenge\" width=\"300\" height=\"200\" \/><figcaption id=\"caption-attachment-512\" class=\"wp-caption-text\">Stonehenge<\/figcaption><\/figure>\n<figure id=\"attachment_510\" aria-describedby=\"caption-attachment-510\" style=\"width: 272px\" class=\"wp-caption alignleft\"><img loading=\"lazy\" decoding=\"async\" class=\"size-full wp-image-510\" src=\"http:\/\/www.darksky.ch\/dss\/wp-content\/uploads\/2016\/08\/komet_bayeux.gif\" alt=\"Komet von Bayeux\" width=\"272\" height=\"192\" \/><figcaption id=\"caption-attachment-510\" class=\"wp-caption-text\">Halleyscher Komet auf dem Teppich von Bayeux<\/figcaption><\/figure>\n<figure id=\"attachment_511\" aria-describedby=\"caption-attachment-511\" style=\"width: 287px\" class=\"wp-caption alignleft\"><img loading=\"lazy\" decoding=\"async\" class=\"wp-image-511 size-full\" src=\"http:\/\/www.darksky.ch\/dss\/wp-content\/uploads\/2016\/08\/seefahrer.jpg\" alt=\"Seefahrer\" width=\"287\" height=\"311\" srcset=\"https:\/\/www.darksky.ch\/dss\/wp-content\/uploads\/2016\/08\/seefahrer.jpg 287w, https:\/\/www.darksky.ch\/dss\/wp-content\/uploads\/2016\/08\/seefahrer-277x300.jpg 277w\" sizes=\"auto, (max-width: 287px) 85vw, 287px\" \/><figcaption id=\"caption-attachment-511\" class=\"wp-caption-text\">Seefahrer<\/figcaption><\/figure>\n<p>&nbsp;<\/p>\n<p>&nbsp;<\/p>\n<p>&nbsp;<\/p>\n<p>&nbsp;<\/p>\n<p>&nbsp;<\/p>\n<p>&nbsp;<\/p>\n<p>&nbsp;<\/p>\n<p>&nbsp;<\/p>\n<p>&nbsp;<\/p>\n<p>&nbsp;<\/p>\n<p>&nbsp;<\/p>\n<p>&nbsp;<\/p>\n<p>F\u00fcr die fr\u00fchesten Kulturen hatte der Sternenhimmel eine grosse Bedeutung, wie beispielsweise Untersuchungen bei Stonhenge gezeigt haben (links). Und dieser Teppich aus Bayeux (Mitte), der aus dem Mittelalter stammt, zeigt einen Kometen. Ohne Sterne w\u00e4ren die alten Seefahrer wohl nie ans Ziel gekommen (rechts).<\/p>\n<p>&nbsp;<\/p>\n","protected":false},"excerpt":{"rendered":"<p>\u00dcber Jahrtausende beeinflusste und besch\u00e4ftigte der Sternenhimmel die Menschen.\u00a0Von jeher hat er die kulturellen, insbesondere auch die naturwissenschaftlichen Entwicklungen gepr\u00e4gt, war Inspirationsquelle f\u00fcr Dichter, Denker und Weltumsegler. Dark-Sky Switzerland: Der Sternenhimmel als Quelle der Inspiration\u00a0versiegt langsam aber sicher vollends bei uns. Kometen beispielsweise waren bei gewissen V\u00f6lkern Vorboten von Unheil, das sich mit dem hellen &hellip; <a href=\"https:\/\/www.darksky.ch\/dss\/de\/wissen\/auswirkungen-der-lichtverschmutzung\/kultureller-verlust\/\" class=\"more-link\">Continue reading<span class=\"screen-reader-text\"> &#8222;Kultureller Verlust&#8220;<\/span><\/a><\/p>\n","protected":false},"author":2,"featured_media":0,"parent":467,"menu_order":5,"comment_status":"closed","ping_status":"closed","template":"","meta":{"_acf_changed":false,"footnotes":""},"class_list":["post-508","page","type-page","status-publish","hentry"],"acf":[],"_links":{"self":[{"href":"https:\/\/www.darksky.ch\/dss\/de\/wp-json\/wp\/v2\/pages\/508","targetHints":{"allow":["GET"]}}],"collection":[{"href":"https:\/\/www.darksky.ch\/dss\/de\/wp-json\/wp\/v2\/pages"}],"about":[{"href":"https:\/\/www.darksky.ch\/dss\/de\/wp-json\/wp\/v2\/types\/page"}],"author":[{"embeddable":true,"href":"https:\/\/www.darksky.ch\/dss\/de\/wp-json\/wp\/v2\/users\/2"}],"replies":[{"embeddable":true,"href":"https:\/\/www.darksky.ch\/dss\/de\/wp-json\/wp\/v2\/comments?post=508"}],"version-history":[{"count":8,"href":"https:\/\/www.darksky.ch\/dss\/de\/wp-json\/wp\/v2\/pages\/508\/revisions"}],"predecessor-version":[{"id":6992,"href":"https:\/\/www.darksky.ch\/dss\/de\/wp-json\/wp\/v2\/pages\/508\/revisions\/6992"}],"up":[{"embeddable":true,"href":"https:\/\/www.darksky.ch\/dss\/de\/wp-json\/wp\/v2\/pages\/467"}],"wp:attachment":[{"href":"https:\/\/www.darksky.ch\/dss\/de\/wp-json\/wp\/v2\/media?parent=508"}],"curies":[{"name":"wp","href":"https:\/\/api.w.org\/{rel}","templated":true}]}}