

{"id":53,"date":"2012-06-16T13:40:20","date_gmt":"2012-06-16T11:40:20","guid":{"rendered":"http:\/\/www.darksky.ch\/dsx\/?page_id=53"},"modified":"2018-01-06T16:09:57","modified_gmt":"2018-01-06T15:09:57","slug":"leitbild","status":"publish","type":"page","link":"https:\/\/www.darksky.ch\/dss\/de\/ziele\/leitbild\/","title":{"rendered":"Leitbild"},"content":{"rendered":"<p>Dark-Sky Switzerland (DSS) ist eine Non-Profit-Organisation, die \u00fcber einen lebenswerten Umgang mit k\u00fcnstlichem Licht informiert. Sie setzt sich f\u00fcr einen bewussten Umgang mit Licht im Einklang mit Mensch und Natur ein. Ihr Engagement dient der Erhaltung der biologischen Vielfalt, der nat\u00fcrlichen Nachtlandschaft\u00a0und dem gezielten Einsatz von Ressourcen.<\/p>\n<div id=\"main\">\n<div id=\"col3\">\n<div id=\"col3_content\" class=\"clearfix\">\n<div id=\"c76\" class=\"csc-default\">\n<p>Dark-Sky Switzerland legt das Schwergewicht auf die Reduktion von Lichtverschmutzung zum Schutz von Mensch, Fauna und Flora. DSS bewirkt gesellschaftliche Verhaltens\u00e4n\u00adderungen durch konstruktive, sachorientierte Information und \u00d6ffentlichkeitsarbeit. DSS z\u00e4hlt auf die freiwillige Mitarbeit von Mitgliedern, die sich engagiert und aus Freude am Leben f\u00fcr die Anliegen von Dark-Sky Switzerland einsetzen. DSS vergibt ausserdem zweck\u00addienliche Mandatsarbeiten, die sie alleine nicht erbringen k\u00f6nnte.<\/p>\n<p>Die St\u00e4rke von DSS ist der Nutzen f\u00fcr eine breite \u00d6ffentlichkeit f\u00fcr eine lebenswertere Gestaltung der Umwelt durch den Menschen. Sie bietet Hilfe zur Selbsthilfe und bildet eine Br\u00fccke zu Fach\u00adstellen. Sie finanziert sich aus Mitglieder- und G\u00f6nnerbeitr\u00e4gen.<\/p>\n<ul>\n<li>DSS hat sich im Jahr 2000 als eigenst\u00e4ndiger und unabh\u00e4ngiger Verein etabliert.<\/li>\n<li>Dem aktiven DSS-Team geh\u00f6ren Lichtexperten, Architekten, Umwelt- und Elektroingenieure, \u00d6konomen, Naturwissenschafter und Medienleute an.<\/li>\n<li>DSS war bis 2017 Mitglied der Schweizerischen Licht Gesellschaft (<a class=\"external-link-new-window\" href=\"http:\/\/www.slg.ch\/\" target=\"_blank\" rel=\"noopener\">SLG<\/a>).<\/li>\n<li>1996 wurde Dark-Sky Switzerland\u00a0als Fachgruppe der Schweizerischen Astronomischen Gesellschaft (<a class=\"external-link-new-window\" href=\"http:\/\/www.sag.ch\/\" target=\"_blank\" rel=\"noopener\">SAG<\/a>) ins Leben gerufen und ist die offizielle Schweizer Sektion der International Dark-Sky Association (<a class=\"external-link-new-window\" href=\"http:\/\/www.darksky.org\/\" target=\"_blank\" rel=\"noopener\">IDA<\/a>) seit 1999.<\/li>\n<\/ul>\n<\/div>\n<\/div>\n<\/div>\n<\/div>\n","protected":false},"excerpt":{"rendered":"<p>Dark-Sky Switzerland (DSS) ist eine Non-Profit-Organisation, die \u00fcber einen lebenswerten Umgang mit k\u00fcnstlichem Licht informiert. Sie setzt sich f\u00fcr einen bewussten Umgang mit Licht im Einklang mit Mensch und Natur ein. Ihr Engagement dient der Erhaltung der biologischen Vielfalt, der nat\u00fcrlichen Nachtlandschaft\u00a0und dem gezielten Einsatz von Ressourcen. Dark-Sky Switzerland legt das Schwergewicht auf die Reduktion &hellip; <a href=\"https:\/\/www.darksky.ch\/dss\/de\/ziele\/leitbild\/\" class=\"more-link\">Continue reading<span class=\"screen-reader-text\"> &#8222;Leitbild&#8220;<\/span><\/a><\/p>\n","protected":false},"author":2,"featured_media":0,"parent":11,"menu_order":0,"comment_status":"closed","ping_status":"closed","template":"","meta":{"_acf_changed":false,"footnotes":""},"class_list":["post-53","page","type-page","status-publish","hentry"],"acf":[],"_links":{"self":[{"href":"https:\/\/www.darksky.ch\/dss\/de\/wp-json\/wp\/v2\/pages\/53","targetHints":{"allow":["GET"]}}],"collection":[{"href":"https:\/\/www.darksky.ch\/dss\/de\/wp-json\/wp\/v2\/pages"}],"about":[{"href":"https:\/\/www.darksky.ch\/dss\/de\/wp-json\/wp\/v2\/types\/page"}],"author":[{"embeddable":true,"href":"https:\/\/www.darksky.ch\/dss\/de\/wp-json\/wp\/v2\/users\/2"}],"replies":[{"embeddable":true,"href":"https:\/\/www.darksky.ch\/dss\/de\/wp-json\/wp\/v2\/comments?post=53"}],"version-history":[{"count":9,"href":"https:\/\/www.darksky.ch\/dss\/de\/wp-json\/wp\/v2\/pages\/53\/revisions"}],"predecessor-version":[{"id":8273,"href":"https:\/\/www.darksky.ch\/dss\/de\/wp-json\/wp\/v2\/pages\/53\/revisions\/8273"}],"up":[{"embeddable":true,"href":"https:\/\/www.darksky.ch\/dss\/de\/wp-json\/wp\/v2\/pages\/11"}],"wp:attachment":[{"href":"https:\/\/www.darksky.ch\/dss\/de\/wp-json\/wp\/v2\/media?parent=53"}],"curies":[{"name":"wp","href":"https:\/\/api.w.org\/{rel}","templated":true}]}}