

{"id":530,"date":"2016-08-31T11:05:08","date_gmt":"2016-08-31T09:05:08","guid":{"rendered":"http:\/\/www.darksky.ch\/dsx\/de\/?page_id=530"},"modified":"2025-11-27T15:56:53","modified_gmt":"2025-11-27T14:56:53","slug":"mithelfen","status":"publish","type":"page","link":"https:\/\/www.darksky.ch\/dss\/de\/darksky-switzerland\/mithelfen\/","title":{"rendered":"Mithelfen"},"content":{"rendered":"<p>M\u00f6chten Sie sich pers\u00f6nlich im Kampf gegen die zunehmende <a href=\"http:\/\/www.darksky.ch\/dss\/de\/wissen\/lichtverschmutzung\/\" target=\"_blank\" rel=\"noopener\">Lichtverschmutzung<\/a> engagieren? Das Team von Dark-Sky Switzerland freut sich auf Ihre Unterst\u00fctzung.<\/p>\n<p>Hier einige M\u00f6glichkeiten:<\/p>\n<ul>\n<li>Thematisieren Sie <a href=\"http:\/\/www.darksky.ch\/dss\/de\/wissen\/lichtverschmutzung\/\" target=\"_blank\" rel=\"noopener\">Lichtverschmutzung<\/a> in Ihrem pers\u00f6nlichen Umfeld.<\/li>\n<li>Geben Sie interessierten Personen den neusten <a href=\"http:\/\/www.darksky.ch\/dss\/de\/wissen\/die-nacht-braucht-ihre-dunkelheit\/\">DarkSky Flyer<\/a> ab.<\/li>\n<li>Geben Sie interessierten Personen die kostenlose <a href=\"http:\/\/www.darksky.ch\/dss\/de\/jetzt-handeln\/rechtsgrundlage\/\">Brosch\u00fcre des Bundes<\/a> ab.<\/li>\n<\/ul>\n<p>M\u00f6chten Sie mehr tun? DarkSky Switzerland ben\u00f6tigt immer wieder die Mitarbeit von Freiwilligen bei Aktionen und Veranstaltungen. Nehmen Sie mit unserer <a href=\"http:\/\/www.darksky.ch\/dss\/de\/darksky-switzerland\/geschaeftsstelle\/\">Gesch\u00e4ftsstelle<\/a> Kontakt auf und lassen Sie sich unverbindlich auf eine Helferliste setzen. Bei Bedarf melden wir uns pers\u00f6nlich bei Ihnen.<\/p>\n","protected":false},"excerpt":{"rendered":"<p>M\u00f6chten Sie sich pers\u00f6nlich im Kampf gegen die zunehmende Lichtverschmutzung engagieren? Das Team von Dark-Sky Switzerland freut sich auf Ihre Unterst\u00fctzung. Hier einige M\u00f6glichkeiten: Thematisieren Sie Lichtverschmutzung in Ihrem pers\u00f6nlichen Umfeld. Geben Sie interessierten Personen den neusten DarkSky Flyer ab. Geben Sie interessierten Personen die kostenlose Brosch\u00fcre des Bundes ab. M\u00f6chten Sie mehr tun? DarkSky &hellip; <a href=\"https:\/\/www.darksky.ch\/dss\/de\/darksky-switzerland\/mithelfen\/\" class=\"more-link\">Continue reading<span class=\"screen-reader-text\"> &#8222;Mithelfen&#8220;<\/span><\/a><\/p>\n","protected":false},"author":2,"featured_media":0,"parent":23,"menu_order":5,"comment_status":"closed","ping_status":"closed","template":"","meta":{"_acf_changed":false,"footnotes":""},"class_list":["post-530","page","type-page","status-publish","hentry"],"acf":[],"_links":{"self":[{"href":"https:\/\/www.darksky.ch\/dss\/de\/wp-json\/wp\/v2\/pages\/530","targetHints":{"allow":["GET"]}}],"collection":[{"href":"https:\/\/www.darksky.ch\/dss\/de\/wp-json\/wp\/v2\/pages"}],"about":[{"href":"https:\/\/www.darksky.ch\/dss\/de\/wp-json\/wp\/v2\/types\/page"}],"author":[{"embeddable":true,"href":"https:\/\/www.darksky.ch\/dss\/de\/wp-json\/wp\/v2\/users\/2"}],"replies":[{"embeddable":true,"href":"https:\/\/www.darksky.ch\/dss\/de\/wp-json\/wp\/v2\/comments?post=530"}],"version-history":[{"count":6,"href":"https:\/\/www.darksky.ch\/dss\/de\/wp-json\/wp\/v2\/pages\/530\/revisions"}],"predecessor-version":[{"id":16449,"href":"https:\/\/www.darksky.ch\/dss\/de\/wp-json\/wp\/v2\/pages\/530\/revisions\/16449"}],"up":[{"embeddable":true,"href":"https:\/\/www.darksky.ch\/dss\/de\/wp-json\/wp\/v2\/pages\/23"}],"wp:attachment":[{"href":"https:\/\/www.darksky.ch\/dss\/de\/wp-json\/wp\/v2\/media?parent=530"}],"curies":[{"name":"wp","href":"https:\/\/api.w.org\/{rel}","templated":true}]}}