

{"id":541,"date":"2016-08-31T11:38:45","date_gmt":"2016-08-31T09:38:45","guid":{"rendered":"http:\/\/www.darksky.ch\/dsx\/de\/?page_id=541"},"modified":"2016-12-19T18:10:06","modified_gmt":"2016-12-19T17:10:06","slug":"richtung","status":"publish","type":"page","link":"https:\/\/www.darksky.ch\/dss\/de\/handeln\/richtig-beleuchten\/richtung\/","title":{"rendered":"Richtung"},"content":{"rendered":"<p>Die Richtung ist grunds\u00e4tzlich von oben nach unten zu w\u00e4hlen.\u00a0Selbst ein horizontaler Lichtstrahl, der nicht abgeschirmt ist, endet weit \u00fcber dem Horizont im Zenit \u00fcber einem anderen Ort, da die Erde ann\u00e4hernd eine Kugel ist.<\/p>\n<p class=\"bodytext\"><strong><br \/>\n<img loading=\"lazy\" decoding=\"async\" class=\"size-full wp-image-544 aligncenter\" src=\"http:\/\/www.darksky.ch\/dss\/wp-content\/uploads\/2016\/08\/good_lamp.gif\" alt=\"good_lamp\" width=\"300\" height=\"225\" \/>Gute Beleuchtung<\/strong><br \/>\nDiese Leuchte ist ideal, da sie von oben nach unten strahlt. Das Licht gelangt dort hin, wo es ben\u00f6tigt wird.<\/p>\n<p>&nbsp;<\/p>\n<p><strong><img loading=\"lazy\" decoding=\"async\" class=\"size-full wp-image-543 aligncenter\" src=\"http:\/\/www.darksky.ch\/dss\/wp-content\/uploads\/2016\/08\/bad_lamp.gif\" alt=\"bad_lamp\" width=\"300\" height=\"225\" \/>Schlechte Beleuchtung<\/strong><br \/>\nDiese Leuchten strahlen rund herum ab. Somit gelangt das abgestrahlte Licht auch \u00fcber die Horizontale in den Himmel, wo es ungenutzt verpufft.<\/p>\n","protected":false},"excerpt":{"rendered":"<p>Die Richtung ist grunds\u00e4tzlich von oben nach unten zu w\u00e4hlen.\u00a0Selbst ein horizontaler Lichtstrahl, der nicht abgeschirmt ist, endet weit \u00fcber dem Horizont im Zenit \u00fcber einem anderen Ort, da die Erde ann\u00e4hernd eine Kugel ist. Gute Beleuchtung Diese Leuchte ist ideal, da sie von oben nach unten strahlt. Das Licht gelangt dort hin, wo es &hellip; <a href=\"https:\/\/www.darksky.ch\/dss\/de\/handeln\/richtig-beleuchten\/richtung\/\" class=\"more-link\">Continue reading<span class=\"screen-reader-text\"> &#8222;Richtung&#8220;<\/span><\/a><\/p>\n","protected":false},"author":2,"featured_media":0,"parent":59,"menu_order":1,"comment_status":"closed","ping_status":"closed","template":"","meta":{"_acf_changed":false,"footnotes":""},"class_list":["post-541","page","type-page","status-publish","hentry"],"acf":[],"_links":{"self":[{"href":"https:\/\/www.darksky.ch\/dss\/de\/wp-json\/wp\/v2\/pages\/541","targetHints":{"allow":["GET"]}}],"collection":[{"href":"https:\/\/www.darksky.ch\/dss\/de\/wp-json\/wp\/v2\/pages"}],"about":[{"href":"https:\/\/www.darksky.ch\/dss\/de\/wp-json\/wp\/v2\/types\/page"}],"author":[{"embeddable":true,"href":"https:\/\/www.darksky.ch\/dss\/de\/wp-json\/wp\/v2\/users\/2"}],"replies":[{"embeddable":true,"href":"https:\/\/www.darksky.ch\/dss\/de\/wp-json\/wp\/v2\/comments?post=541"}],"version-history":[{"count":5,"href":"https:\/\/www.darksky.ch\/dss\/de\/wp-json\/wp\/v2\/pages\/541\/revisions"}],"predecessor-version":[{"id":5666,"href":"https:\/\/www.darksky.ch\/dss\/de\/wp-json\/wp\/v2\/pages\/541\/revisions\/5666"}],"up":[{"embeddable":true,"href":"https:\/\/www.darksky.ch\/dss\/de\/wp-json\/wp\/v2\/pages\/59"}],"wp:attachment":[{"href":"https:\/\/www.darksky.ch\/dss\/de\/wp-json\/wp\/v2\/media?parent=541"}],"curies":[{"name":"wp","href":"https:\/\/api.w.org\/{rel}","templated":true}]}}