

{"id":547,"date":"2016-08-31T11:42:06","date_gmt":"2016-08-31T09:42:06","guid":{"rendered":"http:\/\/www.darksky.ch\/dsx\/de\/?page_id=547"},"modified":"2016-12-19T18:16:04","modified_gmt":"2016-12-19T17:16:04","slug":"abschirmung","status":"publish","type":"page","link":"https:\/\/www.darksky.ch\/dss\/de\/handeln\/richtig-beleuchten\/abschirmung\/","title":{"rendered":"Abschirmung"},"content":{"rendered":"<p>Durch die Abschirmung wird das Licht so gelenkt, dass es nur dorthin gelangt, wo es ben\u00f6tigt wird. Es entsteht somit kein \u00abLichtabfall\u00bb, der eine Verschwendung von Energie darstellt.<br \/>\nDank der Abschirmung wird auch\u00a0die Blendung durch ungewollten Sichtkontakt mit der Lichtquelle verhindert.<\/p>\n<p><img loading=\"lazy\" decoding=\"async\" class=\"size-full wp-image-551 aligncenter\" src=\"http:\/\/www.darksky.ch\/dss\/wp-content\/uploads\/2016\/08\/abschirmung_good.gif\" alt=\"abschirmung_good\" width=\"300\" height=\"225\" \/><strong>Gute Abschirmung<\/strong><br \/>\nIn diesem Beispiel wird richtig von oben nach unten beleuchtet. Zus\u00e4tzlich wird mit der Abschirmung darauf geachtet, dass das Licht nur dort hingelangt, wo es tats\u00e4chlich ben\u00f6tigt wird.<\/p>\n<p><strong><img loading=\"lazy\" decoding=\"async\" class=\"size-full wp-image-550 aligncenter\" src=\"http:\/\/www.darksky.ch\/dss\/wp-content\/uploads\/2016\/08\/abschirmung_bad.gif\" alt=\"abschirmung_bad\" width=\"300\" height=\"225\" \/>Schlechte Abschirmung<\/strong><br \/>\nIn der gezeigten Beleuchtungssituation strahlt der Scheinwerfer ohne Abschirmung ziellos ans Objekt und daran vorbei.<\/p>\n","protected":false},"excerpt":{"rendered":"<p>Durch die Abschirmung wird das Licht so gelenkt, dass es nur dorthin gelangt, wo es ben\u00f6tigt wird. Es entsteht somit kein \u00abLichtabfall\u00bb, der eine Verschwendung von Energie darstellt. Dank der Abschirmung wird auch\u00a0die Blendung durch ungewollten Sichtkontakt mit der Lichtquelle verhindert. Gute Abschirmung In diesem Beispiel wird richtig von oben nach unten beleuchtet. Zus\u00e4tzlich wird &hellip; <a href=\"https:\/\/www.darksky.ch\/dss\/de\/handeln\/richtig-beleuchten\/abschirmung\/\" class=\"more-link\">Continue reading<span class=\"screen-reader-text\"> &#8222;Abschirmung&#8220;<\/span><\/a><\/p>\n","protected":false},"author":2,"featured_media":0,"parent":59,"menu_order":2,"comment_status":"closed","ping_status":"closed","template":"","meta":{"_acf_changed":false,"footnotes":""},"class_list":["post-547","page","type-page","status-publish","hentry"],"acf":[],"_links":{"self":[{"href":"https:\/\/www.darksky.ch\/dss\/de\/wp-json\/wp\/v2\/pages\/547","targetHints":{"allow":["GET"]}}],"collection":[{"href":"https:\/\/www.darksky.ch\/dss\/de\/wp-json\/wp\/v2\/pages"}],"about":[{"href":"https:\/\/www.darksky.ch\/dss\/de\/wp-json\/wp\/v2\/types\/page"}],"author":[{"embeddable":true,"href":"https:\/\/www.darksky.ch\/dss\/de\/wp-json\/wp\/v2\/users\/2"}],"replies":[{"embeddable":true,"href":"https:\/\/www.darksky.ch\/dss\/de\/wp-json\/wp\/v2\/comments?post=547"}],"version-history":[{"count":4,"href":"https:\/\/www.darksky.ch\/dss\/de\/wp-json\/wp\/v2\/pages\/547\/revisions"}],"predecessor-version":[{"id":5667,"href":"https:\/\/www.darksky.ch\/dss\/de\/wp-json\/wp\/v2\/pages\/547\/revisions\/5667"}],"up":[{"embeddable":true,"href":"https:\/\/www.darksky.ch\/dss\/de\/wp-json\/wp\/v2\/pages\/59"}],"wp:attachment":[{"href":"https:\/\/www.darksky.ch\/dss\/de\/wp-json\/wp\/v2\/media?parent=547"}],"curies":[{"name":"wp","href":"https:\/\/api.w.org\/{rel}","templated":true}]}}