

{"id":554,"date":"2016-08-31T11:49:24","date_gmt":"2016-08-31T09:49:24","guid":{"rendered":"http:\/\/www.darksky.ch\/dsx\/de\/?page_id=554"},"modified":"2016-12-19T18:25:33","modified_gmt":"2016-12-19T17:25:33","slug":"lichtstaerke-und-beleuchtungsart","status":"publish","type":"page","link":"https:\/\/www.darksky.ch\/dss\/de\/handeln\/richtig-beleuchten\/lichtstaerke-und-beleuchtungsart\/","title":{"rendered":"Lichtst\u00e4rke und Beleuchtungsart"},"content":{"rendered":"<p>Der Blauanteil von LED-Lampen\u00a0wirkt sich zum Beispiel negativ auf Flederm\u00e4use (S\u00e4ugetiere) und Pflanzen aus. Die Reduktion des Blauanteils ist bei LED auch f\u00fcr Menschen in Wohnquartieren eine sinnvolle Massnahme (Warmweiss, nicht Kaltweiss oder\u00a0Neutralweiss), da ansonsten Schlaflosigkeit resultieren k\u00f6nnte (Schuler 2013).<\/p>\n<p><img loading=\"lazy\" decoding=\"async\" class=\"size-full wp-image-557 aligncenter\" src=\"http:\/\/www.darksky.ch\/dss\/wp-content\/uploads\/2016\/08\/lichtstark_good.gif\" alt=\"lichtstark_good\" width=\"300\" height=\"225\" \/><strong>Gut gew\u00e4hlte Lichtst\u00e4rke<\/strong><br \/>\nEine reduzierte Lichtst\u00e4rke gibt auch Details eine Chance, gesehen zu werden. \u00dcbrigens: das menschliche Auge kommt schon mit ganz wenig Licht aus.<\/p>\n<p><strong><img loading=\"lazy\" decoding=\"async\" class=\"size-full wp-image-556 aligncenter\" src=\"http:\/\/www.darksky.ch\/dss\/wp-content\/uploads\/2016\/08\/lichtstark_bad.gif\" alt=\"lichtstark_bad\" width=\"300\" height=\"225\" \/>Schlecht gew\u00e4hlte Lichtst\u00e4rke<\/strong><br \/>\nZuviel Licht kann die Stimmung zerst\u00f6ren. In diesem Beispiel \u00abertrinkt\u00bb der ausgestellte Gegenstand im Licht.<\/p>\n<p>Eine Verminderung der Lichtverschmutzung ist m\u00f6glich, wenn lediglich die notwendigen Objekte beleuchtet und die Leuchtst\u00e4rken auf das notwendige Minimum\u00a0reduziert\u00a0sind. Die richtige\u00a0Farbe\u00a0des Lichts\u00a0wirkt\u00a0sich positiv auf die Umwelt aus. Das Vermeiden von UV und Licht im k\u00fcrzeren, sichtbaren Wellenl\u00e4ngenbereich h\u00e4tte weniger negative Auswirkungen auf die Insektenwelt. Bei Zugv\u00f6geln kann man sagen, dass schlechte Sicht und Lichtverschmutzung in der Kombination Desorientierung, Ersch\u00f6pfung und m\u00f6gliches Sterben f\u00fcr die Tiere bedeutet (F. Liechti, September 2013). Beim Menschen ist bekannt, dass das Rotlicht einen signifikant positiveren Einfluss auf die Erhaltung der Dunkeladaption des Auges hat, w\u00e4hrend blaues Licht die innere Uhr verstellt (verz\u00f6gertes Einschlafen) und f\u00fcr Blendung sorgt. So gesehen waren\u00a0Natriumdampf-Lampen\u00a0eine gute Wahl.<\/p>\n<p>&nbsp;<\/p>\n","protected":false},"excerpt":{"rendered":"<p>Der Blauanteil von LED-Lampen\u00a0wirkt sich zum Beispiel negativ auf Flederm\u00e4use (S\u00e4ugetiere) und Pflanzen aus. Die Reduktion des Blauanteils ist bei LED auch f\u00fcr Menschen in Wohnquartieren eine sinnvolle Massnahme (Warmweiss, nicht Kaltweiss oder\u00a0Neutralweiss), da ansonsten Schlaflosigkeit resultieren k\u00f6nnte (Schuler 2013). Gut gew\u00e4hlte Lichtst\u00e4rke Eine reduzierte Lichtst\u00e4rke gibt auch Details eine Chance, gesehen zu werden. \u00dcbrigens: &hellip; <a href=\"https:\/\/www.darksky.ch\/dss\/de\/handeln\/richtig-beleuchten\/lichtstaerke-und-beleuchtungsart\/\" class=\"more-link\">Continue reading<span class=\"screen-reader-text\"> &#8222;Lichtst\u00e4rke und Beleuchtungsart&#8220;<\/span><\/a><\/p>\n","protected":false},"author":2,"featured_media":0,"parent":59,"menu_order":3,"comment_status":"closed","ping_status":"closed","template":"","meta":{"_acf_changed":false,"footnotes":""},"class_list":["post-554","page","type-page","status-publish","hentry"],"acf":[],"_links":{"self":[{"href":"https:\/\/www.darksky.ch\/dss\/de\/wp-json\/wp\/v2\/pages\/554","targetHints":{"allow":["GET"]}}],"collection":[{"href":"https:\/\/www.darksky.ch\/dss\/de\/wp-json\/wp\/v2\/pages"}],"about":[{"href":"https:\/\/www.darksky.ch\/dss\/de\/wp-json\/wp\/v2\/types\/page"}],"author":[{"embeddable":true,"href":"https:\/\/www.darksky.ch\/dss\/de\/wp-json\/wp\/v2\/users\/2"}],"replies":[{"embeddable":true,"href":"https:\/\/www.darksky.ch\/dss\/de\/wp-json\/wp\/v2\/comments?post=554"}],"version-history":[{"count":5,"href":"https:\/\/www.darksky.ch\/dss\/de\/wp-json\/wp\/v2\/pages\/554\/revisions"}],"predecessor-version":[{"id":5669,"href":"https:\/\/www.darksky.ch\/dss\/de\/wp-json\/wp\/v2\/pages\/554\/revisions\/5669"}],"up":[{"embeddable":true,"href":"https:\/\/www.darksky.ch\/dss\/de\/wp-json\/wp\/v2\/pages\/59"}],"wp:attachment":[{"href":"https:\/\/www.darksky.ch\/dss\/de\/wp-json\/wp\/v2\/media?parent=554"}],"curies":[{"name":"wp","href":"https:\/\/api.w.org\/{rel}","templated":true}]}}