

{"id":56,"date":"2016-03-06T20:29:25","date_gmt":"2016-03-06T19:29:25","guid":{"rendered":"http:\/\/www.darksky.ch\/dsx\/?page_id=56"},"modified":"2020-05-13T19:49:15","modified_gmt":"2020-05-13T17:49:15","slug":"zweck","status":"publish","type":"page","link":"https:\/\/www.darksky.ch\/dss\/de\/ziele\/zweck\/","title":{"rendered":"Zweck"},"content":{"rendered":"<p>Zweck von Dark-Sky Switzerland (Auszug Statuten Art. 2):<\/p>\n<p>Art. 2 Ziel und Zweck<\/p>\n<p>1 Der Verein Dark-Sky Switzerland\u00a0setzt sich zum Ziel, die nat\u00fcrliche Dunkelheit des Nachthimmels zu erhalten und n\u00e4chtliche Landschaften zu sch\u00fctzen. Dies geschieht durch Minimierung der Lichtverschmutzung. Mit Lichtverschmutzung wird die k\u00fcnstliche Aufhellung der n\u00e4chtlichen Umwelt bezeichnet. Oberste Priorit\u00e4t hat dabei die Information der \u00d6ffentlichkeit.<br \/>\na. Die Erhaltung der nat\u00fcrlichen Dunkelheit und des Nachthimmels und der Schutz der n\u00e4chtlichen Landschaften dienen insbesondere dem Schutz von einheimischen Pflanzen und Tieren.<br \/>\nb. Die Erhaltung der nat\u00fcrlichen Dunkelheit und des Nachthimmels und der Schutz der n\u00e4chtlichen Landschaften tragen zum Kulturgut, zu Wohlbefinden und Gesundheit der Menschen bei.<\/p>\n<p>2 Der Verein Dark-Sky Switzerland f\u00f6rdert die vern\u00fcnftige und nachhaltige Entwicklung von Aussenbeleuchtung (Stromverbrauch, r\u00e4umliche Aspekte) und gibt Empfehlungen heraus.<\/p>\n<p>3 Der Verein Dark-Sky Switzerland ist politisch und konfessionell neutral sowie nicht gewinnorientiert.<\/p>\n","protected":false},"excerpt":{"rendered":"<p>Zweck von Dark-Sky Switzerland (Auszug Statuten Art. 2): Art. 2 Ziel und Zweck 1 Der Verein Dark-Sky Switzerland\u00a0setzt sich zum Ziel, die nat\u00fcrliche Dunkelheit des Nachthimmels zu erhalten und n\u00e4chtliche Landschaften zu sch\u00fctzen. Dies geschieht durch Minimierung der Lichtverschmutzung. Mit Lichtverschmutzung wird die k\u00fcnstliche Aufhellung der n\u00e4chtlichen Umwelt bezeichnet. Oberste Priorit\u00e4t hat dabei die Information &hellip; <a href=\"https:\/\/www.darksky.ch\/dss\/de\/ziele\/zweck\/\" class=\"more-link\">Continue reading<span class=\"screen-reader-text\"> &#8222;Zweck&#8220;<\/span><\/a><\/p>\n","protected":false},"author":2,"featured_media":0,"parent":11,"menu_order":0,"comment_status":"closed","ping_status":"closed","template":"","meta":{"_acf_changed":false,"footnotes":""},"class_list":["post-56","page","type-page","status-publish","hentry"],"acf":[],"_links":{"self":[{"href":"https:\/\/www.darksky.ch\/dss\/de\/wp-json\/wp\/v2\/pages\/56","targetHints":{"allow":["GET"]}}],"collection":[{"href":"https:\/\/www.darksky.ch\/dss\/de\/wp-json\/wp\/v2\/pages"}],"about":[{"href":"https:\/\/www.darksky.ch\/dss\/de\/wp-json\/wp\/v2\/types\/page"}],"author":[{"embeddable":true,"href":"https:\/\/www.darksky.ch\/dss\/de\/wp-json\/wp\/v2\/users\/2"}],"replies":[{"embeddable":true,"href":"https:\/\/www.darksky.ch\/dss\/de\/wp-json\/wp\/v2\/comments?post=56"}],"version-history":[{"count":4,"href":"https:\/\/www.darksky.ch\/dss\/de\/wp-json\/wp\/v2\/pages\/56\/revisions"}],"predecessor-version":[{"id":12183,"href":"https:\/\/www.darksky.ch\/dss\/de\/wp-json\/wp\/v2\/pages\/56\/revisions\/12183"}],"up":[{"embeddable":true,"href":"https:\/\/www.darksky.ch\/dss\/de\/wp-json\/wp\/v2\/pages\/11"}],"wp:attachment":[{"href":"https:\/\/www.darksky.ch\/dss\/de\/wp-json\/wp\/v2\/media?parent=56"}],"curies":[{"name":"wp","href":"https:\/\/api.w.org\/{rel}","templated":true}]}}