

{"id":561,"date":"2016-08-31T11:56:49","date_gmt":"2016-08-31T09:56:49","guid":{"rendered":"http:\/\/www.darksky.ch\/dsx\/de\/?page_id=561"},"modified":"2016-08-31T11:59:37","modified_gmt":"2016-08-31T09:59:37","slug":"zeitliche-begrenzung","status":"publish","type":"page","link":"https:\/\/www.darksky.ch\/dss\/de\/handeln\/richtig-beleuchten\/zeitliche-begrenzung\/","title":{"rendered":"Zeitliche Begrenzung"},"content":{"rendered":"<p>Eine abgestellte Leuchte verursacht keine Lichtverschmutzung. Angeleuchtete und selbstleuchtende Reklamen sind ein Beispiel f\u00fcr eine solche Abschaltung. Die Reklamewirkung zu n\u00e4chtlichen Morgenstunden ist \u00e4usserst fragw\u00fcrdig. Im L\u00e4rmschutz sind die Zeiten von 06.00 Uhr bis 22.00 Uhr und 22.00 Uhr bis wieder 06.00 Uhr definiert. Dieser Ansatz wurde von der sia Norm 491 \u00fcbernommen, so dass die gew\u00fcnschte Nachtruhe einen einheitlichen Sinn macht. (Kobler 2013)<\/p>\n<p>Arbeits- und Verkehrssicherheit bleiben gew\u00e4hrleistet, d.h. notwendige sicherheitsrelevante Beleuchtung wird auch w\u00e4hrend der Nachtruhe \u2013 sofern angemessen \u2013 erlaubt.<br \/>\n<img loading=\"lazy\" decoding=\"async\" class=\"alignleft size-full wp-image-563\" src=\"http:\/\/www.darksky.ch\/dss\/wp-content\/uploads\/2016\/08\/zeitraum.gif\" alt=\"zeitraum\" width=\"300\" height=\"225\" \/><strong>Installieren Sie eine Zeitschaltuhr<\/strong><br \/>\n\u00dcberlegen Sie, wann es wirklich sinnvoll ist, eine Beleuchtung einzuschalten. Eine Zeitschaltuhr nimmt Ihnen \u00fcbrigens die ganze Arbeit ab. Und spart erst noch Strom. Es gibt diese\u00a0auch intelligent mit\u00a0automatischer\u00a0Sommer- und Winterzeit-Umschaltung oder Ber\u00fccksichtigung der D\u00e4mmerungszeiten.<\/p>\n","protected":false},"excerpt":{"rendered":"<p>Eine abgestellte Leuchte verursacht keine Lichtverschmutzung. Angeleuchtete und selbstleuchtende Reklamen sind ein Beispiel f\u00fcr eine solche Abschaltung. Die Reklamewirkung zu n\u00e4chtlichen Morgenstunden ist \u00e4usserst fragw\u00fcrdig. Im L\u00e4rmschutz sind die Zeiten von 06.00 Uhr bis 22.00 Uhr und 22.00 Uhr bis wieder 06.00 Uhr definiert. Dieser Ansatz wurde von der sia Norm 491 \u00fcbernommen, so dass &hellip; <a href=\"https:\/\/www.darksky.ch\/dss\/de\/handeln\/richtig-beleuchten\/zeitliche-begrenzung\/\" class=\"more-link\">Continue reading<span class=\"screen-reader-text\"> &#8222;Zeitliche Begrenzung&#8220;<\/span><\/a><\/p>\n","protected":false},"author":2,"featured_media":0,"parent":59,"menu_order":4,"comment_status":"closed","ping_status":"closed","template":"","meta":{"_acf_changed":false,"footnotes":""},"class_list":["post-561","page","type-page","status-publish","hentry"],"acf":[],"_links":{"self":[{"href":"https:\/\/www.darksky.ch\/dss\/de\/wp-json\/wp\/v2\/pages\/561","targetHints":{"allow":["GET"]}}],"collection":[{"href":"https:\/\/www.darksky.ch\/dss\/de\/wp-json\/wp\/v2\/pages"}],"about":[{"href":"https:\/\/www.darksky.ch\/dss\/de\/wp-json\/wp\/v2\/types\/page"}],"author":[{"embeddable":true,"href":"https:\/\/www.darksky.ch\/dss\/de\/wp-json\/wp\/v2\/users\/2"}],"replies":[{"embeddable":true,"href":"https:\/\/www.darksky.ch\/dss\/de\/wp-json\/wp\/v2\/comments?post=561"}],"version-history":[{"count":3,"href":"https:\/\/www.darksky.ch\/dss\/de\/wp-json\/wp\/v2\/pages\/561\/revisions"}],"predecessor-version":[{"id":565,"href":"https:\/\/www.darksky.ch\/dss\/de\/wp-json\/wp\/v2\/pages\/561\/revisions\/565"}],"up":[{"embeddable":true,"href":"https:\/\/www.darksky.ch\/dss\/de\/wp-json\/wp\/v2\/pages\/59"}],"wp:attachment":[{"href":"https:\/\/www.darksky.ch\/dss\/de\/wp-json\/wp\/v2\/media?parent=561"}],"curies":[{"name":"wp","href":"https:\/\/api.w.org\/{rel}","templated":true}]}}