

{"id":5670,"date":"2016-12-20T11:17:37","date_gmt":"2016-12-20T10:17:37","guid":{"rendered":"http:\/\/www.darksky.ch\/dsx\/de\/?page_id=5670"},"modified":"2019-07-24T09:36:55","modified_gmt":"2019-07-24T07:36:55","slug":"beratung","status":"publish","type":"page","link":"https:\/\/www.darksky.ch\/dss\/de\/aktivitaeten\/beratung\/","title":{"rendered":"Beratung"},"content":{"rendered":"<p>Dark-Sky Switzerland vermittelt Ihnen gerne\u00a0Informationen \u00fcber die\u00a0Vermeidung von Lichtverschmutzung und zu gut\u00a0gel\u00f6ster\u00a0Beleuchtung, sowie\u00a0Kontakte zu Dienstleistern die Licht planen, messen und analysieren k\u00f6nnen.<\/p>\n<p><strong>Pers\u00f6nlich von Lichtverschmutzung betroffen?<\/strong><br \/>\nDark-Sky Switzerland zeigt Ihnen unter \u00ab<a href=\"http:\/\/www.darksky.ch\/dss\/de\/handeln\/behelligte-anwohner\/\" target=\"_blank\" rel=\"noopener noreferrer\">Behelligte Anwohner<\/a>\u00bb, wie Sie mit den Verursachern am sinnvollsten verhandeln und welche Beh\u00f6rden f\u00fcr Ihr Anliegen zust\u00e4ndig sind.<\/p>\n<p><strong>M\u00f6chten Sie wissen, worauf Sie bei einer Aussenbeleuchtung achten m\u00fcssen?<\/strong><br \/>\nDark-Sky Switzerland zeigt Ihnen unter \u00ab<a href=\"http:\/\/www.darksky.ch\/dss\/de\/handeln\/richtig-beleuchten\/\" target=\"_blank\" rel=\"noopener noreferrer\">Richtig beleuchten<\/a>\u00bb, welche Regeln Sie bei der Planung einer Aussenbeleuchtung beachten m\u00fcssen. Ausserdem finden Sie unter \u00ab<a href=\"http:\/\/www.darksky.ch\/dss\/de\/angebote\/artikel\/\" target=\"_blank\" rel=\"noopener noreferrer\">Artikel<\/a>\u00bb viele n\u00fctzliche Informationen.<\/p>\n<p><strong>Ben\u00f6tigen Sie konkrete Projektberatung, Lichtkonzepte oder Gutachten?<\/strong><br \/>\nDark-Sky Switzerland kann Ihnen kommerzielle Anbieter vermitteln, die sich an die Grunds\u00e4tze zur Vermeidung von Lichtverschmutzung halten. Unsere <a href=\"http:\/\/www.darksky.ch\/dss\/de\/dark-sky-switzerland\/geschaeftsstelle\/\" target=\"_blank\" rel=\"noopener noreferrer\">Gesch\u00e4ftsstelle<\/a> hilft gerne weiter.<\/p>\n","protected":false},"excerpt":{"rendered":"<p>Dark-Sky Switzerland vermittelt Ihnen gerne\u00a0Informationen \u00fcber die\u00a0Vermeidung von Lichtverschmutzung und zu gut\u00a0gel\u00f6ster\u00a0Beleuchtung, sowie\u00a0Kontakte zu Dienstleistern die Licht planen, messen und analysieren k\u00f6nnen. Pers\u00f6nlich von Lichtverschmutzung betroffen? Dark-Sky Switzerland zeigt Ihnen unter \u00abBehelligte Anwohner\u00bb, wie Sie mit den Verursachern am sinnvollsten verhandeln und welche Beh\u00f6rden f\u00fcr Ihr Anliegen zust\u00e4ndig sind. M\u00f6chten Sie wissen, worauf Sie bei &hellip; <a href=\"https:\/\/www.darksky.ch\/dss\/de\/aktivitaeten\/beratung\/\" class=\"more-link\">Continue reading<span class=\"screen-reader-text\"> &#8222;Beratung&#8220;<\/span><\/a><\/p>\n","protected":false},"author":2,"featured_media":0,"parent":21,"menu_order":8,"comment_status":"closed","ping_status":"closed","template":"","meta":{"_acf_changed":false,"footnotes":""},"class_list":["post-5670","page","type-page","status-publish","hentry"],"acf":[],"_links":{"self":[{"href":"https:\/\/www.darksky.ch\/dss\/de\/wp-json\/wp\/v2\/pages\/5670","targetHints":{"allow":["GET"]}}],"collection":[{"href":"https:\/\/www.darksky.ch\/dss\/de\/wp-json\/wp\/v2\/pages"}],"about":[{"href":"https:\/\/www.darksky.ch\/dss\/de\/wp-json\/wp\/v2\/types\/page"}],"author":[{"embeddable":true,"href":"https:\/\/www.darksky.ch\/dss\/de\/wp-json\/wp\/v2\/users\/2"}],"replies":[{"embeddable":true,"href":"https:\/\/www.darksky.ch\/dss\/de\/wp-json\/wp\/v2\/comments?post=5670"}],"version-history":[{"count":5,"href":"https:\/\/www.darksky.ch\/dss\/de\/wp-json\/wp\/v2\/pages\/5670\/revisions"}],"predecessor-version":[{"id":11025,"href":"https:\/\/www.darksky.ch\/dss\/de\/wp-json\/wp\/v2\/pages\/5670\/revisions\/11025"}],"up":[{"embeddable":true,"href":"https:\/\/www.darksky.ch\/dss\/de\/wp-json\/wp\/v2\/pages\/21"}],"wp:attachment":[{"href":"https:\/\/www.darksky.ch\/dss\/de\/wp-json\/wp\/v2\/media?parent=5670"}],"curies":[{"name":"wp","href":"https:\/\/api.w.org\/{rel}","templated":true}]}}