

{"id":5677,"date":"2016-12-20T13:19:54","date_gmt":"2016-12-20T12:19:54","guid":{"rendered":"http:\/\/www.darksky.ch\/dsx\/de\/?page_id=5677"},"modified":"2016-12-20T14:27:38","modified_gmt":"2016-12-20T13:27:38","slug":"anfrage","status":"publish","type":"page","link":"https:\/\/www.darksky.ch\/dss\/de\/aktivitaeten\/referate\/anfrage\/","title":{"rendered":"Anfrage"},"content":{"rendered":"\n<div class=\"wpcf7 no-js\" id=\"wpcf7-f5676-o1\" lang=\"de-DE\" dir=\"ltr\" data-wpcf7-id=\"5676\">\n<div class=\"screen-reader-response\"><p role=\"status\" aria-live=\"polite\" aria-atomic=\"true\"><\/p> <ul><\/ul><\/div>\n<form action=\"\/dss\/de\/wp-json\/wp\/v2\/pages\/5677#wpcf7-f5676-o1\" method=\"post\" class=\"wpcf7-form init\" aria-label=\"Kontaktformular\" novalidate=\"novalidate\" data-status=\"init\">\n<fieldset class=\"hidden-fields-container\"><input type=\"hidden\" name=\"_wpcf7\" value=\"5676\" \/><input type=\"hidden\" name=\"_wpcf7_version\" value=\"6.1.5\" \/><input type=\"hidden\" name=\"_wpcf7_locale\" value=\"de_DE\" \/><input type=\"hidden\" name=\"_wpcf7_unit_tag\" value=\"wpcf7-f5676-o1\" \/><input type=\"hidden\" name=\"_wpcf7_container_post\" value=\"0\" \/><input type=\"hidden\" name=\"_wpcf7_posted_data_hash\" value=\"\" \/>\n<\/fieldset>\n<p><span id=\"wpcf7-69ef9d97cea26-wrapper\" class=\"wpcf7-form-control-wrap karsumpel-407-wrap\" style=\"display:none !important; visibility:hidden !important;\"><label for=\"wpcf7-69ef9d97cea26-field\" class=\"hp-message\">Bitte lasse dieses Feld leer.<\/label><input id=\"wpcf7-69ef9d97cea26-field\"  class=\"wpcf7-form-control wpcf7-text quadriga\" type=\"text\" name=\"karsumpel-407\" value=\"\" size=\"40\" tabindex=\"-1\" autocomplete=\"new-password\" \/><\/span>\n<\/p>\n<fieldset>\n\t<legend>Veranstalter\n\t<\/legend>\n\t<p><label> Firma\/Organisation\/Name (Pflichtfeld)<br \/>\n<span class=\"wpcf7-form-control-wrap\" data-name=\"your-name\"><input size=\"40\" maxlength=\"400\" class=\"wpcf7-form-control wpcf7-text wpcf7-validates-as-required\" aria-required=\"true\" aria-invalid=\"false\" value=\"\" type=\"text\" name=\"your-name\" \/><\/span> <\/label><br \/>\n<label> Adresse (Pflichtfeld)<br \/>\n<span class=\"wpcf7-form-control-wrap\" data-name=\"adresse\"><input size=\"40\" maxlength=\"400\" class=\"wpcf7-form-control wpcf7-text wpcf7-validates-as-required\" aria-required=\"true\" aria-invalid=\"false\" value=\"\" type=\"text\" name=\"adresse\" \/><\/span> <\/label><br \/>\n<label> PLZ (Pflichtfeld)<br \/>\n<span class=\"wpcf7-form-control-wrap\" data-name=\"number-795\"><input class=\"wpcf7-form-control wpcf7-number wpcf7-validates-as-number\" min=\"1000\" max=\"99999\" aria-invalid=\"false\" value=\"\" type=\"number\" name=\"number-795\" \/><\/span> <\/label><br \/>\n<label> Ort (Pflichtfeld)<br \/>\n<span class=\"wpcf7-form-control-wrap\" data-name=\"ort\"><input size=\"40\" maxlength=\"400\" class=\"wpcf7-form-control wpcf7-text wpcf7-validates-as-required\" aria-required=\"true\" aria-invalid=\"false\" value=\"\" type=\"text\" name=\"ort\" \/><\/span> <\/label><br \/>\n<label> Kontaktperson (Pflichtfeld)<br \/>\n<span class=\"wpcf7-form-control-wrap\" data-name=\"kontaktperson\"><input size=\"40\" maxlength=\"400\" class=\"wpcf7-form-control wpcf7-text wpcf7-validates-as-required\" aria-required=\"true\" aria-invalid=\"false\" value=\"\" type=\"text\" name=\"kontaktperson\" \/><\/span> <\/label><br \/>\n<label> Telefon (Pflichtfeld)<br \/>\n<span class=\"wpcf7-form-control-wrap\" data-name=\"telefon\"><input size=\"40\" maxlength=\"400\" class=\"wpcf7-form-control wpcf7-text wpcf7-validates-as-required\" aria-required=\"true\" aria-invalid=\"false\" value=\"\" type=\"text\" name=\"telefon\" \/><\/span> <\/label><br \/>\n<label> E-Mail (Pflichtfeld)<br \/>\n<span class=\"wpcf7-form-control-wrap\" data-name=\"your-email\"><input size=\"40\" maxlength=\"400\" class=\"wpcf7-form-control wpcf7-email wpcf7-validates-as-required wpcf7-text wpcf7-validates-as-email\" aria-required=\"true\" aria-invalid=\"false\" value=\"\" type=\"email\" name=\"your-email\" \/><\/span> <\/label>\n\t<\/p>\n<\/fieldset>\n<fieldset>\n\t<legend>Rechnungsadresse\n\t<\/legend>\n\t<p><span class=\"wpcf7-form-control-wrap\" data-name=\"checkbox-962\"><span class=\"wpcf7-form-control wpcf7-checkbox\"><span class=\"wpcf7-list-item first last\"><input type=\"checkbox\" name=\"checkbox-962[]\" value=\"identisch mit Veranstalteradresse\" \/><span class=\"wpcf7-list-item-label\">identisch mit Veranstalteradresse<\/span><\/span><\/span><\/span><br \/>\n<label> Firma\/Organisation\/Name<br \/>\n<span class=\"wpcf7-form-control-wrap\" data-name=\"your-rechnungsempfaenger\"><input size=\"40\" maxlength=\"400\" class=\"wpcf7-form-control wpcf7-text\" aria-invalid=\"false\" value=\"\" type=\"text\" name=\"your-rechnungsempfaenger\" \/><\/span> <\/label><br \/>\n<label> Zusatz<br \/>\n<span class=\"wpcf7-form-control-wrap\" data-name=\"your-zusatzinfo\"><input size=\"40\" maxlength=\"400\" class=\"wpcf7-form-control wpcf7-text\" aria-invalid=\"false\" value=\"\" type=\"text\" name=\"your-zusatzinfo\" \/><\/span> <\/label><br \/>\n<label> Adresse<br \/>\n<span class=\"wpcf7-form-control-wrap\" data-name=\"rechnungsadresse\"><input size=\"40\" maxlength=\"400\" class=\"wpcf7-form-control wpcf7-text\" aria-invalid=\"false\" value=\"\" type=\"text\" name=\"rechnungsadresse\" \/><\/span> <\/label><br \/>\n<label> PLZ<br \/>\n<span class=\"wpcf7-form-control-wrap\" data-name=\"number-796\"><input class=\"wpcf7-form-control wpcf7-number wpcf7-validates-as-number\" min=\"1000\" max=\"99999\" aria-invalid=\"false\" value=\"\" type=\"number\" name=\"number-796\" \/><\/span> <\/label><br \/>\n<label> Ort<br \/>\n<span class=\"wpcf7-form-control-wrap\" data-name=\"rechnungsort\"><input size=\"40\" maxlength=\"400\" class=\"wpcf7-form-control wpcf7-text\" aria-invalid=\"false\" value=\"\" type=\"text\" name=\"rechnungsort\" \/><\/span> <\/label>\n\t<\/p>\n<\/fieldset>\n<fieldset>\n\t<legend>Veranstaltung\n\t<\/legend>\n\t<p><label> Art des Anlasses (GV, Symposium, Podium etc.)<br \/>\n<span class=\"wpcf7-form-control-wrap\" data-name=\"Anlass\"><input size=\"40\" maxlength=\"400\" class=\"wpcf7-form-control wpcf7-text\" aria-invalid=\"false\" value=\"\" type=\"text\" name=\"Anlass\" \/><\/span> <\/label><br \/>\n<label> genauere Umschreibung<br \/>\n<span class=\"wpcf7-form-control-wrap\" data-name=\"Details\"><textarea cols=\"40\" rows=\"3\" maxlength=\"2000\" class=\"wpcf7-form-control wpcf7-textarea\" aria-invalid=\"false\" name=\"Details\"><\/textarea><\/span> <\/label><br \/>\nWird f\u00fcr die Veranstaltung Eintritt verlangt?<br \/>\n<span class=\"wpcf7-form-control-wrap\" data-name=\"radio-275\"><span class=\"wpcf7-form-control wpcf7-radio\"><span class=\"wpcf7-list-item first\"><label><input type=\"radio\" name=\"radio-275\" value=\"Ja\" \/><span class=\"wpcf7-list-item-label\">Ja<\/span><\/label><\/span><span class=\"wpcf7-list-item last\"><label><input type=\"radio\" name=\"radio-275\" value=\"Nein\" \/><span class=\"wpcf7-list-item-label\">Nein<\/span><\/label><\/span><\/span><\/span><br \/>\n\t<hr \/>\n\t<\/p>\n\t<h3>Termin\n\t<\/h3>\n\t<p><label> Datum<br \/>\n<span class=\"wpcf7-form-control-wrap\" data-name=\"Datum-Anlass\"><input size=\"40\" maxlength=\"400\" class=\"wpcf7-form-control wpcf7-text\" aria-invalid=\"false\" value=\"\" type=\"text\" name=\"Datum-Anlass\" \/><\/span> <\/label><br \/>\n<label> Uhrzeit<br \/>\n<span class=\"wpcf7-form-control-wrap\" data-name=\"Uhrzeit-Anlass\"><input size=\"40\" maxlength=\"400\" class=\"wpcf7-form-control wpcf7-text\" aria-invalid=\"false\" value=\"\" type=\"text\" name=\"Uhrzeit-Anlass\" \/><\/span> <\/label><br \/>\n\t<hr \/>\n\t<\/p>\n\t<h3>Ort der Veranstaltung\n\t<\/h3>\n\t<p><label> Durchf\u00fchrungsort (z.B. Gemeindesaal, Hotel, Museum, Sternwarte, Schule) (Pflichtfeld)<br \/>\n<span class=\"wpcf7-form-control-wrap\" data-name=\"veranstaltungsort\"><input size=\"40\" maxlength=\"400\" class=\"wpcf7-form-control wpcf7-text wpcf7-validates-as-required\" aria-required=\"true\" aria-invalid=\"false\" value=\"\" type=\"text\" name=\"veranstaltungsort\" \/><\/span> <\/label><br \/>\n<label> Adresse (Pflichtfeld)<br \/>\n<span class=\"wpcf7-form-control-wrap\" data-name=\"veranstaltungsadresse\"><input size=\"40\" maxlength=\"400\" class=\"wpcf7-form-control wpcf7-text wpcf7-validates-as-required\" aria-required=\"true\" aria-invalid=\"false\" value=\"\" type=\"text\" name=\"veranstaltungsadresse\" \/><\/span> <\/label><br \/>\n<label> PLZ (Pflichtfeld)<br \/>\n<span class=\"wpcf7-form-control-wrap\" data-name=\"number-797\"><input class=\"wpcf7-form-control wpcf7-number wpcf7-validates-as-required wpcf7-validates-as-number\" min=\"1000\" max=\"99999\" aria-required=\"true\" aria-invalid=\"false\" value=\"\" type=\"number\" name=\"number-797\" \/><\/span> <\/label><br \/>\n<label> Ort (Pflichtfeld)<br \/>\n<span class=\"wpcf7-form-control-wrap\" data-name=\"veranstaltungsort\"><input size=\"40\" maxlength=\"400\" class=\"wpcf7-form-control wpcf7-text wpcf7-validates-as-required\" aria-required=\"true\" aria-invalid=\"false\" value=\"\" type=\"text\" name=\"veranstaltungsort\" \/><\/span> <\/label><br \/>\n\t<hr \/>\n\t<\/p>\n\t<h3>Teilnehmer\n\t<\/h3>\n\t<p><label> Erwartete Personenzahl<br \/>\n<span class=\"wpcf7-form-control-wrap\" data-name=\"teilnehmerzahl\"><input class=\"wpcf7-form-control wpcf7-number wpcf7-validates-as-number\" aria-invalid=\"false\" value=\"\" type=\"number\" name=\"teilnehmerzahl\" \/><\/span> <\/label><br \/>\n<label> Zielgruppe(n)<br \/>\n<span class=\"wpcf7-form-control-wrap\" data-name=\"zielgruppen\"><textarea cols=\"40\" rows=\"3\" maxlength=\"2000\" class=\"wpcf7-form-control wpcf7-textarea\" aria-invalid=\"false\" name=\"zielgruppen\"><\/textarea><\/span> <\/label><br \/>\n\t<hr \/>\n\t<\/p>\n\t<h3>Themenschwerpunkt\n\t<\/h3>\n\t<p>Aus bestehender Auswahl<br \/>\n<span class=\"wpcf7-form-control-wrap\" data-name=\"radio-856\"><span class=\"wpcf7-form-control wpcf7-radio\"><span class=\"wpcf7-list-item first last\"><input type=\"radio\" name=\"radio-856\" value=\"Lichtverschmutzung allgemein\" checked=\"checked\" \/><span class=\"wpcf7-list-item-label\">Lichtverschmutzung allgemein<\/span><\/span><\/span><\/span><br \/>\n<span class=\"wpcf7-form-control-wrap\" data-name=\"radio-856\"><span class=\"wpcf7-form-control wpcf7-radio\"><span class=\"wpcf7-list-item first last\"><input type=\"radio\" name=\"radio-856\" value=\"Lichtverschmutzung Schwerpunkt Natur, Pflanzen und Tiere\" \/><span class=\"wpcf7-list-item-label\">Lichtverschmutzung Schwerpunkt Natur, Pflanzen und Tiere<\/span><\/span><\/span><\/span><br \/>\n<span class=\"wpcf7-form-control-wrap\" data-name=\"radio-856\"><span class=\"wpcf7-form-control wpcf7-radio\"><span class=\"wpcf7-list-item first last\"><input type=\"radio\" name=\"radio-856\" value=\"Lichtverschmutzung Schwerpunkt Mensch und Gesundheit\" \/><span class=\"wpcf7-list-item-label\">Lichtverschmutzung Schwerpunkt Mensch und Gesundheit<\/span><\/span><\/span><\/span><br \/>\n<span class=\"wpcf7-form-control-wrap\" data-name=\"radio-856\"><span class=\"wpcf7-form-control wpcf7-radio\"><span class=\"wpcf7-list-item first last\"><input type=\"radio\" name=\"radio-856\" value=\"Lichtverschmutzung Schwerpunkt Normen und Planung\" \/><span class=\"wpcf7-list-item-label\">Lichtverschmutzung Schwerpunkt Normen und Planung<\/span><\/span><\/span><\/span><br \/>\n<span class=\"wpcf7-form-control-wrap\" data-name=\"radio-856\"><span class=\"wpcf7-form-control wpcf7-radio\"><span class=\"wpcf7-list-item first last\"><input type=\"radio\" name=\"radio-856\" value=\"Lichtverschmutzung Schwerpunkt Gew\u00e4sser-\u00d6kosysteme\" \/><span class=\"wpcf7-list-item-label\">Lichtverschmutzung Schwerpunkt Gew\u00e4sser-\u00d6kosysteme<\/span><\/span><\/span><\/span>\n\t<\/p>\n\t<p><label> Anderer Wunsch<br \/>\n<span class=\"wpcf7-form-control-wrap\" data-name=\"spezialanfrage\"><textarea cols=\"40\" rows=\"3\" maxlength=\"2000\" class=\"wpcf7-form-control wpcf7-textarea\" aria-invalid=\"false\" name=\"spezialanfrage\"><\/textarea><\/span> <\/label><br \/>\n<span class=\"wpcf7-form-control-wrap\" data-name=\"checkbox-308\"><span class=\"wpcf7-form-control wpcf7-checkbox\"><span class=\"wpcf7-list-item first last\"><input type=\"checkbox\" name=\"checkbox-308[]\" value=\"bitte nehmen Sie mit mir Kontakt auf\" \/><span class=\"wpcf7-list-item-label\">bitte nehmen Sie mit mir Kontakt auf<\/span><\/span><\/span><\/span><br \/>\n\t<hr \/>\n\t<\/p>\n\t<h3>Technisches\n\t<\/h3>\n\t<p>Unsere Referenten ben\u00f6tigen zwingend einen Video-Beamer inkl. Verbindungskabel sowie eine Leinwand. Ein 230V Stromanschluss ist ebenfalls von Vorteil.\n\t<\/p>\n\t<p>Welche Pr\u00e4sentationsmittel stehen ausserdem zur Verf\u00fcgung?<br \/>\n<span class=\"wpcf7-form-control-wrap\" data-name=\"checkbox-230\"><span class=\"wpcf7-form-control wpcf7-checkbox\"><span class=\"wpcf7-list-item first last\"><input type=\"checkbox\" name=\"checkbox-230[]\" value=\"Laptop (Backup)\" \/><span class=\"wpcf7-list-item-label\">Laptop (Backup)<\/span><\/span><\/span><\/span><br \/>\n<span class=\"wpcf7-form-control-wrap\" data-name=\"checkbox-230\"><span class=\"wpcf7-form-control wpcf7-checkbox\"><span class=\"wpcf7-list-item first last\"><input type=\"checkbox\" name=\"checkbox-230[]\" value=\"Rednerpult mit Mikrofon\" \/><span class=\"wpcf7-list-item-label\">Rednerpult mit Mikrofon<\/span><\/span><\/span><\/span><br \/>\n<span class=\"wpcf7-form-control-wrap\" data-name=\"checkbox-230\"><span class=\"wpcf7-form-control wpcf7-checkbox\"><span class=\"wpcf7-list-item first last\"><input type=\"checkbox\" name=\"checkbox-230[]\" value=\"Funkmikrofon\" \/><span class=\"wpcf7-list-item-label\">Funkmikrofon<\/span><\/span><\/span><\/span><br \/>\n<span class=\"wpcf7-form-control-wrap\" data-name=\"checkbox-230\"><span class=\"wpcf7-form-control wpcf7-checkbox\"><span class=\"wpcf7-list-item first last\"><input type=\"checkbox\" name=\"checkbox-230[]\" value=\"Stereoanlage\" \/><span class=\"wpcf7-list-item-label\">Stereoanlage<\/span><\/span><\/span><\/span><br \/>\n\t<hr \/>\n\t<\/p>\n\t<h3>Kosten\n\t<\/h3>\n\t<p><span class=\"wpcf7-form-control-wrap\" data-name=\"checkbox-755\"><span class=\"wpcf7-form-control wpcf7-checkbox wpcf7-validates-as-required\"><span class=\"wpcf7-list-item first last\"><input type=\"checkbox\" name=\"checkbox-755[]\" value=\"Ich stimme zu (Pflichtfeld)\" \/><span class=\"wpcf7-list-item-label\">Ich stimme zu (Pflichtfeld)<\/span><\/span><\/span><\/span><br \/>\nDas Honorar f\u00fcr den Referenten\/die Referentin betr\u00e4gt CHF 300.\u2014. F\u00fcr Firmen, Grossveranstaltungen und Veranstaltungen gegen Eintritt k\u00f6nnen h\u00f6here Honorare anfallen (gem\u00e4ss separater Vereinbarung).<br \/>\nZus\u00e4tzlich zu den Honorarkosten werden die Reisekosten nach Aufwand verrechnet. Sind Hin- und R\u00fcckreise nicht am selben Tag m\u00f6glich, so k\u00f6nnen zus\u00e4tzliche Spesen f\u00fcr \u00dcbernachtung und Verpflegung anfallen.\n\t<\/p>\n<\/fieldset>\n<p><input class=\"wpcf7-form-control wpcf7-submit has-spinner\" type=\"submit\" value=\"Senden\" \/>\n<\/p><div class=\"wpcf7-response-output\" aria-hidden=\"true\"><\/div>\n<\/form>\n<\/div>\n\n<p>&nbsp;<\/p>\n","protected":false},"excerpt":{"rendered":"<p>&nbsp;<\/p>\n","protected":false},"author":2,"featured_media":0,"parent":89,"menu_order":0,"comment_status":"closed","ping_status":"closed","template":"","meta":{"_acf_changed":false,"footnotes":""},"class_list":["post-5677","page","type-page","status-publish","hentry"],"acf":[],"_links":{"self":[{"href":"https:\/\/www.darksky.ch\/dss\/de\/wp-json\/wp\/v2\/pages\/5677","targetHints":{"allow":["GET"]}}],"collection":[{"href":"https:\/\/www.darksky.ch\/dss\/de\/wp-json\/wp\/v2\/pages"}],"about":[{"href":"https:\/\/www.darksky.ch\/dss\/de\/wp-json\/wp\/v2\/types\/page"}],"author":[{"embeddable":true,"href":"https:\/\/www.darksky.ch\/dss\/de\/wp-json\/wp\/v2\/users\/2"}],"replies":[{"embeddable":true,"href":"https:\/\/www.darksky.ch\/dss\/de\/wp-json\/wp\/v2\/comments?post=5677"}],"version-history":[{"count":5,"href":"https:\/\/www.darksky.ch\/dss\/de\/wp-json\/wp\/v2\/pages\/5677\/revisions"}],"predecessor-version":[{"id":5683,"href":"https:\/\/www.darksky.ch\/dss\/de\/wp-json\/wp\/v2\/pages\/5677\/revisions\/5683"}],"up":[{"embeddable":true,"href":"https:\/\/www.darksky.ch\/dss\/de\/wp-json\/wp\/v2\/pages\/89"}],"wp:attachment":[{"href":"https:\/\/www.darksky.ch\/dss\/de\/wp-json\/wp\/v2\/media?parent=5677"}],"curies":[{"name":"wp","href":"https:\/\/api.w.org\/{rel}","templated":true}]}}