

{"id":65,"date":"2016-06-16T20:40:09","date_gmt":"2016-06-16T18:40:09","guid":{"rendered":"http:\/\/www.darksky.ch\/dsx\/?page_id=65"},"modified":"2025-11-27T15:54:53","modified_gmt":"2025-11-27T14:54:53","slug":"rechtsgrundlagen","status":"publish","type":"page","link":"https:\/\/www.darksky.ch\/dss\/de\/handeln\/rechtsgrundlagen\/","title":{"rendered":"Rechtsgrundlagen"},"content":{"rendered":"<div class=\"csc-header csc-header-n1\">\n<p class=\"csc-firstHeader\"><strong>Reglemente und Gesetze<\/strong><\/p>\n<\/div>\n<p class=\"bodytext\">Zusammenstellung des Bundes (BAFU) \u00fcber die<\/p>\n<ul>\n<li><a class=\"external-link-new-window\" title=\"Opens external link in new window\" href=\"https:\/\/www.bafu.admin.ch\/bafu\/de\/home\/themen\/elektrosmog\/recht.html\" target=\"_blank\" rel=\"noopener noreferrer\">Rechtlichen Grundlagen<br \/>\n<\/a><a href=\"https:\/\/www.admin.ch\/opc\/de\/classified-compilation\/19830267\/#id-2\">USG 2.1. Art. 11<\/a><\/li>\n<li><a class=\"external-link-new-window\" title=\"Opens external link in new window\" href=\"https:\/\/www.bafu.admin.ch\/de\/massnahmen-gegen-lichtverschmutzung\" target=\"_blank\" rel=\"noopener noreferrer\">Empfehlungen der Beh\u00f6rden und Massnahmen<\/a>\u00a0\u00a0(Bund, Kantone, Gemeinden)<\/li>\n<\/ul>\n<p>In der Praxis st\u00fctzt sich\u00a0das Bundesgericht auf die <a href=\"http:\/\/www.darksky.ch\/dss\/de\/2013\/03\/sia-norm-491-sn-586-491-sia-4912013\/\">Baunorm SIA 491<\/a> und hat festgestellt, dass das \u00f6ffentliche Interesse f\u00fcr die Nachtruhe zwischen 22 bis 6 Uhr auch beim Licht besteht.<\/p>\n<p class=\"bodytext\">Auszug Vorsorgeprinzip aus dem Umweltschutzgesetz:<\/p>\n<p class=\"bodytext\"><b>Art. 1<\/b>\u00a0Zweck<\/p>\n<p class=\"bodytext\"><sup>2<\/sup>\u00a0Im Sinne der Vorsorge sind Einwirkungen, die sch\u00e4dlich oder l\u00e4stig werden k\u00f6nnten, fr\u00fchzeitig zu begrenzen.<\/p>\n<p class=\"bodytext\"><b>Art. 7<\/b>\u00a0Definitionen<\/p>\n<p class=\"bodytext\"><sup>1<\/sup>\u00a0Einwirkungen sind Strahlen.<\/p>\n<p class=\"bodytext\"><sup>2<\/sup>\u00a0Strahlen werden beim Austritt aus Anlagen als Emissionen, am Ort ihres Einwirkens als Immissionen bezeichnet.<\/p>\n<p class=\"bodytext\"><b>Art. 11<\/b>\u00a0Grundsatz<\/p>\n<p class=\"bodytext\"><sup>1<\/sup>\u00a0Strahlen werden durch Massnahmen bei der Quelle begrenzt (Emissionsbegrenzungen).<\/p>\n<p class=\"bodytext\"><sup>2<\/sup>\u00a0Unabh\u00e4ngig von der bestehenden Umweltbelastung sind Emissionen im Rahmen der Vorsorge so weit zu begrenzen, als dies technisch und betrieblich m\u00f6glich und wirtschaftlich tragbar ist.<\/p>\n<p class=\"bodytext\">3\u00a0Die Emissionsbegrenzungen werden versch\u00e4rft, wenn feststeht oder zu erwarten ist, dass die Einwirkungen unter Ber\u00fccksichtigung der bestehenden Umweltbelastung sch\u00e4dlich oder l\u00e4stig werden.<\/p>\n<p>&nbsp;<\/p>\n<p>F\u00fcr das Bundesgesetz \u00fcber den <strong>Schutz vor Gef\u00e4hrdungen durch nichtionisierende Strahlung und Schall<\/strong> ist seit 1. Juni 2019 eine Verordnung in Kraft getreten.<\/p>\n<p>Der Bundesrat will die Bev\u00f6lkerung besser vor gef\u00e4hrlicher Strahlung sch\u00fctzen.<br \/>\nBetreiber von Solarien m\u00fcssen sicherstellen, dass Minderj\u00e4hrige keinen Zutritt haben. Dies hat der Bundesrat an seiner Sitzung vom 27. Februar 2019 entschieden und die Verordnung zum Bundesgesetz \u00fcber den Schutz vor Gef\u00e4hrdungen durch nichtionisierende Strahlung und Schall verabschiedet. Verbessert wird auch der Gesundheitsschutz bei kosmetischen Laserbehandlungen und beim Einsatz von Laserpointern.<\/p>\n<p>\u00bb <a href=\"https:\/\/www.bag.admin.ch\/bag\/de\/home\/gesund-leben\/umwelt-und-gesundheit\/strahlung-radioaktivitaet-schall\/nissg.html\" target=\"_blank\" rel=\"noopener noreferrer\">Verordnung zum NISSG (V-NISSG)<\/a><\/p>\n","protected":false},"excerpt":{"rendered":"<p>Reglemente und Gesetze Zusammenstellung des Bundes (BAFU) \u00fcber die Rechtlichen Grundlagen USG 2.1. Art. 11 Empfehlungen der Beh\u00f6rden und Massnahmen\u00a0\u00a0(Bund, Kantone, Gemeinden) In der Praxis st\u00fctzt sich\u00a0das Bundesgericht auf die Baunorm SIA 491 und hat festgestellt, dass das \u00f6ffentliche Interesse f\u00fcr die Nachtruhe zwischen 22 bis 6 Uhr auch beim Licht besteht. Auszug Vorsorgeprinzip aus &hellip; <a href=\"https:\/\/www.darksky.ch\/dss\/de\/handeln\/rechtsgrundlagen\/\" class=\"more-link\">Continue reading<span class=\"screen-reader-text\"> &#8222;Rechtsgrundlagen&#8220;<\/span><\/a><\/p>\n","protected":false},"author":2,"featured_media":0,"parent":17,"menu_order":1,"comment_status":"closed","ping_status":"closed","template":"","meta":{"_acf_changed":false,"footnotes":""},"class_list":["post-65","page","type-page","status-publish","hentry"],"acf":[],"_links":{"self":[{"href":"https:\/\/www.darksky.ch\/dss\/de\/wp-json\/wp\/v2\/pages\/65","targetHints":{"allow":["GET"]}}],"collection":[{"href":"https:\/\/www.darksky.ch\/dss\/de\/wp-json\/wp\/v2\/pages"}],"about":[{"href":"https:\/\/www.darksky.ch\/dss\/de\/wp-json\/wp\/v2\/types\/page"}],"author":[{"embeddable":true,"href":"https:\/\/www.darksky.ch\/dss\/de\/wp-json\/wp\/v2\/users\/2"}],"replies":[{"embeddable":true,"href":"https:\/\/www.darksky.ch\/dss\/de\/wp-json\/wp\/v2\/comments?post=65"}],"version-history":[{"count":16,"href":"https:\/\/www.darksky.ch\/dss\/de\/wp-json\/wp\/v2\/pages\/65\/revisions"}],"predecessor-version":[{"id":16447,"href":"https:\/\/www.darksky.ch\/dss\/de\/wp-json\/wp\/v2\/pages\/65\/revisions\/16447"}],"up":[{"embeddable":true,"href":"https:\/\/www.darksky.ch\/dss\/de\/wp-json\/wp\/v2\/pages\/17"}],"wp:attachment":[{"href":"https:\/\/www.darksky.ch\/dss\/de\/wp-json\/wp\/v2\/media?parent=65"}],"curies":[{"name":"wp","href":"https:\/\/api.w.org\/{rel}","templated":true}]}}