

{"id":68,"date":"2016-06-16T20:43:35","date_gmt":"2016-06-16T18:43:35","guid":{"rendered":"http:\/\/www.darksky.ch\/dsx\/?page_id=68"},"modified":"2018-02-22T17:05:09","modified_gmt":"2018-02-22T16:05:09","slug":"lichtnormen","status":"publish","type":"page","link":"https:\/\/www.darksky.ch\/dss\/de\/handeln\/lichtnormen\/","title":{"rendered":"Lichtnormen"},"content":{"rendered":"<p><b>SN 586 491:2013 <\/b><b>\u00a0<\/b>Baunorm SIA 491<\/p>\n<p>Die <a href=\"http:\/\/www.darksky.ch\/dss\/de\/2013\/03\/sia-norm-491-sn-586-491-sia-4912013\/\">SIA Norm 491<\/a> wurde am 1. M\u00e4rz 2013 eingef\u00fchrt. Sie beruht auf den <a href=\"http:\/\/www.darksky.ch\/dss\/de\/handeln\/richtig-beleuchten\/\">Grundlagen<\/a>, welche Ren\u00e9 Kobler bereits ab\u00a02002 f\u00fcr Dark-Sky Switzerland entwickelt hat.<\/p>\n<p>Weitere lichttechnische Normen und Empfehlungen zur Beurteilung von Aussenbeleuchtung sind:<\/p>\n<p>SN EN 12464-2:2014: Beleuchtung von Arbeitsst\u00e4tten &#8211; Teil 2: <strong>Arbeitspl\u00e4tze im Freien.<\/strong><\/p>\n<p>SN EN 12193:2008:\u00a0Licht und Beleuchtung \u2013 <strong>Sportst\u00e4ttenbeleuchtung<\/strong><\/p>\n<p>SN TR 13201-1:2016:\u00a0Technischer Report <strong>Strassenbeleuchtung<\/strong> \u2013 Teil 1: Auswahl der <strong>Beleuchtungsklassen<\/strong><\/p>\n<div>\n<p>SN TR 13201-2:2016:\u00a0<strong>Strassenbeleuchtung<\/strong> \u2013 Teil 2: <strong>G\u00fctemerkmale<\/strong><\/p>\n<div>\n<p>SN TR 13201-3:2016:\u00a0<strong>Strassenbeleuchtung<\/strong> \u2013 Teil 3: <strong>Berechnung der G\u00fctemerkmale<\/strong><\/p>\n<p>SN TR 13201-4:2016:\u00a0<strong>Strassenbeleuchtung<\/strong> \u2013 Teil 4: Methoden zur <strong>Messung der G\u00fctemerkmale<\/strong> von Strassenbeleuchtungsanlagen.<\/p>\n<\/div>\n<div>\n<div>SN TR 13201-5:2016:\u00a0<strong>Strassenbeleuchtung<\/strong> \u2013 Teil 5:\u00a0<strong>Energieeffizienzindikatoren<\/strong><\/div>\n<div><\/div>\n<\/div>\n<div>\n<p>CIE 150:2017:\u00a0Guide on the Limitation of the Effects of Obtrusive Light from Outdoor Lighting Installations (Leitfaden zur Begrenzung der St\u00f6rlichtwirkungen von Aussenbeleuchtungsanlagen).<\/p>\n<\/div>\n<\/div>\n<p>CIE 126-1997: Guidelines for Minimizing Sky Glow.<\/p>\n<p>&nbsp;<\/p>\n","protected":false},"excerpt":{"rendered":"<p>SN 586 491:2013 \u00a0Baunorm SIA 491 Die SIA Norm 491 wurde am 1. M\u00e4rz 2013 eingef\u00fchrt. Sie beruht auf den Grundlagen, welche Ren\u00e9 Kobler bereits ab\u00a02002 f\u00fcr Dark-Sky Switzerland entwickelt hat. Weitere lichttechnische Normen und Empfehlungen zur Beurteilung von Aussenbeleuchtung sind: SN EN 12464-2:2014: Beleuchtung von Arbeitsst\u00e4tten &#8211; Teil 2: Arbeitspl\u00e4tze im Freien. SN EN &hellip; <a href=\"https:\/\/www.darksky.ch\/dss\/de\/handeln\/lichtnormen\/\" class=\"more-link\">Continue reading<span class=\"screen-reader-text\"> &#8222;Lichtnormen&#8220;<\/span><\/a><\/p>\n","protected":false},"author":2,"featured_media":0,"parent":17,"menu_order":2,"comment_status":"closed","ping_status":"closed","template":"","meta":{"_acf_changed":false,"footnotes":""},"class_list":["post-68","page","type-page","status-publish","hentry"],"acf":[],"_links":{"self":[{"href":"https:\/\/www.darksky.ch\/dss\/de\/wp-json\/wp\/v2\/pages\/68","targetHints":{"allow":["GET"]}}],"collection":[{"href":"https:\/\/www.darksky.ch\/dss\/de\/wp-json\/wp\/v2\/pages"}],"about":[{"href":"https:\/\/www.darksky.ch\/dss\/de\/wp-json\/wp\/v2\/types\/page"}],"author":[{"embeddable":true,"href":"https:\/\/www.darksky.ch\/dss\/de\/wp-json\/wp\/v2\/users\/2"}],"replies":[{"embeddable":true,"href":"https:\/\/www.darksky.ch\/dss\/de\/wp-json\/wp\/v2\/comments?post=68"}],"version-history":[{"count":8,"href":"https:\/\/www.darksky.ch\/dss\/de\/wp-json\/wp\/v2\/pages\/68\/revisions"}],"predecessor-version":[{"id":8705,"href":"https:\/\/www.darksky.ch\/dss\/de\/wp-json\/wp\/v2\/pages\/68\/revisions\/8705"}],"up":[{"embeddable":true,"href":"https:\/\/www.darksky.ch\/dss\/de\/wp-json\/wp\/v2\/pages\/17"}],"wp:attachment":[{"href":"https:\/\/www.darksky.ch\/dss\/de\/wp-json\/wp\/v2\/media?parent=68"}],"curies":[{"name":"wp","href":"https:\/\/api.w.org\/{rel}","templated":true}]}}