

{"id":71,"date":"2016-06-16T20:57:38","date_gmt":"2016-06-16T18:57:38","guid":{"rendered":"http:\/\/www.darksky.ch\/dsx\/?page_id=71"},"modified":"2018-01-20T12:37:47","modified_gmt":"2018-01-20T11:37:47","slug":"verpflichtung","status":"publish","type":"page","link":"https:\/\/www.darksky.ch\/dss\/de\/handeln\/verpflichtung\/","title":{"rendered":"Verpflichtung"},"content":{"rendered":"<p>Beh\u00f6rden, Bauherren, Architektinnen, Planer und Unternehmer\u00a0sind gefordert!<\/p>\n<p>Dark-Sky Switzerland ist gerne bereit, bei\u00a0der <a href=\"http:\/\/www.darksky.ch\/dss\/de\/2015\/10\/ausbildungberufe\/\">Entwicklung von Lehrg\u00e4ngen dieser Berufsgruppen<\/a> mit Informationen mitzuarbeiten.<\/p>\n<p>Ausserdem haben wir im Jahr 2016 eine neue <a href=\"http:\/\/www.darksky.ch\/dss\/de\/dark-sky-switzerland\/mitglied-werden\/\" target=\"_blank\" rel=\"noopener noreferrer\">Mitgliedschaft f\u00fcr Lichtplaner<\/a> bei Dark-Sky Switzerland eingef\u00fchrt. Wir wollen damit ein Bekenntnis der Lichtplaner zu den Grunds\u00e4tzen von Dark-Sky bewirken, so dass deren\u00a0Kunden sich auf die Qualit\u00e4t der Planung verlassen k\u00f6nnen.<\/p>\n<p>Wer sich einmal ausf\u00fchrlich mit dem Schutzgedanken des Nachthimmels befassen will, lese unsere nicht-autorisierte\u00a0<a href=\"http:\/\/www.darksky.ch\/dss\/de\/2017\/05\/la-palma-deklaration-10-jahre-appell-an-die-vernunft\/\">\u00dcbersetzung der La Palma Deklaration\u00a0auf Deutsch<\/a>.<\/p>\n<p>Man beachte ausserdem die Empfehlungen des Bundesamtes f\u00fcr Umwelt (BAFU) zur Erhaltung der <a href=\"https:\/\/www.bafu.admin.ch\/bafu\/de\/home\/themen\/biodiversitaet.html\" target=\"_blank\" rel=\"noopener\">Biodiversit\u00e4t<\/a>, insbesondere die Massnahmen zum Fledermausschutz, Kapitel 1.3.6 (Licht- und L\u00e4rmemissionen) und 2.1.3 (Optimieren der Beleuchtung) und Anhang B1 (Wildtierbr\u00fccken); siehe<br \/>\n\u00bb <a href=\"https:\/\/www.bafu.admin.ch\/dam\/bafu\/de\/dokumente\/biodiversitaet\/externe-studien-berichte\/fledermausschutz-verkehrsinfrastrukturen.pdf.download.pdf\/Arbeitsgrundlage_Fledermaeuse-und-Verkehrsinfrastrukturen_10.08.17.pdf\" target=\"_blank\" rel=\"noopener\">Arbeitsgrundlage Flederm\u00e4use- und Verkehrsinfrastrukturen vom 10.08.17<\/a> (pdf).<\/p>\n<p>&nbsp;<\/p>\n","protected":false},"excerpt":{"rendered":"<p>Beh\u00f6rden, Bauherren, Architektinnen, Planer und Unternehmer\u00a0sind gefordert! Dark-Sky Switzerland ist gerne bereit, bei\u00a0der Entwicklung von Lehrg\u00e4ngen dieser Berufsgruppen mit Informationen mitzuarbeiten. Ausserdem haben wir im Jahr 2016 eine neue Mitgliedschaft f\u00fcr Lichtplaner bei Dark-Sky Switzerland eingef\u00fchrt. Wir wollen damit ein Bekenntnis der Lichtplaner zu den Grunds\u00e4tzen von Dark-Sky bewirken, so dass deren\u00a0Kunden sich auf die &hellip; <a href=\"https:\/\/www.darksky.ch\/dss\/de\/handeln\/verpflichtung\/\" class=\"more-link\">Continue reading<span class=\"screen-reader-text\"> &#8222;Verpflichtung&#8220;<\/span><\/a><\/p>\n","protected":false},"author":2,"featured_media":0,"parent":17,"menu_order":3,"comment_status":"closed","ping_status":"closed","template":"","meta":{"_acf_changed":false,"footnotes":""},"class_list":["post-71","page","type-page","status-publish","hentry"],"acf":[],"_links":{"self":[{"href":"https:\/\/www.darksky.ch\/dss\/de\/wp-json\/wp\/v2\/pages\/71","targetHints":{"allow":["GET"]}}],"collection":[{"href":"https:\/\/www.darksky.ch\/dss\/de\/wp-json\/wp\/v2\/pages"}],"about":[{"href":"https:\/\/www.darksky.ch\/dss\/de\/wp-json\/wp\/v2\/types\/page"}],"author":[{"embeddable":true,"href":"https:\/\/www.darksky.ch\/dss\/de\/wp-json\/wp\/v2\/users\/2"}],"replies":[{"embeddable":true,"href":"https:\/\/www.darksky.ch\/dss\/de\/wp-json\/wp\/v2\/comments?post=71"}],"version-history":[{"count":10,"href":"https:\/\/www.darksky.ch\/dss\/de\/wp-json\/wp\/v2\/pages\/71\/revisions"}],"predecessor-version":[{"id":8348,"href":"https:\/\/www.darksky.ch\/dss\/de\/wp-json\/wp\/v2\/pages\/71\/revisions\/8348"}],"up":[{"embeddable":true,"href":"https:\/\/www.darksky.ch\/dss\/de\/wp-json\/wp\/v2\/pages\/17"}],"wp:attachment":[{"href":"https:\/\/www.darksky.ch\/dss\/de\/wp-json\/wp\/v2\/media?parent=71"}],"curies":[{"name":"wp","href":"https:\/\/api.w.org\/{rel}","templated":true}]}}