

{"id":74,"date":"2016-06-16T21:00:36","date_gmt":"2016-06-16T19:00:36","guid":{"rendered":"http:\/\/www.darksky.ch\/dsx\/?page_id=74"},"modified":"2025-10-31T14:50:52","modified_gmt":"2025-10-31T13:50:52","slug":"lichtplaner-fachmitgliedschaft-lichtplaner-berufliche-mitglieder","status":"publish","type":"page","link":"https:\/\/www.darksky.ch\/dss\/de\/handeln\/lichtplaner-fachmitgliedschaft-lichtplaner-berufliche-mitglieder\/","title":{"rendered":"Lichtplaner (Fachmitgliedschaft Lichtplaner, berufliche Mitglieder)"},"content":{"rendered":"<p>Dark-Sky Switzerland hat eine spezielle Fachmitgliedschaft f\u00fcr Lichtplaner eingef\u00fchrt.<\/p>\n<p>Nachfolgende Lichtplaner haben <a href=\"http:\/\/www.darksky.ch\/dss\/wp-content\/uploads\/2016\/08\/Zustimmung_Lichtplaner.pdf\">zugestimmt<\/a> und wollen danach ihre Arbeiten ausf\u00fchren:<\/p>\n<p>seit 2016:<\/p>\n<p><strong>Roland Bodenmann<\/strong>, Hefti. Hess. Martignoni. Aarau AG (HHM-Gruppe Schweiz) und correLight GmbH.<br \/>\nRoland Bodenmann ist <a href=\"http:\/\/www.darksky.ch\/dss\/de\/dark-sky-switzerland\/vorstand\/roland-bodenmann\/\">Vorstandsmitglied<\/a> bei Dark-Sky Switzerland. Er hat sich in einer Selbstdeklaration\u00a0bereits vor Einf\u00fchrung\u00a0der Kategorie zur Einhaltung SIA Norm 491 verpflichtet und macht seine Kunden immer darauf aufmerksam.<\/p>\n<p>seit 2017:<\/p>\n<p><strong>Manuel Meier<\/strong>, Burri public elements,\u00a0Glattbrugg<\/p>\n<p><strong>Mike Helbling<\/strong>, Astra LED GmbH, Gossau SG<\/p>\n<p>seit 2018:<\/p>\n<p><strong>Fabian Gillieron, <\/strong>Soluxa Suisse SA, Marin-Epagnier<\/p>\n<p><strong>Matthias Meier<\/strong>, Walter Salm, Meier &amp; Partner AG, Z\u00fcrich<\/p>\n<p><strong>Sandra Gl\u00e4ttli<\/strong>, Gruner AG, Basel<\/p>\n<p><strong>Guy Pilet<\/strong>, Ecla-Led S\u00e0rl,\u00a0Bussigny<\/p>\n<p><strong>Andreas Aebi<\/strong>,\u00a0Neue Werkstatt AG, Winterthur<\/p>\n<p>seit 2019:<\/p>\n<p><strong>Martin Baumann<\/strong>, Grafik &amp; Gravuren GmbH, Baar<\/p>\n<p><strong>Ralf Stucki<\/strong>, Swiss Precision Lighting AG, Murten<\/p>\n<p>seit 2020:<\/p>\n<p><strong>Reto Marty<\/strong>, nachtaktiv GmbH, Z\u00fcrich<\/p>\n<p>seit 2021:<\/p>\n<p><strong>Matthias Vogelsang<\/strong>, Partner Ingenieure AG, Bern<\/p>\n<p><strong>Erich Vogt<\/strong>, ERVOTECH AG, Wangen SZ<\/p>\n<p><strong>Marco De Faveri<\/strong>, Trilux AG, Zofingen<\/p>\n<p><strong>Romano Dorsa<\/strong>, SwissDomestica di Romano Dorsa Sagl, Brusio<\/p>\n<p>seit 2022:<\/p>\n<p><strong>Meta Romanens<\/strong>, Nooon by Meta Romanens, Z\u00fcrich<\/p>\n<p>seit 2023:<br \/>\n<strong><br \/>\nVincent Huguelet<\/strong>, L\u00e9man Engineering SA, Cossonay-Ville<strong><br \/>\nMarkus Jaun<\/strong>, Servitron GmbH, Uttigen<\/p>\n<p>seit 2024:<\/p>\n<p><strong>Luana Lampis<\/strong>, Breganzona<strong><br \/>\nAlexander Mathys<\/strong>, Mathys Partner GmbH, Z\u00fcrich<\/p>\n<p>seit 2025:<\/p>\n<p><strong>Pietro d&#8217;Amato<\/strong>, d\u2019amato+partner a brand of V4Light AG, Riedholz<\/p>\n<p>Weitere <a href=\"http:\/\/www.darksky.ch\/dss\/de\/dark-sky-switzerland\/mitglied-werden\/\">interessierte Lichtplaner<\/a> melden sich bitte bei DarkSky Switzerland an.<\/p>\n<p>&nbsp;<\/p>\n","protected":false},"excerpt":{"rendered":"<p>Dark-Sky Switzerland hat eine spezielle Fachmitgliedschaft f\u00fcr Lichtplaner eingef\u00fchrt. Nachfolgende Lichtplaner haben zugestimmt und wollen danach ihre Arbeiten ausf\u00fchren: seit 2016: Roland Bodenmann, Hefti. Hess. Martignoni. Aarau AG (HHM-Gruppe Schweiz) und correLight GmbH. Roland Bodenmann ist Vorstandsmitglied bei Dark-Sky Switzerland. Er hat sich in einer Selbstdeklaration\u00a0bereits vor Einf\u00fchrung\u00a0der Kategorie zur Einhaltung SIA Norm 491 verpflichtet &hellip; <a href=\"https:\/\/www.darksky.ch\/dss\/de\/handeln\/lichtplaner-fachmitgliedschaft-lichtplaner-berufliche-mitglieder\/\" class=\"more-link\">Continue reading<span class=\"screen-reader-text\"> &#8222;Lichtplaner (Fachmitgliedschaft Lichtplaner, berufliche Mitglieder)&#8220;<\/span><\/a><\/p>\n","protected":false},"author":2,"featured_media":0,"parent":17,"menu_order":4,"comment_status":"closed","ping_status":"closed","template":"","meta":{"_acf_changed":false,"footnotes":""},"class_list":["post-74","page","type-page","status-publish","hentry"],"acf":[],"_links":{"self":[{"href":"https:\/\/www.darksky.ch\/dss\/de\/wp-json\/wp\/v2\/pages\/74","targetHints":{"allow":["GET"]}}],"collection":[{"href":"https:\/\/www.darksky.ch\/dss\/de\/wp-json\/wp\/v2\/pages"}],"about":[{"href":"https:\/\/www.darksky.ch\/dss\/de\/wp-json\/wp\/v2\/types\/page"}],"author":[{"embeddable":true,"href":"https:\/\/www.darksky.ch\/dss\/de\/wp-json\/wp\/v2\/users\/2"}],"replies":[{"embeddable":true,"href":"https:\/\/www.darksky.ch\/dss\/de\/wp-json\/wp\/v2\/comments?post=74"}],"version-history":[{"count":19,"href":"https:\/\/www.darksky.ch\/dss\/de\/wp-json\/wp\/v2\/pages\/74\/revisions"}],"predecessor-version":[{"id":16359,"href":"https:\/\/www.darksky.ch\/dss\/de\/wp-json\/wp\/v2\/pages\/74\/revisions\/16359"}],"up":[{"embeddable":true,"href":"https:\/\/www.darksky.ch\/dss\/de\/wp-json\/wp\/v2\/pages\/17"}],"wp:attachment":[{"href":"https:\/\/www.darksky.ch\/dss\/de\/wp-json\/wp\/v2\/media?parent=74"}],"curies":[{"name":"wp","href":"https:\/\/api.w.org\/{rel}","templated":true}]}}