

{"id":89,"date":"2016-06-16T21:21:38","date_gmt":"2016-06-16T19:21:38","guid":{"rendered":"http:\/\/www.darksky.ch\/dsx\/?page_id=89"},"modified":"2025-12-09T11:15:11","modified_gmt":"2025-12-09T10:15:11","slug":"referate","status":"publish","type":"page","link":"https:\/\/www.darksky.ch\/dss\/de\/aktivitaeten\/referate\/","title":{"rendered":"Referate"},"content":{"rendered":"<p><a href=\"http:\/\/www.darksky.ch\/dss\/de\/angebote\/referate\/anfrage\/\"> Buchen Sie Referenten<\/a> von Dark-Sky Switzerland.<\/p>\n<p>Aktive Referenten:<\/p>\n<p><strong> Lukas Schuler<\/strong> (Gesch\u00e4ftsstellenleiter, Naturwissenschafter, Unternehmer)<br \/>\n<strong> Roland Bodenmann<\/strong> (Vorstand, Lichtplaner, Gemeinderat)<br \/>\n<strong> Rolf Schatz<\/strong> (Mitglied, Flusskrebs- und Muschelforscher, Gemeinderat)<\/p>\n<p>Themen:<\/p>\n<ul>\n<li>Lichtverschmutzung allgemein (\u00fcber alle Aspekte)<\/li>\n<li>Lichtverschmutzung mit Schwerpunkt\u00a0auf Natur, Pflanzen und Tiere<\/li>\n<li>Lichtverschmutzung mit Schwerpunkt\u00a0auf den Menschen und seine\u00a0Gesundheit<\/li>\n<li>Lichtverschmutzung mit Schwerpunkt auf Normen und Planung (Lichtemissionen)<\/li>\n<li>Lichtverschmutzung mit Schwerpunkt\u00a0Gew\u00e4sser als empfindliche \u00d6kosysteme<\/li>\n<li>Lichtverschmutzung mit Schwerpunkt\u00a0Lichtstrategie\/Massnahmen\u00a0auf Gemeindeebene<\/li>\n<\/ul>\n<p>Wo unsere Referenten bisher eingeladen waren:<br \/>\nneuere Aktivit\u00e4ten entnehmen Sie bitte den <a href=\"https:\/\/www.darksky.ch\/dss\/de\/darksky-switzerland\/geschaeftsberichte\/\">Gesch\u00e4ftsberichten<\/a><\/p>\n<table style=\"width: 100%;\">\n<tbody>\n<tr>\n<td>2019-11<\/td>\n<td>Kanton Appenzell Ausserhoden<\/td>\n<td>Speicher<\/td>\n<td>Lichtverschmutzung Schwerpunkt Normen und Planung<br \/>\nBaubeh\u00f6rdentagung<\/td>\n<td>Roland Bodenmann,<br \/>\nVorstand<\/td>\n<\/tr>\n<tr>\n<td>2019-11<\/td>\n<td>Pro Natura Zug<\/td>\n<td>Zug<\/td>\n<td>\u00d6ffentliche Exkursion Aussenbeleuchtung in Zug<\/td>\n<td>Roland Bodenmann,<br \/>\nVorstand<\/td>\n<\/tr>\n<tr>\n<td>2019-10<\/td>\n<td>Naturforschende Gesellschaft in Basel<\/td>\n<td>Naturhistorisches Museum in Basel<\/td>\n<td>Lichtverschmutzung, Ursachen, Wirkung, Massnahmen<\/td>\n<td>Lukas Schuler, Pr\u00e4sident<\/td>\n<\/tr>\n<tr>\n<td>2019-10<\/td>\n<td>Stadt Aarau<\/td>\n<td>Gemeinschaftszentrum Telli<\/td>\n<td>\u00abSmarte Strassenbeleuchtung\u00bb<\/td>\n<td>Roland Bodenmann,<br \/>\nVorstand<\/td>\n<\/tr>\n<tr>\n<td>2019-10<\/td>\n<td>SKK Landschaftsarchitekten AG<\/td>\n<td>Wettingen<\/td>\n<td>\u00abHomo Luxus\u00bb<\/td>\n<td>Roland Bodenmann,<br \/>\nVorstand<\/td>\n<\/tr>\n<tr>\n<td>2019-10<\/td>\n<td>Politische Arbeitswoche<\/td>\n<td>Kantonsschule Z\u00fcrcher Unterland<\/td>\n<td>Lichtverschmutzung, Regeln und Politik<\/td>\n<td>Lukas Schuler, Pr\u00e4sident<\/td>\n<\/tr>\n<tr>\n<td>2019-10<\/td>\n<td>Pro Senectute<\/td>\n<td>Chur<\/td>\n<td>\u00d6ffentliche Exkursion Aussenbeleuchtung in Chur<\/td>\n<td>Roland Bodenmann,<br \/>\nVorstand<\/td>\n<\/tr>\n<tr>\n<td>2019-9<\/td>\n<td>Pro Natura Graub\u00fcnden<\/td>\n<td>Chur<\/td>\n<td>\u00d6ffentliche Exkursion Aussenbeleuchtung in Chur<\/td>\n<td>Roland Bodenmann,<br \/>\nVorstand<\/td>\n<\/tr>\n<tr>\n<td>2019-9<\/td>\n<td>WWF<\/td>\n<td>Kanton Aargau<\/td>\n<td>\u00d6ffentliche Exkursion Aussenbeleuchtung<\/td>\n<td>Roland Bodenmann,<br \/>\nVorstand<\/td>\n<\/tr>\n<tr>\n<td>2019-9<\/td>\n<td>Umwelt Dottikon<\/td>\n<td>Bremgarten AG<\/td>\n<td>\u00d6ffentliche Exkursion Aussenbeleuchtung Bremgarten AG<\/td>\n<td>Roland Bodenmann,<br \/>\nVorstand<\/td>\n<\/tr>\n<tr>\n<td>2019-9<\/td>\n<td>Birdlife Z\u00fcrich, Sektion Greifensee<\/td>\n<td>Pizzeria, Schwerzenbach<\/td>\n<td>Licht und Artenvielfalt<\/td>\n<td>Lukas Schuler,<br \/>\nPr\u00e4sident<\/td>\n<\/tr>\n<tr>\n<td>2019-8<\/td>\n<td>Gantrisch Sternenpark<\/td>\n<td>Ottenleuenbad<\/td>\n<td>Lichtstrategie f\u00fcr Gemeinden<\/td>\n<td>Lukas Schuler, Pr\u00e4sident<\/td>\n<\/tr>\n<tr>\n<td>2019-7<\/td>\n<td>Pro Natura Aargau<\/td>\n<td>Biberstein<\/td>\n<td>Exkursion Gl\u00fchw\u00fcrmchen und Lichtemissionen<\/td>\n<td>Roland Bodenmann,<br \/>\nVorstand<\/td>\n<\/tr>\n<tr>\n<td>2019-7<\/td>\n<td>SBV, apisuisse, Naturfreunde Schweiz und Dark-Sky Switzerland<\/td>\n<td>Bauernhof mit Ausgleichsmassnahmen, M\u00fcnchenbuchsee<\/td>\n<td>Licht und Insekten<\/td>\n<td>Lukas Schuler, Pr\u00e4sident<\/td>\n<\/tr>\n<tr>\n<td>2019-6<\/td>\n<td>Fledermausschutz Graub\u00fcnden<\/td>\n<td>Public Viewing Mausohren, Fl\u00e4sch<\/td>\n<td>Flederm\u00e4use nicht st\u00f6ren mit Licht<\/td>\n<td>Roland Bodenmann,<br \/>\nVorstand<\/td>\n<\/tr>\n<tr>\n<td>2019-5<\/td>\n<td>Landschaftsschutzverband Th\u00fcrlersee<\/td>\n<td>Eventlokal beim Parkplatz T\u00fcrlen<\/td>\n<td>Lichtemissionen<\/td>\n<td>Roland Bodenmann,<br \/>\nVorstand<\/td>\n<\/tr>\n<tr>\n<td>2019-4<\/td>\n<td>Landschaftsschutzverband Hallwilersee<\/td>\n<td>Meisterschwanden<\/td>\n<td>Lichtemissionen<\/td>\n<td>Roland Bodenmann,<br \/>\nVorstand<\/td>\n<\/tr>\n<tr>\n<td>2019-3<\/td>\n<td>Earth Hour 2019, GLP Lenzburg<\/td>\n<td>GLP AG, Lenzburg<\/td>\n<td>Aussenbeleuchtung<\/td>\n<td>Roland Bodenmann,<br \/>\nVorstand<\/td>\n<\/tr>\n<tr>\n<td>2019-3<\/td>\n<td>Tag der Astronomie, Luzern<\/td>\n<td>Hubelmatt,<br \/>\nLuzern<\/td>\n<td>Lichtstrategie f\u00fcr Gemeinden<br \/>\nausserdem Stand von Dark-Sky Switzerland gemeinsam mit dem Pr\u00e4sidenten<\/td>\n<td>Rolf Schatz, Gemeinderat Langnau am Albis und Gesch\u00e4ftsstellenleiter<\/td>\n<\/tr>\n<tr>\n<td>2019-3<\/td>\n<td>GLP M\u00f6riken\/Wildegg<\/td>\n<td>GLP<br \/>\nM\u00f6riken\/Wildegg<\/td>\n<td>\u00d6ffentliche Exkursion Aussenbeleuchtung<br \/>\nzusammen mit Pro Natura Aargau<\/td>\n<td>Roland Bodenmann,<br \/>\nVorstand<\/td>\n<\/tr>\n<tr>\n<td>2019-3<\/td>\n<td>Gr\u00fcne Wohlen AG<\/td>\n<td>Vollversammlung Gr\u00fcne Wohlen<\/td>\n<td>Referat Lichtemissionen<\/td>\n<td>Roland Bodenmann,<br \/>\nVorstand<\/td>\n<\/tr>\n<tr>\n<td>2019-3<\/td>\n<td>Natur- und Umwelt R\u00fcmlang<\/td>\n<td>Kirchgemeindehaus R\u00fcmlang<\/td>\n<td>Lichtverschmutzung (R\u00fcmlang)<br \/>\nUrsache, Wirkung, Regeln und L\u00f6sungen<\/td>\n<td>Lukas Schuler,<br \/>\nPr\u00e4sident<\/td>\n<\/tr>\n<tr>\n<td>2019-3<\/td>\n<td>FDP Bezirk Meilen<\/td>\n<td>Restaurant Krone, St\u00e4fa<\/td>\n<td>Lichtstrategie f\u00fcr Gemeinden<\/td>\n<td>Rolf Schatz, Gemeinderat Langnau am Albis und Gesch\u00e4ftsstellenleiter<\/td>\n<\/tr>\n<tr>\n<td>2019-2<\/td>\n<td>Naturpark Our, Luxemburg<\/td>\n<td>Vianden<br \/>\nClervaux, Luxemburg<\/td>\n<td>Lichtverschmutzung im Naturpark Our<br \/>\nDie hellsten Zonen im Naturpark Our<\/td>\n<td>Lukas Schuler,<br \/>\nPr\u00e4sident<\/td>\n<\/tr>\n<tr>\n<td>2019-2<\/td>\n<td>GLP Rheinfelden<\/td>\n<td>Rheinfelden<\/td>\n<td>\u00d6ffentliche Exkursion Aussenbeleuchtung<br \/>\nzusammen mit Abteilung Landschaft und Gew\u00e4sser Kanton AG<\/td>\n<td>Roland Bodenmann,<br \/>\nVorstand<\/td>\n<\/tr>\n<tr>\n<td>2019-2<\/td>\n<td>\u00d6ko\u00adzentrum und Umwelt\u00ad\u00admini\u00adsterium Lux\u00adem\u00adburg<\/td>\n<td>\u00d6ko\u00adzentrum Lux\u00adem\u00adburg<\/td>\n<td>Workshop \u00abWeniger ist mehr\u00bb zum Leitfaden Gutes Licht im Aussenraum. Teile: Lichtverschmutzung Grundlagen und Lichtverschmutzung (Neben-)Wirkungen von Licht.<\/td>\n<td>Lukas Schuler,<br \/>\nPr\u00e4sident<\/td>\n<\/tr>\n<tr>\n<td>2019-1<\/td>\n<td>Natur- und Vogelschutzverein Baden<\/td>\n<td>Regionales Pflegezentrum, Baden<\/td>\n<td>Lichtemissionen<br \/>\nWann wird aus Licht st\u00f6rendes Licht?<\/td>\n<td>Roland Bodenmann,<br \/>\nVorstand<\/td>\n<\/tr>\n<tr>\n<td>2018-11<\/td>\n<td>Gemeinde Glattfelden<\/td>\n<td>Gasthaus zum L\u00f6wen, Glattfelden<\/td>\n<td>Naturnahe Dunkelheit in Glattfelden<\/td>\n<td>Lukas Schuler,<br \/>\nPr\u00e4sident<\/td>\n<\/tr>\n<tr>\n<td>2018-11<\/td>\n<td>Gemeinde Glattfelden<\/td>\n<td>Gasthaus zum L\u00f6wen, Glattfelden<\/td>\n<td>Lichtstrategie \u2212 Erfahrungsbericht<\/td>\n<td>Rolf Schatz, Gemeinderat Langnau am Albis und Gesch\u00e4ftsstellenleiter<\/td>\n<\/tr>\n<tr>\n<td>2018-11<\/td>\n<td>Rotary e-Club Zentralschweiz<\/td>\n<td>Internet-Live-Stream<\/td>\n<td>Lichtstrategie \u2212 Erfahrungsbericht Gemeinde Langnau am Albis<\/td>\n<td>Rolf Schatz, Gemeinderat Langnau am Albis und Gesch\u00e4ftsstellenleiter<\/td>\n<\/tr>\n<tr>\n<td>2018-11<\/td>\n<td>International Dark-Sky Association<\/td>\n<td>Snowbird, Utah, USA<\/td>\n<td>Analyzing Measurements of the Suomi NPP Satellite<\/td>\n<td>Lukas Schuler,<br \/>\nPr\u00e4sident<\/td>\n<\/tr>\n<tr>\n<td>2018-10<\/td>\n<td>Gemeindesaal, Hausen am Albis<\/td>\n<td>Umweltkommission der Gemeinde, Hausen am Albis<\/td>\n<td>Lichtstrategie \u2212 Erfahrungsbericht<\/td>\n<td>Rolf Schatz, Gemeinderat Langnau am Albis<\/td>\n<\/tr>\n<tr>\n<td>2018-10<\/td>\n<td>Abteilung Landschaft und Gew\u00e4sser Kanton Aargau, Birdlife<\/td>\n<td>Naturama, Aarau<\/td>\n<td>Lichtstrategie \u2212 Erfahrungsbericht Gemeinde Langnau am Albis<\/td>\n<td>Rolf Schatz, Gemeinderat Langnau am Albis und Gesch\u00e4ftsstellenleiter<\/td>\n<\/tr>\n<tr>\n<td>2018-10<\/td>\n<td>Abteilung Landschaft und Gew\u00e4sser Kanton Aargau, Birdlife<\/td>\n<td>Naturama, Aarau<\/td>\n<td>Lichtplanung in der Praxis<br \/>\nUmsetzung in der Praxis, Beratungsstelle Dark-Sky Switzerland<\/td>\n<td>Roland Bodenmann,<br \/>\nVorstand<\/td>\n<\/tr>\n<tr>\n<td>2018-9<\/td>\n<td>Naturfreunde Schweiz<\/td>\n<td>Bern<\/td>\n<td>Insekten und Lichtverschmutzung<br \/>\nim Rahmen der Petition \u00abInsektensterben aufkl\u00e4ren\u00bb<\/td>\n<td>Lukas Schuler, Pr\u00e4sident<\/td>\n<\/tr>\n<tr>\n<td>2018-6<\/td>\n<td>Ministerium f\u00fcr nachhaltige Entwicklung und Bauten<\/td>\n<td>Luxemburg<\/td>\n<td>Lichtemissionen in Luxemburg<br \/>\nim Rahmen der Pr\u00e4sentation des neuen Leitfadens \u00abGutes Licht\u00bb im Aussenraum<\/td>\n<td>Lukas Schuler, Pr\u00e4sident<\/td>\n<\/tr>\n<tr>\n<td>2018-5<\/td>\n<td>Naturpark Our<\/td>\n<td>Vianden, Luxemburg<\/td>\n<td>Lichtverschmutzung und der Naturpark Our, eine Analyse<\/td>\n<td>Lukas Schuler, Pr\u00e4sident<\/td>\n<\/tr>\n<tr>\n<td>2018-2<\/td>\n<td>Verband der Angh\u00f6rigen des koordinierten Wetterdienstes<\/td>\n<td>D\u00fcbendorf<\/td>\n<td>Lichtverschmutzung<br \/>\nund ihr Einfluss auf die beobachtende Meteorologie<\/td>\n<td>Lukas Schuler, Pr\u00e4sident<\/td>\n<\/tr>\n<tr>\n<td>2018-1<\/td>\n<td>Oekopolis Thalwil<\/td>\n<td>Thalwil<\/td>\n<td>Lichtverschmutzung<\/td>\n<td>Rolf Schatz<br \/>\nGesch\u00e4ftstellen\u00adleiter<\/td>\n<\/tr>\n<tr>\n<td>2017-11<\/td>\n<td>8. Internationale Fachtage \u00d6kologische Pflege<\/td>\n<td>Langenlois, \u00d6sterreich<\/td>\n<td>Die Nacht im Gr\u00fcnraum lebt besser im Dunkeln<\/td>\n<td>Lukas Schuler, Pr\u00e4sident<\/td>\n<\/tr>\n<tr>\n<td>2017-11<\/td>\n<td>Umweltkommission Hitzkirch<\/td>\n<td>Hitzkirch<\/td>\n<td>Auswirkungen von Licht auf Mensch und Natur<\/td>\n<td>Rolf Schatz<br \/>\nGesch\u00e4ftstellen\u00adleiter<\/td>\n<\/tr>\n<tr>\n<td>2017-11<\/td>\n<td>Mitgliederanlass gemeinsam mit SP Binningen<\/td>\n<td>Binningen<\/td>\n<td>Aussensicht auf Binningen<\/td>\n<td>Lukas Schuler, Pr\u00e4sident<\/td>\n<\/tr>\n<tr>\n<td>2017-11<\/td>\n<td>UVP Workshop der Kantone BE und SO<\/td>\n<td>Solothurn<\/td>\n<td>Lichtverschmutzung: Warum und wie sich f\u00fcr mehr naturnahe Dunkelheit einsetzen?<br \/>\nAtelier zum Thema Licht in der UVP.<\/td>\n<td>Lukas Schuler, Pr\u00e4sident<\/td>\n<\/tr>\n<tr>\n<td>2017-11<\/td>\n<td>Themenabend zur \u00f6ffentlichen Lichtstrategie<\/td>\n<td>Aeugst am Albis<\/td>\n<td>Lichtstrategie und Massnahmen am Beispiel der Gemeinde Langnau am Albis<\/td>\n<td>Rolf Schatz, Gesch\u00e4ftstellen-leiter<\/td>\n<\/tr>\n<tr style=\"height: 112px;\">\n<td>2017-11<\/td>\n<td>Infoanlass SP, Gr\u00fcne, GLP, Dark-Sky Switzerland, Birdlife<\/td>\n<td>Wallisellen<\/td>\n<td>Mehr Nacht f\u00fcr Wallisellen<br \/>\nMensch und Gesundheit \/ Lichtstrategie und Massnahmen<\/td>\n<td>Lukas Schuler, Pr\u00e4sident und Rolf Schatz, Gesch\u00e4ftstellen-leiter<\/td>\n<\/tr>\n<tr>\n<td>2017-10<\/td>\n<td>Naturpark Gantrisch<\/td>\n<td>Schwarzenburg<\/td>\n<td>Der Homo LUXus und die Nacht<br \/>\nBraucht die nat\u00fcrliche Dunkelheit Schutz?<\/td>\n<td>Roland Bodenmann, Vorstand<\/td>\n<\/tr>\n<tr>\n<td>2017-3<\/td>\n<td>Nationalpark Our<\/td>\n<td>Luxemburg<\/td>\n<td>Wie\u00a0k\u00f6nnen\u00a0wir\u00a0die\u00a0Lichtverschmutzung\u00a0im\u00a0Naturpark\u00a0Our\u00a0verringern?<\/td>\n<td>Lukas Schuler, Pr\u00e4sident<\/td>\n<\/tr>\n<tr>\n<td>2017-3<\/td>\n<td>Nationalpark Our<\/td>\n<td>Luxemburg<\/td>\n<td>Studie \u00fcber Lichtemissionen in Luxemburg, Nationalpark Our<\/td>\n<td>Lukas Schuler, Pr\u00e4sident<\/td>\n<\/tr>\n<tr>\n<td>2017-3<\/td>\n<td>Ministerium f\u00fcr Nachhaltige Entwicklung<\/td>\n<td>Luxemburg<\/td>\n<td>Studie \u00fcber Lichtemissionen in Luxemburg<\/td>\n<td>Lukas Schuler, Pr\u00e4sident<\/td>\n<\/tr>\n<tr>\n<td>2017-2<\/td>\n<td>Vogelschutzverein Chur<\/td>\n<td>\u00a0Chur<\/td>\n<td>Lichtemissionen<\/td>\n<td>Roland Bodenmann, Vorstand<\/td>\n<\/tr>\n<tr>\n<td>2016-11<\/td>\n<td>Z\u00fcrich erneuerbar<\/td>\n<td>Langnau am Albis<\/td>\n<td>Lichtemissionen<\/td>\n<td>Roland Bodenmann, Vorstand<\/td>\n<\/tr>\n<tr>\n<td>2016-11<\/td>\n<td>Verein St. Galler Rheintal<\/td>\n<td>Kantons\u00adschule Heer\u00adbrugg<\/td>\n<td>Licht\u00ad\u00adver\u00ad\u00adschmut\u00adzung in der Schweiz und im Rheintal<\/td>\n<td>Lukas Schuler, Pr\u00e4sident<\/td>\n<\/tr>\n<tr>\n<td>\u00a02016-5<\/td>\n<td>\u00d6ko\u00adzentrum und Umwelt\u00ad\u00admini\u00adsterium Lux\u00adem\u00adburg<\/td>\n<td>\u00d6ko\u00adzentrum Lux\u00adem\u00adburg<\/td>\n<td>Liicht\u00ad\u00adver\u00ad\u00adschmot\u00adzung<br \/>\nOch zu L\u00ebtze\u00adbuerg en Thema?<\/td>\n<td>Lukas Schuler, Pr\u00e4sident<\/td>\n<\/tr>\n<tr>\n<td>2015-11<\/td>\n<td>OKI Fachtagung<\/td>\n<td>Volkshaus, Z\u00fcrich<\/td>\n<td>Lichtemissionen<\/td>\n<td>Roland Bodenmann, Vorstand<\/td>\n<\/tr>\n<tr>\n<td>2015-11<\/td>\n<td>Natur\u00adschutz\u00adkom\u00admis\u00adsion der Gemeinde\u00a0Schongau<\/td>\n<td>\u00a0Schongau<\/td>\n<td>Licht und Flusskrebse als nachtaktive Lebewesen<\/td>\n<td>Rolf Schatz, Gesch\u00e4fts\u00adstellen\u00adleiter<\/td>\n<\/tr>\n<tr>\n<td>\u00a02015-9<\/td>\n<td>Astronomische Gesellschaft Bern<\/td>\n<td>Universit\u00e4t Bern<\/td>\n<td>Die Licht\u00adver\u00adschmut\u00adzung in der Schweiz und im Naturpark Gantrisch<\/td>\n<td>Lukas Schuler, Pr\u00e4sident<\/td>\n<\/tr>\n<tr>\n<td>2015-8<\/td>\n<td>Bundesamt f\u00fcr Umwelt (BAFU)<\/td>\n<td>Ittigen<\/td>\n<td>Lichtemissionen messen<\/td>\n<td>Roland Bodenmann, Vorstand<\/td>\n<\/tr>\n<tr>\n<td>2015-8<\/td>\n<td>Naturpark Gantrisch, Starparty mit Nachtung<\/td>\n<td>Gurnigel<\/td>\n<td>Die Licht\u00adver\u00adschmutzung in der Schweiz und im Naturpark Gantrisch<\/td>\n<td>Lukas Schuler, Pr\u00e4sident<\/td>\n<\/tr>\n<tr>\n<td>2014-11<\/td>\n<td>Gemeinde Vordemwald (AG)<\/td>\n<td>Gemeindehaus Vordemwald<\/td>\n<td>Lichtemissionen<\/td>\n<td>Roland Bodenmann, Vorstand<\/td>\n<\/tr>\n<tr>\n<td>2014-11<\/td>\n<td>Naturforschende Gesellschaft Schaffhausen<\/td>\n<td>Schaffhausen<\/td>\n<td>Licht\u00adver\u00adschmut\u00adzung und deren Einfluss auf Flora und Fauna<\/td>\n<td>Lukas Schuler, Pr\u00e4sident<\/td>\n<\/tr>\n<tr>\n<td>2014-11<\/td>\n<td>Nacht Stadt Z\u00fcrich in der Sternwarte Urania<\/td>\n<td>Z\u00fcrich<\/td>\n<td>Nacht statt Z\u00fcrich<\/td>\n<td>Lukas Schuler, Pr\u00e4sident<\/td>\n<\/tr>\n<tr>\n<td>2014-2<\/td>\n<td>Quartierverein Liebefeld-Leist<\/td>\n<td>Gemeindehaus, K\u00f6niz<\/td>\n<td>Licht\u00adver\u00adschmutzung: Warum, wo, wie?<\/td>\n<td>Lukas Schuler, Pr\u00e4sident<\/td>\n<\/tr>\n<tr>\n<td>2013-12<\/td>\n<td>Departement Finanzen und Ressourcen Abt. Immobilien<\/td>\n<td>Kantonale Verwaltung, Aarau<\/td>\n<td>Lichtemissionen<\/td>\n<td>Roland Bodenmann, Vorstand<\/td>\n<\/tr>\n<tr>\n<td>2013-6<\/td>\n<td>sanu<\/td>\n<td>Fribourg<\/td>\n<td>L\u2019importance de la lumi\u00e8re\u00a0pour l\u2019\u00eatre humain<\/td>\n<td>Lukas Schuler, Pr\u00e4sident<\/td>\n<\/tr>\n<tr>\n<td>2013-4<\/td>\n<td>sanu<\/td>\n<td>Z\u00fcrich, Uetliberg<\/td>\n<td>Bedeutung des Lichts\u00a0f\u00fcr den Menschen<\/td>\n<td>Lukas Schuler, Pr\u00e4sident<\/td>\n<\/tr>\n<tr>\n<td>2013-2<\/td>\n<td>ZIWA (Zurich International Women Association)<\/td>\n<td>Z\u00fcrich<\/td>\n<td>Too much lighting?<br \/>\nDarkness \u2013 Luxury of our lifestyle?<\/td>\n<td>Lukas Schuler, Pr\u00e4sident<\/td>\n<\/tr>\n<tr>\n<td>2012-10<\/td>\n<td>Naturforschende Gesellschaft Z\u00fcrich<\/td>\n<td>Universit\u00e4t Z\u00fcrich<\/td>\n<td>Zuviel Licht im Dunkeln:\u00a0Dunkelheit \u2013 Luxusgut der Zukunft?<\/td>\n<td>Lukas Schuler, Pr\u00e4sident<\/td>\n<\/tr>\n<tr>\n<td>2009-7<\/td>\n<td>Volkshochschule Aarau<\/td>\n<td>Naturama, Aarau<\/td>\n<td>Lichtemissionen<\/td>\n<td>Roland Bodenmann, Vorstand<\/td>\n<\/tr>\n<tr>\n<td>2007-2<\/td>\n<td>Haustech-Forum<\/td>\n<td>Kongresshaus, Z\u00fcrich<\/td>\n<td>Lichtemissionen<\/td>\n<td>Roland Bodenmann, Vorstand<\/td>\n<\/tr>\n<tr>\n<td>2006-10<\/td>\n<td>Podiumsdiskussion<\/td>\n<td>Naturama, Aarau<\/td>\n<td>Lichtemissionen<\/td>\n<td>Roland Bodenmann, Vorstand<\/td>\n<\/tr>\n<tr>\n<td>2006-9<\/td>\n<td>HHM Aarau AG, Architektur-Anlass<\/td>\n<td>BSA, Aarau<\/td>\n<td>Lichtemissionen<\/td>\n<td>Roland Bodenmann, Vorstand<\/td>\n<\/tr>\n<\/tbody>\n<\/table>\n<p>Einige Referate fr\u00fcherer Referenten:<\/p>\n<table>\n<tbody>\n<tr>\n<td>2013-3<\/td>\n<td>Dark-Sky Switzerland Mitgliederversammlung<\/td>\n<td>Z\u00fcrich Oerlikon<\/td>\n<td>Wie wir unser Universum sehen<\/td>\n<td style=\"width: 100px;\">Fabian Neyer, Vorstand<\/td>\n<\/tr>\n<tr>\n<td style=\"width: 51px;\">2010-11<\/td>\n<td style=\"width: 186px;\">Buus (BL)<\/td>\n<td style=\"width: 123px;\">Buus (BL)<\/td>\n<td style=\"width: 207px;\">Lichtverschmutzung<\/td>\n<td style=\"width: 100px;\">Claudia Ehrsam, Vorstand<\/td>\n<\/tr>\n<tr>\n<td style=\"width: 51px;\">2010-10<\/td>\n<td style=\"width: 186px;\">Stadt Adliswil<\/td>\n<td style=\"width: 123px;\">Adliswil<\/td>\n<td style=\"width: 207px;\">Lichtverschmutzung<\/td>\n<td style=\"width: 100px;\">Marcus Klingler, Pr\u00e4sident<\/td>\n<\/tr>\n<tr>\n<td style=\"width: 51px;\">2010-5<\/td>\n<td style=\"width: 186px;\">Naturschutzgruppe Bergdietikon<\/td>\n<td style=\"width: 123px;\">Bergdietikon<\/td>\n<td style=\"width: 207px;\">Lichtverschmutzung<\/td>\n<td style=\"width: 100px;\">Marcus Klingler, Pr\u00e4sident<\/td>\n<\/tr>\n<tr>\n<td style=\"width: 51px;\">2010-3<\/td>\n<td style=\"width: 186px;\">Podiumsdiskussion SIA Basel<\/td>\n<td style=\"width: 123px;\">Basel<\/td>\n<td style=\"width: 207px;\">Wieviel Licht braucht es nachts?<\/td>\n<td style=\"width: 100px;\">Ren\u00e9 Kobler,<br \/>\nVorstand<\/td>\n<\/tr>\n<tr>\n<td style=\"width: 51px;\">2009-9<\/td>\n<td style=\"width: 186px;\">Natur- und Vogelschutzverein Niederrohrdorf<\/td>\n<td style=\"width: 123px;\">Niederrohrdorf<\/td>\n<td style=\"width: 207px;\">Lichtverschmutzung<\/td>\n<td style=\"width: 100px;\">Guido Schwarz, Co-Pr\u00e4sident<\/td>\n<\/tr>\n<tr>\n<td style=\"width: 51px;\">2009-3<\/td>\n<td style=\"width: 186px;\">VSRR Verein Sternwarte Rotgrueb<\/td>\n<td style=\"width: 123px;\">R\u00fcmlang<\/td>\n<td style=\"width: 207px;\">Lichtverschmutzung<\/td>\n<td style=\"width: 100px;\">Guido Schwarz, Co-Pr\u00e4sident<\/td>\n<\/tr>\n<tr>\n<td style=\"width: 51px;\">2008-11<\/td>\n<td style=\"width: 186px;\">Gemeinde M\u00fchledorf<\/td>\n<td style=\"width: 123px;\">M\u00fchledorf<\/td>\n<td style=\"width: 207px;\">Lichtverschmutzung<\/td>\n<td style=\"width: 100px;\">Marcus Klingler, Vorstand<\/td>\n<\/tr>\n<tr>\n<td style=\"width: 51px;\">2008-9<\/td>\n<td style=\"width: 186px;\">Teilnahme an Roundtable im Naturama<\/td>\n<td style=\"width: 123px;\">Aarau<\/td>\n<td style=\"width: 207px;\">Lichtverschmutzung<\/td>\n<td style=\"width: 100px;\">Guido Schwarz, Co-Pr\u00e4sident<\/td>\n<\/tr>\n<tr>\n<td style=\"width: 51px;\">2008-1<\/td>\n<td style=\"width: 186px;\">Gemeinderat Regensdorf<\/td>\n<td style=\"width: 123px;\">Regensdorf<\/td>\n<td style=\"width: 207px;\">Lichtverschmutzung<\/td>\n<td style=\"width: 100px;\">Guido Schwarz, Co-Pr\u00e4sident<\/td>\n<\/tr>\n<tr>\n<td style=\"width: 51px;\">2007-11<\/td>\n<td style=\"width: 186px;\">Gruppe\u00a0Planung, Architektur, Frauen<\/td>\n<td style=\"width: 123px;\">Olten<\/td>\n<td style=\"width: 207px;\">Lichtverschmutzung<\/td>\n<td style=\"width: 100px;\">Guido Schwarz, Co-Pr\u00e4sident<\/td>\n<\/tr>\n<tr>\n<td style=\"width: 51px;\">2007-2<\/td>\n<td style=\"width: 186px;\">25 Planerinnen und Planer des Kantons Aargau<\/td>\n<td style=\"width: 123px;\">Z\u00fcrich<\/td>\n<td style=\"width: 207px;\">F\u00fchrung durch die n\u00e4chtliche Stadt Z\u00fcrich<\/td>\n<td style=\"width: 100px;\">Guido Schwarz, Co-Pr\u00e4sident<\/td>\n<\/tr>\n<tr>\n<td style=\"width: 51px;\">2007-1<\/td>\n<td style=\"width: 186px;\">Kiwanis Club<\/td>\n<td style=\"width: 123px;\">Z\u00fcrich Oerlikon<\/td>\n<td style=\"width: 207px;\">Lichtverschmutzung<\/td>\n<td style=\"width: 100px;\">Guido Schwarz, Co-Pr\u00e4sident<\/td>\n<\/tr>\n<tr>\n<td style=\"width: 51px;\">2004-11<\/td>\n<td style=\"width: 186px;\">Stadtlicht-Symposium<\/td>\n<td style=\"width: 123px;\">Z\u00fcrich<\/td>\n<td style=\"width: 207px;\">Plan Lumi\u00e8re vs.\u00a0Lichtverschmutzung<\/td>\n<td style=\"width: 100px;\">Philipp Heck, Pr\u00e4sident<\/td>\n<\/tr>\n<tr>\n<td style=\"width: 51px;\">2002-4<\/td>\n<td style=\"width: 186px;\">G\u00f6nnerverein der Urania-Sternwarte Z\u00fcrich<\/td>\n<td style=\"width: 123px;\">Universit\u00e4t Z\u00fcrich<\/td>\n<td style=\"width: 207px;\">Lichtverschmutzung<\/td>\n<td style=\"width: 100px;\">Philipp Heck, Pr\u00e4sident<\/td>\n<\/tr>\n<\/tbody>\n<\/table>\n","protected":false},"excerpt":{"rendered":"<p>Buchen Sie Referenten von Dark-Sky Switzerland. Aktive Referenten: Lukas Schuler (Gesch\u00e4ftsstellenleiter, Naturwissenschafter, Unternehmer) Roland Bodenmann (Vorstand, Lichtplaner, Gemeinderat) Rolf Schatz (Mitglied, Flusskrebs- und Muschelforscher, Gemeinderat) Themen: Lichtverschmutzung allgemein (\u00fcber alle Aspekte) Lichtverschmutzung mit Schwerpunkt\u00a0auf Natur, Pflanzen und Tiere Lichtverschmutzung mit Schwerpunkt\u00a0auf den Menschen und seine\u00a0Gesundheit Lichtverschmutzung mit Schwerpunkt auf Normen und Planung (Lichtemissionen) Lichtverschmutzung mit &hellip; <a href=\"https:\/\/www.darksky.ch\/dss\/de\/aktivitaeten\/referate\/\" class=\"more-link\">Continue reading<span class=\"screen-reader-text\"> &#8222;Referate&#8220;<\/span><\/a><\/p>\n","protected":false},"author":2,"featured_media":0,"parent":21,"menu_order":1,"comment_status":"closed","ping_status":"closed","template":"","meta":{"_acf_changed":false,"footnotes":""},"class_list":["post-89","page","type-page","status-publish","hentry"],"acf":[],"_links":{"self":[{"href":"https:\/\/www.darksky.ch\/dss\/de\/wp-json\/wp\/v2\/pages\/89","targetHints":{"allow":["GET"]}}],"collection":[{"href":"https:\/\/www.darksky.ch\/dss\/de\/wp-json\/wp\/v2\/pages"}],"about":[{"href":"https:\/\/www.darksky.ch\/dss\/de\/wp-json\/wp\/v2\/types\/page"}],"author":[{"embeddable":true,"href":"https:\/\/www.darksky.ch\/dss\/de\/wp-json\/wp\/v2\/users\/2"}],"replies":[{"embeddable":true,"href":"https:\/\/www.darksky.ch\/dss\/de\/wp-json\/wp\/v2\/comments?post=89"}],"version-history":[{"count":85,"href":"https:\/\/www.darksky.ch\/dss\/de\/wp-json\/wp\/v2\/pages\/89\/revisions"}],"predecessor-version":[{"id":16506,"href":"https:\/\/www.darksky.ch\/dss\/de\/wp-json\/wp\/v2\/pages\/89\/revisions\/16506"}],"up":[{"embeddable":true,"href":"https:\/\/www.darksky.ch\/dss\/de\/wp-json\/wp\/v2\/pages\/21"}],"wp:attachment":[{"href":"https:\/\/www.darksky.ch\/dss\/de\/wp-json\/wp\/v2\/media?parent=89"}],"curies":[{"name":"wp","href":"https:\/\/api.w.org\/{rel}","templated":true}]}}