

{"id":95,"date":"2016-06-17T12:07:53","date_gmt":"2016-06-17T10:07:53","guid":{"rendered":"http:\/\/www.darksky.ch\/dsx\/?page_id=95"},"modified":"2016-12-19T14:49:53","modified_gmt":"2016-12-19T13:49:53","slug":"artikel","status":"publish","type":"page","link":"https:\/\/www.darksky.ch\/dss\/de\/aktivitaeten\/artikel\/","title":{"rendered":"Artikel"},"content":{"rendered":"<p>Autoren von Dark-Sky Switzerland schreiben auch Fachartikel f\u00fcr Fachzeitschriften.<\/p>\n<p>Beispiele:<\/p>\n<ul class=\"lcp_catlist\" id=\"lcp_instance_0\"><li><a href=\"https:\/\/www.darksky.ch\/dss\/de\/2026\/03\/gossau-zh-referat-darksky-anschliessend-an-die-mitgliederversammlung-naturschutzverein\/\">Gossau ZH \u2013 Referat DarkSky anschliessend an die Mitgliederversammlung Naturschutzverein<\/a><\/li><li><a href=\"https:\/\/www.darksky.ch\/dss\/de\/2026\/03\/belp-biodiversitaetsmarkt\/\">Belp \u2013 Biodiversit\u00e4tsmarkt<\/a><\/li><li><a href=\"https:\/\/www.darksky.ch\/dss\/de\/2026\/03\/mitgliederversammlung-2026-in-olten\/\">Mitgliederversammlung 2026 in Olten<\/a><\/li><li><a href=\"https:\/\/www.darksky.ch\/dss\/de\/2026\/01\/darksky-international-darksky-one-concept-car-an-der-internationalen-automesse-in-detroit\/\">DarkSky International \u2013 DarkSky One Concept Car an der Internationalen Automesse in Detroit<\/a><\/li><li><a href=\"https:\/\/www.darksky.ch\/dss\/de\/2026\/01\/bachelorarbeit-der-regionale-naturpark-schaffhausen-als-dark-sky-park-messung-der-dunkelheit-und-analyse-des-potentials-fuer-touristische-angebote\/\">Bachelorarbeit \u2013 Der Regionale Naturpark Schaffhausen als \u00abDark Sky Park\u00bb &#8211; Messung der Dunkelheit und Analyse des Potentials f\u00fcr touristische Angebote<\/a><\/li><li><a href=\"https:\/\/www.darksky.ch\/dss\/de\/2026\/01\/swiss-space-museum-vortrag-ueber-grenzenlose-lichtverschmutzung-um-13-30-im-rahmen-der-regulaeren-oeffnungszeiten\/\">Swiss Space Museum \u2013 Vortrag \u00fcber grenzenlose Lichtverschmutzung um 13.30 im Rahmen der regul\u00e4ren \u00d6ffnungszeiten<\/a><\/li><li><a href=\"https:\/\/www.darksky.ch\/dss\/de\/2025\/12\/nachtfalter-2025\/\">Nachtfalter 2025<\/a><\/li><li><a href=\"https:\/\/www.darksky.ch\/dss\/de\/2025\/12\/darksky-international-offener-brief-an-reflect-orbital-und-ihre-investoren\/\">DarkSky International \u2013 Offener Brief an Reflect Orbital und ihre Investoren<\/a><\/li><li><a href=\"https:\/\/www.darksky.ch\/dss\/de\/2025\/12\/scnat-wissen-hotspot-52-25-wertvolle-dunkelheit\/\">scnat wissen \u2013 HOTSPOT 52\/25 Wertvolle Dunkelheit<\/a><\/li><li><a href=\"https:\/\/www.darksky.ch\/dss\/de\/2025\/12\/schweizerische-vogelwarte-opfer-unserer-erhellten-naechte\/\">Schweizerische Vogelwarte \u2013 Opfer unserer erhellten N\u00e4chte<\/a><\/li><\/ul><ul class='lcp_paginator'><li class='lcp_currentpage'>1<\/li><li><a href='https:\/\/www.darksky.ch\/dss\/de\/wp-json\/wp\/v2\/pages\/95?lcp_page0=2#lcp_instance_0' title='2'>2<\/a><\/li><li><a href='https:\/\/www.darksky.ch\/dss\/de\/wp-json\/wp\/v2\/pages\/95?lcp_page0=3#lcp_instance_0' title='3'>3<\/a><\/li><li><a href='https:\/\/www.darksky.ch\/dss\/de\/wp-json\/wp\/v2\/pages\/95?lcp_page0=4#lcp_instance_0' title='4'>4<\/a><\/li><li><a href='https:\/\/www.darksky.ch\/dss\/de\/wp-json\/wp\/v2\/pages\/95?lcp_page0=5#lcp_instance_0' title='5'>5<\/a><\/li><li><a href='https:\/\/www.darksky.ch\/dss\/de\/wp-json\/wp\/v2\/pages\/95?lcp_page0=6#lcp_instance_0' title='6'>6<\/a><\/li><span class='lcp_elipsis'>...<\/span><li><a href='https:\/\/www.darksky.ch\/dss\/de\/wp-json\/wp\/v2\/pages\/95?lcp_page0=197#lcp_instance_0' title='197'>197<\/a><\/li><li><a href='https:\/\/www.darksky.ch\/dss\/de\/wp-json\/wp\/v2\/pages\/95?lcp_page0=2#lcp_instance_0' title='2' class='lcp_nextlink'>&gt;&gt;<\/a><\/li><\/ul>\n<p>&nbsp;<\/p>\n","protected":false},"excerpt":{"rendered":"<p>Autoren von Dark-Sky Switzerland schreiben auch Fachartikel f\u00fcr Fachzeitschriften. Beispiele: &nbsp;<\/p>\n","protected":false},"author":2,"featured_media":0,"parent":21,"menu_order":2,"comment_status":"closed","ping_status":"closed","template":"","meta":{"_acf_changed":false,"footnotes":""},"class_list":["post-95","page","type-page","status-publish","hentry"],"acf":[],"_links":{"self":[{"href":"https:\/\/www.darksky.ch\/dss\/de\/wp-json\/wp\/v2\/pages\/95","targetHints":{"allow":["GET"]}}],"collection":[{"href":"https:\/\/www.darksky.ch\/dss\/de\/wp-json\/wp\/v2\/pages"}],"about":[{"href":"https:\/\/www.darksky.ch\/dss\/de\/wp-json\/wp\/v2\/types\/page"}],"author":[{"embeddable":true,"href":"https:\/\/www.darksky.ch\/dss\/de\/wp-json\/wp\/v2\/users\/2"}],"replies":[{"embeddable":true,"href":"https:\/\/www.darksky.ch\/dss\/de\/wp-json\/wp\/v2\/comments?post=95"}],"version-history":[{"count":5,"href":"https:\/\/www.darksky.ch\/dss\/de\/wp-json\/wp\/v2\/pages\/95\/revisions"}],"predecessor-version":[{"id":5622,"href":"https:\/\/www.darksky.ch\/dss\/de\/wp-json\/wp\/v2\/pages\/95\/revisions\/5622"}],"up":[{"embeddable":true,"href":"https:\/\/www.darksky.ch\/dss\/de\/wp-json\/wp\/v2\/pages\/21"}],"wp:attachment":[{"href":"https:\/\/www.darksky.ch\/dss\/de\/wp-json\/wp\/v2\/media?parent=95"}],"curies":[{"name":"wp","href":"https:\/\/api.w.org\/{rel}","templated":true}]}}