

{"id":10443,"date":"2016-12-02T18:23:26","date_gmt":"2016-12-02T17:23:26","guid":{"rendered":"http:\/\/www.darksky.ch\/dsx\/?page_id=10443"},"modified":"2019-01-24T15:57:59","modified_gmt":"2019-01-24T14:57:59","slug":"bulletin-dinformation","status":"publish","type":"page","link":"https:\/\/www.darksky.ch\/dss\/fr\/activites\/bulletin-dinformation\/","title":{"rendered":"Bulletin d&#8217;information"},"content":{"rendered":"<h2>\u00abDark-Sky Express\u00bb pour les int\u00e9ress\u00e9s<\/h2>\n<p>Le Dark-Sky Express attire l&#8217;attention sur de nouveaux \u00e9v\u00e9nements, d\u00e9veloppements, reportages des m\u00e9dias sur les pr\u00e9occupations de Dark-Sky.<\/p>\n<p>Appara\u00eet de fa\u00e7on irr\u00e9guli\u00e8re, environ 2 \u00e0 6 fois par an.<\/p>\n","protected":false},"excerpt":{"rendered":"<p>\u00abDark-Sky Express\u00bb pour les int\u00e9ress\u00e9s Le Dark-Sky Express attire l&#8217;attention sur de nouveaux \u00e9v\u00e9nements, d\u00e9veloppements, reportages des m\u00e9dias sur les pr\u00e9occupations de Dark-Sky. Appara\u00eet de fa\u00e7on irr\u00e9guli\u00e8re, environ 2 \u00e0 6 fois par an.<\/p>\n","protected":false},"author":2,"featured_media":0,"parent":186,"menu_order":0,"comment_status":"closed","ping_status":"closed","template":"","meta":{"_acf_changed":false,"footnotes":""},"class_list":["post-10443","page","type-page","status-publish","hentry"],"acf":[],"_links":{"self":[{"href":"https:\/\/www.darksky.ch\/dss\/fr\/wp-json\/wp\/v2\/pages\/10443","targetHints":{"allow":["GET"]}}],"collection":[{"href":"https:\/\/www.darksky.ch\/dss\/fr\/wp-json\/wp\/v2\/pages"}],"about":[{"href":"https:\/\/www.darksky.ch\/dss\/fr\/wp-json\/wp\/v2\/types\/page"}],"author":[{"embeddable":true,"href":"https:\/\/www.darksky.ch\/dss\/fr\/wp-json\/wp\/v2\/users\/2"}],"replies":[{"embeddable":true,"href":"https:\/\/www.darksky.ch\/dss\/fr\/wp-json\/wp\/v2\/comments?post=10443"}],"version-history":[{"count":2,"href":"https:\/\/www.darksky.ch\/dss\/fr\/wp-json\/wp\/v2\/pages\/10443\/revisions"}],"predecessor-version":[{"id":10445,"href":"https:\/\/www.darksky.ch\/dss\/fr\/wp-json\/wp\/v2\/pages\/10443\/revisions\/10445"}],"up":[{"embeddable":true,"href":"https:\/\/www.darksky.ch\/dss\/fr\/wp-json\/wp\/v2\/pages\/186"}],"wp:attachment":[{"href":"https:\/\/www.darksky.ch\/dss\/fr\/wp-json\/wp\/v2\/media?parent=10443"}],"curies":[{"name":"wp","href":"https:\/\/api.w.org\/{rel}","templated":true}]}}