

{"id":10654,"date":"2019-03-22T18:06:24","date_gmt":"2019-03-22T17:06:24","guid":{"rendered":"http:\/\/www.darksky.ch\/dsx\/?page_id=10654"},"modified":"2019-09-08T13:28:40","modified_gmt":"2019-09-08T11:28:40","slug":"eliott-guenat","status":"publish","type":"page","link":"https:\/\/www.darksky.ch\/dss\/fr\/darksky-switzerland\/comite-directeur\/eliott-guenat\/","title":{"rendered":"Eliott Guenat"},"content":{"rendered":"<figure id=\"attachment_11204\" aria-describedby=\"caption-attachment-11204\" style=\"width: 300px\" class=\"wp-caption alignright\"><img loading=\"lazy\" decoding=\"async\" class=\"wp-image-11204 size-full\" src=\"http:\/\/www.darksky.ch\/dss\/wp-content\/uploads\/2019\/09\/Eliott_Guenat_k.jpg\" alt=\"\" width=\"300\" height=\"300\" srcset=\"https:\/\/www.darksky.ch\/dss\/wp-content\/uploads\/2019\/09\/Eliott_Guenat_k.jpg 300w, https:\/\/www.darksky.ch\/dss\/wp-content\/uploads\/2019\/09\/Eliott_Guenat_k-150x150.jpg 150w\" sizes=\"auto, (max-width: 300px) 85vw, 300px\" \/><figcaption id=\"caption-attachment-11204\" class=\"wp-caption-text\">Eliott Guenat repr\u00e9sente Dark-Sky Switzerland en Suisse romande depuis 2018 et a \u00e9t\u00e9 \u00e9lu au comit\u00e9 en 2019.<\/figcaption><\/figure>\n<p>Eliott\u00a0Guenat renforce le comit\u00e9 depuis 2018 comme repr\u00e9sentant de la Suisse romande. Il travaille actuellement sur une th\u00e8se de doctorat en g\u00e9nie m\u00e9canique \u00e0 l&#8217;Ecole Polytechnique F\u00e9d\u00e9rale de Lausanne (EPFL) et vit \u00e0 Neuch\u00e2tel.<\/p>\n<p>Astronome amateur, il a pris conscience t\u00f4t du probl\u00e8me de la pollution lumineuse et a rejoint avec enthousiasme Dark-Sky Switzerland.<\/p>\n<p>Avec engagement, Eliott repr\u00e9sente Dark-Sky dans les m\u00e9dias et en conf\u00e9rences et nous aide \u00e0 mieux nous occuper de nos membres de la r\u00e9gion francophone du pays.<\/p>\n<p>&nbsp;<\/p>\n","protected":false},"excerpt":{"rendered":"<p>Eliott\u00a0Guenat renforce le comit\u00e9 depuis 2018 comme repr\u00e9sentant de la Suisse romande. Il travaille actuellement sur une th\u00e8se de doctorat en g\u00e9nie m\u00e9canique \u00e0 l&#8217;Ecole Polytechnique F\u00e9d\u00e9rale de Lausanne (EPFL) et vit \u00e0 Neuch\u00e2tel. Astronome amateur, il a pris conscience t\u00f4t du probl\u00e8me de la pollution lumineuse et a rejoint avec enthousiasme Dark-Sky Switzerland. Avec &hellip; <a href=\"https:\/\/www.darksky.ch\/dss\/fr\/darksky-switzerland\/comite-directeur\/eliott-guenat\/\" class=\"more-link\">Continue reading<span class=\"screen-reader-text\"> &#8220;Eliott Guenat&#8221;<\/span><\/a><\/p>\n","protected":false},"author":12,"featured_media":0,"parent":182,"menu_order":8,"comment_status":"closed","ping_status":"closed","template":"","meta":{"_acf_changed":false,"footnotes":""},"class_list":["post-10654","page","type-page","status-publish","hentry"],"acf":[],"_links":{"self":[{"href":"https:\/\/www.darksky.ch\/dss\/fr\/wp-json\/wp\/v2\/pages\/10654","targetHints":{"allow":["GET"]}}],"collection":[{"href":"https:\/\/www.darksky.ch\/dss\/fr\/wp-json\/wp\/v2\/pages"}],"about":[{"href":"https:\/\/www.darksky.ch\/dss\/fr\/wp-json\/wp\/v2\/types\/page"}],"author":[{"embeddable":true,"href":"https:\/\/www.darksky.ch\/dss\/fr\/wp-json\/wp\/v2\/users\/12"}],"replies":[{"embeddable":true,"href":"https:\/\/www.darksky.ch\/dss\/fr\/wp-json\/wp\/v2\/comments?post=10654"}],"version-history":[{"count":4,"href":"https:\/\/www.darksky.ch\/dss\/fr\/wp-json\/wp\/v2\/pages\/10654\/revisions"}],"predecessor-version":[{"id":11209,"href":"https:\/\/www.darksky.ch\/dss\/fr\/wp-json\/wp\/v2\/pages\/10654\/revisions\/11209"}],"up":[{"embeddable":true,"href":"https:\/\/www.darksky.ch\/dss\/fr\/wp-json\/wp\/v2\/pages\/182"}],"wp:attachment":[{"href":"https:\/\/www.darksky.ch\/dss\/fr\/wp-json\/wp\/v2\/media?parent=10654"}],"curies":[{"name":"wp","href":"https:\/\/api.w.org\/{rel}","templated":true}]}}