

{"id":10996,"date":"2019-07-19T16:25:21","date_gmt":"2019-07-19T14:25:21","guid":{"rendered":"http:\/\/www.darksky.ch\/dsx\/?page_id=10996"},"modified":"2019-07-19T16:54:28","modified_gmt":"2019-07-19T14:54:28","slug":"26-septembre-2019-extinction-exceptionnelle-du-grand-geneve","status":"publish","type":"page","link":"https:\/\/www.darksky.ch\/dss\/fr\/26-septembre-2019-extinction-exceptionnelle-du-grand-geneve\/","title":{"rendered":"26 Septembre 2019 &#8211; Extinction exceptionnelle du Grand Gen\u00e8ve"},"content":{"rendered":"<p>Le 26 septembre prochain, un \u00e9v\u00e8nement unique en Europe aura lieu dans l&#8217;agglom\u00e9ration du Grand Gen\u00e8ve, qui regroupe le canton de Gen\u00e8ve, les communes fran\u00e7aises limitrophes et des communes de l&#8217;ouest vaudois. Sous l&#8217;impulsion de la Soci\u00e9t\u00e9 Astronomique de Gen\u00e8ve et du Mus\u00e9e d&#8217;Histoire Naturelle de Gen\u00e8ve, plus de 100 communes n&#8217;allumeront pas leur \u00e9clairage public \u00e0 la tomb\u00e9e de la nuit, afin de mettre en \u00e9vidence la probl\u00e9matique de la pollution lumineuse. Sur place, chacun\u00b7e pourra appr\u00e9cier le ciel \u00e9toil\u00e9 depuis la ville et juger de la pertinence de l&#8217;\u00e9clairage urbain dans sa commune, avec des animations pr\u00e9vues dans certaines communes. \u00a0A vos agendas !<\/p>\n<p>Plus d&#8217;informations sur l&#8217;\u00e9v\u00e8nement : <a href=\"http:\/\/www.grand-geneve.org\/actualites\/la-nuit-est-belle-premiere-extinction-transfrontaliere-de-leclairage-public-le-26\">ici<\/a><\/p>\n","protected":false},"excerpt":{"rendered":"<p>Le 26 septembre prochain, un \u00e9v\u00e8nement unique en Europe aura lieu dans l&#8217;agglom\u00e9ration du Grand Gen\u00e8ve, qui regroupe le canton de Gen\u00e8ve, les communes fran\u00e7aises limitrophes et des communes de l&#8217;ouest vaudois. Sous l&#8217;impulsion de la Soci\u00e9t\u00e9 Astronomique de Gen\u00e8ve et du Mus\u00e9e d&#8217;Histoire Naturelle de Gen\u00e8ve, plus de 100 communes n&#8217;allumeront pas leur \u00e9clairage &hellip; <a href=\"https:\/\/www.darksky.ch\/dss\/fr\/26-septembre-2019-extinction-exceptionnelle-du-grand-geneve\/\" class=\"more-link\">Continue reading<span class=\"screen-reader-text\"> &#8220;26 Septembre 2019 &#8211; Extinction exceptionnelle du Grand Gen\u00e8ve&#8221;<\/span><\/a><\/p>\n","protected":false},"author":12,"featured_media":0,"parent":0,"menu_order":0,"comment_status":"closed","ping_status":"closed","template":"","meta":{"_acf_changed":false,"footnotes":""},"class_list":["post-10996","page","type-page","status-publish","hentry"],"acf":[],"_links":{"self":[{"href":"https:\/\/www.darksky.ch\/dss\/fr\/wp-json\/wp\/v2\/pages\/10996","targetHints":{"allow":["GET"]}}],"collection":[{"href":"https:\/\/www.darksky.ch\/dss\/fr\/wp-json\/wp\/v2\/pages"}],"about":[{"href":"https:\/\/www.darksky.ch\/dss\/fr\/wp-json\/wp\/v2\/types\/page"}],"author":[{"embeddable":true,"href":"https:\/\/www.darksky.ch\/dss\/fr\/wp-json\/wp\/v2\/users\/12"}],"replies":[{"embeddable":true,"href":"https:\/\/www.darksky.ch\/dss\/fr\/wp-json\/wp\/v2\/comments?post=10996"}],"version-history":[{"count":1,"href":"https:\/\/www.darksky.ch\/dss\/fr\/wp-json\/wp\/v2\/pages\/10996\/revisions"}],"predecessor-version":[{"id":10997,"href":"https:\/\/www.darksky.ch\/dss\/fr\/wp-json\/wp\/v2\/pages\/10996\/revisions\/10997"}],"wp:attachment":[{"href":"https:\/\/www.darksky.ch\/dss\/fr\/wp-json\/wp\/v2\/media?parent=10996"}],"curies":[{"name":"wp","href":"https:\/\/api.w.org\/{rel}","templated":true}]}}