

{"id":11026,"date":"2019-07-31T08:00:59","date_gmt":"2019-07-31T06:00:59","guid":{"rendered":"http:\/\/www.darksky.ch\/dsx\/?page_id=11026"},"modified":"2026-03-11T13:02:59","modified_gmt":"2026-03-11T12:02:59","slug":"cartes-de-la-nuit","status":"publish","type":"page","link":"https:\/\/www.darksky.ch\/dss\/fr\/activites\/cartes-de-la-nuit\/","title":{"rendered":"Cartes de la nuit"},"content":{"rendered":"<div class=\"page\" title=\"Page 1\">\n<div class=\"section\">\n<div class=\"layoutArea\">\n<div class=\"column\">\n<h3><strong>La carte lumineuse de la Suisse<\/strong><\/h3>\n<p><a href=\"https:\/\/www.darksky.ch\/dss\/wp-content\/uploads\/2026\/03\/Emissions_lumineuses_de_la_Suisse_2025.pdf\">\u00c9missions lumineuses de la Suisse 2025<\/a> (pdf)<\/p>\n<p><a href=\"https:\/\/www.darksky.ch\/dss\/wp-content\/uploads\/2025\/06\/Emissions_lumineuses_de_la_Suisse_2024.pdf\">\u00c9missions lumineuses de la Suisse 2024<\/a> (pdf)<\/p>\n<p><a href=\"https:\/\/www.darksky.ch\/dss\/wp-content\/uploads\/2024\/04\/Tendance_des_emissions_lumineuses_de_la_Suisse_2019-2023.pdf\" target=\"_blank\" rel=\"noopener\">Tendance des \u00e9missions lumineuses en Suisse 2019-2023<\/a> (pdf)<\/p>\n<p><a href=\"https:\/\/www.darksky.ch\/dss\/wp-content\/uploads\/2024\/04\/Emissions_lumineuses_de_la_Suisse_2023.pdf\" target=\"_blank\" rel=\"noopener\">\u00c9missions lumineuses de la Suisse 2023<\/a> (pdf)<\/p>\n<p><a href=\"http:\/\/www.darksky.ch\/dss\/wp-content\/uploads\/2023\/05\/Emissions_lumineuses_de_la_Suisse_2022.pdf\" target=\"_blank\" rel=\"noopener\">\u00c9missions lumineuses de la Suisse 2022<\/a> (pdf)<\/p>\n<p><a href=\"http:\/\/www.darksky.ch\/dss\/wp-content\/uploads\/2022\/04\/Emissions_lumineuses_de_la_Suisse_2021.pdf\" target=\"_blank\" rel=\"noopener noreferrer\">\u00c9missions lumineuses de la Suisse 2021<\/a> (pdf)<\/p>\n<p><a href=\"http:\/\/www.darksky.ch\/dss\/wp-content\/uploads\/2022\/04\/Emissions_lumineuses_de_la_Suisse_2020.pdf\" target=\"_blank\" rel=\"noopener noreferrer\">\u00c9missions lumineuses de la Suisse 2020<\/a> (pdf)<\/p>\n<p><a href=\"http:\/\/www.darksky.ch\/dss\/wp-content\/uploads\/2022\/04\/Emissions_lumineuses_de_la_Suisse_2019.pdf\" target=\"_blank\" rel=\"noopener noreferrer\">\u00c9missions lumineuses de la Suisse 2019<\/a> (pdf)<\/p>\n<p><a href=\"https:\/\/www.darksky.ch\/dss\/wp-content\/uploads\/2022\/04\/Tendance_des_emissions_lumineuses_de_la_Suisse_2014-2018.pdf\" target=\"_blank\" rel=\"noopener noreferrer\">Tendance des \u00e9missions lumineuses en Suisse 2014-2018<\/a>\u00a0(pdf)<\/p>\n<\/div>\n<\/div>\n<\/div>\n<\/div>\n<p><a href=\"http:\/\/www.darksky.ch\/dss\/wp-content\/uploads\/2022\/04\/Emissions_lumineuses_de_la_Suisse_2018.pdf\" target=\"_blank\" rel=\"noopener noreferrer\">\u00c9missions lumineuses de la Suisse 2018<\/a>\u00a0(pdf)<\/p>\n<p><a href=\"http:\/\/www.darksky.ch\/dss\/wp-content\/uploads\/2022\/04\/Emissions_lumineuses_de_la_Suisse_2017.pdf\" target=\"_blank\" rel=\"noopener noreferrer\">\u00c9missions lumineuses de la Suisse 2017<\/a>\u00a0(pdf)<\/p>\n<p><a href=\"http:\/\/www.darksky.ch\/dss\/wp-content\/uploads\/2019\/07\/Emissions_lumineuses_de_la_Suisse_2016.pdf\" target=\"_blank\" rel=\"noopener noreferrer\">\u00c9missions lumineuses de la Suisse 2016<\/a>\u00a0(pdf)<\/p>\n<p>\u00bb <a href=\"http:\/\/www.darksky.ch\/dss\/fr\/2016\/10\/communique-de-presse-les-scientifiques-mettent-en-garde-des-led-efficaces-multiplient-bientot-la-pollution-lumineuse-par-deux\/\">Pollution lumineuse en Suisse<\/a> (2015)<\/p>\n<p><a href=\"http:\/\/www.darksky.ch\/dss\/wp-content\/uploads\/2019\/07\/Emissions_lumineuses_de_la_Suisse_2015.pdf\" target=\"_blank\" rel=\"noopener noreferrer\">\u00c9missions lumineuses de la Suisse 2015<\/a>\u00a0(pdf)<\/p>\n<p><a href=\"http:\/\/www.darksky.ch\/dss\/wp-content\/uploads\/2019\/07\/Emissions_lumineuses_de_la_Suisse_2014.pdf\" target=\"_blank\" rel=\"noopener noreferrer\">\u00c9missions lumineuses de la Suisse 2014<\/a>\u00a0(pdf)<\/p>\n<p><a href=\"http:\/\/www.darksky.ch\/dss\/wp-content\/uploads\/2019\/07\/Emissions_lumineuses_de_la_Suisse_2013.pdf\" target=\"_blank\" rel=\"noopener noreferrer\">\u00c9missions lumineuses de la Suisse (2013)<\/a>\u00a0(pdf)<\/p>\n<p><a href=\"http:\/\/www.darksky.ch\/dss\/wp-content\/uploads\/2019\/07\/Emissions_lumineuses_de_la_Suisse_2012.pdf\" target=\"_blank\" rel=\"noopener noreferrer\">\u00c9missions lumineuses de la Suisse (2012)<\/a>\u00a0(pdf)<\/p>\n<p>&nbsp;<\/p>\n","protected":false},"excerpt":{"rendered":"<p>La carte lumineuse de la Suisse \u00c9missions lumineuses de la Suisse 2025 (pdf) \u00c9missions lumineuses de la Suisse 2024 (pdf) Tendance des \u00e9missions lumineuses en Suisse 2019-2023 (pdf) \u00c9missions lumineuses de la Suisse 2023 (pdf) \u00c9missions lumineuses de la Suisse 2022 (pdf) \u00c9missions lumineuses de la Suisse 2021 (pdf) \u00c9missions lumineuses de la Suisse 2020 &hellip; <a href=\"https:\/\/www.darksky.ch\/dss\/fr\/activites\/cartes-de-la-nuit\/\" class=\"more-link\">Continue reading<span class=\"screen-reader-text\"> &#8220;Cartes de la nuit&#8221;<\/span><\/a><\/p>\n","protected":false},"author":2,"featured_media":0,"parent":186,"menu_order":6,"comment_status":"closed","ping_status":"closed","template":"","meta":{"_acf_changed":false,"footnotes":""},"class_list":["post-11026","page","type-page","status-publish","hentry"],"acf":[],"_links":{"self":[{"href":"https:\/\/www.darksky.ch\/dss\/fr\/wp-json\/wp\/v2\/pages\/11026","targetHints":{"allow":["GET"]}}],"collection":[{"href":"https:\/\/www.darksky.ch\/dss\/fr\/wp-json\/wp\/v2\/pages"}],"about":[{"href":"https:\/\/www.darksky.ch\/dss\/fr\/wp-json\/wp\/v2\/types\/page"}],"author":[{"embeddable":true,"href":"https:\/\/www.darksky.ch\/dss\/fr\/wp-json\/wp\/v2\/users\/2"}],"replies":[{"embeddable":true,"href":"https:\/\/www.darksky.ch\/dss\/fr\/wp-json\/wp\/v2\/comments?post=11026"}],"version-history":[{"count":18,"href":"https:\/\/www.darksky.ch\/dss\/fr\/wp-json\/wp\/v2\/pages\/11026\/revisions"}],"predecessor-version":[{"id":16652,"href":"https:\/\/www.darksky.ch\/dss\/fr\/wp-json\/wp\/v2\/pages\/11026\/revisions\/16652"}],"up":[{"embeddable":true,"href":"https:\/\/www.darksky.ch\/dss\/fr\/wp-json\/wp\/v2\/pages\/186"}],"wp:attachment":[{"href":"https:\/\/www.darksky.ch\/dss\/fr\/wp-json\/wp\/v2\/media?parent=11026"}],"curies":[{"name":"wp","href":"https:\/\/api.w.org\/{rel}","templated":true}]}}