

{"id":13500,"date":"2023-02-01T09:00:10","date_gmt":"2023-02-01T08:00:10","guid":{"rendered":"https:\/\/www.darksky.ch\/dsx\/?page_id=13500"},"modified":"2025-10-26T13:17:56","modified_gmt":"2025-10-26T12:17:56","slug":"bureau","status":"publish","type":"page","link":"https:\/\/www.darksky.ch\/dss\/fr\/darksky-switzerland\/bureau\/","title":{"rendered":"Bureau"},"content":{"rendered":"<figure id=\"attachment_13153\" aria-describedby=\"caption-attachment-13153\" style=\"width: 300px\" class=\"wp-caption alignright\"><a href=\"https:\/\/www.darksky.ch\/dss\/wp-content\/uploads\/2021\/12\/Lukas_Schuler_67_300x300.jpg\"><img loading=\"lazy\" decoding=\"async\" class=\"size-medium wp-image-13153\" src=\"https:\/\/www.darksky.ch\/dss\/wp-content\/uploads\/2021\/12\/Lukas_Schuler_67_300x300-300x300.jpg\" alt=\"\" width=\"300\" height=\"300\" \/><\/a><figcaption id=\"caption-attachment-13153\" class=\"wp-caption-text\">Lukas Schuler<\/figcaption><\/figure>\n<p>Par int\u00e9rim, notre pr\u00e9sident Lukas Schuler repris le bureau afin que le comit\u00e9 puisse se mettre d&#8217;accord tranquillement sur la nouvelle pr\u00e9sidence (Eliott Guenat, 2023). Il y vu une chance pour DarkSky Switzerland d&#8217;apporter plus de constance dans le suivi des membres et des demandeurs.<\/p>\n<p>Lukas Schuler est un scientifique sp\u00e9cialiste des sciences naturelles et peut fournir des informations comp\u00e9tentes sur des sujets tels que la pollution lumineuse et la pr\u00e9vention de la lumi\u00e8re inutile. Parlons-en !<\/p>\n<p><span lang=\"FR-CH\">Responsable du bureau <\/span>: Lukas Schuler<br \/>\n<span lang=\"FR-CH\">T\u00e9l\u00e9phone <\/span>: 044 796 17 70<br \/>\ne-mail: <a href=\"mailto:office@darksky.ch\">office@darksky.ch<\/a><\/p>\n<p>Adresse postale :<\/p>\n<p>DarkSky Switzerland<br \/>\nFriedenstrasse 7a<br \/>\n8304 Wallisellen<\/p>\n<p><span lang=\"FR-CH\">Compte postal :<\/span><br \/>\nCH11 0900 0000 8519 0167 2<\/p>\n<p>&nbsp;<\/p>\n<p>Pascale Steck nous a quitt\u00e9s apr\u00e8s neuf mois, fin janvier 2023, \u00e0 sa demande.<br \/>\nElle pr\u00e9sidera d\u00e9sormais aux destin\u00e9es du WWF B\u00e2le.<\/p>\n<p>&nbsp;<\/p>\n","protected":false},"excerpt":{"rendered":"<p>Par int\u00e9rim, notre pr\u00e9sident Lukas Schuler repris le bureau afin que le comit\u00e9 puisse se mettre d&#8217;accord tranquillement sur la nouvelle pr\u00e9sidence (Eliott Guenat, 2023). Il y vu une chance pour DarkSky Switzerland d&#8217;apporter plus de constance dans le suivi des membres et des demandeurs. Lukas Schuler est un scientifique sp\u00e9cialiste des sciences naturelles et &hellip; <a href=\"https:\/\/www.darksky.ch\/dss\/fr\/darksky-switzerland\/bureau\/\" class=\"more-link\">Continue reading<span class=\"screen-reader-text\"> &#8220;Bureau&#8221;<\/span><\/a><\/p>\n","protected":false},"author":2,"featured_media":0,"parent":152,"menu_order":1,"comment_status":"closed","ping_status":"closed","template":"","meta":{"_acf_changed":false,"footnotes":""},"class_list":["post-13500","page","type-page","status-publish","hentry"],"acf":[],"_links":{"self":[{"href":"https:\/\/www.darksky.ch\/dss\/fr\/wp-json\/wp\/v2\/pages\/13500","targetHints":{"allow":["GET"]}}],"collection":[{"href":"https:\/\/www.darksky.ch\/dss\/fr\/wp-json\/wp\/v2\/pages"}],"about":[{"href":"https:\/\/www.darksky.ch\/dss\/fr\/wp-json\/wp\/v2\/types\/page"}],"author":[{"embeddable":true,"href":"https:\/\/www.darksky.ch\/dss\/fr\/wp-json\/wp\/v2\/users\/2"}],"replies":[{"embeddable":true,"href":"https:\/\/www.darksky.ch\/dss\/fr\/wp-json\/wp\/v2\/comments?post=13500"}],"version-history":[{"count":7,"href":"https:\/\/www.darksky.ch\/dss\/fr\/wp-json\/wp\/v2\/pages\/13500\/revisions"}],"predecessor-version":[{"id":16346,"href":"https:\/\/www.darksky.ch\/dss\/fr\/wp-json\/wp\/v2\/pages\/13500\/revisions\/16346"}],"up":[{"embeddable":true,"href":"https:\/\/www.darksky.ch\/dss\/fr\/wp-json\/wp\/v2\/pages\/152"}],"wp:attachment":[{"href":"https:\/\/www.darksky.ch\/dss\/fr\/wp-json\/wp\/v2\/media?parent=13500"}],"curies":[{"name":"wp","href":"https:\/\/api.w.org\/{rel}","templated":true}]}}