

{"id":13694,"date":"2021-01-29T14:44:48","date_gmt":"2021-01-29T13:44:48","guid":{"rendered":"https:\/\/www.darksky.ch\/dsx\/?page_id=13694"},"modified":"2025-04-10T10:28:28","modified_gmt":"2025-04-10T08:28:28","slug":"voici-comment-sonne-la-nuit","status":"publish","type":"page","link":"https:\/\/www.darksky.ch\/dss\/fr\/inspiration\/voici-comment-sonne-la-nuit\/","title":{"rendered":"Voici comment sonne la nuit"},"content":{"rendered":"<p>L\u2019incertitude r\u00e9gnait encore quatre jours avant la tenue de <a href=\"http:\/\/www.darksky.ch\/dss\/fr\/2020\/10\/evenement-de-lautomne-2020\/\" target=\"_blank\" rel=\"noopener\">la manifestation au Centre culturel et de congr\u00e8s d&#8217;Aarau<\/a>. Qu&#8217;allaient d\u00e9cider le Conseil f\u00e9d\u00e9ral et les autorit\u00e9s cantonales argoviennes?<\/p>\n<p>Et que voulions-nous au fond? \u00c0 notre grande consternation, un membre de notre association a d\u00e9missionn\u00e9 par protestation, convaincu que le moment \u00e9tait inappropri\u00e9 pour de telles rencontres. Les opinions au sein du comit\u00e9 divergeaient fortement. Nous avions un bon concept de protection et nous respecterions toutes les exigences \u2013 alors devions-nous quand m\u00eame annuler ce qui avait \u00e9t\u00e9 soigneusement planifi\u00e9 pour ne mettre personne en danger?<\/p>\n<p>Mais finalement, l\u2019\u00e9v\u00e8nement a eu lieu avec celles et ceux qui voulaient partager et de vivre une belle exp\u00e9rience avec les autres, surtout par ces temps contraignants. Et la \u00ab\u00a0nuit\u00a0\u00bb fut belle! Le \u00abPlan\u00e9tarium\u00bb (<a href=\"http:\/\/plani.ch\" target=\"_blank\" rel=\"noopener\">plani.ch<\/a>) s&#8217;est charg\u00e9 de la direction technique avec notre pr\u00e9sident Lukas Schuler et a mis \u00e0 disposition ce qui semble \u00eatre le meilleur projecteur de Suisse.<\/p>\n<p>Urs Leutenegger est chimiste, photographe et membre de Dark-Sky Switzerland. Il a projet\u00e9 sur \u00e9cran g\u00e9ant des paysages nocturnes des \u00celes Canaries. Nous vous en d\u00e9voilons trois dans cette newsletter, accompagn\u00e9s d\u2019un bref commentaire r\u00e9dig\u00e9 par le photographe lui-m\u00eame.<\/p>\n<p>&nbsp;<\/p>\n<figure id=\"attachment_12701\" aria-describedby=\"caption-attachment-12701\" style=\"width: 3840px\" class=\"wp-caption aligncenter\"><a href=\"https:\/\/www.darksky.ch\/dss\/wp-content\/uploads\/2021\/01\/08_DSC9705_4K-scaled.jpg\" target=\"_blank\" rel=\"noopener noreferrer\"><img loading=\"lazy\" decoding=\"async\" class=\"wp-image-12701\" src=\"http:\/\/www.darksky.ch\/dss\/wp-content\/uploads\/2021\/01\/08_DSC9705_4K-scaled.jpg\" alt=\"\" width=\"3840\" height=\"2499\" \/><\/a><figcaption id=\"caption-attachment-12701\" class=\"wp-caption-text\">Phares<\/figcaption><\/figure>\n<blockquote><p>Une spectaculaire Voie lact\u00e9e s\u2019\u00e9l\u00e8ve verticalement entre les deux phares par une nuit d&#8217;\u00e9t\u00e9 claire vers deux heures du matin. Les deux plan\u00e8tes Jupiter et Saturne brillent juste au-dessus du grand phare de Fuencaliente \u00e0 la pointe sud de Las Palmas. La constellation du Scorpion orne l&#8217;ancienne maison du gardien de phare de 1882. \u00c0 l&#8217;extr\u00eame droite de l&#8217;image, l&#8217;\u00e9toile Arcturus observe la sc\u00e8ne.<\/p><\/blockquote>\n<p>&nbsp;<\/p>\n<figure id=\"attachment_12700\" aria-describedby=\"caption-attachment-12700\" style=\"width: 3840px\" class=\"wp-caption aligncenter\"><a href=\"https:\/\/www.darksky.ch\/dss\/wp-content\/uploads\/2021\/01\/09_DSC1323_4K-scaled.jpg\" target=\"_blank\" rel=\"noopener noreferrer\"><img loading=\"lazy\" decoding=\"async\" class=\"wp-image-12700\" src=\"http:\/\/www.darksky.ch\/dss\/wp-content\/uploads\/2021\/01\/09_DSC1323_4K-scaled.jpg\" alt=\"\" width=\"3840\" height=\"2211\" \/><\/a><figcaption id=\"caption-attachment-12700\" class=\"wp-caption-text\">Salines<\/figcaption><\/figure>\n<blockquote><p>Cette vue pr\u00e9sente les salines de Fuencaliente juste avant le lever de la lune sous l&#8217;arche de la Voie lact\u00e9e. Le propri\u00e9taire a autoris\u00e9 le photographe \u00e0 y passer la nuit. Il a pu ainsi r\u00e9aliser en toute qui\u00e9tude un \u00ab\u00a0Focus Stacking\u00a0\u00bb, afin que les fins cristaux de sel soient distinctement reconnaissables dans le paysage nocturne. Le panorama haute r\u00e9solution se compose de 84 images. Chacune d\u2019entre elles a d\u00fb \u00eatre expos\u00e9e exactement huit secondes, le laps de temps n\u00e9cessaire pour \u00e9viter les interf\u00e9rences lumineuses provenant du phare voisin.<\/p><\/blockquote>\n<p>&nbsp;<\/p>\n<figure id=\"attachment_12699\" aria-describedby=\"caption-attachment-12699\" style=\"width: 2565px\" class=\"wp-caption aligncenter\"><a href=\"https:\/\/www.darksky.ch\/dss\/wp-content\/uploads\/2021\/01\/14_DSC8473_4K-scaled.jpg\" target=\"_blank\" rel=\"noopener noreferrer\"><img loading=\"lazy\" decoding=\"async\" class=\"wp-image-12699\" src=\"http:\/\/www.darksky.ch\/dss\/wp-content\/uploads\/2021\/01\/14_DSC8473_4K-scaled.jpg\" alt=\"\" width=\"2565\" height=\"3840\" \/><\/a><figcaption id=\"caption-attachment-12699\" class=\"wp-caption-text\">Bassin naturel form\u00e9 dans la lave et remplie d&#8217;eau de mer.<\/figcaption><\/figure>\n<blockquote><p>Un \u00e9tang dans une roche volcanique sur la c\u00f4te ouest de La Palma harmonise les \u00e9toiles miroit\u00e9es sur la surface calme de l&#8217;eau avec les \u00e9toiles de la vo\u00fbte c\u00e9leste. Pour d\u00e9buter ce \u00abpuzzle\u00bb, on peut s&#8217;orienter sur les deux \u00e9toiles brillantes Dubh\u00e9 et M\u00e9rak de la Grande Ourse. Mais prudence\u00a0: \u00ab\u00a0tout ce qui brille n&#8217;est pas d&#8217;or\u00a0\u00bb, ou en l\u2019occurrence des \u00e9toiles. Les points lumineux bleu-vert au premier plan de l&#8217;\u00e9tang proviennent de <em>Noctilucae miliaris<\/em> &#8211; des micro-organismes bioluminescents.<\/p><\/blockquote>\n<p>&nbsp;<\/p>\n<p>Le musicien Bernhard Wagner a improvis\u00e9 sur divers instruments &#8211; en particulier sur sa guitare \u00e9lectrique &#8211; des sons \u00e9th\u00e9r\u00e9s et sensibles. Il a cr\u00e9\u00e9 avec empathie des ambiances sonores accord\u00e9es \u00e0 des images qu&#8217;il n&#8217;avait jamais vues auparavant. La premi\u00e8re rencontre entre les deux artistes fut une exp\u00e9rience remarquable !<\/p>\n<p>Sur la base de quelques images, Urs Leutenegger a ensuite expliqu\u00e9 la r\u00e9alisation de ces clich\u00e9s, l\u2019int\u00e9r\u00eat qu\u2019elles repr\u00e9sentaient, ainsi que les probl\u00e8mes techniques auxquels il a \u00e9t\u00e9 confront\u00e9. Il a attir\u00e9 l&#8217;attention sur quelques particularit\u00e9s, telles que les lueurs marines (bioluminescences) ou la lumi\u00e8re zodiacale. Il s\u2019est rendu cinq nuits cons\u00e9cutives sur le m\u00eame emplacement pour mettre en \u0153uvre une id\u00e9e, finalement concr\u00e9tis\u00e9e lors de la derni\u00e8re nuit. L&#8217;agence spatiale am\u00e9ricaine NASA l&#8217;a d\u00e9clar\u00e9e <a href=\"https:\/\/apod.nasa.gov\/apod\/ap200724.html\" target=\"_blank\" rel=\"noopener\">\u00abAstronomy Picture of the Day\u00bb<\/a> par la suite. Une autre image, un panorama haute r\u00e9solution, est compos\u00e9e de pas moins de 84 images. Vous en saurez plus \u00e0 ce sujet en lisant le commentaire sur l&#8217;image des salines de Fuencaliente.<\/p>\n<p>Les retours furent enthousiastes, \u00e0 la fois lors de l&#8217;\u00e9v\u00e9nement et dans les jours qui ont suivi. Des discussions nourries anim\u00e8rent l&#8217;ap\u00e9ritif,\u00a0<span lang=\"FR-CH\">m\u00eame si celui-ci eut lieu \u00e0 bonne distance l\u2019un de l\u2019autre<\/span>. De nombreuses personnes se sont dit touch\u00e9es \u00e9motionnellement. La beaut\u00e9 des paysages nocturnes y a contribu\u00e9, tout comme la musique en accord avec les images.<\/p>\n<p>Porter le regard ailleurs que sur l\u2019\u00e9nervant probl\u00e8me de la pollution lumineuse, sur ce qui nous \u00e9chappe \u00e0 travers elle, vers ces cieux \u00e9toil\u00e9s merveilleux et infinis au-dessus de notre Terre, nous a laiss\u00e9 imaginer d&#8217;autres dimensions et nous a entra\u00een\u00e9 dans l&#8217;immensit\u00e9 de l&#8217;espace.<\/p>\n<p>Nous remercions Urs Leutenegger et Bernhard Wagner pour cette exp\u00e9rience.<\/p>\n<p><em>Marianne Biedermann<\/em><\/p>\n<p>&nbsp;<\/p>\n<p>Voici le lien concernant l\u2019Image astronomique du jour de la NASA:<br \/>\n<a href=\"https:\/\/apod.nasa.gov\/apod\/ap200724.html\" target=\"_blank\" rel=\"noopener\">\u00abAstronomy Picture of the Day\u00bb<\/a><\/p>\n<p>D\u00e8s l&#8217;\u00e9t\u00e9 2020, Urs Leutenegger nous a autoris\u00e9 \u00e0 mettre en ligne quelques <a href=\"http:\/\/www.darksky.ch\/dss\/fr\/inspiration\/paysages-nocturnes\/\" target=\"_blank\" rel=\"noopener\">paysages nocturnes<\/a> comment\u00e9s.<\/p>\n<p>&nbsp;<\/p>\n","protected":false},"excerpt":{"rendered":"<p>L\u2019incertitude r\u00e9gnait encore quatre jours avant la tenue de la manifestation au Centre culturel et de congr\u00e8s d&#8217;Aarau. Qu&#8217;allaient d\u00e9cider le Conseil f\u00e9d\u00e9ral et les autorit\u00e9s cantonales argoviennes? Et que voulions-nous au fond? \u00c0 notre grande consternation, un membre de notre association a d\u00e9missionn\u00e9 par protestation, convaincu que le moment \u00e9tait inappropri\u00e9 pour de telles &hellip; <a href=\"https:\/\/www.darksky.ch\/dss\/fr\/inspiration\/voici-comment-sonne-la-nuit\/\" class=\"more-link\">Continue reading<span class=\"screen-reader-text\"> &#8220;Voici comment sonne la nuit&#8221;<\/span><\/a><\/p>\n","protected":false},"author":2,"featured_media":0,"parent":206,"menu_order":1,"comment_status":"closed","ping_status":"closed","template":"","meta":{"_acf_changed":false,"footnotes":""},"class_list":["post-13694","page","type-page","status-publish","hentry"],"acf":[],"_links":{"self":[{"href":"https:\/\/www.darksky.ch\/dss\/fr\/wp-json\/wp\/v2\/pages\/13694","targetHints":{"allow":["GET"]}}],"collection":[{"href":"https:\/\/www.darksky.ch\/dss\/fr\/wp-json\/wp\/v2\/pages"}],"about":[{"href":"https:\/\/www.darksky.ch\/dss\/fr\/wp-json\/wp\/v2\/types\/page"}],"author":[{"embeddable":true,"href":"https:\/\/www.darksky.ch\/dss\/fr\/wp-json\/wp\/v2\/users\/2"}],"replies":[{"embeddable":true,"href":"https:\/\/www.darksky.ch\/dss\/fr\/wp-json\/wp\/v2\/comments?post=13694"}],"version-history":[{"count":2,"href":"https:\/\/www.darksky.ch\/dss\/fr\/wp-json\/wp\/v2\/pages\/13694\/revisions"}],"predecessor-version":[{"id":13696,"href":"https:\/\/www.darksky.ch\/dss\/fr\/wp-json\/wp\/v2\/pages\/13694\/revisions\/13696"}],"up":[{"embeddable":true,"href":"https:\/\/www.darksky.ch\/dss\/fr\/wp-json\/wp\/v2\/pages\/206"}],"wp:attachment":[{"href":"https:\/\/www.darksky.ch\/dss\/fr\/wp-json\/wp\/v2\/media?parent=13694"}],"curies":[{"name":"wp","href":"https:\/\/api.w.org\/{rel}","templated":true}]}}