

{"id":13826,"date":"2023-02-18T13:31:12","date_gmt":"2023-02-18T12:31:12","guid":{"rendered":"https:\/\/www.darksky.ch\/dsx\/?page_id=13826"},"modified":"2023-02-18T13:36:22","modified_gmt":"2023-02-18T12:36:22","slug":"liliana-schoenberger","status":"publish","type":"page","link":"https:\/\/www.darksky.ch\/dss\/fr\/darksky-switzerland\/comite-directeur\/liliana-schoenberger\/","title":{"rendered":"Liliana Sch\u00f6nberger"},"content":{"rendered":"<div class=\"page\" title=\"Page 3\">\n<div class=\"layoutArea\">\n<div class=\"column\">\n<figure id=\"attachment_13152\" aria-describedby=\"caption-attachment-13152\" style=\"width: 300px\" class=\"wp-caption alignright\"><a href=\"http:\/\/www.darksky.ch\/dss\/wp-content\/uploads\/2021\/12\/Liliana_Schoenberger_17_300x300.jpg\"><img loading=\"lazy\" decoding=\"async\" class=\"size-full wp-image-13152\" src=\"http:\/\/www.darksky.ch\/dss\/wp-content\/uploads\/2021\/12\/Liliana_Schoenberger_17_300x300.jpg\" alt=\"\" width=\"300\" height=\"300\" \/><\/a><figcaption id=\"caption-attachment-13152\" class=\"wp-caption-text\">Liliana Sch\u00f6nberger<\/figcaption><\/figure>\n<div class=\"page\" title=\"Page 3\">\n<div class=\"layoutArea\">\n<div class=\"column\">\n<p>Liliana Sch\u00f6nberger est une scientifique form\u00e9e en biologie et en \u00e9cologie. Elle a obtenu un doctorat en \u00e9cologie aviaire et men\u00e9 plusieurs ann\u00e9es de recherche sur le mergule nain en Arctique.<\/p>\n<p>Elle travaille comme sp\u00e9cialiste sur des \u00e9tudes d\u2018impact environnemental, ainsi qu\u2018en tant qu\u2018ornithologue, guide polaire et conf\u00e9renci\u00e8re.<\/p>\n<p>Liliana est n\u00e9e et a grandi dans la \u00ab Ville Libre \u00bb de Gdansk. Elle a travaill\u00e9 dans les endroits les plus recul\u00e9s du monde \u2013 et<br \/>\nle plus souvent en dehors de sa zone de confort \u2013 \u00e0 la recherche constante de d\u00e9 s et de nouvelles opportunit\u00e9s de d\u00e9veloppement.<\/p>\n<p>Liliana vit actuellement \u00e0 Schaffhouse<br \/>\net \u00e9tudie l\u2018am\u00e9nagement du territoire \u00e0 l\u2018EPFZ. Elle se consacre aux d\u00e9fis que la pollution lumineuse pose \u00e0 l\u2018am\u00e9nagement du territoire suisse. Son travail de master se penche sur la mise en \u0153uvre de mesures contre la pollution lumineuse \u00e0 l\u2018aide d\u2018instruments de l\u2018am\u00e9nagement du territoire<br \/>\n\u2013 ceci dans le canton d\u2018Argovie. Son travail s\u2018intitule \u00ab A New Challenge for Spatial Planning : Light Pollution in Switzerland \u00bb et est disponible sur le site allemand de Dark-Sky Switzerland.<\/p>\n<\/div>\n<\/div>\n<\/div>\n<p>.<\/p>\n<\/div>\n<\/div>\n<\/div>\n","protected":false},"excerpt":{"rendered":"<p>Liliana Sch\u00f6nberger est une scientifique form\u00e9e en biologie et en \u00e9cologie. Elle a obtenu un doctorat en \u00e9cologie aviaire et men\u00e9 plusieurs ann\u00e9es de recherche sur le mergule nain en Arctique. Elle travaille comme sp\u00e9cialiste sur des \u00e9tudes d\u2018impact environnemental, ainsi qu\u2018en tant qu\u2018ornithologue, guide polaire et conf\u00e9renci\u00e8re. Liliana est n\u00e9e et a grandi dans &hellip; <a href=\"https:\/\/www.darksky.ch\/dss\/fr\/darksky-switzerland\/comite-directeur\/liliana-schoenberger\/\" class=\"more-link\">Continue reading<span class=\"screen-reader-text\"> &#8220;Liliana Sch\u00f6nberger&#8221;<\/span><\/a><\/p>\n","protected":false},"author":2,"featured_media":0,"parent":182,"menu_order":0,"comment_status":"closed","ping_status":"closed","template":"","meta":{"_acf_changed":false,"footnotes":""},"class_list":["post-13826","page","type-page","status-publish","hentry"],"acf":[],"_links":{"self":[{"href":"https:\/\/www.darksky.ch\/dss\/fr\/wp-json\/wp\/v2\/pages\/13826","targetHints":{"allow":["GET"]}}],"collection":[{"href":"https:\/\/www.darksky.ch\/dss\/fr\/wp-json\/wp\/v2\/pages"}],"about":[{"href":"https:\/\/www.darksky.ch\/dss\/fr\/wp-json\/wp\/v2\/types\/page"}],"author":[{"embeddable":true,"href":"https:\/\/www.darksky.ch\/dss\/fr\/wp-json\/wp\/v2\/users\/2"}],"replies":[{"embeddable":true,"href":"https:\/\/www.darksky.ch\/dss\/fr\/wp-json\/wp\/v2\/comments?post=13826"}],"version-history":[{"count":1,"href":"https:\/\/www.darksky.ch\/dss\/fr\/wp-json\/wp\/v2\/pages\/13826\/revisions"}],"predecessor-version":[{"id":13827,"href":"https:\/\/www.darksky.ch\/dss\/fr\/wp-json\/wp\/v2\/pages\/13826\/revisions\/13827"}],"up":[{"embeddable":true,"href":"https:\/\/www.darksky.ch\/dss\/fr\/wp-json\/wp\/v2\/pages\/182"}],"wp:attachment":[{"href":"https:\/\/www.darksky.ch\/dss\/fr\/wp-json\/wp\/v2\/media?parent=13826"}],"curies":[{"name":"wp","href":"https:\/\/api.w.org\/{rel}","templated":true}]}}