

{"id":13828,"date":"2023-02-18T13:32:37","date_gmt":"2023-02-18T12:32:37","guid":{"rendered":"https:\/\/www.darksky.ch\/dsx\/?page_id=13828"},"modified":"2023-02-18T13:37:46","modified_gmt":"2023-02-18T12:37:46","slug":"deborah-sangsue","status":"publish","type":"page","link":"https:\/\/www.darksky.ch\/dss\/fr\/darksky-switzerland\/comite-directeur\/deborah-sangsue\/","title":{"rendered":"D\u00e9borah Sangsue"},"content":{"rendered":"<div class=\"page\" title=\"Page 3\">\n<div class=\"layoutArea\">\n<div class=\"column\">\n<figure id=\"attachment_13150\" aria-describedby=\"caption-attachment-13150\" style=\"width: 300px\" class=\"wp-caption alignright\"><a href=\"http:\/\/www.darksky.ch\/dss\/wp-content\/uploads\/2021\/12\/Deborah_Sangsue_44_300x300.jpg\"><img loading=\"lazy\" decoding=\"async\" class=\"size-full wp-image-13150\" src=\"http:\/\/www.darksky.ch\/dss\/wp-content\/uploads\/2021\/12\/Deborah_Sangsue_44_300x300.jpg\" alt=\"\" width=\"300\" height=\"300\" \/><\/a><figcaption id=\"caption-attachment-13150\" class=\"wp-caption-text\">D\u00e9borah Sangsue<\/figcaption><\/figure>\n<div class=\"page\" title=\"Page 3\">\n<div class=\"layoutArea\">\n<div class=\"column\">\n<p>Juriste de formation, D\u00e9borah Sangsue a tr\u00e8s t\u00f4t souhait\u00e9 s\u2018engager dans la d\u00e9fense de l\u2018environnement. Durant ses \u00e9tudes de Master d\u00e9j\u00e0, elle a contribu\u00e9 \u00e0 la r\u00e9alisation du Commentaire de la Loi Suisse sur la protection des eaux. Elle a aussi, \u00e0 la m\u00eame \u00e9poque, rejoint la section fribourgeoise du WWF en tant que b\u00e9n\u00e9vole.<\/p>\n<p>En 2019, d\u00e9sireuse d\u2019acqu\u00e9rir une exp\u00e9rience plus pratique en protection de la nature, elle a effectu\u00e9 un stage au sein de Pro Natura Vaud. Elle a ensuite r\u00e9alis\u00e9 un mandat de neuf mois pour le Secr\u00e9tariat romand de Pro Natura.<\/p>\n<p>Elle a, malheureusement, dans le cadre de ces diverses exp\u00e9riences professionnelles, constat\u00e9 que la question de la pollution lumineuse et de ses effets sur la faune et la ore \u00e9taient encore trop peu prises au s\u00e9rieux et qu\u2019il restait encore beaucoup de chemin \u00e0 parcourir afin de s\u2019assurer \u00e0 minima du respect de la l\u00e9gislation en vigueur.<\/p>\n<p>C\u2019est pourquoi elle a souhait\u00e9 rejoindre le groupe suisse romand de Dark-Sky Switzerland en 2021 afin de mettre ses connaissances et son r\u00e9seau \u00e0 disposition de cette cause qui lui tient \u00e0 coeur. En parall\u00e8le, elle poursuit sa formation de cheffe de projet environnement et nature et continue \u00e0 d\u00e9fendre l\u2019environnement \u00e0 travers de mandats dans diverses associations.<\/p>\n<\/div>\n<\/div>\n<\/div>\n<\/div>\n<\/div>\n<\/div>\n","protected":false},"excerpt":{"rendered":"<p>Juriste de formation, D\u00e9borah Sangsue a tr\u00e8s t\u00f4t souhait\u00e9 s\u2018engager dans la d\u00e9fense de l\u2018environnement. Durant ses \u00e9tudes de Master d\u00e9j\u00e0, elle a contribu\u00e9 \u00e0 la r\u00e9alisation du Commentaire de la Loi Suisse sur la protection des eaux. Elle a aussi, \u00e0 la m\u00eame \u00e9poque, rejoint la section fribourgeoise du WWF en tant que b\u00e9n\u00e9vole. &hellip; <a href=\"https:\/\/www.darksky.ch\/dss\/fr\/darksky-switzerland\/comite-directeur\/deborah-sangsue\/\" class=\"more-link\">Continue reading<span class=\"screen-reader-text\"> &#8220;D\u00e9borah Sangsue&#8221;<\/span><\/a><\/p>\n","protected":false},"author":2,"featured_media":0,"parent":182,"menu_order":0,"comment_status":"closed","ping_status":"closed","template":"","meta":{"_acf_changed":false,"footnotes":""},"class_list":["post-13828","page","type-page","status-publish","hentry"],"acf":[],"_links":{"self":[{"href":"https:\/\/www.darksky.ch\/dss\/fr\/wp-json\/wp\/v2\/pages\/13828","targetHints":{"allow":["GET"]}}],"collection":[{"href":"https:\/\/www.darksky.ch\/dss\/fr\/wp-json\/wp\/v2\/pages"}],"about":[{"href":"https:\/\/www.darksky.ch\/dss\/fr\/wp-json\/wp\/v2\/types\/page"}],"author":[{"embeddable":true,"href":"https:\/\/www.darksky.ch\/dss\/fr\/wp-json\/wp\/v2\/users\/2"}],"replies":[{"embeddable":true,"href":"https:\/\/www.darksky.ch\/dss\/fr\/wp-json\/wp\/v2\/comments?post=13828"}],"version-history":[{"count":1,"href":"https:\/\/www.darksky.ch\/dss\/fr\/wp-json\/wp\/v2\/pages\/13828\/revisions"}],"predecessor-version":[{"id":13829,"href":"https:\/\/www.darksky.ch\/dss\/fr\/wp-json\/wp\/v2\/pages\/13828\/revisions\/13829"}],"up":[{"embeddable":true,"href":"https:\/\/www.darksky.ch\/dss\/fr\/wp-json\/wp\/v2\/pages\/182"}],"wp:attachment":[{"href":"https:\/\/www.darksky.ch\/dss\/fr\/wp-json\/wp\/v2\/media?parent=13828"}],"curies":[{"name":"wp","href":"https:\/\/api.w.org\/{rel}","templated":true}]}}