

{"id":13830,"date":"2023-02-18T13:33:43","date_gmt":"2023-02-18T12:33:43","guid":{"rendered":"https:\/\/www.darksky.ch\/dsx\/?page_id=13830"},"modified":"2023-02-18T13:39:36","modified_gmt":"2023-02-18T12:39:36","slug":"martin-rais","status":"publish","type":"page","link":"https:\/\/www.darksky.ch\/dss\/fr\/darksky-switzerland\/comite-directeur\/martin-rais\/","title":{"rendered":"Martin Rais"},"content":{"rendered":"<div class=\"page\" title=\"Page 3\">\n<div class=\"layoutArea\">\n<div class=\"column\">\n<figure id=\"attachment_13155\" aria-describedby=\"caption-attachment-13155\" style=\"width: 300px\" class=\"wp-caption alignright\"><a href=\"http:\/\/www.darksky.ch\/dss\/wp-content\/uploads\/2021\/12\/Martin_Rais_49_300x300.jpg\"><img loading=\"lazy\" decoding=\"async\" class=\"size-full wp-image-13155\" src=\"http:\/\/www.darksky.ch\/dss\/wp-content\/uploads\/2021\/12\/Martin_Rais_49_300x300.jpg\" alt=\"\" width=\"300\" height=\"300\" \/><\/a><figcaption id=\"caption-attachment-13155\" class=\"wp-caption-text\">Martin Rais<\/figcaption><\/figure>\n<p>Titulaire d\u2019un Master en Sciences de l\u2019Environnement effectu\u00e9 entre Gen\u00e8ve et Montr\u00e9al, Martin Rais a rejoint l\u2019association Dark-Sky Switzerland en d\u00e9but d\u2019ann\u00e9e 2021. Soucieux des probl\u00e9matiques li\u00e9es \u00e0 la sant\u00e9 humaine et \u00e0 la diminution de la perception du cosmos induites par la pollution lumineuse, il est particuli\u00e8rement sensible aux perturbations induites par cette derni\u00e8re sur la faune et la flore, tant au niveau local que global.<\/p>\n<p>Conscient du caract\u00e8re complexe des dynamiques naturelles et de l\u2019importance de les favoriser, il est aussi engag\u00e9 dans une association de quartier en Ville de Lausanne o\u00f9 il r\u00e9side, afin de favoriser le bien-vivre au travers de projets promouvant l\u2019essor de la biodiversit\u00e9 en milieu urbain.<\/p>\n<p>Actuellement collaborateur scientifique \u00e0 la Haute \u00e9cole d\u2019ing\u00e9nierie et gestion, il travaille sur l\u2019impact des micropolluants dans les eaux souterraines et la diminution de l\u2019impact environnemental de la fabrication du b\u00e9ton tout en essayant de garder du temps pour les activit\u00e9s en plein air.<\/p>\n<p>Il se r\u00e9jouit particuli\u00e8rement de l\u2019\u00e9lan pris par certaines communes pour diminuer leur impact en termes de luminosit\u00e9 et esp\u00e8re contribuer \u00e0 cette dynamique et au d\u00e9veloppement de la partie romande de l\u2019association Dark-Sky Switzerland.<\/p>\n<\/div>\n<\/div>\n<\/div>\n","protected":false},"excerpt":{"rendered":"<p>Titulaire d\u2019un Master en Sciences de l\u2019Environnement effectu\u00e9 entre Gen\u00e8ve et Montr\u00e9al, Martin Rais a rejoint l\u2019association Dark-Sky Switzerland en d\u00e9but d\u2019ann\u00e9e 2021. Soucieux des probl\u00e9matiques li\u00e9es \u00e0 la sant\u00e9 humaine et \u00e0 la diminution de la perception du cosmos induites par la pollution lumineuse, il est particuli\u00e8rement sensible aux perturbations induites par cette derni\u00e8re &hellip; <a href=\"https:\/\/www.darksky.ch\/dss\/fr\/darksky-switzerland\/comite-directeur\/martin-rais\/\" class=\"more-link\">Continue reading<span class=\"screen-reader-text\"> &#8220;Martin Rais&#8221;<\/span><\/a><\/p>\n","protected":false},"author":2,"featured_media":0,"parent":182,"menu_order":0,"comment_status":"closed","ping_status":"closed","template":"","meta":{"_acf_changed":false,"footnotes":""},"class_list":["post-13830","page","type-page","status-publish","hentry"],"acf":[],"_links":{"self":[{"href":"https:\/\/www.darksky.ch\/dss\/fr\/wp-json\/wp\/v2\/pages\/13830","targetHints":{"allow":["GET"]}}],"collection":[{"href":"https:\/\/www.darksky.ch\/dss\/fr\/wp-json\/wp\/v2\/pages"}],"about":[{"href":"https:\/\/www.darksky.ch\/dss\/fr\/wp-json\/wp\/v2\/types\/page"}],"author":[{"embeddable":true,"href":"https:\/\/www.darksky.ch\/dss\/fr\/wp-json\/wp\/v2\/users\/2"}],"replies":[{"embeddable":true,"href":"https:\/\/www.darksky.ch\/dss\/fr\/wp-json\/wp\/v2\/comments?post=13830"}],"version-history":[{"count":1,"href":"https:\/\/www.darksky.ch\/dss\/fr\/wp-json\/wp\/v2\/pages\/13830\/revisions"}],"predecessor-version":[{"id":13831,"href":"https:\/\/www.darksky.ch\/dss\/fr\/wp-json\/wp\/v2\/pages\/13830\/revisions\/13831"}],"up":[{"embeddable":true,"href":"https:\/\/www.darksky.ch\/dss\/fr\/wp-json\/wp\/v2\/pages\/182"}],"wp:attachment":[{"href":"https:\/\/www.darksky.ch\/dss\/fr\/wp-json\/wp\/v2\/media?parent=13830"}],"curies":[{"name":"wp","href":"https:\/\/api.w.org\/{rel}","templated":true}]}}